{"id":13,"date":"2016-05-12T02:34:32","date_gmt":"2016-05-12T00:34:32","guid":{"rendered":"https:\/\/eco-supplements.com\/de\/?page_id=13"},"modified":"2021-08-14T15:12:11","modified_gmt":"2021-08-14T13:12:11","slug":"eco-supplements","status":"publish","type":"page","link":"https:\/\/eco-supplements.com\/de\/","title":{"rendered":"Eco Supplements"},"content":{"rendered":"<p>Eco-Supplements sind wirksam, gesund, nat\u00fcrlich, sorgf\u00e4ltig ausgew\u00e4hlte Nahrungserg\u00e4nzungs-mittel. Wir empfehlen die besten zug\u00e4nglichen Produkte, die sich auf der ganzen Welt bew\u00e4hrt haben.<\/p>\n<h2>Nahrungserg\u00e4nzungsmittel<\/h2>\n<p>Nahrungserg\u00e4nzungsmittel ist ein spezielles Mittel, das f\u00fcr die Gesundheit notwendige Inhaltsstoffe (insbesondere Vitamine oder andere exogene Substanzen) enth\u00e4lt, die sehr oft in der t\u00e4glichen Nahrung fehlen. In vielen F\u00e4llen wird es verwendet, um die Inhaltsstoffe in erh\u00f6hten Mengen zu liefern, im Vergleich zu einer abwechslungsreichen Ern\u00e4hrung. Ein Erg\u00e4nzungsmittel wird h\u00e4ufig in konzentrierter Form zugef\u00fchrt \u2013 eine Tablette, Kapsel, Pulver oder Fl\u00fcssigkeit. Die h\u00e4ufigste Verwendung finden sie in der gewichtsabnahmeorientierten Di\u00e4t, Nahrungserg\u00e4nzungsmittel gegen Cellulitis, Nahrungserg\u00e4nzungsmittel gegen Akne und Nahrungserg\u00e4nzungsmittel gegen Schnarchen.<br \/>\n<a href=\"?pp=NC_TESTOPRIME_DE_HP\" target=\"_blank\" rel=\"nofollow noopener\"><img decoding=\"async\" class=\"aligncenter size-large wp-image-7628\" src=\"https:\/\/eco-supplements.com\/wp-content\/uploads\/2021\/08\/fb_Testo-Prime-1024x683.jpg\" alt=\"\" width=\"810\" height=\"540\" \/><\/a><\/p>\n<div class=\"promo_box\">\n<h4>Choco Lite \u2122<br \/>\n\u2013 Nat\u00fcrlicher<br \/>\nCocktail f\u00fcr Gewichtsabnahme<\/h4>\n<p><a class=\"aligncenter\" title=\"Choco Lite\" href=\"https:\/\/eco-supplements.com\/de\/abnehmen\/choco-lite\/\"><img decoding=\"async\" class=\"alignnone size-medium\" src=\"https:\/\/eco-supplements.com\/de\/wp-content\/uploads\/2017\/06\/Choco-Lite-\u2122-\u2013-Nat\u00fcrlicher-Cocktail-f\u00fcr-Gewichtsabnahme-300x200.jpg\" alt=\"Choco Lite\" \/><\/a><\/p>\n<\/div>\n<div class=\"promo_box\">\n<h4>Now Foods \u2122<br \/>\n\u2013 Probiotic-10, 25 Billion<br \/>\n<small>immune system support<\/small><\/h4>\n<p><a class=\"aligncenter\" title=\"Now \u2013 Probiotic-10, 25 Billion, 50 Veg Capsules\" href=\"https:\/\/eco-supplements.com\/video\/now-probiotic-10-25-billion-50-veg-capsules\/\"><img decoding=\"async\" class=\"alignnone size-medium\" src=\"https:\/\/eco-supplements.com\/wp-content\/uploads\/2020\/04\/Now-\u2013-Probiotic-10.jpg\" alt=\"Now \u2013 Probiotic-10, 25 Billion, 50 Veg Capsules\" \/><\/a><\/p>\n<\/div>\n<div class=\"promo_box\">\n<h4>Piperinox \u2122 \u2013 effektives Abnehmen in einer kleinen Kapsel<\/h4>\n<p><a class=\"aligncenter\" title=\"Piperinox\" href=\"https:\/\/eco-supplements.com\/de\/abnehmen\/piperinox\/\"><img decoding=\"async\" class=\"alignnone size-medium\" src=\"https:\/\/eco-supplements.com\/de\/wp-content\/uploads\/2018\/10\/Piperinox-\u2122-effektives-Abnehmen-in-einer-kleinen-Kapsel-300x200.jpg\" alt=\"Piperinox\" \/><\/a><\/p>\n<\/div>\n<h2>Vitamine<\/h2>\n<p>Vitamine (z. B. Vitamin A, Vitamin C) sind eine Gruppe organischer Substanzen (chemischer Verbindungen mit verschiedener Struktur), die f\u00fcr das reibungslose Funktionieren eines lebenden Organismus notwendig sind. Diese Verbindungen haben entweder nat\u00fcrlichen Ursprung oder werden synthetisch erhalten. Vitamine sind f\u00fcr den Menschen exogen (Menschenorganismus kann sie selbst nicht synthetisieren), darum m\u00fcssen sie mit der Nahrung (am h\u00e4ufigsten als Provitamine) oder als Nahrungserg\u00e4nzungsmittel zugef\u00fchrt werden.<\/p>\n<h2>Exogene Substanzen<\/h2>\n<p>Exogene Substanzen (exogene Verbindungen) sind chemische Verbindungen, die im Menschenorganismus nicht synthetisiert werden. Sie werden an biochemischen Prozessen im Organismus beteiligt, als Substanzen, die mithilfe des Verdauungssystems zugef\u00fchrt werden. Exogene Substanzen k\u00f6nnen w\u00e4hren solcher Prozesse in andere wichtige Verbindungen umgewandelt werden.<\/p>\n","protected":false},"excerpt":{"rendered":"<p>Eco-Supplements sind wirksam, gesund, nat\u00fcrlich, sorgf\u00e4ltig ausgew\u00e4hlte Nahrungserg\u00e4nzungs-mittel. Wir empfehlen die besten zug\u00e4nglichen Produkte, die sich auf der ganzen Welt bew\u00e4hrt haben. Nahrungserg\u00e4nzungsmittel Nahrungserg\u00e4nzungsmittel ist ein spezielles Mittel, das f\u00fcr [&hellip;]<\/p>\n","protected":false},"author":1,"featured_media":0,"parent":0,"menu_order":0,"comment_status":"closed","ping_status":"closed","template":"","meta":{"footnotes":""},"class_list":["post-13","page","type-page","status-publish","hentry"],"_links":{"self":[{"href":"https:\/\/eco-supplements.com\/de\/wp-json\/wp\/v2\/pages\/13","targetHints":{"allow":["GET"]}}],"collection":[{"href":"https:\/\/eco-supplements.com\/de\/wp-json\/wp\/v2\/pages"}],"about":[{"href":"https:\/\/eco-supplements.com\/de\/wp-json\/wp\/v2\/types\/page"}],"author":[{"embeddable":true,"href":"https:\/\/eco-supplements.com\/de\/wp-json\/wp\/v2\/users\/1"}],"replies":[{"embeddable":true,"href":"https:\/\/eco-supplements.com\/de\/wp-json\/wp\/v2\/comments?post=13"}],"version-history":[{"count":19,"href":"https:\/\/eco-supplements.com\/de\/wp-json\/wp\/v2\/pages\/13\/revisions"}],"predecessor-version":[{"id":726,"href":"https:\/\/eco-supplements.com\/de\/wp-json\/wp\/v2\/pages\/13\/revisions\/726"}],"wp:attachment":[{"href":"https:\/\/eco-supplements.com\/de\/wp-json\/wp\/v2\/media?parent=13"}],"curies":[{"name":"wp","href":"https:\/\/api.w.org\/{rel}","templated":true}]}}