{"id":192,"date":"2017-01-08T17:07:25","date_gmt":"2017-01-08T16:07:25","guid":{"rendered":"https:\/\/eco-supplements.com\/de\/?page_id=192"},"modified":"2018-12-14T18:02:24","modified_gmt":"2018-12-14T17:02:24","slug":"appetitzugler","status":"publish","type":"page","link":"https:\/\/eco-supplements.com\/de\/appetitzugler\/","title":{"rendered":"Appetitz\u00fcgler"},"content":{"rendered":"<h2>Was Ist Ein Appetitz\u00fcgler?<\/h2>\n<div id=\"attachment_196\" style=\"width: 310px\" class=\"wp-caption alignleft\"><a href=\"https:\/\/eco-supplements.com\/de\/wp-content\/uploads\/2017\/01\/Appetitz\u00fcgler.jpg\"><img decoding=\"async\" aria-describedby=\"caption-attachment-196\" class=\"size-medium wp-image-196\" src=\"https:\/\/eco-supplements.com\/de\/wp-content\/uploads\/2017\/01\/Appetitz\u00fcgler-300x244.jpg\" alt=\"Appetitz\u00fcgler\" width=\"300\" height=\"244\" srcset=\"https:\/\/eco-supplements.com\/de\/wp-content\/uploads\/2017\/01\/Appetitz\u00fcgler-300x244.jpg 300w, https:\/\/eco-supplements.com\/de\/wp-content\/uploads\/2017\/01\/Appetitz\u00fcgler-768x624.jpg 768w, https:\/\/eco-supplements.com\/de\/wp-content\/uploads\/2017\/01\/Appetitz\u00fcgler-1024x832.jpg 1024w\" sizes=\"(max-width: 300px) 100vw, 300px\" \/><\/a><p id=\"caption-attachment-196\" class=\"wp-caption-text\">Appetitz\u00fcgler<\/p><\/div>\n<p>Ein <a href=\"https:\/\/eco-supplements.com\/de\/appetitzugler\/\">Appetitz\u00fcgler<\/a> (oder Appetithemmer) ist ein Nahrungserg\u00e4nzungsmittel, dass Ihnen das Gef\u00fchl gibt, dass Sie \u201esatt\u201c oder \u201cvoll\u201d sind. Ihr Magen versp\u00fcrt ein S\u00e4ttigungsgef\u00fchl, so dass Sie sich zufrieden f\u00fchlen und nicht den Drang haben zwischen den Hauptmahlzeiten Snacks zu essen.<br \/>\nAppetitz\u00fcgler funktionieren indem Sie\u00a0 die Konzentration von Serotonin (das\u00a0 Wohlf\u00fchlhormon) im Gehirn erh\u00f6hen. Dieses Hormon ist f\u00fcr die Steuerung der Stimmung und auch den Appetit verantwortlich. Es trickst das Gehirn aus, da es dieses im Glauben l\u00e4sst, dass der Magen voll ist.<\/p>\n<p>Dies kann besonders vorteilhaft sein, wenn Sie oft der Versuchung zu naschen nur schwer widerstehen k\u00f6nnen. Appetitz\u00fcgler k\u00f6nnen dabei helfen Ihre t\u00e4gliche Kalorienzufuhr zu reduzieren, was zu einem Gewichtsverlust f\u00fchrt.<\/p>\n<p>Die Mehrheit der Appetitz\u00fcgler sind nat\u00fcrlich, in der Regel beinhalten diese Pflanzen-oder Kr\u00e4uterextrakte. Allerdings gibt es auch ein paar Appetitz\u00fcgler, die nur verschreibungspflichtige erh\u00e4ltlich sind.<\/p>\n<h3>Nat\u00fcrliche Appetithemmer vs. Verschreibungspflichtige Appetithemmer<\/h3>\n<p>Eines der am h\u00e4ufigsten verwendeten verschreibungspflichtigen Appetitz\u00fcgler ist Phentermin (auch als Adipex-p bekannt). Es wird normalerweise nur f\u00fcr \u00fcbergewichtige (extrem \u00fcbergewichtig) Patienten mit einem BMI \u00fcber 30, oder diejenigen mit einem BMI \u00fcber 27, die der Gefahr einer schweren Krankheit ausgesetzt sind, wenn sie nicht gen\u00fcgend Gewicht verlieren.<\/p>\n<p>Es wird allgemein als eine kurzfristige L\u00f6sung verschrieben, d.h. ein paar Wochen. Phentermin ist sehr effektiv f\u00fcr die Gewichtskontrolle, allerdings kann es sehr schwere Nebenwirkungen bei einigen Personen verursachen und es hat das Potential s\u00fcchtig zu machen , da es eine hohe \u00c4hnlichkeit mit der Amphetamin-Familie hat und deshalb muss die Einnahme ganz genau durch einen Arzt \u00fcberwacht werden.<\/p>\n<p>Es gibt eine weite Palette an nat\u00fcrlichen Appetitz\u00fcglern, die als eine alternative M\u00f6glichkeit erh\u00e4ltlich sind, um Ihren Appetit zu z\u00fcgeln.<\/p>\n<h3>Copywrite<\/h3>\n<p>Die Autoren machen diesen Bericht unter den Bedingungen der <span class=\"ExternalLinks\"><a href=\"http:\/\/creativecommons.org\/licenses\/by\/3.0\/\" target=\"_blank\" rel=\"nofollow noopener\">Creative Commons Attribution License<\/a><\/span> \u00f6ffentlich zug\u00e4nglich. Diese erlaubt die uneingeschr\u00e4nkte Nutzung, Vervielf\u00e4ltigung und Verbreitung, vorausgesetzt Autor und Werk werden dabei genannt.<\/p>\n","protected":false},"excerpt":{"rendered":"<p>Was Ist Ein Appetitz\u00fcgler? Ein Appetitz\u00fcgler (oder Appetithemmer) ist ein Nahrungserg\u00e4nzungsmittel, dass Ihnen das Gef\u00fchl gibt, dass Sie \u201esatt\u201c oder \u201cvoll\u201d sind. Ihr Magen versp\u00fcrt ein S\u00e4ttigungsgef\u00fchl, so dass Sie [&hellip;]<\/p>\n","protected":false},"author":1,"featured_media":196,"parent":0,"menu_order":0,"comment_status":"closed","ping_status":"closed","template":"","meta":{"footnotes":""},"class_list":["post-192","page","type-page","status-publish","has-post-thumbnail","hentry"],"_links":{"self":[{"href":"https:\/\/eco-supplements.com\/de\/wp-json\/wp\/v2\/pages\/192","targetHints":{"allow":["GET"]}}],"collection":[{"href":"https:\/\/eco-supplements.com\/de\/wp-json\/wp\/v2\/pages"}],"about":[{"href":"https:\/\/eco-supplements.com\/de\/wp-json\/wp\/v2\/types\/page"}],"author":[{"embeddable":true,"href":"https:\/\/eco-supplements.com\/de\/wp-json\/wp\/v2\/users\/1"}],"replies":[{"embeddable":true,"href":"https:\/\/eco-supplements.com\/de\/wp-json\/wp\/v2\/comments?post=192"}],"version-history":[{"count":8,"href":"https:\/\/eco-supplements.com\/de\/wp-json\/wp\/v2\/pages\/192\/revisions"}],"predecessor-version":[{"id":614,"href":"https:\/\/eco-supplements.com\/de\/wp-json\/wp\/v2\/pages\/192\/revisions\/614"}],"wp:featuredmedia":[{"embeddable":true,"href":"https:\/\/eco-supplements.com\/de\/wp-json\/wp\/v2\/media\/196"}],"wp:attachment":[{"href":"https:\/\/eco-supplements.com\/de\/wp-json\/wp\/v2\/media?parent=192"}],"curies":[{"name":"wp","href":"https:\/\/api.w.org\/{rel}","templated":true}]}}