{"id":349,"date":"2017-05-24T02:00:46","date_gmt":"2017-05-24T00:00:46","guid":{"rendered":"https:\/\/eco-supplements.com\/de\/?page_id=349"},"modified":"2017-05-24T02:00:46","modified_gmt":"2017-05-24T00:00:46","slug":"wichtige-informationen","status":"publish","type":"page","link":"https:\/\/eco-supplements.com\/de\/wichtige-informationen\/","title":{"rendered":"Wichtige Informationen"},"content":{"rendered":"<p>Die auf den Eco Supplements\u2122 Seiten enthaltenen Informationen wie Texte, Grafiken, Bilder und andere (Content) sind nur f\u00fcr Informationszwecke ver\u00f6ffentlicht. Die Inhalte k\u00f6nnen nicht als \u00c4quivalente f\u00fcr professionelle medizinische Beratung, Diagnostik oder Behandlung betrachtet werden. Immer, wenn eine Gesundheitsuntersuchung erforderlich ist, ist eine \u00e4rztliche oder pharmazeutische Beratung angesagt. Eine professionelle medizinische Beratung soll weder vernachl\u00e4ssigt werden noch eine versp\u00e4tete oder eine Ersatz-Behandlung mithilfe der auf unseren Seiten vorhandenen Informationen stattfinden.<\/p>\n<p>Eco Supplements\u2122 weder empfehlt noch unterst\u00fctzt konkrete Untersuchungen, \u00c4rzte, Produkte, Prozeduren, Bewertungen, Meinungen oder andere Informationen, die auf useren Seiten gefunden werden k\u00f6nnen.<\/p>\n","protected":false},"excerpt":{"rendered":"<p>Die auf den Eco Supplements\u2122 Seiten enthaltenen Informationen wie Texte, Grafiken, Bilder und andere (Content) sind nur f\u00fcr Informationszwecke ver\u00f6ffentlicht. Die Inhalte k\u00f6nnen nicht als \u00c4quivalente f\u00fcr professionelle medizinische Beratung, [&hellip;]<\/p>\n","protected":false},"author":1,"featured_media":0,"parent":0,"menu_order":0,"comment_status":"closed","ping_status":"closed","template":"","meta":{"footnotes":""},"class_list":["post-349","page","type-page","status-publish","hentry"],"_links":{"self":[{"href":"https:\/\/eco-supplements.com\/de\/wp-json\/wp\/v2\/pages\/349","targetHints":{"allow":["GET"]}}],"collection":[{"href":"https:\/\/eco-supplements.com\/de\/wp-json\/wp\/v2\/pages"}],"about":[{"href":"https:\/\/eco-supplements.com\/de\/wp-json\/wp\/v2\/types\/page"}],"author":[{"embeddable":true,"href":"https:\/\/eco-supplements.com\/de\/wp-json\/wp\/v2\/users\/1"}],"replies":[{"embeddable":true,"href":"https:\/\/eco-supplements.com\/de\/wp-json\/wp\/v2\/comments?post=349"}],"version-history":[{"count":2,"href":"https:\/\/eco-supplements.com\/de\/wp-json\/wp\/v2\/pages\/349\/revisions"}],"predecessor-version":[{"id":351,"href":"https:\/\/eco-supplements.com\/de\/wp-json\/wp\/v2\/pages\/349\/revisions\/351"}],"wp:attachment":[{"href":"https:\/\/eco-supplements.com\/de\/wp-json\/wp\/v2\/media?parent=349"}],"curies":[{"name":"wp","href":"https:\/\/api.w.org\/{rel}","templated":true}]}}