{"id":390,"date":"2017-07-14T12:58:08","date_gmt":"2017-07-14T10:58:08","guid":{"rendered":"https:\/\/eco-supplements.com\/de\/?page_id=390"},"modified":"2021-08-27T13:02:38","modified_gmt":"2021-08-27T11:02:38","slug":"afrikanische-mango","status":"publish","type":"page","link":"https:\/\/eco-supplements.com\/de\/afrikanische-mango\/","title":{"rendered":"Afrikanische Mango (Irvingia gabonensis)"},"content":{"rendered":"<p><a title=\"Afrikanische Mango (Irvingia gabonensis)\" href=\"https:\/\/eco-supplements.com\/de\/wp-content\/uploads\/2017\/07\/Afrikanische-Mango-Irvingia-gabonensis-Dika-Nuts.jpg\"><img decoding=\"async\" class=\"alignleft size-medium wp-image-391\" src=\"https:\/\/eco-supplements.com\/de\/wp-content\/uploads\/2017\/07\/Afrikanische-Mango-Irvingia-gabonensis-Dika-Nuts-300x200.jpg\" alt=\"Afrikanische Mango (Irvingia gabonensis)\" width=\"300\" height=\"200\" srcset=\"https:\/\/eco-supplements.com\/de\/wp-content\/uploads\/2017\/07\/Afrikanische-Mango-Irvingia-gabonensis-Dika-Nuts-300x200.jpg 300w, https:\/\/eco-supplements.com\/de\/wp-content\/uploads\/2017\/07\/Afrikanische-Mango-Irvingia-gabonensis-Dika-Nuts-768x512.jpg 768w, https:\/\/eco-supplements.com\/de\/wp-content\/uploads\/2017\/07\/Afrikanische-Mango-Irvingia-gabonensis-Dika-Nuts-1024x683.jpg 1024w, https:\/\/eco-supplements.com\/de\/wp-content\/uploads\/2017\/07\/Afrikanische-Mango-Irvingia-gabonensis-Dika-Nuts.jpg 1200w\" sizes=\"(max-width: 300px) 100vw, 300px\" \/><\/a><strong><em>Irvingia gabonensis<\/em><\/strong> ist eine Art afrikanischer B\u00e4ume der Gattung Irvingia, andere Namen: Wildmango, <strong><a title=\"Afrikanische Mango\" href=\"https:\/\/eco-supplements.com\/de\/afrikanische-mango\/\">Afrikanische Mango<\/a><\/strong> (<strong>African Mango<\/strong>), Mango oder <strong>Dika N\u00fcsse<\/strong>. Mango haben essbare Fr\u00fcchte und Samen (besonders gesch\u00e4tzt f\u00fcr Fett- und Eiwei\u00dfgehalt). Aus dem Samen von Irvingia gabonensis wird Fett (sog. \u201eCay-Cay-Butter\u201d) extrudiert, das u. a. in der Schokoladeproduktion verwendet wird. In Westafrika zerkleinerte Samen dieser Art werden als Beilage zu Fischgerichten verspeist.<br \/>\n<!--more--><\/p>\n<div id=\"attachment_405\" style=\"width: 310px\" class=\"wp-caption alignleft\"><a title=\"Samen der Afrikanischen Mango \u2013 Dika N\u00fcsse\" href=\"https:\/\/eco-supplements.com\/de\/wp-content\/uploads\/2017\/07\/Samen-der-Afrikanischen-Mango-\u2013-Dika-N\u00fcsse.jpg\"><img decoding=\"async\" aria-describedby=\"caption-attachment-405\" class=\"size-medium wp-image-405\" src=\"https:\/\/eco-supplements.com\/de\/wp-content\/uploads\/2017\/07\/Samen-der-Afrikanischen-Mango-\u2013-Dika-N\u00fcsse-300x194.jpg\" alt=\"Samen der Afrikanischen Mango \u2013 Dika N\u00fcsse\" width=\"300\" height=\"194\" srcset=\"https:\/\/eco-supplements.com\/de\/wp-content\/uploads\/2017\/07\/Samen-der-Afrikanischen-Mango-\u2013-Dika-N\u00fcsse-300x194.jpg 300w, https:\/\/eco-supplements.com\/de\/wp-content\/uploads\/2017\/07\/Samen-der-Afrikanischen-Mango-\u2013-Dika-N\u00fcsse-768x497.jpg 768w, https:\/\/eco-supplements.com\/de\/wp-content\/uploads\/2017\/07\/Samen-der-Afrikanischen-Mango-\u2013-Dika-N\u00fcsse.jpg 800w\" sizes=\"(max-width: 300px) 100vw, 300px\" \/><\/a><p id=\"caption-attachment-405\" class=\"wp-caption-text\">Samen der Afrikanischen Mango \u2013 Dika N\u00fcsse<\/p><\/div>\n<p>Samenschalen sollen aufgeteilt werden, um das Endosperm zu bekommen. Die Samen, auch Dika-N\u00fcsse genannt, k\u00f6nnen sowohl roh als auch gerostet verspeist werden. Aus den Samen wird Fett extrudiert, aus dem dann Speise\u00f6l (es ist bei Raumtemperatur fest) und Margarine produziert werden. Das ist eine ideale Basis f\u00fcr die Butter- und Schokoladeherstellung. Das Fett wird auch in Seife oder Kosmetika verarbeitet. Die Reste der \u00d6lextrusion (press cake) werden als Viehfutter und Verdickungsmittel f\u00fcr Suppen verwendet.<\/p>\n<p>Die Samen der afrikanischen Mango werden gemahlen oder zerkleinert und als Verdickungsmittel oder als Geschmacksadditiv in Suppen und Eintopf verwendet. Eine popul\u00e4re Anwendung finden die Samen von Irvingia gabonensis ist im Backen des sog. \u201eDikabrots\u201d.<\/p>\n<h2>Afrikanische Mango und Gewichtsreduktion<\/h2>\n<p>Laut wissenschaftlichen Forschungsergebnissen, die im British Biotechnology Journal ver\u00f6ffentlicht wurden, ist der Extrakt aus den Samen afrikanischer Mango ein ausgezeichneter Fettverbrenner. Nahrungserg\u00e4nzungsmittel, die afrikanische Mango enthalten, erleichtern die Gewichtsreduktion [4], sogar bei Personen, die ihre Gewichtsabnahme mit keiner k\u00f6rperlichen Aktivit\u00e4t verbinden. Heutzutage ist der Extrakt aus den Samen afrikanischer Mango als Tabletten \u2013 Nahrungserg\u00e4nzungsmittel f\u00fcr Gewichtsreduktion verf\u00fcgbar. Die Aufstellung der besten Mittel dieser Art finden Sie im folgenden Artikel: Clasificaci\u00f3n de p\u00edldoras adelgazantes que contienen mango africano. Der Ranking enth\u00e4lt nur Kapsel hoher Qualit\u00e4t, deren Wirksamkeit und Qualit\u00e4t durch wissenschaftliche Forschungen und Kundenbewertungen best\u00e4tigt wurde. Die grundlegende Bedeutung hat die Qualit\u00e4t des Samenextraktes, das Verarbeitungsverfahren und die Lagerung. Die Produkte zweifelhafter Qualit\u00e4t und Herkunft wurden absichtlich weggelassen. Die Gewichtsabnahme ist ein sehr wichtiger Prozess daher soll er durch die Erg\u00e4nzungsmittel der hohen Qualit\u00e4t unterst\u00fctzt sein. Gesundheit und Sicherheit sind am wichtigsten.<\/p>\n<h3>Nebenwirkungen<\/h3>\n<p>Die h\u00e4ufigsten Nebenwirkungen w\u00e4hrend der Einnahme der Mittel aus den Samen der afrikanischen Mango sind Kopfschmerzen, Bl\u00e4hungen und Schlafst\u00f6rungen.<\/p>\n<h2>N\u00e4hrstoffe der Samen der afrikanischen Mango<\/h2>\n<p>Die Samen der afrikanischen Mango (Irvingia gabonensis) enthalten 697 Kalorien in 100 g. Die wertvollen Fetts\u00e4uren sind folgende:<\/p>\n<table id=\"Table1\" class=\"parametry width100\">\n<tbody>\n<tr>\n<th>S\u00e4ure<\/th>\n<th>Gehalt, %<\/th>\n<\/tr>\n<tr>\n<td>Miristins\u00e4ure (myristic acid)<br \/>\nC<sub>14<\/sub>H<sub>28<\/sub>O<sub>2<\/sub><\/td>\n<td>33-70%<\/td>\n<\/tr>\n<tr>\n<td>Laurins\u00e4ure (lauric acid)<br \/>\nC<sub>12<\/sub>H<sub>24<\/sub>O<sub>2<\/sub><\/td>\n<td>20-59%<\/td>\n<\/tr>\n<tr>\n<td>Oleins\u00e4ure (oleic acid)<br \/>\nC<sub>18<\/sub>H<sub>34<\/sub>O<sub>2<\/sub><\/td>\n<td>1-11%<\/td>\n<\/tr>\n<tr>\n<td>Palmitins\u00e4ure (palmitic acid)<br \/>\nC<sub>16<\/sub>H<sub>32<\/sub>O<sub>2<\/sub><\/td>\n<td>2%<\/td>\n<\/tr>\n<tr>\n<td>Stearins\u00e4ure (stearic acid)<br \/>\nC<sub>18<\/sub>H<sub>36<\/sub>O<sub>2<\/sub><\/td>\n<td>1%<\/td>\n<\/tr>\n<\/tbody>\n<\/table>\n<h3>Die Mineralzusammensetzung (mg\/100 g) roher und entfetteter Samen der afrikanischen Mango (Irvingia gabonensis)<\/h3>\n<table id=\"Table2\" class=\"parametry width100\">\n<tbody>\n<tr>\n<th><\/th>\n<th>Minera\u0142<\/th>\n<th>Roh<\/th>\n<th>Entfettet<\/th>\n<\/tr>\n<tr>\n<td>Natrium (Sodium)<\/td>\n<td>Na<\/td>\n<td>30.1<\/td>\n<td>36.7<\/td>\n<\/tr>\n<tr>\n<td>Kalium (Potassium)<\/td>\n<td>K<\/td>\n<td>43.1<\/td>\n<td>51.7<\/td>\n<\/tr>\n<tr>\n<td>Kalzium (Calcium)<\/td>\n<td>Ca<\/td>\n<td>14.4<\/td>\n<td>22.6<\/td>\n<\/tr>\n<tr>\n<td>Magnesium (Magnesium)<\/td>\n<td>Mg<\/td>\n<td>48.3<\/td>\n<td>54.5<\/td>\n<\/tr>\n<tr>\n<td>Zink (Zinc)<\/td>\n<td>Zn<\/td>\n<td>4.30<\/td>\n<td>6.73<\/td>\n<\/tr>\n<tr>\n<td>Eisen (Iron)<\/td>\n<td>Fe<\/td>\n<td>0.25<\/td>\n<td>5.15<\/td>\n<\/tr>\n<tr>\n<td>Mangan (Manganese)<\/td>\n<td>Mn<\/td>\n<td>0.33<\/td>\n<td>1.21<\/td>\n<\/tr>\n<tr>\n<td>Kupfer (Copper)<\/td>\n<td>Cu<\/td>\n<td>0.42<\/td>\n<td>1.35<\/td>\n<\/tr>\n<tr>\n<td>Blei (Lead)<\/td>\n<td>Pb<\/td>\n<td>0.03<\/td>\n<td>0.12<\/td>\n<\/tr>\n<tr>\n<td>Phosphor (Phosphorus)<\/td>\n<td>P<\/td>\n<td>24.3<\/td>\n<td>24.9<\/td>\n<\/tr>\n<\/tbody>\n<\/table>\n<hr \/>\n<h2 id=\"supplemets\">Nahrungserg\u00e4nzungsmittel mit afrikanischen Mango<\/h2>\n<p>Wir pr\u00e4sentieren 3 Produkte (Nahrungserg\u00e4nzungsmittel f\u00fcr Gewichtsreduktion mit afrikanischen Mango), die absolut die besten in ihrer Klasse sind.<\/p>\n<hr \/>\n<p>{DE_CIP_AM900}<\/p>\n<hr \/>\n<p>{DE_NP_AM_SUPLE}<\/p>\n<hr \/>\n<h3 id=\"references\">Referenzen &amp; Externe Links<\/h3>\n<ol>\n<li id=\"cite-1\"><small><span class=\"InternalLinks\"><a href=\"https:\/\/eco-supplements.com\/scientific\/chemical-composition-and-functional-properties-of-raw-heat-treated-and-partially-proteolysed-wild-mango-irvingia-gabonensis-seed-flour\/\">Chemical composition and functional properties of raw, heat-treated and partially proteolysed wild mango (Irvingia gabonensis) seed flour<\/a><\/span>, Sunday Y. Giami, Vitalis I. Okonkwo, Monday O. Akusu, Food Chemistry, Volume 49, Issue 3, 1994, Pages 237-243.<\/small><\/li>\n<li id=\"cite-2\"><small><span class=\"InternalLinks\"><a href=\"https:\/\/eco-supplements.com\/scientific\/polyphenolic-compounds-and-antioxidant-properties-in-mango-fruits\/\">Polyphenolic compounds and antioxidant properties in mango fruits<\/a><\/span>, Xiaowei Ma, Hongxia Wu, Liqin Liu, Quansheng Yao, Songbiao Wang, Rulin Zhan, Shanshan Xing, Yigang Zhou, Scientia Horticulturae, Volume 129, Issue 1, 25 May 2011, Pages 102\u2013107.<\/small><\/li>\n<li id=\"cite-3\"><small>African Mango Glycosidically Bound Volatile Compounds, M. Sakho, D. Chassagne, J. Crouzet, J. Agric. Food Chem., 1997, 45 (3), pp 883\u2013888.<\/small><\/li>\n<li id=\"cite-4\"><small><span class=\"InternalLinks\"><a href=\"https:\/\/eco-supplements.com\/scientific\/chemical-and-amino-acid-composition-of-raw-and-defatted-african-mango-irvingia-gabonensis-kernel\/\">Chemical and Amino Acid Composition of Raw and Defatted African Mango (Irvingia gabonensis) Kernel<\/a><\/span>, Ogungbenle Henry Niyi, British Biotechnology Journal, ISSN: 2231-2927,Vol.: 4, Issue.: 3 (March).<\/small><\/li>\n<li id=\"cite-5\"><small><span class=\"InternalLinks\"><a href=\"https:\/\/eco-supplements.com\/scientific\/igob131-a-novel-seed-extract-of-the-west-african-plant-irvingia-gabonensis-significantly-reduces-body-weight-and-improves-metabolic-parameters-in-overweight-humans-in-a-randomized-double-blind-place\/\">IGOB131, a novel seed extract of the West African plant Irvingia gabonensis, significantly reduces body weight and improves metabolic parameters in overweight humans in a randomized double-blind placebo controlled investigation<\/a><\/span>, Ngondi JL, Etoundi BC, Nyangono CB, Mbofung CM, Oben JE, Lipids Health Dis. 2009 Mar 2;8:7.<\/small><\/li>\n<li id=\"cite-6\"><small><span class=\"InternalLinks\"><a href=\"https:\/\/eco-supplements.com\/scientific\/the-effect-of-irvingia-gabonensis-seeds-on-body-weight-and-blood-lipids-of-obese-subjects-in-cameroon\/\">The effect of Irvingia gabonensis seeds on body weight and blood lipids of obese subjects in Cameroon<\/a><\/span>, Judith L Ngondi, Julius E Oben, Samuel R Minka, Lipids Health Dis. 2005, 4.<\/small><\/li>\n<li id=\"cite-7\"><small><span class=\"InternalLinks\"><a href=\"https:\/\/eco-supplements.com\/scientific\/the-use-of-a-cissus-quadrangularis-irvingia-gabonensis-combination-in-the-management-of-weight-loss-a-double-blind-placebo-controlled-study\/\">The use of a Cissus quadrangularis \/ Irvingia gabonensis combination in the management of weight loss: a double-blind placebo-controlled study<\/a><\/span>, Julius E Oben, Judith L Ngondi, Claudia N Momo, Gabriel A Agbor, Caroline S Makamto Sobgui, Lipids Health Dis. 2008;31.<\/small><\/li>\n<li id=\"cite-8\"><small>Mango seed uses: thermal behaviour of mango seed almond fat and its mixtures with cocoa butter, J.A. Sol\u0131\u0301s-Fuentesa, M.C. Dur\u00e1n-de-Baz\u00faab, Bioresource Technology, Volume 92, Issue 1, March 2004, Pages 71\u201378.<\/small><\/li>\n<li id=\"cite-9\"><small>Physico-chemical changes in African mango (Irvingia gabonensis) during normal storage ripening, Johnson O. Aina, Food Chemistry, Volume 36, Issue 3, 1990, Pages 205-212.<\/small><\/li>\n<li id=\"cite-10\"><small><span class=\"InternalLinks\"><a href=\"https:\/\/eco-supplements.com\/scientific\/studies-on-the-effects-of-microbial-fermentation-on-bush-mango-irvingia-gabonensis-seed-cotyledons\/\">Studies on the effects of microbial fermentation on bush mango (Irvingia gabonensis) seed cotyledons<\/a><\/span>, Ekundayo F. O., Oladipupo O. A., Ekundayo E. A., African Journal of Microbiology Research 7, no. 34 (2013): 4363-4367.<\/small><\/li>\n<li id=\"cite-11\"><small>Volatile Components of African Mango, M. SAKHO, J. CROUZET, S. SECK, Journal of Food Science Volume 50, Issue 2, pages 548\u2013550, March 1985.<\/small><\/li>\n<li id=\"cite-12\"><small>Physico-chemical attributes of wild mango (Irvingia gabonensis) seeds, J.K. Joseph, Bioresource Technology, Volume 53, Issue 2, 1995, Pages 179-181.<\/small><\/li>\n<li id=\"cite-13\"><small><span class=\"InternalLinks\"><a href=\"https:\/\/eco-supplements.com\/scientific\/inhibition-of-irvingia-gabonensis-seed-extract-ob131-on-adipogenesis-as-mediated-via-down-regulation-of-the-ppargamma-and-leptin-genes-and-up-regulation-of-the-adiponectin-gene\/\">Inhibition of Irvingia gabonensis seed extract (OB131) on adipogenesis as mediated via down regulation of the PPARgamma and Leptin genes and up-regulation of the adiponectin gene<\/a><\/span>, Julius E Oben, Judith L Ngondi, Kenneth Blum, Lipids in Health and Disease20087:44, DOI: 10.1186\/1476-511X-7-44.<\/small><\/li>\n<li id=\"cite-14\"><small><span class=\"InternalLinks\"><a href=\"https:\/\/eco-supplements.com\/scientific\/cameroonian-medicinal-plants-a-bioactivity-versus-ethnobotanical-survey-and-chemotaxonomic-classification\/\">Cameroonian medicinal plants: a bioactivity versus ethnobotanical survey and chemotaxonomic classification<\/a><\/span>, Fidele Ntie-Kang, Lydia Likowo Lifongo, Luc Meva\u2019a Mbaze, Nnange Ekwelle, Luc C Owono Owono, Eugene Megnassan, Philip N Judson, Wolfgang Sippl, Simon M N Efange, BMC Complementary and Alternative Medicine. The official journal of the International Society for Complementary Medicine Research (ISCMR)201313:147, DOI: 10.1186\/1472-6882-13-147<\/small><\/li>\n<li id=\"cite-15\"><small>Antimicrobial activity of the methanolic extract, fractions and compounds from the stem bark of Irvingia gabonensis (Ixonanthaceae), Victor Kuetea, Ghislain Fotso Wabo, Bath\u00e9l\u00e9my Ngameni, Armelle Tsafack Mbaveng, Robert Metuno, Fran\u00e7ois-Xavier Etoa, Bonaventure Tchaleu Ngadjui, V\u00e9ronique Penlap Beng, J.J. Marion Meyer, Namrita Lall, Journal of Ethnopharmacology, Volume 114, Issue 1, 8 October 2007, Pages 54\u201360<\/small><\/li>\n<li id=\"cite-16\"><small><span class=\"InternalLinks\"><a href=\"https:\/\/eco-supplements.com\/scientific\/analgesic-effect-of-irvingia-gabonensis-stem-bark-extract\/\">Analgesic effect of Irvingia gabonensis stem bark extract<\/a><\/span>, Chinedu O. Okolo, Patricia B. Johnson, Ezzel M. Abdurahman, Ibrahim Abdu-Aguye, Isa M. Hussaini, Journal of Ethnopharmacology, Volume 45, Issue 2, February 1995, Pages 125-129.<\/small><\/li>\n<li id=\"cite-17\"><small>Uses, management and economic potential of Irvingia gabonensis in the humid lowlands of Cameroon, Elias T Ayuk, , Bahiru Duguma, Steve Franzel, Joseph Kengue, Matthias Mollet, Theophile Tiki-Manga, Pauline Zenkeng, Forest Ecology and Management, Volume 113, Issue 1, 4 January 1999, Pages 1\u20139.<\/small><\/li>\n<li id=\"cite-18\"><small>Vegetative propagation of Irvingia gabonensis, a West African fruit tree, P.N. Shiembo, A.C. Newton, R.R.B. Leakey, Forest Ecology and Management, Volume 87, Issues 1\u20133, 31 October 1996, Pages 185-192.<\/small><\/li>\n<li id=\"cite-19\"><small>EGRAS, Amy M., et al. <span class=\"InternalLinks\"><a href=\"https:\/\/eco-supplements.com\/scientific\/an-evidence-based-review-of-fat-modifying-supplemental-weight-loss-products\/\">An evidence-based review of fat modifying supplemental weight loss products.<\/a><\/span> Journal of obesity, 2010, 2011.<\/small><\/li>\n<li id=\"cite-101\"><small>&#8222;<span class=\"ExternalLinks\"><a href=\"http:\/\/ecocrop.fao.org\/ecocrop\/srv\/en\/dataSheet?id=6958\" target=\"blank\" rel=\"nofollow noopener noreferrer\">Irvingia gabonensis<\/a><\/span>&#8222;. Ecocrop. Food and Agriculture Organization. 1993\u20132007.<\/small><\/li>\n<li id=\"cite-102\"><small>Irvingia gabonensis (Aubry-Lecomte ex O\u2019Rorke) Baill, Z. Tchoundjeu World Agroforestry Centre (ICRAF), African Humid Tropics Region, P.O. Box 2067 or 16317, Yaound\u00e9, Cameroon, A.R. Atangana Forest Biology Research Centre, Pavillon Marchand, Universit\u00e9 Laval, Sainte-Foy, Qu\u00e9bec G1K 7P4, Canada, Plant Resources of Tropical Africa (PROTA)<\/small><\/li>\n<li id=\"cite-103\"><small>An Evidence-Based Review of Fat Modifying Supplemental Weight Loss Products, Amy M. Egras, William R. Hamilton, Thomas L. Lenz, Michael S. Monaghan, Journal of Obesity.<\/small><\/li>\n<li id=\"cite-104\"><small>Irvingia gabonensis (Wikipedia) &#8211; <span class=\"ExternalLinks\"><a href=\"https:\/\/en.wikipedia.org\/wiki\/Irvingia_gabonensis\" target=\"_blank\" rel=\"nofollow noopener noreferrer\">https:\/\/en.wikipedia.org\/wiki\/Irvingia_gabonensis<\/a><\/span><\/small><\/li>\n<li id=\"cite-105\"><small>Miristins\u00e4ure &#8211; PubChem Public Chemical Database: <span class=\"ExternalLinks\"><a href=\"https:\/\/pubchem.ncbi.nlm.nih.gov\/compound\/11005\" target=\"_blank\" rel=\"nofollow noopener noreferrer\">Tetradecanoic acid<\/a><\/span>.<\/small><\/li>\n<li id=\"cite-106\"><small>Laurins\u00e4ure &#8211; PubChem Public Chemical Database: <span class=\"ExternalLinks\"><a href=\"https:\/\/pubchem.ncbi.nlm.nih.gov\/compound\/3893\" target=\"_blank\" rel=\"nofollow noopener noreferrer\">lauric acid<\/a><\/span>.<\/small><\/li>\n<li id=\"cite-107\"><small>Oleins\u00e4ure &#8211; PubChem Public Chemical Database: <span class=\"ExternalLinks\"><a href=\"https:\/\/pubchem.ncbi.nlm.nih.gov\/compound\/445639\" target=\"_blank\" rel=\"nofollow noopener noreferrer\">oleic acid<\/a><\/span>.<\/small><\/li>\n<li id=\"cite-108\"><small>Palmitins\u00e4ure &#8211; PubChem Public Chemical Database: <span class=\"ExternalLinks\"><a href=\"https:\/\/pubchem.ncbi.nlm.nih.gov\/compound\/985\" target=\"_blank\" rel=\"nofollow noopener noreferrer\">palmitic acid<\/a><\/span>.<\/small><\/li>\n<li id=\"cite-109\"><small>Stearins\u00e4ure &#8211; PubChem Public Chemical Database: <span class=\"ExternalLinks\"><a href=\"https:\/\/pubchem.ncbi.nlm.nih.gov\/compound\/5281\" target=\"_blank\" rel=\"nofollow noopener noreferrer\">stearic acid<\/a><\/span>.<\/small><\/li>\n<\/ol>\n","protected":false},"excerpt":{"rendered":"<p>Irvingia gabonensis ist eine Art afrikanischer B\u00e4ume der Gattung Irvingia, andere Namen: Wildmango, Afrikanische Mango (African Mango), Mango oder Dika N\u00fcsse. Mango haben essbare Fr\u00fcchte und Samen (besonders gesch\u00e4tzt f\u00fcr [&hellip;]<\/p>\n","protected":false},"author":1,"featured_media":391,"parent":0,"menu_order":0,"comment_status":"closed","ping_status":"closed","template":"","meta":{"footnotes":""},"class_list":["post-390","page","type-page","status-publish","has-post-thumbnail","hentry"],"_links":{"self":[{"href":"https:\/\/eco-supplements.com\/de\/wp-json\/wp\/v2\/pages\/390","targetHints":{"allow":["GET"]}}],"collection":[{"href":"https:\/\/eco-supplements.com\/de\/wp-json\/wp\/v2\/pages"}],"about":[{"href":"https:\/\/eco-supplements.com\/de\/wp-json\/wp\/v2\/types\/page"}],"author":[{"embeddable":true,"href":"https:\/\/eco-supplements.com\/de\/wp-json\/wp\/v2\/users\/1"}],"replies":[{"embeddable":true,"href":"https:\/\/eco-supplements.com\/de\/wp-json\/wp\/v2\/comments?post=390"}],"version-history":[{"count":24,"href":"https:\/\/eco-supplements.com\/de\/wp-json\/wp\/v2\/pages\/390\/revisions"}],"predecessor-version":[{"id":728,"href":"https:\/\/eco-supplements.com\/de\/wp-json\/wp\/v2\/pages\/390\/revisions\/728"}],"wp:featuredmedia":[{"embeddable":true,"href":"https:\/\/eco-supplements.com\/de\/wp-json\/wp\/v2\/media\/391"}],"wp:attachment":[{"href":"https:\/\/eco-supplements.com\/de\/wp-json\/wp\/v2\/media?parent=390"}],"curies":[{"name":"wp","href":"https:\/\/api.w.org\/{rel}","templated":true}]}}