{"id":524,"date":"2018-10-16T12:30:38","date_gmt":"2018-10-16T10:30:38","guid":{"rendered":"https:\/\/eco-supplements.com\/de\/?page_id=524"},"modified":"2020-11-12T17:43:16","modified_gmt":"2020-11-12T16:43:16","slug":"datenschutz","status":"publish","type":"page","link":"https:\/\/eco-supplements.com\/de\/datenschutz\/","title":{"rendered":"Datenschutz"},"content":{"rendered":"<p><a title=\"Datenschutz\" href=\"https:\/\/eco-supplements.com\/wp-content\/uploads\/2018\/10\/Privacy-policy.jpg\"><img decoding=\"async\" class=\"size-large wp-image-5565\" src=\"https:\/\/eco-supplements.com\/wp-content\/uploads\/2018\/10\/Privacy-policy-1024x683.jpg\" alt=\"Datenschutz\" width=\"810\" height=\"540\" \/><\/a><\/p>\n<p>Eco-Supplements weder legt jegliche pers\u00f6nliche Informationen \u00fcber Besucher der Website offen, noch gibt weiter noch verkauft oder \u00fcbertr\u00e4gt sie, es sei denn, dies ist gesetzlich vorgeschrieben.<\/p>\n<p>Eco-Supplements respektiert die Privatsph\u00e4re der Besucher der Website. Wir erheben eine begrenzte Menge an Informationen \u00fcber die Nutzung der Website zu statistischen Zwecken, um die Anzahl der Besucher in den einzelnen Bereichen zu sch\u00e4tzen und um die Benutzerfreundlichkeit der Website zu verbessern.<\/p>\n<p>Zu den Standardinformationen \u00fcber Ihren Besuch auf unserer Website, die automatisch gesammelt und gespeichert werden, geh\u00f6ren:<\/p>\n<ul>\n<li>Der Name der Dom\u00e4ne, von der aus Sie auf das Internet zugreifen.<\/li>\n<li>Der Name und die Version des Betriebssystems Ihres Computers und Browsers. Zum Beispiel Windows 7, Internet Explorer, Google Chrome oder Firefox.<\/li>\n<li>Die IP-Adresse des Computers, die f\u00fcr den Zugriff auf das Internet verwendet wird. Eine IP-Adresse ist eine Nummer, die Ihrem Computer bei jeder Anmeldung von Ihrem ISP automatisch zugewiesen wird.<\/li>\n<li>Internetadresse der Website, von der aus Sie unsere Website aufgerufen haben, wenn Sie nicht direkt die Adresse https:\/\/eco-supplements.com eingeben.<\/li>\n<li>Datum, Uhrzeit und Dauer des Besuchs auf unserer Website und die besuchten Abschnitten.<\/li>\n<\/ul>\n<h3>Was sind Cookies-Dateien?<\/h3>\n<p>Cookies sind kleine Textdateien, die von den von Ihnen besuchten Websites auf Ihrem Computer abgelegt werden. Diese Dateien k\u00f6nnen von Websites gelesen werden und helfen, den Benutzer bei der R\u00fcckkehr zur Website zu identifizieren. Cookies k\u00f6nnen &#8222;permanente&#8220; oder &#8222;Session&#8220;-Dateien sein. Permanente Cookies bleiben auf Ihrem Computer, wenn Sie offline gehen, und Sitzungscookies werden gel\u00f6scht, sobald Sie Ihren Browser schlie\u00dfen.<br \/>\nUm mehr \u00fcber Cookies zu erfahren, wie Sie \u00fcberpr\u00fcfen k\u00f6nnen, welche Cookies gesetzt wurden und wie Sie diese blockieren und l\u00f6schen k\u00f6nnen, besuchen Sie bitte <span class=\"ExternalLinks\"><a href=\"http:\/\/www.aboutcookies.org\/\" target=\"_blank\" rel=\"noopener nofollow noreferrer\">http:\/\/www.aboutcookies.org\/<\/a><\/span>.<\/p>\n<h3>Warum sind Cookies f\u00fcr Eco-Supplements Webseiten erforderlich?<\/h3>\n<p>Diese Website verwendet, wie die meisten anderen gro\u00dfen Webseiten, Cookies. Diese Dateien erm\u00f6glichen es den Benutzern, auf den Websites zu navigieren und (falls zutreffend) uns zu erm\u00f6glichen, den Inhalt an die Bed\u00fcrfnisse der Nutzer anzupassen, die die Website besucht haben, und uns zu helfen, den Komfort der Nutzung der Website zu verbessern. Ohne die Verwendung von Cookies k\u00f6nnen wir nicht garantieren, dass die Website und Ihre Eindr\u00fccke beim Besuch unseren Absichten entsprechen. Keines der auf unseren Websites verwendeten Cookies sammelt personenbezogene Daten, die eine Identifizierung des Nutzers erm\u00f6glichen.<\/p>\n<h3>Cookies-Dateien &amp; Google Analytics<\/h3>\n<p>Cookies &#8211; werden verwendet, um zu verfolgen, wie Besucher auf unsere Website gelangen und welchen Weg sie durchlaufen, um uns dabei zu helfen, unsere Dienstleistungen f\u00fcr Sie zu verbessern. Wir verwenden zum Beispiel Google Analytics &#8211; einen beliebten Webanalysedienst von Google. Google Analytics verwendet Cookies, um zu analysieren, wie Nutzer die Website nutzen. Erfahren Sie mehr dar\u00fcber, wie diese Cookies auf der\u00a0<span class=\"ExternalLinks\"><a href=\"https:\/\/policies.google.com\/technologies\/partner-sites\" target=\"_blank\" rel=\"noopener nofollow noreferrer\">Google Privacy<\/a><\/span> &#8211; Website verwendet werden.<\/p>\n<h3>You can also contact Eco Supplements\u2019s Privacy Office at:<\/h3>\n<p>Telestudent sp. z o.o.<br \/>\nAttn: Office of Privacy<br \/>\nul. Gda\u0144ska 89\/1<br \/>\n85-022 Bydgoszcz<br \/>\nPoland<br \/>\nPhone:(+48) 52 364 57 54<br \/>\nData Protection Officer: <a href=\"mailto:ecosupplements@gmail.com\" target=\"_blank\" rel=\"noopener noreferrer\">ecosupplements@gmail.com<\/a>.<\/p>\n","protected":false},"excerpt":{"rendered":"<p>Eco-Supplements weder legt jegliche pers\u00f6nliche Informationen \u00fcber Besucher der Website offen, noch gibt weiter noch verkauft oder \u00fcbertr\u00e4gt sie, es sei denn, dies ist gesetzlich vorgeschrieben. Eco-Supplements respektiert die Privatsph\u00e4re [&hellip;]<\/p>\n","protected":false},"author":1,"featured_media":0,"parent":0,"menu_order":0,"comment_status":"closed","ping_status":"closed","template":"","meta":{"footnotes":""},"class_list":["post-524","page","type-page","status-publish","hentry"],"_links":{"self":[{"href":"https:\/\/eco-supplements.com\/de\/wp-json\/wp\/v2\/pages\/524","targetHints":{"allow":["GET"]}}],"collection":[{"href":"https:\/\/eco-supplements.com\/de\/wp-json\/wp\/v2\/pages"}],"about":[{"href":"https:\/\/eco-supplements.com\/de\/wp-json\/wp\/v2\/types\/page"}],"author":[{"embeddable":true,"href":"https:\/\/eco-supplements.com\/de\/wp-json\/wp\/v2\/users\/1"}],"replies":[{"embeddable":true,"href":"https:\/\/eco-supplements.com\/de\/wp-json\/wp\/v2\/comments?post=524"}],"version-history":[{"count":6,"href":"https:\/\/eco-supplements.com\/de\/wp-json\/wp\/v2\/pages\/524\/revisions"}],"predecessor-version":[{"id":691,"href":"https:\/\/eco-supplements.com\/de\/wp-json\/wp\/v2\/pages\/524\/revisions\/691"}],"wp:attachment":[{"href":"https:\/\/eco-supplements.com\/de\/wp-json\/wp\/v2\/media?parent=524"}],"curies":[{"name":"wp","href":"https:\/\/api.w.org\/{rel}","templated":true}]}}