{"id":10,"date":"2016-05-17T09:45:21","date_gmt":"2016-05-17T09:45:21","guid":{"rendered":"https:\/\/eco-supplements.com\/es\/?page_id=10"},"modified":"2021-08-14T13:12:54","modified_gmt":"2021-08-14T13:12:54","slug":"eco-supplements","status":"publish","type":"page","link":"https:\/\/eco-supplements.com\/es\/","title":{"rendered":"Eco Supplements"},"content":{"rendered":"<p><strong>Eco-Supplements<\/strong> &#8211; eficaces, sanos, naturales &#8211; Recomendamos los mejores productos disponibles comprobados en todo el mundo.<\/p>\n<h2>Suplementos diet\u00e9ticos<\/h2>\n<p>Un suplemento diet\u00e9tico es una preparaci\u00f3n especial que contiene ingredientes necesarios para la salud (especialmente vitaminas y otras sustancias ex\u00f3genas), que a menudo faltan en la dieta com\u00fan. En otros de los casos estos suplementos se suministran para proporcionar los componentes en mayor cantidad y cubrir la insuficiencia que puede ser causada por una nutrici\u00f3n irregular o inadecuada. Los suplementos se suministran con mayor frecuencia de forma concentrada, como tabletas, pastillas, polvo o l\u00edquidos.<br \/>\n<a href=\"?pp=NC_TESTOPRIME_ES_HP\" target=\"_blank\" rel=\"nofollow noopener\"><img decoding=\"async\" class=\"aligncenter size-large wp-image-7628\" src=\"https:\/\/eco-supplements.com\/wp-content\/uploads\/2021\/08\/fb_Testo-Prime-1024x683.jpg\" alt=\"\" width=\"810\" height=\"540\" \/><\/a><\/p>\n<div class=\"promo_box\">\n<h4>Choco Lite \u2122<br \/>\n\u2013 Un c\u00f3ctel para el adelgazamiento natural<\/h4>\n<p><a class=\"aligncenter\" title=\"Choco Lite\" href=\"https:\/\/eco-supplements.com\/es\/adelgazante\/choco-lite\/\"><img decoding=\"async\" class=\"alignnone size-medium\" src=\"https:\/\/eco-supplements.com\/es\/wp-content\/uploads\/2017\/06\/Choco-Lite-\u2122-Un-c\u00f3ctel-para-el-adelgazamiento-natural-300x200.jpg\" alt=\"Choco Lite\" \/><\/a><\/p>\n<\/div>\n<div class=\"promo_box\">\n<h4>Now Foods \u2122<br \/>\n\u2013 Probiotic-10, 25 Billion<br \/>\n<small>immune system support<\/small><\/h4>\n<p><a class=\"aligncenter\" title=\"Now \u2013 Probiotic-10, 25 Billion, 50 Veg Capsules\" href=\"https:\/\/eco-supplements.com\/video\/now-probiotic-10-25-billion-50-veg-capsules\/\"><img decoding=\"async\" class=\"alignnone size-medium\" src=\"https:\/\/eco-supplements.com\/wp-content\/uploads\/2020\/04\/Now-\u2013-Probiotic-10.jpg\" alt=\"Now \u2013 Probiotic-10, 25 Billion, 50 Veg Capsules\" \/><\/a><\/p>\n<\/div>\n<h2>Vitaminas<\/h2>\n<p>Las vitaminas (por ejemplo vitamina A, vitamina C) forman un grupo de sustancias org\u00e1nicas (compuestos qu\u00edmicos de estructura diversa), que son indispensables para el buen funcionamiento del organismo. Estos compuestos tienen origen natural o est\u00e1n preparados sint\u00e9ticamente. Las vitaminas son ex\u00f3genas a las humanos (el cuerpo humano no puede sintetizarlas por s\u00ed mismas) y por lo tanto deben ser suministradas con alimentos (generalmente en forma de provitaminas) o suplementos.<\/p>\n<h2>Sustancias ex\u00f3genas<\/h2>\n<p>Las sustancias ex\u00f3genas (compuestos ex\u00f3genos) son compuestos qu\u00edmicos no sintetizados por el cuerpo humano. Toman parte en los procesos bioqu\u00edmicos que ocurren en el cuerpo, las sustancias se suministran a trav\u00e9s del tracto gastrointestinal. Las sustancias ex\u00f3genas pueden estar sujetas a transformarse en otros compuestos importantes en el transcurso de estos procesos.<\/p>\n<hr \/>\n<div class=\"promo_box\">\n<h4>\u00bfEl reishi ayuda a adelgazar?<\/h4>\n<p><a class=\"aligncenter\" title=\"\u00bfEl reishi ayuda a adelgazar?\" href=\"https:\/\/eco-supplements.com\/es\/adelgazante\/el-reishi-ayuda-a-adelgazar\/\"><img decoding=\"async\" class=\"size-medium\" src=\"https:\/\/eco-supplements.com\/es\/wp-content\/uploads\/2018\/12\/Ganoderma_lucidum_01-300x225.jpg\" alt=\"\u00bfEl reishi ayuda a adelgazar?\" \/><\/a><\/p>\n<\/div>\n<div class=\"promo_box\">\n<h4>\u00bfComer marisco aumenta nuestra fertilidad?<\/h4>\n<p><a class=\"aligncenter\" title=\"\u00bfComer marisco aumenta nuestra fertilidad? (Susana Antecka)\" href=\"https:\/\/eco-supplements.com\/es\/salud-y-belleza\/comer-marisco-aumenta-nuestra-fertilidad-susana-antecka\/\"><img decoding=\"async\" class=\"alignnone size-medium\" src=\"https:\/\/eco-supplements.com\/pl\/wp-content\/uploads\/2016\/09\/libido-300x208.jpg\" alt=\"libido\" \/><\/a><\/p>\n<\/div>\n<div class=\"promo_box\">\n<h4>\u00bfPierdes cabello? La causa puede ser el estr\u00e9s<\/h4>\n<p><a class=\"aligncenter\" title=\"\u00bfPierdes cabello? La causa puede ser el estr\u00e9s\" href=\"https:\/\/eco-supplements.com\/es\/salud-y-belleza\/pierdes-cabello-la-causa-puede-ser-el-estres\/\"><img decoding=\"async\" class=\"alignnone size-medium\" src=\"https:\/\/eco-supplements.com\/pl\/wp-content\/uploads\/2018\/08\/El%C5%BCbieta-Bonder-300x169.jpg\" alt=\"\u00bfPierdes cabello? La causa puede ser el estr\u00e9s\" \/><\/a><\/p>\n<\/div>\n","protected":false},"excerpt":{"rendered":"<p>Eco-Supplements &#8211; eficaces, sanos, naturales &#8211; Recomendamos los mejores productos disponibles comprobados en todo el mundo. Suplementos diet\u00e9ticos Un suplemento diet\u00e9tico es una preparaci\u00f3n especial que contiene ingredientes necesarios para [&hellip;]<\/p>\n","protected":false},"author":1,"featured_media":0,"parent":0,"menu_order":0,"comment_status":"closed","ping_status":"closed","template":"","meta":{"footnotes":""},"class_list":["post-10","page","type-page","status-publish","hentry"],"aioseo_notices":[],"_links":{"self":[{"href":"https:\/\/eco-supplements.com\/es\/wp-json\/wp\/v2\/pages\/10","targetHints":{"allow":["GET"]}}],"collection":[{"href":"https:\/\/eco-supplements.com\/es\/wp-json\/wp\/v2\/pages"}],"about":[{"href":"https:\/\/eco-supplements.com\/es\/wp-json\/wp\/v2\/types\/page"}],"author":[{"embeddable":true,"href":"https:\/\/eco-supplements.com\/es\/wp-json\/wp\/v2\/users\/1"}],"replies":[{"embeddable":true,"href":"https:\/\/eco-supplements.com\/es\/wp-json\/wp\/v2\/comments?post=10"}],"version-history":[{"count":27,"href":"https:\/\/eco-supplements.com\/es\/wp-json\/wp\/v2\/pages\/10\/revisions"}],"predecessor-version":[{"id":871,"href":"https:\/\/eco-supplements.com\/es\/wp-json\/wp\/v2\/pages\/10\/revisions\/871"}],"wp:attachment":[{"href":"https:\/\/eco-supplements.com\/es\/wp-json\/wp\/v2\/media?parent=10"}],"curies":[{"name":"wp","href":"https:\/\/api.w.org\/{rel}","templated":true}]}}