{"id":200,"date":"2017-01-07T01:57:26","date_gmt":"2017-01-07T01:57:26","guid":{"rendered":"https:\/\/eco-supplements.com\/es\/?page_id=200"},"modified":"2018-12-18T11:30:18","modified_gmt":"2018-12-18T11:30:18","slug":"los-quemadores-de-grasa-termogenicos","status":"publish","type":"page","link":"https:\/\/eco-supplements.com\/es\/los-quemadores-de-grasa-termogenicos\/","title":{"rendered":"Los quemadores de grasa (termog\u00e9nicos)"},"content":{"rendered":"<h2>\u00bfQu\u00e9 es un quemador de grasa?<\/h2>\n<p><strong>Los <a title=\"quemadores de grasa\" href=\"https:\/\/eco-supplements.com\/es\/los-quemadores-de-grasa-termogenicos\/\">quemadores de grasa<\/a><\/strong> (o <strong><a title=\"termog\u00e9nicos\" href=\"https:\/\/eco-supplements.com\/es\/los-quemadores-de-grasa-termogenicos\/\">termog\u00e9nicos<\/a><\/strong>) son <strong><a title=\"suplementos diet\u00e9ticos\" href=\"https:\/\/eco-supplements.com\/es\/\">suplementos diet\u00e9ticos<\/a><\/strong> que contienen extractos de hierbas y estimuladores que se sirven del proceso de termog\u00e9nesis para estimular la p\u00e9rdida de peso.<\/p>\n<p>La termog\u00e9nesis tiene lugar cuando aumenta la temperatura corporal global y ,como consecuencia, incrementa la tasa metab\u00f3lica. Esto a su vez ayuda al cuerpo a <strong>quemar grasa y calor\u00edas no deseadas<\/strong>. Los quemadores de grasa pueden poner en marcha este proceso incluso cuando no se est\u00e1 haciendo ejercicios. Esto los convierte en una opci\u00f3n atractiva para la gente cuyo estilo de vida es m\u00e1s bien sedentario.<\/p>\n<h3>\u00bfC\u00f3mo puede un quemador de grasa ayudarme a perder peso?<\/h3>\n<p>Los quemadores de grasa funcionan de dos maneras distintas. Algunos ayudan a quemar calor\u00edas en forma de calor o energ\u00eda y otros estimulan la liberaci\u00f3n de la adrenalina. Ambas maneras <strong>estimulan tu metabolismo<\/strong> y elevan la temperatura corporal, acelerando la p\u00e9rdida de peso.<\/p>\n<p>Algunos suplementos quemadores de grasa disponibles en el mercado presentan <strong>una ventaja adicional: suprimen el apetito<\/strong>, ayudando a reducir a\u00fan m\u00e1s tu ingesta total de calor\u00edas.<\/p>\n<p>Estos suplementos generalmente se toman de una a tres veces al d\u00eda, aunque esto depender\u00e1 del tipo de quemador de grasa que est\u00e9s tomando. Los quemadores de grasa naturales, dentro de lo razonable, se pueden tomar todo el tiempo que lo consideres necesario. En cuanto a los quemadores de grasa de prescripci\u00f3n m\u00e9dica, se recomienda que su uso s\u00f3lo tenga lugar durante un periodo de tiempo corto.<\/p>\n<h3>\u00bfQui\u00e9n no deben tomar quemadores de grasa?<\/h3>\n<p>La mayor\u00eda de los <strong>quemadores de grasa naturales son tolerados por pr\u00e1cticamente todo el mundo<\/strong>. No obstante, si sufres de ansiedad, es mejor consultar primero a tu m\u00e9dico puesto que son un tipo de productos que elevan el nivel del cortisol, es decir la hormona del estr\u00e9s.<\/p>\n<p>Si tienes alg\u00fan problema card\u00edaco o sufres de otra limitaci\u00f3n m\u00e9dica seria, es recomendable que antes de tomar suplementos quemadores de grasa consultes a tu doctor. Las mujeres embarazadas o las que dan pecho a su beb\u00e9 tampoco deben tomarlos.<\/p>\n<p>Las personas sensibles a la cafe\u00edna deben tener cuidado ya que uno de los ingredientes principales de muchos quemadores de grasa es precisamente la cafe\u00edna (por ser un estimulante natural). Sin embargo, existen pocas opciones disponibles con niveles bajos de cafe\u00edna.<\/p>\n<h3>Alimentos quemadores de grasa naturales<\/h3>\n<p>Los alimentos ricos en fibra, tales como granos integrales, el arroz integral o la avena, son m\u00e1s dif\u00edciles de procesar por el cuerpo. Por es su digesti\u00f3n quema el doble de calor\u00edas.<\/p>\n<p><strong>Los pimientos picantes, aj\u00edes o chiles (Capsaicina) elevan la temperatura corporal<\/strong> impulsando el metabolismo y la quema de grasa. Las carnes magras como la pechuga de pollo son ricas en prote\u00ednas y los alimentos ricos en prote\u00ednas queman al menos el 30% de las calor\u00edas durante su digesti\u00f3n.<\/p>\n<p>Si est\u00e1s intentado quemar grasa de tu cuerpo, definitivamente <strong>vale la pena agregar a tu dieta<\/strong> estos alimentos.<\/p>\n<h3>Pastillas quemadoras de grasa m\u00e1s populares<\/h3>\n<p>\u00bfTe gustar\u00eda acelerar tu p\u00e9rdida de peso, quemar la grasa de m\u00e1s y dar un salto en el proceso de conseguir el cuerpo que deseas?<br \/>\n<strong>Los suplementos quemadores de grasa son una manera de mejorar los resultados<\/strong> que puedes a\u00f1adir a tu dieta y con ello conseguir una p\u00e9rdida de grasa m\u00e1s r\u00e1pida.<\/p>\n<h3>Copywrite<\/h3>\n<p>Este es un art\u00edculo de acceso abierto distribuido bajo los t\u00e9rminos de la licencia <span class=\"ExternalLinks\"><a href=\"http:\/\/creativecommons.org\/licenses\/by\/3.0\/\" target=\"_blank\" rel=\"nofollow noopener\">Creative Commons Attribution License<\/a><\/span>, que permite el uso irrestricto, la distribuci\u00f3n y reproducci\u00f3n en cualquier medio, siempre que la obra original sea debidamente citada.<\/p>\n<hr \/>\n<h3 id=\"references\">Referencias y enlaces externos<\/h3>\n<ol>\n<li id=\"cite-1\"><small><strong>Thermogenic<\/strong> means tending to produce heat, and the term is commonly applied to drugs which increase heat through metabolic stimulation or to microorganisms which create heat within organic waste. In bodybuilding, athletes wishing to lose fat purportedly use thermogenics to increase their basal metabolic rate, thereby increasing their energy expenditure. Caffeine and ephedrine are commonly used for this purpose. 2,4-Dinitrophenol (DNP) is a very dangerous thermogenic drug used for fat loss; it will give a dose-dependant increase in body temperature, to the point where it can induce death by hyperthermia. It works as a mitochondrial oxidative phosphorylation uncoupler, disrupting the mitochondrial electron transport chain. This stops the mitochondria from producing adenosine triphosphate, releasing energy as heat. <span class=\"ExternalLinks\"><a href=\"https:\/\/en.wikipedia.org\/wiki\/Thermogenics\" target=\"_blank\" rel=\"nofollow noopener\">https:\/\/en.wikipedia.org\/wiki\/Thermogenics<\/a><\/span>.<\/small><\/li>\n<li id=\"cite-2\"><small><strong>Thermogenesis<\/strong> is the process of heat production in organisms. It occurs in all warm-blooded animals, and also in a few species of thermogenic plants such as the Eastern skunk cabbage, the Voodoo lily, and the giant water lilies of the genus Victoria. The lodgepole pine dwarf mistletoe, Arceuthobium americanum disperses its seeds explosively through thermogenesis. <span class=\"ExternalLinks\"><a href=\"https:\/\/en.wikipedia.org\/wiki\/Thermogenesis\" target=\"_blank\" rel=\"nofollow noopener\">https:\/\/en.wikipedia.org\/wiki\/Thermogenesis<\/a><\/span>.<\/small><\/li>\n<li id=\"cite-3\"><small>Clapham, J. C., and J. R. S. Arch. <span class=\"ExternalLinks\"><a href=\"http:\/\/onlinelibrary.wiley.com\/doi\/10.1111\/j.1463-1326.2006.00608.x\/full\" target=\"_blank\" rel=\"nofollow noopener\">\u00abThermogenic and metabolic antiobesity drugs: rationale and opportunities.\u00bb<\/a><\/span> Diabetes, obesity and metabolism 9.3 (2007): 259-275. \u00ab<em>Antiobesity drugs that target peripheral metabolism may avoid some of the problems that have been encountered with centrally acting anorectic drugs. Moreover, if they cause weight loss by increasing fat oxidation, they not only address a cause of obesity but also should promote loss of fat rather than lean tissue and improve insulin sensitivity. Weight loss may be slow but more sustained than with anorectic drugs, and thermogenesis may be insufficient to cause any discomfort.<\/em>\u00ab<\/small><\/li>\n<li id=\"cite-4\"><small>Tseng, Yu-Hua, Aaron M. Cypess, and C. Ronald Kahn. <span class=\"ExternalLinks\"><a href=\"http:\/\/www.nature.com\/nrd\/journal\/v9\/n6\/abs\/nrd3138.html\" target=\"_blank\" rel=\"nofollow noopener\">\u00abCellular bioenergetics as a target for obesity therapy.\u00bb<\/a><\/span> Nature Reviews Drug Discovery 9.6 (2010): 465-482. \u00ab<em>Obesity develops when energy intake exceeds energy expenditure. Although most current obesity therapies are focused on reducing calorific intake, recent data suggest that increasing cellular energy expenditure (bioenergetics) may be an attractive alternative approach. This is especially true for adaptive thermogenesis \u2014 the physiological process whereby energy is dissipated in mitochondria of brown fat and skeletal muscle in the form of heat in response to external stimuli.<\/em>\u00ab<\/small><\/li>\n<li id=\"cite-5\"><small>Gosselin, Chantal, and Fran\u00e7ois Haman. <span class=\"ExternalLinks\"><a href=\"https:\/\/www.cambridge.org\/core\/journals\/british-journal-of-nutrition\/article\/div-classtitleeffects-of-green-tea-extracts-on-non-shivering-thermogenesis-during-mild-cold-exposure-in-young-mendiv\/3DFC326012E4BD3F332DF50233376923\" target=\"_blank\" rel=\"nofollow noopener\">\u00abEffects of green tea extracts on non-shivering thermogenesis during mild cold exposure in young men.\u00bb<\/a><\/span> British Journal of Nutrition 110.02 (2013): 282-288.<\/small><\/li>\n<li id=\"cite-6\"><small>Hastings, Carl W., and David J. Barnes. <span class=\"ExternalLinks\"><a href=\"https:\/\/www.google.com\/patents\/US5626849\" target=\"_blank\" rel=\"nofollow noopener\">\u00abWeight loss composition for burning and reducing synthesis of fats.\u00bb<\/a><\/span> U.S. Patent No. 5,626,849. 6 May 1997.<\/small><\/li>\n<li id=\"cite-7\"><small>Dente, Gerard. <span class=\"ExternalLinks\"><a href=\"https:\/\/www.google.com\/patents\/US6277396\" target=\"_blank\" rel=\"nofollow noopener\">\u00abDietary supplement containing a thermogenic substance and an adrenal support substance.\u00bb<\/a><\/span> U.S. Patent No. 6,277,396. 21 Aug. 2001.<\/small><\/li>\n<li id=\"cite-8\"><small>Jeukendrup, A. E., and R. Randell. <span class=\"ExternalLinks\"><a href=\"http:\/\/onlinelibrary.wiley.com\/doi\/10.1111\/j.1467-789X.2011.00908.x\/full\" target=\"_blank\" rel=\"nofollow noopener\">\u00abFat burners: nutrition supplements that increase fat metabolism.\u00bb<\/a><\/span> Obesity reviews 12.10 (2011): 841-851. \u00ab<em>The term \u2018fat burner\u2019 is used to describe nutrition supplements that are claimed to acutely increase fat metabolism or energy expenditure, impair fat absorption, increase weight loss, increase fat oxidation during exercise, or somehow cause long-term adaptations that promote fat metabolism. Often, these supplements contain a number of ingredients, each with its own proposed mechanism of action and it is often claimed that the combination of these substances will have additive effects. The list of supplements that are claimed to increase or improve fat metabolism is long; the most popular supplements include caffeine, carnitine, green tea, conjugated linoleic acid, forskolin, chromium, kelp and fucoxanthin. In this review the evidence for some of these supplements is briefly summarized. Based on the available literature, caffeine and green tea have data to back up its fat metabolism-enhancing properties.<\/em>\u00ab<\/small><\/li>\n<li id=\"cite-9\"><small>Belza, Anita, E. Frandsen, and Jens Kondrup. <span class=\"ExternalLinks\"><a href=\"http:\/\/www.nature.com\/ijo\/journal\/v31\/n1\/abs\/0803351a.html\" target=\"_blank\" rel=\"nofollow noopener\">\u00abBody fat loss achieved by stimulation of thermogenesis by a combination of bioactive food ingredients: a placebo-controlled, double-blind 8-week intervention in obese subjects.\u00bb<\/a><\/span> International journal of obesity 31.1 (2007): 121-130. \u00ab<em>The bioactive supplement increased 4-h thermogenesis by 90 kJ more than placebo, and the effect was maintained after 8 weeks. &#8230; These bioactive components may support weight maintenance after a hypocaloric diet.<\/em>\u00ab<\/small><\/li>\n<li id=\"cite-10\"><small>Levine, James A., Norman L. Eberhardt, and Michael D. Jensen. <span class=\"ExternalLinks\"><a href=\"http:\/\/science.sciencemag.org\/content\/283\/5399\/212\" target=\"_blank\" rel=\"nofollow noopener\">\u00abRole of nonexercise activity thermogenesis in resistance to fat gain in humans.\u00bb<\/a><\/span> Science 283.5399 (1999): 212-214. \u00ab<em>These results suggest that as humans overeat, activation of NEAT dissipates excess energy to preserve leanness and that failure to activate NEAT may result in ready fat gain.<\/em>\u00ab<\/small><\/li>\n<li id=\"cite-11\"><small>Astrup, Arne, et al. <span class=\"ExternalLinks\"><a href=\"http:\/\/ajcn.nutrition.org\/content\/55\/1\/246S.short\" target=\"_blank\" rel=\"nofollow noopener\">\u00abPharmacology of thermogenic drugs.\u00bb<\/a><\/span> The American journal of clinical nutrition 55.1 (1992): 246S-248S.<\/small><\/li>\n<li id=\"cite-12\"><small>Astrup, A., and S. Toubro. <span class=\"ExternalLinks\"><a href=\"http:\/\/europepmc.org\/abstract\/med\/8384179\" target=\"_blank\" rel=\"nofollow noopener\">\u00abThermogenic, metabolic, and cardiovascular responses to ephedrine and caffeine in man.\u00bb<\/a><\/span> International journal of obesity and related metabolic disorders: journal of the International Association for the Study of Obesity 17 (1993): S41-3.<\/small><\/li>\n<\/ol>\n","protected":false},"excerpt":{"rendered":"<p>\u00bfQu\u00e9 es un quemador de grasa? Los quemadores de grasa (o termog\u00e9nicos) son suplementos diet\u00e9ticos que contienen extractos de hierbas y estimuladores que se sirven del proceso de termog\u00e9nesis para [&hellip;]<\/p>\n","protected":false},"author":1,"featured_media":0,"parent":0,"menu_order":0,"comment_status":"closed","ping_status":"closed","template":"","meta":{"footnotes":""},"class_list":["post-200","page","type-page","status-publish","hentry"],"aioseo_notices":[],"_links":{"self":[{"href":"https:\/\/eco-supplements.com\/es\/wp-json\/wp\/v2\/pages\/200","targetHints":{"allow":["GET"]}}],"collection":[{"href":"https:\/\/eco-supplements.com\/es\/wp-json\/wp\/v2\/pages"}],"about":[{"href":"https:\/\/eco-supplements.com\/es\/wp-json\/wp\/v2\/types\/page"}],"author":[{"embeddable":true,"href":"https:\/\/eco-supplements.com\/es\/wp-json\/wp\/v2\/users\/1"}],"replies":[{"embeddable":true,"href":"https:\/\/eco-supplements.com\/es\/wp-json\/wp\/v2\/comments?post=200"}],"version-history":[{"count":17,"href":"https:\/\/eco-supplements.com\/es\/wp-json\/wp\/v2\/pages\/200\/revisions"}],"predecessor-version":[{"id":737,"href":"https:\/\/eco-supplements.com\/es\/wp-json\/wp\/v2\/pages\/200\/revisions\/737"}],"wp:attachment":[{"href":"https:\/\/eco-supplements.com\/es\/wp-json\/wp\/v2\/media?parent=200"}],"curies":[{"name":"wp","href":"https:\/\/api.w.org\/{rel}","templated":true}]}}