{"id":242,"date":"2017-01-08T18:48:59","date_gmt":"2017-01-08T18:48:59","guid":{"rendered":"https:\/\/eco-supplements.com\/es\/?page_id=242"},"modified":"2018-12-14T17:02:58","modified_gmt":"2018-12-14T17:02:58","slug":"supresor-del-apetito","status":"publish","type":"page","link":"https:\/\/eco-supplements.com\/es\/supresor-del-apetito\/","title":{"rendered":"Supresor del apetito"},"content":{"rendered":"<h2>\u00bfQu\u00e9 es un supresor del apetito?<\/h2>\n<div id=\"attachment_246\" style=\"width: 310px\" class=\"wp-caption alignleft\"><a href=\"https:\/\/eco-supplements.com\/es\/wp-content\/uploads\/2017\/01\/Supresor-del-apetito.jpg\"><img decoding=\"async\" aria-describedby=\"caption-attachment-246\" class=\"size-medium wp-image-246\" src=\"https:\/\/eco-supplements.com\/es\/wp-content\/uploads\/2017\/01\/Supresor-del-apetito-300x244.jpg\" alt=\"Supresor del apetito\" width=\"300\" height=\"244\" srcset=\"https:\/\/eco-supplements.com\/es\/wp-content\/uploads\/2017\/01\/Supresor-del-apetito-300x244.jpg 300w, https:\/\/eco-supplements.com\/es\/wp-content\/uploads\/2017\/01\/Supresor-del-apetito-768x624.jpg 768w, https:\/\/eco-supplements.com\/es\/wp-content\/uploads\/2017\/01\/Supresor-del-apetito-1024x832.jpg 1024w\" sizes=\"(max-width: 300px) 100vw, 300px\" \/><\/a><p id=\"caption-attachment-246\" class=\"wp-caption-text\">Supresor del apetito<\/p><\/div>\n<p>Un <a href=\"https:\/\/eco-supplements.com\/es\/supresor-del-apetito\/\">supresor del apetito<\/a> es un suplemento diet\u00e9tico adelgazante que emula la sensaci\u00f3n de saciedad o de \u201csentirse lleno\u201d. De esta manera te sientes satisfecho entre comidas y no sientes la urgencia de comer.<\/p>\n<p>Se cree que los supresores del apetito act\u00faan incrementando los niveles de serotonina (la hormona del bienestar) en el cerebro, la cual es responsable de controlar el estado de \u00e1nimo y el apetito, enga\u00f1ando al cerebro al hacerle creer que el est\u00f3mago est\u00e1 lleno.<\/p>\n<p>Estas caracter\u00edsticas son particularmente <strong>ben\u00e9ficas si te resulta muy dif\u00edcil ignorar la tentaci\u00f3n de comer entre comidas<\/strong> ya que ayudan a reducir tu ingesta de calor\u00edas diaria, dando lugar a una p\u00e9rdida de peso.<\/p>\n<p>La mayor\u00eda de los supresores del apetito son naturales y contienen extractos de plantas o hierbas com\u00fanmente conocidas. Sin embargo, hay algunos supresores del apetito que se pueden obtener exclusivamente bajo la prescripci\u00f3n m\u00e9dica.<\/p>\n<h3>Supresores del apetito naturales vs. supresores del apetito de prescripci\u00f3n m\u00e9dica<\/h3>\n<p>Uno de los supresores del apetito de prescripci\u00f3n m\u00e9dica m\u00e1s popular es la fentermina (tambi\u00e9n conocido como Adipex-p). Es un f\u00e1rmaco que por lo com\u00fan se prescribe \u00fanicamente a pacientes obesos (sobrepeso extremo), con el IMC por encima de 27 y quienes est\u00e1n en riesgo de enfermedades graves derivadas del sobrepeso.<\/p>\n<p>La fentermina es generalmente prescrita como una soluci\u00f3n a corto plazo (por unas cuantas semanas). Aunque la fentermina es altamente efectiva en el control del peso, en algunos individuos puede causar varios efectos secundarios graves. Adem\u00e1s, debido a su similitud con la familia de las anfetaminas, puede resultar altamente adictiva, motivo por el cual requiere de un monitoreo m\u00e9dico cuidadoso.<\/p>\n<p>Hay una gran variedad de supresores del apetito naturales disponibles en el mercado que ofrecen una manera alternativa pra calmar tu apetito.<\/p>\n<h3>Copywrite<\/h3>\n<p>Este es un art\u00edculo de acceso abierto distribuido bajo los t\u00e9rminos de la licencia <span class=\"ExternalLinks\"><a href=\"http:\/\/creativecommons.org\/licenses\/by\/3.0\/\" target=\"_blank\" rel=\"nofollow noopener\">Creative Commons Attribution License<\/a><\/span>, que permite el uso irrestricto, la distribuci\u00f3n y reproducci\u00f3n en cualquier medio, siempre que la obra original sea debidamente citada.<\/p>\n","protected":false},"excerpt":{"rendered":"<p>\u00bfQu\u00e9 es un supresor del apetito? Un supresor del apetito es un suplemento diet\u00e9tico adelgazante que emula la sensaci\u00f3n de saciedad o de \u201csentirse lleno\u201d. De esta manera te sientes [&hellip;]<\/p>\n","protected":false},"author":1,"featured_media":246,"parent":0,"menu_order":0,"comment_status":"closed","ping_status":"closed","template":"","meta":{"footnotes":""},"class_list":["post-242","page","type-page","status-publish","has-post-thumbnail","hentry"],"aioseo_notices":[],"_links":{"self":[{"href":"https:\/\/eco-supplements.com\/es\/wp-json\/wp\/v2\/pages\/242","targetHints":{"allow":["GET"]}}],"collection":[{"href":"https:\/\/eco-supplements.com\/es\/wp-json\/wp\/v2\/pages"}],"about":[{"href":"https:\/\/eco-supplements.com\/es\/wp-json\/wp\/v2\/types\/page"}],"author":[{"embeddable":true,"href":"https:\/\/eco-supplements.com\/es\/wp-json\/wp\/v2\/users\/1"}],"replies":[{"embeddable":true,"href":"https:\/\/eco-supplements.com\/es\/wp-json\/wp\/v2\/comments?post=242"}],"version-history":[{"count":10,"href":"https:\/\/eco-supplements.com\/es\/wp-json\/wp\/v2\/pages\/242\/revisions"}],"predecessor-version":[{"id":716,"href":"https:\/\/eco-supplements.com\/es\/wp-json\/wp\/v2\/pages\/242\/revisions\/716"}],"wp:featuredmedia":[{"embeddable":true,"href":"https:\/\/eco-supplements.com\/es\/wp-json\/wp\/v2\/media\/246"}],"wp:attachment":[{"href":"https:\/\/eco-supplements.com\/es\/wp-json\/wp\/v2\/media?parent=242"}],"curies":[{"name":"wp","href":"https:\/\/api.w.org\/{rel}","templated":true}]}}