{"id":371,"date":"2017-04-11T21:09:51","date_gmt":"2017-04-11T21:09:51","guid":{"rendered":"https:\/\/eco-supplements.com\/es\/?page_id=371"},"modified":"2018-02-20T23:20:54","modified_gmt":"2018-02-20T23:20:54","slug":"informacion-adicional","status":"publish","type":"page","link":"https:\/\/eco-supplements.com\/es\/informacion-adicional\/","title":{"rendered":"Informaci\u00f3n Adicional"},"content":{"rendered":"<p>El contenido del sitio de Eco-Supplements \u2122, como texto, gr\u00e1ficos, im\u00e1genes y otros materiales contenidos en el Sitio de Eco-Supplements \u2122 (\u00abContenido\u00bb), son s\u00f3lo para prop\u00f3sitos informativos.<\/p>\n<p>Esta informaci\u00f3n no pretende ser un sustituto del asesoramiento, diagn\u00f3stico o tratamiento m\u00e9dico profesional. Siempre busque el asesoramiento de su m\u00e9dico u otro proveedor de salud calificado con cualquier pregunta que pueda tener al respecto o si tiene una condici\u00f3n m\u00e9dica. \u00a1Nunca ignore los consejos m\u00e9dicos o haga demora en buscarlo debido a algo que haya le\u00eddo en el sitio de Eco-Supplements \u2122!<\/p>\n<p>Eco-Supplements \u2122 no aprueba ni recomienda alguna prueba espec\u00edfica, m\u00e9dico, producto, procedimiento, opini\u00f3n u otra informaci\u00f3n que pueda mencionarse en el sitio red.<\/p>\n","protected":false},"excerpt":{"rendered":"<p>El contenido del sitio de Eco-Supplements \u2122, como texto, gr\u00e1ficos, im\u00e1genes y otros materiales contenidos en el Sitio de Eco-Supplements \u2122 (\u00abContenido\u00bb), son s\u00f3lo para prop\u00f3sitos informativos. Esta informaci\u00f3n no [&hellip;]<\/p>\n","protected":false},"author":1,"featured_media":0,"parent":0,"menu_order":0,"comment_status":"closed","ping_status":"closed","template":"","meta":{"footnotes":""},"class_list":["post-371","page","type-page","status-publish","hentry"],"aioseo_notices":[],"_links":{"self":[{"href":"https:\/\/eco-supplements.com\/es\/wp-json\/wp\/v2\/pages\/371","targetHints":{"allow":["GET"]}}],"collection":[{"href":"https:\/\/eco-supplements.com\/es\/wp-json\/wp\/v2\/pages"}],"about":[{"href":"https:\/\/eco-supplements.com\/es\/wp-json\/wp\/v2\/types\/page"}],"author":[{"embeddable":true,"href":"https:\/\/eco-supplements.com\/es\/wp-json\/wp\/v2\/users\/1"}],"replies":[{"embeddable":true,"href":"https:\/\/eco-supplements.com\/es\/wp-json\/wp\/v2\/comments?post=371"}],"version-history":[{"count":1,"href":"https:\/\/eco-supplements.com\/es\/wp-json\/wp\/v2\/pages\/371\/revisions"}],"predecessor-version":[{"id":372,"href":"https:\/\/eco-supplements.com\/es\/wp-json\/wp\/v2\/pages\/371\/revisions\/372"}],"wp:attachment":[{"href":"https:\/\/eco-supplements.com\/es\/wp-json\/wp\/v2\/media?parent=371"}],"curies":[{"name":"wp","href":"https:\/\/api.w.org\/{rel}","templated":true}]}}