{"id":6,"date":"2016-05-17T09:41:16","date_gmt":"2016-05-17T09:41:16","guid":{"rendered":"https:\/\/eco-supplements.com\/es\/?page_id=6"},"modified":"2020-11-12T16:45:17","modified_gmt":"2020-11-12T16:45:17","slug":"politica-de-privacidad","status":"publish","type":"page","link":"https:\/\/eco-supplements.com\/es\/politica-de-privacidad\/","title":{"rendered":"Pol\u00edtica de privacidad"},"content":{"rendered":"<p><a title=\"Pol\u00edtica de privacidad\" href=\"https:\/\/eco-supplements.com\/wp-content\/uploads\/2018\/10\/Privacy-policy.jpg\"><img decoding=\"async\" class=\"size-large wp-image-5565\" src=\"https:\/\/eco-supplements.com\/wp-content\/uploads\/2018\/10\/Privacy-policy-1024x683.jpg\" alt=\"Pol\u00edtica de privacidad\" width=\"810\" height=\"540\" \/><\/a><\/p>\n<p>Eco-Suplementos no da a conocer, dar, vender o transferir cualquier informaci\u00f3n personal sobre su visita a menos que lo requiera la ley para hacerlo.<\/p>\n<p><!--more--><\/p>\n<p>Los Eco-Suplementos respeta la privacidad de los visitantes al sitio Web de la eco-Suplementos. Recopilamos una cantidad limitada de informaci\u00f3n sobre el uso del sitio Web con fines estad\u00edsticos, con el fin de medir el n\u00famero de visitantes a las diferentes secciones de nuestro sitio y para ayudarnos a hacer nuestro sitio m\u00e1s \u00fatil para los visitantes.<\/p>\n<p>La informaci\u00f3n b\u00e1sica que se recoge y almacena autom\u00e1ticamente sobre su visita a nuestro sitio Web incluye:<\/p>\n<ul>\n<li>El nombre de dominio desde el que accede a Internet.<\/li>\n<li>El nombre y la versi\u00f3n del sistema operativo de su ordenador y navegador. Por ejemplo, Windows 7, Internet Explorer, Google Chrome o Firefox.<\/li>\n<li>La direcci\u00f3n de protocolo de Internet del equipo que se utiliza para acceder a Internet. Una direcci\u00f3n de protocolo de Internet es un n\u00famero que se asigna autom\u00e1ticamente a su computadora cada vez que se conecte a su proveedor de servicios de Internet.<\/li>\n<li>La direcci\u00f3n de Internet del sitio Web desde el que venga a nuestro sitio si no se introduce directamente en http:\/\/eco-supplements.com.<\/li>\n<li>La fecha, hora y duraci\u00f3n de su visita a nuestro sitio, y las p\u00e1ginas que visita.<\/li>\n<\/ul>\n<h3>\u00bfQu\u00e9 son las cookies?<\/h3>\n<p>Las cookies son peque\u00f1os archivos de texto que se almacenan en su ordenador por los sitios web que visite. Estos archivos de texto pueden ser le\u00eddos por estos sitios web y ayudan a identificar cuando regrese a un sitio web. Las cookies pueden ser o cookies de \u00absesi\u00f3n\u00bb \u00abpersistentes\u00bb. Las cookies persistentes permanecen en su computadora cuando se ha ido fuera de l\u00ednea, mientras que las cookies de sesi\u00f3n se borran tan pronto como se cierra el navegador web.<\/p>\n<p>Para obtener m\u00e1s informaci\u00f3n sobre las cookies, incluyendo c\u00f3mo ver lo que las galletas se han establecido y c\u00f3mo bloquear y borrar las cookies, visite <span class=\"ExternalLinks\"><a href=\"http:\/\/www.aboutcookies.org\/\" target=\"_blank\" rel=\"noopener nofollow noreferrer\">http:\/\/www.aboutcookies.org\/<\/a><\/span>.<\/p>\n<h3>\u00bfPor qu\u00e9 son las cookies esenciales a sitios web de los Eco-Suplementos &#8216;?<\/h3>\n<p>Este sitio web, junto con la mayor\u00eda de otros sitios web importantes, utiliza cookies. Las cookies permiten a los usuarios navegar por sitios web y (en su caso) nos permiten adaptar el contenido para satisfacer las necesidades de los visitantes que han accedido al sitio y nos ayudan a mejorar la experiencia del usuario. Sin cookies habilitadas no podemos garantizar que el sitio web y su experiencia mientras visita son como se pretende que sea. Ninguna de las cookies utilizadas en nuestros sitios web recopila informaci\u00f3n de identificaci\u00f3n personal acerca de usted.<\/p>\n<h3>Cookies &amp; Google Analytics<\/h3>\n<p>Para realizar un seguimiento de c\u00f3mo los visitantes llegan a nuestro sitio y el camino que llevan a trav\u00e9s de \u00e9l para ayudar a mejorar nuestro servicio. Por ejemplo, utilizamos Google Analytics, un popular servicio de an\u00e1lisis web de Google. Google Analytics utiliza cookies para ayudarnos a analizar c\u00f3mo los usuarios utilizan el sitio. Para saber m\u00e1s acerca de c\u00f3mo se utilizan estas cookies en <span class=\"ExternalLinks\"><a href=\"https:\/\/policies.google.com\/technologies\/partner-sites\" target=\"_blank\" rel=\"noopener nofollow noreferrer\">el sitio de privacidad de Google<\/a><\/span>.<\/p>\n<h3>You can also contact Eco Supplements\u2019s Privacy Office at:<\/h3>\n<p>Telestudent sp. z o.o.<br \/>\nAttn: Office of Privacy<br \/>\nul. Gda\u0144ska 89\/1<br \/>\n85-022 Bydgoszcz<br \/>\nPoland<br \/>\nPhone:(+48) 52 364 57 54<br \/>\nData Protection Officer: <a href=\"mailto:ecosupplements@gmail.com\" target=\"_blank\" rel=\"noopener noreferrer\">ecosupplements@gmail.com<\/a>.<\/p>\n","protected":false},"excerpt":{"rendered":"<p>Eco-Suplementos no da a conocer, dar, vender o transferir cualquier informaci\u00f3n personal sobre su visita a menos que lo requiera la ley para hacerlo.<\/p>\n","protected":false},"author":1,"featured_media":0,"parent":0,"menu_order":0,"comment_status":"closed","ping_status":"closed","template":"","meta":{"footnotes":""},"class_list":["post-6","page","type-page","status-publish","hentry"],"aioseo_notices":[],"_links":{"self":[{"href":"https:\/\/eco-supplements.com\/es\/wp-json\/wp\/v2\/pages\/6","targetHints":{"allow":["GET"]}}],"collection":[{"href":"https:\/\/eco-supplements.com\/es\/wp-json\/wp\/v2\/pages"}],"about":[{"href":"https:\/\/eco-supplements.com\/es\/wp-json\/wp\/v2\/types\/page"}],"author":[{"embeddable":true,"href":"https:\/\/eco-supplements.com\/es\/wp-json\/wp\/v2\/users\/1"}],"replies":[{"embeddable":true,"href":"https:\/\/eco-supplements.com\/es\/wp-json\/wp\/v2\/comments?post=6"}],"version-history":[{"count":10,"href":"https:\/\/eco-supplements.com\/es\/wp-json\/wp\/v2\/pages\/6\/revisions"}],"predecessor-version":[{"id":827,"href":"https:\/\/eco-supplements.com\/es\/wp-json\/wp\/v2\/pages\/6\/revisions\/827"}],"wp:attachment":[{"href":"https:\/\/eco-supplements.com\/es\/wp-json\/wp\/v2\/media?parent=6"}],"curies":[{"name":"wp","href":"https:\/\/api.w.org\/{rel}","templated":true}]}}