{"id":618,"date":"2018-09-28T19:37:02","date_gmt":"2018-09-28T19:37:02","guid":{"rendered":"https:\/\/eco-supplements.com\/es\/?page_id=618"},"modified":"2018-10-08T14:23:55","modified_gmt":"2018-10-08T14:23:55","slug":"redaccion","status":"publish","type":"page","link":"https:\/\/eco-supplements.com\/es\/redaccion\/","title":{"rendered":"La editorial"},"content":{"rendered":"<p><a href=\"https:\/\/eco-supplements.com\/wp-content\/uploads\/2018\/09\/Redakcja.jpg\"><img decoding=\"async\" class=\"alignnone size-large wp-image-5557\" src=\"https:\/\/eco-supplements.com\/wp-content\/uploads\/2018\/09\/Redakcja-1024x681.jpg\" alt=\"\" width=\"810\" height=\"539\" \/><\/a><br \/>\nNuestro portal Eco-Supplements recibe materiales para publicaci\u00f3n. Si quieres proponernos tu art\u00edculo, env\u00edanoslo a la direcci\u00f3n de correo electr\u00f3nico:<br \/>\n<img decoding=\"async\" class=\"aligncenter size-full wp-image-9152\" src=\"https:\/\/eco-supplements.com\/pl\/wp-content\/uploads\/2018\/07\/redakcja_email.jpg\" alt=\"\" width=\"234\" height=\"18\" \/><\/p>\n<h3>Requisitos relativos al contenido<\/h3>\n<p>Los art\u00edculos para publicar deber\u00edan venir en uno de los siguientes formatos:<\/p>\n<ul>\n<li>Archivo word (.doc).<\/li>\n<li>Archivo de texto (.txt).<\/li>\n<li>V\u00eddeo (.mp4).<\/li>\n<\/ul>\n<p>Las fotos, infografias, visualizaciones deber\u00edan tener formatos: .jpg o.gif.<br \/>\nLos art\u00edculos deber\u00edan estar compuestos por la entradilla y el cuerpo. El cuerpo deber\u00eda contener intert\u00edtulos. Son bien vistas las listas punteadas, partes de las frases o frases enteras en negrita.<br \/>\nSi el autor utiliza fuentes externas, hay que citarlas en notas a pie de p\u00e1gina: en este caso usamos los enlaces nofollow.<br \/>\nSi en el material enviado pretendes dar enlaces (dofollow) a alguna p\u00e1gina, por favor se\u00f1al\u00edzalo de forma clara y usa enlaces de la siguiente forma: (http\/https :\/\/) www . direccionpagina . \/ articulo. No publicamos hiperenlaces sobre palabras\/frases.<\/p>\n<h3>Tem\u00e1tica<\/h3>\n<p>Publicamos textos relacionados con la salud y bienestar, en el sentido amplio de las palabras, suplementos alimenticios, nutrici\u00f3n, dietas etc.<\/p>\n","protected":false},"excerpt":{"rendered":"<p>Nuestro portal Eco-Supplements recibe materiales para publicaci\u00f3n. Si quieres proponernos tu art\u00edculo, env\u00edanoslo a la direcci\u00f3n de correo electr\u00f3nico: Requisitos relativos al contenido Los art\u00edculos para publicar deber\u00edan venir en [&hellip;]<\/p>\n","protected":false},"author":1,"featured_media":0,"parent":0,"menu_order":0,"comment_status":"closed","ping_status":"closed","template":"","meta":{"footnotes":""},"class_list":["post-618","page","type-page","status-publish","hentry"],"aioseo_notices":[],"_links":{"self":[{"href":"https:\/\/eco-supplements.com\/es\/wp-json\/wp\/v2\/pages\/618","targetHints":{"allow":["GET"]}}],"collection":[{"href":"https:\/\/eco-supplements.com\/es\/wp-json\/wp\/v2\/pages"}],"about":[{"href":"https:\/\/eco-supplements.com\/es\/wp-json\/wp\/v2\/types\/page"}],"author":[{"embeddable":true,"href":"https:\/\/eco-supplements.com\/es\/wp-json\/wp\/v2\/users\/1"}],"replies":[{"embeddable":true,"href":"https:\/\/eco-supplements.com\/es\/wp-json\/wp\/v2\/comments?post=618"}],"version-history":[{"count":5,"href":"https:\/\/eco-supplements.com\/es\/wp-json\/wp\/v2\/pages\/618\/revisions"}],"predecessor-version":[{"id":679,"href":"https:\/\/eco-supplements.com\/es\/wp-json\/wp\/v2\/pages\/618\/revisions\/679"}],"wp:attachment":[{"href":"https:\/\/eco-supplements.com\/es\/wp-json\/wp\/v2\/media?parent=618"}],"curies":[{"name":"wp","href":"https:\/\/api.w.org\/{rel}","templated":true}]}}