{"id":8,"date":"2016-05-17T09:42:10","date_gmt":"2016-05-17T09:42:10","guid":{"rendered":"https:\/\/eco-supplements.com\/es\/?page_id=8"},"modified":"2020-11-12T13:30:57","modified_gmt":"2020-11-12T13:30:57","slug":"contacto","status":"publish","type":"page","link":"https:\/\/eco-supplements.com\/es\/contacto\/","title":{"rendered":"Contacto"},"content":{"rendered":"<p><img decoding=\"async\" class=\"alignnone size-large wp-image-613\" src=\"https:\/\/eco-supplements.com\/es\/wp-content\/uploads\/2018\/08\/ContactUs2-1024x683.jpg\" alt=\"\" width=\"810\" height=\"540\" srcset=\"https:\/\/eco-supplements.com\/es\/wp-content\/uploads\/2018\/08\/ContactUs2-1024x683.jpg 1024w, https:\/\/eco-supplements.com\/es\/wp-content\/uploads\/2018\/08\/ContactUs2-300x200.jpg 300w, https:\/\/eco-supplements.com\/es\/wp-content\/uploads\/2018\/08\/ContactUs2-768x512.jpg 768w\" sizes=\"(max-width: 810px) 100vw, 810px\" \/><\/p>\n\n\t\t\t<div class=\"ccf-form-wrapper form-id-86\" data-form-id=\"86\">\n\t\t\t\t<form  class=\"ccf-form ccf-theme-default\" method=\"post\" action=\"?v=1776199875\" data-form-id=\"86\">\n\n\t\t\t\t\t\t\t\t\t\t\t\t\t\t\t\t\t\t<div class=\"form-title\">\n\t\t\t\t\t\t\t\tContacto\t\t\t\t\t\t\t<\/div>\n\t\t\t\t\t\t\t\t\t\t\t\n\t\t\t\t\t\t\t\t\t\t\t<div class=\"form-description\">\n\t\t\t\t\t\t\tSi desea ponerse en contacto con nosotros usamos el siguiente formulario\t\t\t\t\t\t<\/div>\n\t\t\t\t\t\n\t\t\t\t\t\n\t\t<div data-field-type=\"name\" data-field-slug=\"name-1\" class=\"form-group  field name-1 field-type-name field-592  \">\n\t\t\t<label class=\"main-label\">\n\t\t\t\t\t\t\t\tNombre\t\t\t<\/label>\n\t\t\t<div class=\"left\">\n\t\t\t\t<input value=\"\" class=\"form-control  field-input\"  type=\"text\" name=\"ccf_field_name-1[first]\" id=\"ccf_field_name-1-first\">\n\t\t\t\t\t\t\t\t<label for=\"ccf_field_name-1-first\" class=\"sub-label help-block text-muted\">First<\/label>\n\t\t\t<\/div>\n\t\t\t<div class=\"right\">\n\t\t\t\t<input value=\"\" class=\"form-control  field-input\"  type=\"text\" name=\"ccf_field_name-1[last]\" id=\"ccf_field_name-1-last\">\n\t\t\t\t\t\t\t\t<label for=\"ccf_field_name-1-last\" class=\"sub-label help-block text-muted\">Last<\/label>\n\t\t\t<\/div>\n\n\t\t\t<div class=\"ccf-clear\"><\/div>\n\n\t\t\t\t\t<\/div>\n\n\t\t\n\t\t<div data-field-type=\"email\" data-field-slug=\"email-2\" class=\"form-group  field email-2 field-type-email field-593  \">\n\t\t\t<label class=\"main-label\" for=\"ccf_field_email-2\">\n\t\t\t\t\t\t\t\tTu correo electr\u00f3nico\t\t\t<\/label>\n\t\t\t\t\t\t\t<input class=\"form-control  field-input\"  name=\"ccf_field_email-2\" id=\"ccf_field_email-2\"  placeholder=\"email@example.com\" type=\"text\" value=\"\">\n\t\t\t\t\t\t\t\n\t\t\t\t\t\t\t<div class=\"field-description help-block text-muted\">\n\t\t\t\t\tIntroduzca una direcci\u00f3n de correo electr\u00f3nico v\u00e1lida\t\t\t\t<\/div>\n\t\t\t\t\t<\/div>\n\n\t\t\n\t\t<div data-field-type=\"simple-captcha\" data-field-slug=\"simple-captcha-3\" class=\"form-group  field simple-captcha-3 field-type-simple-captcha field-594  \">\n\t\t\t<label class=\"main-label\" for=\"ccf_field_simple-captcha-3\">\n\t\t\t\t<span class=\"required\">*<\/span>\n\t\t\t\tProtecci\u00f3n contra los robots\t\t\t<\/label>\n\t\t\t<div class=\"ccf-simple-captcha-wrapper\">\n\t\t\t\t<img decoding=\"async\" src=\"\/es\/wp-content\/plugins\/custom-contact-forms\/vendor\/abeautifulsite\/simple-php-captcha\/simple-php-captcha.php?_CAPTCHA&#038;t=0.68034200+1776199875\">\n\t\t\t<\/div>\n\n\t\t\t<input class=\"form-control  field-input\" required aria-required=\"true\" type=\"text\" name=\"ccf_field_simple-captcha-3\" id=\"ccf_field_simple-captcha-3\" placeholder=\"Escribe el texto de la imagen aqu\u00ed\">\n\n\t\t\t\n\t\t\t\t\t<\/div>\n\n\t\t\n\t\t<div data-field-type=\"paragraph-text\" data-field-slug=\"paragraph-text-4\" class=\"form-group  field paragraph-text-4 field-type-paragraph-text field-595  \">\n\t\t\t<label class=\"main-label\" for=\"ccf_field_paragraph-text-4\">\n\t\t\t\t\t\t\t\tContenido del mensaje\t\t\t<\/label>\n\t\t\t<textarea class=\"form-control  field-input\"  name=\"ccf_field_paragraph-text-4\" id=\"ccf_field_paragraph-text-4\" placeholder=\"\"><\/textarea>\n\n\t\t\t\n\t\t\t\t\t<\/div>\n\n\t\t\n\t\t<input type=\"hidden\" name=\"ccf_field_hidden-5\" id=\"ccf_field_hidden-5\" value=\"\">\n\n\t\t\n\t\t\t\t\t<div class=\"form-submit \">\n\t\t\t\t\t\t<input type=\"submit\" class=\"btn btn-primary ccf-submit-button\" value=\"Enviar\">\n\t\t\t\t\t\t<img decoding=\"async\" class=\"loading-img\" src=\"https:\/\/eco-supplements.com\/es\/wp-admin\/images\/wpspin_light.gif\">\n\t\t\t\t\t<\/div>\n\n\t\t\t\t\t<script type=\"text\/javascript\">\n\t\t\t\t\twindow.wp = window.wp || {};\n\t\t\t\t\twp.ccf = wp.ccf || {};\n\t\t\t\t\twp.ccf.conditionals = wp.ccf.conditionals || [];\n\t\t\t\t\twp.ccf.conditionals[86] = [];\n\t\t\t\t\t<\/script>\n\n\t\t\t\t\t<input type=\"hidden\" name=\"form_id\" value=\"86\">\n\t\t\t\t\t<input type=\"hidden\" name=\"form_page\" value=\"https:\/\/eco-supplements.com\/es\/es\/wp-json\/wp\/v2\/pages\/8\">\n\t\t\t\t\t<input type=\"text\" name=\"my_information\" style=\"display: none;\">\n\t\t\t\t\t<input type=\"hidden\"  name=\"ccf_form\" value=\"1\">\n\t\t\t\t\t<input type=\"hidden\" name=\"form_nonce\" value=\"0714448cb7\">\n\t\t\t\t<\/form>\n\n\t\t\t\t<iframe class=\"ccf-form-frame\" id=\"ccf_form_frame_86\" name=\"ccf_form_frame_86\"><\/iframe>\n\t\t\t<\/div>\n\n\t\t\t\n<p><strong>You can also contact Eco Supplements\u2019s Privacy Office at<\/strong>:<\/p>\n<p>Telestudent sp. z o.o.<br \/>\nAttn: Office of Privacy<br \/>\nul. Cieszkowskiego 22\/U1<br \/>\n85-052 Bydgoszcz<br \/>\nPoland<br \/>\nPhone:(+48) 52 364 57 54<br \/>\nData Protection Officer: <a href=\"mailto:ecosupplements@gmail.com\" target=\"_blank\" rel=\"noopener noreferrer\">ecosupplements@gmail.com<\/a>.<\/p>\n<p>KRS: 0000415858, NIP: 9671354103, REGON: 341261854<\/p>\n","protected":false},"excerpt":{"rendered":"<p>You can also contact Eco Supplements\u2019s Privacy Office at: Telestudent sp. z o.o. Attn: Office of Privacy ul. Cieszkowskiego 22\/U1 85-052 Bydgoszcz Poland Phone:(+48) 52 364 57 54 Data Protection [&hellip;]<\/p>\n","protected":false},"author":1,"featured_media":0,"parent":0,"menu_order":0,"comment_status":"closed","ping_status":"closed","template":"","meta":{"footnotes":""},"class_list":["post-8","page","type-page","status-publish","hentry"],"aioseo_notices":[],"_links":{"self":[{"href":"https:\/\/eco-supplements.com\/es\/wp-json\/wp\/v2\/pages\/8","targetHints":{"allow":["GET"]}}],"collection":[{"href":"https:\/\/eco-supplements.com\/es\/wp-json\/wp\/v2\/pages"}],"about":[{"href":"https:\/\/eco-supplements.com\/es\/wp-json\/wp\/v2\/types\/page"}],"author":[{"embeddable":true,"href":"https:\/\/eco-supplements.com\/es\/wp-json\/wp\/v2\/users\/1"}],"replies":[{"embeddable":true,"href":"https:\/\/eco-supplements.com\/es\/wp-json\/wp\/v2\/comments?post=8"}],"version-history":[{"count":6,"href":"https:\/\/eco-supplements.com\/es\/wp-json\/wp\/v2\/pages\/8\/revisions"}],"predecessor-version":[{"id":826,"href":"https:\/\/eco-supplements.com\/es\/wp-json\/wp\/v2\/pages\/8\/revisions\/826"}],"wp:attachment":[{"href":"https:\/\/eco-supplements.com\/es\/wp-json\/wp\/v2\/media?parent=8"}],"curies":[{"name":"wp","href":"https:\/\/api.w.org\/{rel}","templated":true}]}}