{"id":83,"date":"2018-02-17T15:29:07","date_gmt":"2018-02-17T12:29:07","guid":{"rendered":"https:\/\/eco-supplements.com\/gr\/?page_id=83"},"modified":"2021-08-14T16:14:09","modified_gmt":"2021-08-14T13:14:09","slug":"eco-supplements","status":"publish","type":"page","link":"https:\/\/eco-supplements.com\/gr\/","title":{"rendered":"Eco Supplements"},"content":{"rendered":"<p><strong>Eco-Supplements<\/strong> &#8211; \u03b1\u03c0\u03bf\u03c4\u03b5\u03bb\u03b5\u03c3\u03bc\u03b1\u03c4\u03b9\u03ba\u03ac, \u03c5\u03b3\u03b9\u03ae, \u03c6\u03c5\u03c3\u03b9\u03ba\u03ac \u2013 \u03b1\u03c5\u03c3\u03c4\u03b7\u03c1\u03ac \u03b5\u03c0\u03b9\u03bb\u03b5\u03b3\u03bc\u03ad\u03bd\u03b1 \u03c3\u03c5\u03bc\u03c0\u03bb\u03b7\u03c1\u03ce\u03bc\u03b1\u03c4\u03b1 \u03b4\u03b9\u03b1\u03c4\u03c1\u03bf\u03c6\u03ae\u03c2. \u03a3\u03b1\u03c2 \u03c0\u03c1\u03bf\u03c4\u03b5\u03af\u03bd\u03bf\u03c5\u03bc\u03b5 \u03c4\u03b1 \u03ba\u03b1\u03bb\u03cd\u03c4\u03b5\u03c1\u03b1 \u03b4\u03b9\u03b1\u03b8\u03ad\u03c3\u03b9\u03bc\u03b1 \u03c0\u03c1\u03bf\u03ca\u03cc\u03bd\u03c4\u03b1 \u03c0\u03bf\u03c5 \u03ad\u03c7\u03bf\u03c5\u03bd \u03b1\u03c0\u03bf\u03b4\u03b5\u03b9\u03c7\u03b8\u03b5\u03af \u03c3\u03b5 \u03cc\u03bb\u03bf \u03c4\u03bf\u03bd \u03ba\u03cc\u03c3\u03bc\u03bf.<\/p>\n<h2>\u03a3\u03c5\u03bc\u03c0\u03bb\u03b7\u03c1\u03ce\u03bc\u03b1\u03c4\u03b1 \u03b4\u03b9\u03b1\u03c4\u03c1\u03bf\u03c6\u03ae\u03c2<\/h2>\n<p><strong>\u03a4\u03bf \u03c3\u03c5\u03bc\u03c0\u03bb\u03ae\u03c1\u03c9\u03bc\u03b1 \u03b4\u03b9\u03b1\u03c4\u03c1\u03bf\u03c6\u03ae\u03c2 <\/strong> \u03b5\u03af\u03bd\u03b1\u03b9 \u03ad\u03bd\u03b1 \u03b5\u03b9\u03b4\u03b9\u03ba\u03cc \u03c0\u03b1\u03c1\u03b1\u03c3\u03ba\u03b5\u03cd\u03b1\u03c3\u03bc\u03b1 \u03c0\u03bf\u03c5 \u03c0\u03b5\u03c1\u03b9\u03ad\u03c7\u03b5\u03b9 \u03c3\u03c5\u03c3\u03c4\u03b1\u03c4\u03b9\u03ba\u03ac \u03c0\u03bf\u03c5 \u03b1\u03c0\u03b1\u03b9\u03c4\u03bf\u03cd\u03bd\u03c4\u03b1\u03b9 \u03b3\u03b9\u03b1 \u03c4\u03b7\u03bd \u03c5\u03b3\u03b5\u03af\u03b1 \u03bc\u03b1\u03c2 (\u03b9\u03b4\u03b9\u03b1\u03af\u03c4\u03b5\u03c1\u03b1 \u03b2\u03b9\u03c4\u03b1\u03bc\u03af\u03bd\u03b5\u03c2 \u03ae \u03ac\u03bb\u03bb\u03b5\u03c2 \u03b5\u03be\u03c9\u03b3\u03b5\u03bd\u03b5\u03af\u03c2 \u03bf\u03c5\u03c3\u03af\u03b5\u03c2), \u03bf\u03b9 \u03bf\u03c0\u03bf\u03af\u03b5\u03c2 \u03c3\u03c5\u03c7\u03bd\u03ac \u03bb\u03b5\u03af\u03c0\u03bf\u03c5\u03bd \u03b1\u03c0\u03cc \u03c4\u03b7\u03bd \u03ba\u03b1\u03b8\u03b7\u03bc\u03b5\u03c1\u03b9\u03bd\u03ae \u03b4\u03b9\u03b1\u03c4\u03c1\u03bf\u03c6\u03ae \u03bc\u03b1\u03c2. \u03a3\u03b5 \u03c0\u03bf\u03bb\u03bb\u03ad\u03c2 \u03c0\u03b5\u03c1\u03b9\u03c0\u03c4\u03ce\u03c3\u03b5\u03b9\u03c2, \u03b5\u03c6\u03b1\u03c1\u03bc\u03cc\u03b6\u03b5\u03c4\u03b1\u03b9 \u03b3\u03b9\u03b1 \u03bd\u03b1 \u03c0\u03b1\u03c1\u03b1\u03b4\u03ce\u03c3\u03b5\u03b9 \u03c3\u03c5\u03c3\u03c4\u03b1\u03c4\u03b9\u03ba\u03ac \u03c3\u03b5 \u03bc\u03b5\u03b3\u03b1\u03bb\u03cd\u03c4\u03b5\u03c1\u03b7 \u03c0\u03bf\u03c3\u03cc\u03c4\u03b7\u03c4\u03b1 \u03b1\u03c0&#8217; \u03cc,\u03c4\u03b9 \u03b5\u03af\u03bd\u03b1\u03b9 \u03b4\u03c5\u03bd\u03b1\u03c4\u03cc\u03bd \u03bc\u03ad\u03c3\u03c9 \u03c0\u03bf\u03b9\u03ba\u03af\u03bb\u03b7\u03c2 \u03b4\u03b9\u03b1\u03c4\u03c1\u03bf\u03c6\u03ae\u03c2. \u03a4\u03bf \u03c3\u03c5\u03bc\u03c0\u03bb\u03ae\u03c1\u03c9\u03bc\u03b1 \u03c0\u03b1\u03c1\u03b1\u03b4\u03af\u03b4\u03b5\u03c4\u03b1\u03b9 \u03c3\u03c5\u03bd\u03ae\u03b8\u03c9\u03c2 \u03c3\u03b5 \u03c3\u03c5\u03bc\u03c0\u03c5\u03ba\u03bd\u03c9\u03bc\u03ad\u03bd\u03b7 \u03bc\u03bf\u03c1\u03c6\u03ae &#8211; \u03bc\u03b5 \u03c4\u03b7 \u03bc\u03bf\u03c1\u03c6\u03ae \u03b4\u03b9\u03c3\u03ba\u03af\u03bf\u03c5, \u03ba\u03ac\u03c8\u03bf\u03c5\u03bb\u03b1\u03c2, \u03c3\u03ba\u03cc\u03bd\u03b7\u03c2 \u03ae \u03c5\u03b3\u03c1\u03ce\u03bd. \u03a4\u03b1 \u03c0\u03b9\u03bf \u03b4\u03b7\u03bc\u03bf\u03c6\u03b9\u03bb\u03ae \u03b5\u03af\u03bd\u03b1\u03b9: \u03c3\u03c5\u03bc\u03c0\u03bb\u03b7\u03c1\u03ce\u03bc\u03b1\u03c4\u03b1 \u03b4\u03b9\u03b1\u03c4\u03c1\u03bf\u03c6\u03ae\u03c2 \u03b3\u03b9\u03b1 \u03c4\u03b7\u03bd \u03b1\u03c0\u03ce\u03bb\u03b5\u03b9\u03b1 \u03b2\u03ac\u03c1\u03bf\u03c5\u03c2, \u03c3\u03c5\u03bc\u03c0\u03bb\u03b7\u03c1\u03ce\u03bc\u03b1\u03c4\u03b1 \u03ba\u03b1\u03c4\u03ac \u03c4\u03b7\u03c2 \u03ba\u03c5\u03c4\u03c4\u03b1\u03c1\u03af\u03c4\u03b9\u03b4\u03b1\u03c2, \u03c3\u03c5\u03bc\u03c0\u03bb\u03b7\u03c1\u03ce\u03bc\u03b1\u03c4\u03b1 \u03b4\u03b9\u03b1\u03c4\u03c1\u03bf\u03c6\u03ae\u03c2 \u03b3\u03b9\u03b1 \u03c4\u03b7\u03bd \u03b1\u03ba\u03bc\u03ae \u03ba\u03b1\u03b9 \u03b3\u03b9\u03b1 \u03c4\u03bf \u03c1\u03bf\u03c7\u03b1\u03bb\u03b7\u03c4\u03cc.<br \/>\n<a href=\"?pp=NC_TESTOPRIME_EN_HP\" target=\"_blank\" rel=\"nofollow noopener\"><img decoding=\"async\" class=\"aligncenter size-large wp-image-7628\" src=\"https:\/\/eco-supplements.com\/wp-content\/uploads\/2021\/08\/fb_Testo-Prime-1024x683.jpg\" alt=\"\" width=\"810\" height=\"540\" \/><\/a><\/p>\n<div class=\"promo_box\">\n<h4>Choco Lite \u2122<br \/>\n\u2013 \u03c6\u03c5\u03c3\u03b9\u03ba\u03cc \u03ba\u03bf\u03ba\u03c4\u03ad\u03b9\u03bb \u03b1\u03b4\u03c5\u03bd\u03b1\u03c4\u03af\u03c3\u03bc\u03b1\u03c4\u03bf\u03c2<\/h4>\n<p><a class=\"aligncenter\" title=\"Choco Lite\" href=\"https:\/\/eco-supplements.com\/gr\/adinatisma\/choco-lite\/\"><img decoding=\"async\" class=\"alignnone size-medium\" src=\"https:\/\/eco-supplements.com\/gr\/wp-content\/uploads\/2017\/06\/Choco-Lite-%E2%84%A2-%CF%86%CF%85%CF%83%CE%B9%CE%BA%CF%8C-%CE%BA%CE%BF%CE%BA%CF%84%CE%AD%CE%B9%CE%BB-%CE%B1%CE%B4%CF%85%CE%BD%CE%B1%CF%84%CE%AF%CF%83%CE%BC%CE%B1%CF%84%CE%BF%CF%82-300x200.jpg\" alt=\"Choco Lite\" \/><\/a><\/p>\n<\/div>\n<div class=\"promo_box\">\n<h4>Eco Slim \u2122<br \/>\n\u2013 K\u03b1\u03b9\u03bd\u03bf\u03c4\u03bf\u03bc\u03af\u03b1 \u03c3\u03c4\u03bf \u03c6\u03c5\u03c3\u03b9\u03bf\u03bb\u03bf\u03b3\u03b9\u03ba\u03cc \u03b1\u03b4\u03c5\u03bd\u03ac\u03c4\u03b9\u03c3\u03bc\u03b1<\/h4>\n<p><a class=\"aligncenter\" title=\"Eco Slim\" href=\"https:\/\/eco-supplements.com\/gr\/adinatisma\/ecoslim\/\"><img decoding=\"async\" class=\"alignnone size-medium\" src=\"https:\/\/eco-supplements.com\/pl\/wp-content\/uploads\/2016\/11\/Ecoslim-dietary-supplement-300x200.jpg\" alt=\"Eco Slim\" \/><\/a><\/p>\n<\/div>\n<div class=\"promo_box\">\n<h4>Now Foods \u2122<br \/>\n\u2013 Probiotic-10, 25 Billion<br \/>\n<small>immune system support<\/small><\/h4>\n<p><a class=\"aligncenter\" title=\"Now \u2013 Probiotic-10, 25 Billion, 50 Veg Capsules\" href=\"https:\/\/eco-supplements.com\/video\/now-probiotic-10-25-billion-50-veg-capsules\/\"><img decoding=\"async\" class=\"alignnone size-medium\" src=\"https:\/\/eco-supplements.com\/wp-content\/uploads\/2020\/04\/Now-\u2013-Probiotic-10.jpg\" alt=\"Now \u2013 Probiotic-10, 25 Billion, 50 Veg Capsules\" \/><\/a><\/p>\n<\/div>\n<h2>\u0392\u03b9\u03c4\u03b1\u03bc\u03af\u03bd\u03b5\u03c2<\/h2>\n<p><strong>\u039f\u03b9 \u03b2\u03b9\u03c4\u03b1\u03bc\u03af\u03bd\u03b5\u03c2<\/strong> (\u03c0.\u03c7. \u03b2\u03b9\u03c4\u03b1\u03bc\u03af\u03bd\u03b7 \u0391, \u03b2\u03b9\u03c4\u03b1\u03bc\u03af\u03bd\u03b7 C) \u03b5\u03af\u03bd\u03b1\u03b9 \u03bc\u03b9\u03b1 \u03bf\u03bc\u03ac\u03b4\u03b1 \u03bf\u03c1\u03b3\u03b1\u03bd\u03b9\u03ba\u03ce\u03bd \u03bf\u03c5\u03c3\u03b9\u03ce\u03bd (\u03c7\u03b7\u03bc\u03b9\u03ba\u03ce\u03bd \u03b5\u03bd\u03ce\u03c3\u03b5\u03c9\u03bd \u03b4\u03b9\u03b1\u03c6\u03cc\u03c1\u03c9\u03bd \u03b4\u03bf\u03bc\u03ce\u03bd), \u03bf\u03b9 \u03bf\u03c0\u03bf\u03af\u03b5\u03c2 \u03b5\u03af\u03bd\u03b1\u03b9 \u03b1\u03c0\u03b1\u03c1\u03b1\u03af\u03c4\u03b7\u03c4\u03b5\u03c2 \u03b3\u03b9\u03b1 \u03c4\u03b7\u03bd \u03ba\u03b1\u03bb\u03ae \u03bb\u03b5\u03b9\u03c4\u03bf\u03c5\u03c1\u03b3\u03af\u03b1 \u03c4\u03bf\u03c5\u03c2 \u03b6\u03ce\u03bd\u03c4\u03b5\u03c2 \u03bf\u03c1\u03b3\u03b1\u03bd\u03b9\u03c3\u03bc\u03bf\u03cd\u03c2. \u0391\u03c5\u03c4\u03ad\u03c2 \u03bf\u03b9 \u03b5\u03bd\u03ce\u03c3\u03b5\u03b9\u03c2 \u03b5\u03af\u03bd\u03b1\u03b9 \u03c6\u03c5\u03c3\u03b9\u03ba\u03ae\u03c2 \u03c0\u03c1\u03bf\u03ad\u03bb\u03b5\u03c5\u03c3\u03b7\u03c2 \u03ae \u03c0\u03b1\u03c1\u03b1\u03c3\u03ba\u03b5\u03c5\u03ac\u03b6\u03b5\u03c4\u03b1\u03b9 \u03c3\u03c5\u03bd\u03b8\u03b5\u03c4\u03b9\u03ba\u03ce\u03c2. \u039f\u03b9 \u03b2\u03b9\u03c4\u03b1\u03bc\u03af\u03bd\u03b5\u03c2 \u03b5\u03af\u03bd\u03b1\u03b9 \u03b5\u03be\u03c9\u03b3\u03b5\u03bd\u03b5\u03af\u03c2 \u03b3\u03b9\u03b1 \u03c4\u03bf\u03bd \u03ac\u03bd\u03b8\u03c1\u03c9\u03c0\u03bf (\u03c4\u03bf \u03b1\u03bd\u03b8\u03c1\u03ce\u03c0\u03b9\u03bd\u03bf \u03c3\u03ce\u03bc\u03b1 \u03b4\u03b5\u03bd \u03bc\u03c0\u03bf\u03c1\u03b5\u03af \u03bd\u03b1 \u03c4\u03b9\u03c2 \u03c3\u03c5\u03bd\u03b8\u03ad\u03c3\u03b5\u03b9), \u03ad\u03c4\u03c3\u03b9 \u03c0\u03c1\u03ad\u03c0\u03b5\u03b9 \u03bd\u03b1 \u03c0\u03b1\u03c1\u03ad\u03c7\u03bf\u03bd\u03c4\u03b1\u03b9 \u03bc\u03b5 \u03c4\u03c1\u03bf\u03c6\u03ae (\u03c3\u03c5\u03bd\u03ae\u03b8\u03c9\u03c2 \u03bc\u03b5 \u03c4\u03b7 \u03bc\u03bf\u03c1\u03c6\u03ae \u03c0\u03c1\u03bf\u03b2\u03b9\u03c4\u03b1\u03bc\u03b9\u03bd\u03ce\u03bd) \u03ae \u03bd\u03b1 \u03c3\u03c5\u03bc\u03c0\u03bb\u03b7\u03c1\u03ce\u03bd\u03bf\u03bd\u03c4\u03b1\u03b9.<\/p>\n<h2>\u0395\u03be\u03c9\u03b3\u03b5\u03bd\u03b5\u03af\u03c2 \u03bf\u03c5\u03c3\u03af\u03b5\u03c2<\/h2>\n<p><strong>\u039f\u03b9 \u03b5\u03be\u03c9\u03b3\u03b5\u03bd\u03b5\u03af\u03c2 \u03bf\u03c5\u03c3\u03af\u03b5\u03c2<\/strong> (\u03b5\u03be\u03c9\u03b3\u03b5\u03bd\u03b5\u03af\u03c2 \u03b5\u03bd\u03ce\u03c3\u03b5\u03b9\u03c2) \u03b5\u03af\u03bd\u03b1\u03b9 \u03c7\u03b7\u03bc\u03b9\u03ba\u03ad\u03c2 \u03b5\u03bd\u03ce\u03c3\u03b5\u03b9\u03c2 \u03c0\u03bf\u03c5 \u03b4\u03b5\u03bd \u03c3\u03c5\u03bd\u03c4\u03af\u03b8\u03b5\u03bd\u03c4\u03b1\u03b9 \u03b1\u03c0\u03cc \u03c4\u03bf \u03b1\u03bd\u03b8\u03c1\u03ce\u03c0\u03b9\u03bd\u03bf \u03c3\u03ce\u03bc\u03b1. \u03a3\u03c5\u03bc\u03bc\u03b5\u03c4\u03ad\u03c7\u03bf\u03c5\u03bd \u03c3\u03b5 \u03b2\u03b9\u03bf\u03c7\u03b7\u03bc\u03b9\u03ba\u03ad\u03c2 \u03b4\u03b9\u03b5\u03c1\u03b3\u03b1\u03c3\u03af\u03b5\u03c2 \u03c0\u03bf\u03c5 \u03c3\u03c5\u03bc\u03b2\u03b1\u03af\u03bd\u03bf\u03c5\u03bd \u03c3\u03c4\u03bf \u03c3\u03ce\u03bc\u03b1, \u03c9\u03c2 \u03bf\u03c5\u03c3\u03af\u03b5\u03c2 \u03c0\u03bf\u03c5 \u03c0\u03b1\u03c1\u03ad\u03c7\u03bf\u03bd\u03c4\u03b1\u03b9 \u03c0.\u03c7. \u03bc\u03ad\u03c3\u03c9 \u03c4\u03bf\u03c5 \u03c0\u03b5\u03c0\u03c4\u03b9\u03ba\u03bf\u03cd \u03c3\u03c5\u03c3\u03c4\u03ae\u03bc\u03b1\u03c4\u03bf\u03c2. \u039f\u03b9 \u03b5\u03be\u03c9\u03b3\u03b5\u03bd\u03b5\u03af\u03c2 \u03bf\u03c5\u03c3\u03af\u03b5\u03c2 \u03bc\u03c0\u03bf\u03c1\u03bf\u03cd\u03bd \u03bd\u03b1 \u03bc\u03b5\u03c4\u03b1\u03c3\u03c7\u03b7\u03bc\u03b1\u03c4\u03b9\u03c3\u03c4\u03bf\u03cd\u03bd \u03c3\u03b5 \u03ac\u03bb\u03bb\u03b5\u03c2 \u03c3\u03b7\u03bc\u03b1\u03bd\u03c4\u03b9\u03ba\u03ad\u03c2 \u03b5\u03bd\u03ce\u03c3\u03b5\u03b9\u03c2 \u03ba\u03b1\u03c4\u03ac \u03c4\u03b7 \u03b4\u03b9\u03ac\u03c1\u03ba\u03b5\u03b9\u03b1 \u03b1\u03c5\u03c4\u03ce\u03bd \u03c4\u03c9\u03bd \u03b4\u03b9\u03b1\u03b4\u03b9\u03ba\u03b1\u03c3\u03b9\u03ce\u03bd.<\/p>\n<hr \/>\n<h3>\u03a4\u03b1 \u03c3\u03c5\u03bd\u03b9\u03c3\u03c4\u03bf\u03cd\u03bc\u03b5 \u03b9\u03b4\u03b9\u03b1\u03af\u03c4\u03b5\u03c1\u03b1<\/h3>\n<div class=\"promo_box\">\n<h4>\u03a4\u03bf \u03b3\u03b1\u03bd\u03cc\u03b4\u03b5\u03c1\u03bc\u03b1 \u03c4\u03bf \u03bb\u03b1\u03bc\u03c0\u03b5\u03c1\u03cc \u03b5\u03c0\u03b7\u03c1\u03b5\u03ac\u03b6\u03b5\u03b9<br \/>\n\u03c4\u03bf \u03b1\u03b4\u03c5\u03bd\u03ac\u03c4\u03b9\u03c3\u03bc\u03b1;<\/h4>\n<p><a class=\"aligncenter\" title=\"\u03a4\u03bf \u03b3\u03b1\u03bd\u03cc\u03b4\u03b5\u03c1\u03bc\u03b1 \u03c4\u03bf \u03bb\u03b1\u03bc\u03c0\u03b5\u03c1\u03cc \u03b5\u03c0\u03b7\u03c1\u03b5\u03ac\u03b6\u03b5\u03b9 \u03c4\u03bf \u03b1\u03b4\u03c5\u03bd\u03ac\u03c4\u03b9\u03c3\u03bc\u03b1;\" href=\"https:\/\/eco-supplements.com\/gr\/adinatisma\/ganoderma-lucidum-01\/\"><img decoding=\"async\" class=\"size-medium wp-image-215\" src=\"https:\/\/eco-supplements.com\/gr\/wp-content\/uploads\/2019\/01\/Ganoderma_lucidum_01-300x225.jpg\" alt=\"\u03a4\u03bf \u03b3\u03b1\u03bd\u03cc\u03b4\u03b5\u03c1\u03bc\u03b1 \u03c4\u03bf \u03bb\u03b1\u03bc\u03c0\u03b5\u03c1\u03cc \u03b5\u03c0\u03b7\u03c1\u03b5\u03ac\u03b6\u03b5\u03b9 \u03c4\u03bf \u03b1\u03b4\u03c5\u03bd\u03ac\u03c4\u03b9\u03c3\u03bc\u03b1;\" width=\"300\" height=\"225\" srcset=\"https:\/\/eco-supplements.com\/gr\/wp-content\/uploads\/2019\/01\/Ganoderma_lucidum_01-300x225.jpg 300w, https:\/\/eco-supplements.com\/gr\/wp-content\/uploads\/2019\/01\/Ganoderma_lucidum_01-768x576.jpg 768w, https:\/\/eco-supplements.com\/gr\/wp-content\/uploads\/2019\/01\/Ganoderma_lucidum_01.jpg 800w\" sizes=\"(max-width: 300px) 100vw, 300px\" \/><\/a><\/p>\n<\/div>\n<div class=\"promo_box\">\n<h4>\u039c\u03ae\u03c0\u03c9\u03c2 \u03b7 \u03ba\u03b1\u03c4\u03b1\u03bd\u03ac\u03bb\u03c9\u03c3\u03b7 \u03b8\u03b1\u03bb\u03b1\u03c3\u03c3\u03b9\u03bd\u03ce\u03bd \u03b1\u03c5\u03be\u03ac\u03bd\u03b5\u03b9 \u03c4\u03b7 \u03b3\u03bf\u03bd\u03b9\u03bc\u03cc\u03c4\u03b7\u03c4\u03ac \u03bc\u03b1\u03c2;<\/h4>\n<p><a class=\"aligncenter\" title=\"\u039c\u03ae\u03c0\u03c9\u03c2 \u03b7 \u03ba\u03b1\u03c4\u03b1\u03bd\u03ac\u03bb\u03c9\u03c3\u03b7 \u03b8\u03b1\u03bb\u03b1\u03c3\u03c3\u03b9\u03bd\u03ce\u03bd \u03b1\u03c5\u03be\u03ac\u03bd\u03b5\u03b9 \u03c4\u03b7 \u03b3\u03bf\u03bd\u03b9\u03bc\u03cc\u03c4\u03b7\u03c4\u03ac \u03bc\u03b1\u03c2;\" href=\"https:\/\/eco-supplements.com\/gr\/ygia-omorfia\/%ce%bc%ce%ae%cf%80%cf%89%cf%82-%ce%b7-%ce%ba%ce%b1%cf%84%ce%b1%ce%bd%ce%ac%ce%bb%cf%89%cf%83%ce%b7-%ce%b8%ce%b1%ce%bb%ce%b1%cf%83%cf%83%ce%b9%ce%bd%cf%8e%ce%bd-%ce%b1%cf%85%ce%be%ce%ac%ce%bd%ce%b5\/\"><img decoding=\"async\" class=\"alignnone size-medium\" src=\"https:\/\/eco-supplements.com\/pl\/wp-content\/uploads\/2016\/09\/libido-300x208.jpg\" alt=\"libido\" \/><\/a><\/p>\n<\/div>\n<div class=\"promo_box\">\n<h4>\u03a7\u03ac\u03bd\u03b5\u03c4\u03b5 \u03c4\u03b1 \u03bc\u03b1\u03bb\u03bb\u03b9\u03ac \u03c3\u03b1\u03c2; \u03a4\u03bf \u03ac\u03b3\u03c7\u03bf\u03c2 \u03bc\u03c0\u03bf\u03c1\u03b5\u03af \u03bd\u03b1 \u03b5\u03af\u03bd\u03b1\u03b9 \u03b7 \u03b1\u03b9\u03c4\u03af\u03b1 (\u0394\u03c1. El\u017cbieta Bonder)<\/h4>\n<p><a class=\"aligncenter\" title=\"\u03a7\u03ac\u03bd\u03b5\u03c4\u03b5 \u03c4\u03b1 \u03bc\u03b1\u03bb\u03bb\u03b9\u03ac \u03c3\u03b1\u03c2; \u03a4\u03bf \u03ac\u03b3\u03c7\u03bf\u03c2 \u03bc\u03c0\u03bf\u03c1\u03b5\u03af \u03bd\u03b1 \u03b5\u03af\u03bd\u03b1\u03b9 \u03b7 \u03b1\u03b9\u03c4\u03af\u03b1\" href=\"https:\/\/eco-supplements.com\/gr\/ygia-omorfia\/%cf%87%ce%ac%ce%bd%ce%b5%cf%84%ce%b5-%cf%84%ce%b1-%ce%bc%ce%b1%ce%bb%ce%bb%ce%b9%ce%ac-%cf%83%ce%b1%cf%82-%cf%84%ce%bf-%ce%ac%ce%b3%cf%87%ce%bf%cf%82-%ce%bc%cf%80%ce%bf%cf%81%ce%b5%ce%af-%ce%bd%ce%b1\/\"><img decoding=\"async\" class=\"size-medium\" src=\"https:\/\/eco-supplements.com\/pl\/wp-content\/uploads\/2018\/08\/Video-Tracisz-w\u0142osy-Przyczyn\u0105-mo\u017ce-by\u0107-stres-300x169.jpg\" alt=\"\u03a7\u03ac\u03bd\u03b5\u03c4\u03b5 \u03c4\u03b1 \u03bc\u03b1\u03bb\u03bb\u03b9\u03ac \u03c3\u03b1\u03c2; \u03a4\u03bf \u03ac\u03b3\u03c7\u03bf\u03c2 \u03bc\u03c0\u03bf\u03c1\u03b5\u03af \u03bd\u03b1 \u03b5\u03af\u03bd\u03b1\u03b9 \u03b7 \u03b1\u03b9\u03c4\u03af\u03b1 (\u0394\u03c1. El\u017cbieta Bonder)\" \/><\/a><\/p>\n<\/div>\n","protected":false},"excerpt":{"rendered":"<p>Eco-Supplements &#8211; \u03b1\u03c0\u03bf\u03c4\u03b5\u03bb\u03b5\u03c3\u03bc\u03b1\u03c4\u03b9\u03ba\u03ac, \u03c5\u03b3\u03b9\u03ae, \u03c6\u03c5\u03c3\u03b9\u03ba\u03ac \u2013 \u03b1\u03c5\u03c3\u03c4\u03b7\u03c1\u03ac \u03b5\u03c0\u03b9\u03bb\u03b5\u03b3\u03bc\u03ad\u03bd\u03b1 \u03c3\u03c5\u03bc\u03c0\u03bb\u03b7\u03c1\u03ce\u03bc\u03b1\u03c4\u03b1 \u03b4\u03b9\u03b1\u03c4\u03c1\u03bf\u03c6\u03ae\u03c2. \u03a3\u03b1\u03c2 \u03c0\u03c1\u03bf\u03c4\u03b5\u03af\u03bd\u03bf\u03c5\u03bc\u03b5 \u03c4\u03b1 \u03ba\u03b1\u03bb\u03cd\u03c4\u03b5\u03c1\u03b1 \u03b4\u03b9\u03b1\u03b8\u03ad\u03c3\u03b9\u03bc\u03b1 \u03c0\u03c1\u03bf\u03ca\u03cc\u03bd\u03c4\u03b1 \u03c0\u03bf\u03c5 \u03ad\u03c7\u03bf\u03c5\u03bd \u03b1\u03c0\u03bf\u03b4\u03b5\u03b9\u03c7\u03b8\u03b5\u03af \u03c3\u03b5 \u03cc\u03bb\u03bf \u03c4\u03bf\u03bd \u03ba\u03cc\u03c3\u03bc\u03bf. \u03a3\u03c5\u03bc\u03c0\u03bb\u03b7\u03c1\u03ce\u03bc\u03b1\u03c4\u03b1 \u03b4\u03b9\u03b1\u03c4\u03c1\u03bf\u03c6\u03ae\u03c2 \u03a4\u03bf \u03c3\u03c5\u03bc\u03c0\u03bb\u03ae\u03c1\u03c9\u03bc\u03b1 \u03b4\u03b9\u03b1\u03c4\u03c1\u03bf\u03c6\u03ae\u03c2 \u03b5\u03af\u03bd\u03b1\u03b9 \u03ad\u03bd\u03b1 [&hellip;]<\/p>\n","protected":false},"author":1,"featured_media":0,"parent":0,"menu_order":0,"comment_status":"closed","ping_status":"closed","template":"","meta":{"footnotes":""},"class_list":["post-83","page","type-page","status-publish","hentry"],"aioseo_notices":[],"_links":{"self":[{"href":"https:\/\/eco-supplements.com\/gr\/wp-json\/wp\/v2\/pages\/83","targetHints":{"allow":["GET"]}}],"collection":[{"href":"https:\/\/eco-supplements.com\/gr\/wp-json\/wp\/v2\/pages"}],"about":[{"href":"https:\/\/eco-supplements.com\/gr\/wp-json\/wp\/v2\/types\/page"}],"author":[{"embeddable":true,"href":"https:\/\/eco-supplements.com\/gr\/wp-json\/wp\/v2\/users\/1"}],"replies":[{"embeddable":true,"href":"https:\/\/eco-supplements.com\/gr\/wp-json\/wp\/v2\/comments?post=83"}],"version-history":[{"count":19,"href":"https:\/\/eco-supplements.com\/gr\/wp-json\/wp\/v2\/pages\/83\/revisions"}],"predecessor-version":[{"id":270,"href":"https:\/\/eco-supplements.com\/gr\/wp-json\/wp\/v2\/pages\/83\/revisions\/270"}],"wp:attachment":[{"href":"https:\/\/eco-supplements.com\/gr\/wp-json\/wp\/v2\/media?parent=83"}],"curies":[{"name":"wp","href":"https:\/\/api.w.org\/{rel}","templated":true}]}}