{"id":10308,"date":"2019-01-11T14:30:54","date_gmt":"2019-01-11T13:30:54","guid":{"rendered":"https:\/\/eco-supplements.com\/pl\/?page_id=10308"},"modified":"2019-01-20T22:30:57","modified_gmt":"2019-01-20T21:30:57","slug":"plastry-transdermalne","status":"publish","type":"page","link":"https:\/\/eco-supplements.com\/pl\/plastry-transdermalne\/","title":{"rendered":"Plastry transdermalne"},"content":{"rendered":"<div id=\"attachment_10322\" style=\"width: 310px\" class=\"wp-caption alignleft\"><a href=\"https:\/\/eco-supplements.com\/pl\/wp-content\/uploads\/2019\/01\/Plastry-transdermalne.jpg\"><img decoding=\"async\" aria-describedby=\"caption-attachment-10322\" class=\"size-medium wp-image-10322\" src=\"https:\/\/eco-supplements.com\/pl\/wp-content\/uploads\/2019\/01\/Plastry-transdermalne-300x200.jpg\" alt=\"Plastry transdermalne\" width=\"300\" height=\"200\" srcset=\"https:\/\/eco-supplements.com\/pl\/wp-content\/uploads\/2019\/01\/Plastry-transdermalne-300x200.jpg 300w, https:\/\/eco-supplements.com\/pl\/wp-content\/uploads\/2019\/01\/Plastry-transdermalne.jpg 600w\" sizes=\"(max-width: 300px) 100vw, 300px\" \/><\/a><p id=\"caption-attachment-10322\" class=\"wp-caption-text\">Plastry transdermalne<\/p><\/div>\n<p>Jak dzia\u0142a plaster transdermalny? Metoda transdermalna polegaj\u0105ca na dostarczaniu substancji aktywnych (suplement\u00f3w, hormon\u00f3w, lek\u00f3w) przez sk\u00f3r\u0119. Sk\u0142adniki plastra uwalniaj\u0105 si\u0119 systematycznie, dzi\u0119ki czemu ich st\u0119\u017cenie w organizmie utrzymuje si\u0119 na sta\u0142ym poziomie przez ca\u0142y okres stosowania. Efektem tego jest wysoki poziom dostarczanych substancji w organizmie, brak skok\u00f3w ich st\u0119\u017cenia i dobra tolerancja.<br \/>\n<!--more--><br \/>\nNajwa\u017cniejsze zagadnienia om\u00f3wione w artykule &#8222;<a title=\"Plastry transdermalne\" href=\"https:\/\/eco-supplements.com\/pl\/plastry-transdermalne\/\">Plastry transdermalne<\/a>&#8222;:<\/p>\n<ul>\n<li><a title=\"transdermalny plaster na odchudzanie\" href=\"#TrandermalnyOdchudzanie\">transdermalny plaster na odchudzanie<\/a>,<\/li>\n<li><a title=\"transdermalny plaster antykoncepcyjny\" href=\"#TrandermalnyAntykoncepcyjny\">transdermalny plaster antykoncepcyjny<\/a>,<\/li>\n<li><a title=\"transdermalny plaster przeciwb\u00f3lowy\" href=\"#TrandermalnyPrzeciwbolowy\">transdermalny plaster przeciwb\u00f3lowy<\/a>.<\/li>\n<\/ul>\n<h3>Czy plastry transdermalne s\u0105 skuteczne?<\/h3>\n<p>Jako\u015b\u0107 ka\u017cdej metody sprawdza si\u0119 za pomoc\u0105 test\u00f3w na du\u017cej grupie os\u00f3b. W przypadku tego sposobu dostarczania suplementu czy leku skuteczno\u015b\u0107 jest bardzo wysoka. Na korzystne wyniki wp\u0142ywa cz\u0119stotliwo\u015b\u0107 zmiany plastra \u2013 jest to niew\u0105tpliwa zaleta w stosunku do przyjmowania kapsu\u0142ek czy tabletek, ogranicza r\u00f3wnie\u017c mo\u017cliwo\u015b\u0107 pope\u0142nienia b\u0142\u0119du dawkowania. Na \u015bwiecie s\u0105 te\u017c systemy transdermalne z testosteronem, z lekami przeciwzapalnymi, znieczulaj\u0105cymi, przeciw nadci\u015bnieniu czy chorobie lokomocyjnej, a od niedawna r\u00f3wnie\u017c np. przeciwko chorobie Parkinsona, Alzheimera czy depresji.<\/p>\n<h3>Jak powinno si\u0119 prawid\u0142owo stosowa\u0107 plaster transdermalny?<\/h3>\n<p>Z punktu widzenia skuteczno\u015bci metody transdermalnej, bardzo wa\u017cne jest odpowiednie przygotowanie sk\u00f3ry. Nale\u017cy zwr\u00f3ci\u0107 uwag\u0119, by sk\u00f3ra, na kt\u00f3r\u0105 b\u0119dzie naklejony plaster, by\u0142a odt\u0142uszczona (np. roztworem alkoholu), sucha, czysta, zdrowa i nieow\u0142osiona. W miejscu, w kt\u00f3rym chcemy przyklei\u0107 plaster, lepiej nie stosowa\u0107 \u017cadnych krem\u00f3w, balsam\u00f3w, ma\u015bci ani lek\u00f3w dzia\u0142aj\u0105cych miejscowo. Dotyczy to r\u00f3wnie\u017c kosmetyk\u00f3w z zawarto\u015bci\u0105 olejk\u00f3w (np. arganowego), mas\u0142a shea i innych, kt\u00f3re mog\u0105 os\u0142abi\u0107 przyczepno\u015b\u0107 plastra. Odpowiednio przygotowana sk\u00f3ra daje nam pewno\u015b\u0107, \u017ce plaster b\u0119dzie dobrze si\u0119 trzyma\u0142.<\/p>\n<h3>Gdzie powinno si\u0119 naklei\u0107 plaster transdermalny?<\/h3>\n<p>Plaster transdermalny mo\u017cna naklei\u0107 w dowolnym miejscu ale najlepiej sprawdzaj\u0105 si\u0119 trzy miejsca: na ramieniu, brzuchu lub na po\u015bladkach. Wa\u017cne, by nie nakleja\u0107 plastra dwa razy w to samo miejsce. Nie znaczy to, \u017ce trzeba za ka\u017cdym razem zmienia\u0107 cz\u0119\u015b\u0107 cia\u0142a \u2013 wystarczy naklei\u0107 go kilka centymetr\u00f3w ni\u017cej, wy\u017cej lub obok. Naklejanie plastra jest bardzo proste \u2013 nale\u017cy przytrzyma\u0107 plaster ciep\u0142\u0105 i such\u0105 d\u0142oni\u0105 przez co najmniej 30 sekund.<\/p>\n<h2 id=\"TrandermalnyOdchudzanie\">Transdermalny plaster na odchudzanie<\/h2>\n<p>Jednym z nowszych zastosowa\u0144 metody transdermalnej jest wykorzystywanie jej do dostaraczania suplement\u00f3w diety. Dzi\u0119ki \u0142atwo\u015bci stosowania, mo\u017cliwo\u015bci zapewnienia sta\u0142ego poziomu substancji aktywnych w organizmie, braku konieczno\u015bci spo\u017cywania kapsu\u0142ek sta\u0142a si\u0119 ostatnio bardzo popularna. W przypadku odchudzania, podobnie jak ma to miejsce w wielu innych zastosowaniach wa\u017cne jest aby proces dostarczania spalaczy t\u0142uszczu i substancji ograniczaj\u0105cych apetyt by\u0142 ci\u0105g\u0142y. Zapewnia to sta\u0142y poziom tych sk\u0142adnik\u00f3w aktywnych w organizmie i zdecydowanie zwi\u0119ksza skuteczno\u015b\u0107 terapii. Na naszym rynku dost\u0119pnych jest kilka produkt\u00f3w tego typu, jednym z najbardziej skutecznych jest:<\/p>\n<p><strong><a title=\"transdermalny plaster odchudzaj\u0105cy Sliminazer\" href=\"https:\/\/eco-supplements.com\/pl\/odchudzanie\/sliminazer-jak-dzialaja-te-plastry-odchudzajace\/\">transdermalny plaster odchudzaj\u0105cy Sliminazer<\/a><\/strong>.<\/p>\n<div id=\"attachment_9803\" style=\"width: 760px\" class=\"wp-caption aligncenter\"><a href=\"https:\/\/eco-supplements.com\/pl\/odchudzanie\/sliminazer-jak-dzialaja-te-plastry-odchudzajace\/\" rel=\"nofollow\"><img decoding=\"async\" aria-describedby=\"caption-attachment-9803\" class=\"size-full wp-image-9803\" src=\"https:\/\/eco-supplements.com\/pl\/wp-content\/uploads\/2018\/10\/Sliminazer-RevitaPharm-Nareszcie-w-Polsce-Jak-dzia\u0142aj\u0105.jpg\" alt=\"Sliminazer - RevitaPharm - Nareszcie w Polsce - Jak dzia\u0142aj\u0105 te plastry?\" width=\"750\" height=\"500\" \/><\/a><p id=\"caption-attachment-9803\" class=\"wp-caption-text\"><a href=\"https:\/\/eco-supplements.com\/pl\/odchudzanie\/sliminazer-jak-dzialaja-te-plastry-odchudzajace\/\" rel=\"nofollow\">Sliminazer &#8211; RevitaPharm &#8211; Jak dzia\u0142aj\u0105 te plastry?<\/a><\/p><\/div>\n<p><strong>Jaka jest skuteczno\u015b\u0107 trandermalnego plastra odchudzaj\u0105cego?<\/strong><\/p>\n<p>Por\u00f3wnuj\u0105c stosowanie tej metody z tradycyjnym przyjmowaniem suplement\u00f3w w postaci kapsu\u0142ek mo\u017cemy m\u00f3wi\u0107 o zasadniczej r\u00f3\u017cnicy zar\u00f3wno je\u017celi chodzi o ilo\u015b\u0107 dostarczanych sk\u0142adnik\u00f3w aktywnych jak i ich dzia\u0142anie w czasie. Na wysok\u0105 skuteczno\u015b\u0107 <a title=\"plastr\u00f3w odchudzaj\u0105cych\" href=\"https:\/\/eco-supplements.com\/pl\/zopisy\/plastry-odchudzajace\/\">plastr\u00f3w odchudzaj\u0105cych<\/a> ma wp\u0142yw omini\u0119cie przewodu pokarmowego &#8211; dostarczanie suplementu bezpo\u015brednio do organizmu &#8211; zwi\u0119kszaj\u0105ce ilo\u015b\u0107 faktycznie dostarczonych substancji jak i zapewnienie dzia\u0142ania ci\u0105g\u0142ego. Proces odchudzania odbywa si\u0119 w spos\u00f3b ci\u0105g\u0142y a nie jak ma to miejsce w przypadku kapsu\u0142ek skokowy.<\/p>\n<h2 id=\"TrandermalnyAntykoncepcyjny\">Transdermalny plaster antykoncepcyjny<\/h2>\n<p>Metoda trandermalna jest bardzo popularna w przypadku dostarczania hormon\u00f3w. Plastry antykoncepcyjne znane s\u0105 ju\u017c od wielu lat i ciesz\u0105 si\u0119 ogromn\u0105 popularno\u015bci\u0105. S\u0105 bardzo skuteczne i \u0142atwe w u\u017cyciu. Dzi\u0119ki temu, \u017ce najcz\u0119\u015bciej zmieniane s\u0105 raz na tydzie\u0144 s\u0105 bardzo wygodne w u\u017cyciu i ograniczaj\u0105 mo\u017cliwo\u015b\u0107 pope\u0142nienia b\u0142\u0119du przez kobiet\u0119, kt\u00f3ra stosuje antykoncepcj\u0119 hormonaln\u0105 w tej postaci.<\/p>\n<p><strong>Jaka jest skuteczno\u015b\u0107 trandermalnego plastra antykoncepcyjnego?<\/strong><\/p>\n<p>Skuteczno\u015b\u0107 ka\u017cdej metody antykoncepcyjnej sprawdza si\u0119 za pomoc\u0105 tzw. wska\u017anika Pearla. Wska\u017anik ten jest bardzo niski &#8211; wynosi 0,76 &#8211; co oznacza, \u017ce plastry s\u0105 wysoce skuteczn\u0105 metod\u0105 antykoncepcji.<\/p>\n<p>Wi\u0119cej na ten temat przeczytasz w artykule: <strong><a title=\"6 pyta\u0144 o plaster antykoncepcyjny \u2013 antykoncepcj\u0119 transdermaln\u0105\" href=\"https:\/\/eco-supplements.com\/pl\/zdrowie-i-uroda\/libido\/6-pytan-o-plaster-antykoncepcyjny-antykoncepcje-transdermalna\/\">6 pyta\u0144 o plaster antykoncepcyjny \u2013 antykoncepcj\u0119 transdermaln\u0105<\/a><\/strong>.<\/p>\n<div id=\"attachment_3395\" style=\"width: 810px\" class=\"wp-caption aligncenter\"><a href=\"https:\/\/eco-supplements.com\/pl\/zdrowie-i-uroda\/libido\/6-pytan-o-plaster-antykoncepcyjny-antykoncepcje-transdermalna\/\" rel=\"nofollow\"><img decoding=\"async\" aria-describedby=\"caption-attachment-3395\" class=\"size-full wp-image-3395\" src=\"https:\/\/eco-supplements.com\/pl\/wp-content\/uploads\/2016\/09\/Plaster-antykoncepcyjny.jpg\" alt=\"6 pyta\u0144 o plaster antykoncepcyjny - antykoncepcj\u0119 transdermaln\u0105\" width=\"800\" height=\"600\" srcset=\"https:\/\/eco-supplements.com\/pl\/wp-content\/uploads\/2016\/09\/Plaster-antykoncepcyjny.jpg 800w, https:\/\/eco-supplements.com\/pl\/wp-content\/uploads\/2016\/09\/Plaster-antykoncepcyjny-300x225.jpg 300w, https:\/\/eco-supplements.com\/pl\/wp-content\/uploads\/2016\/09\/Plaster-antykoncepcyjny-768x576.jpg 768w\" sizes=\"(max-width: 800px) 100vw, 800px\" \/><\/a><p id=\"caption-attachment-3395\" class=\"wp-caption-text\"><a href=\"https:\/\/eco-supplements.com\/pl\/zdrowie-i-uroda\/libido\/6-pytan-o-plaster-antykoncepcyjny-antykoncepcje-transdermalna\/\" rel=\"nofollow\">6 pyta\u0144 o plaster antykoncepcyjny &#8211; antykoncepcj\u0119 transdermaln\u0105<\/a><\/p><\/div>\n<h2 id=\"TrandermalnyPrzeciwbolowy\">Transdermalny plaster przeciwb\u00f3lowy<\/h2>\n<p>Trandermalne plastry przeciwb\u00f3lowe mog\u0105 rozgrzewa\u0107 lub ch\u0142odzi\u0107. <strong>Rozgrzewaj\u0105ce<\/strong> zawieraj\u0105 wyci\u0105gi z pieprzowca i\/lub ostrej papryki, kt\u00f3re powoduj\u0105 miejscowe przekrwienie naczy\u0144 i dzi\u0119ki temu zmniejszaj\u0105 b\u00f3l. Stosuje si\u0119 je przy b\u00f3lach mi\u0119\u015bni, nerwob\u00f3lach, zapaleniu korzonk\u00f3w, neuralgii, lumbago. Jeden plaster dzia\u0142a nawet 2 dni. <strong>Ch\u0142odz\u0105ce<\/strong> zawieraj\u0105 mentol i wyci\u0105gi z zi\u00f3\u0142 o dzia\u0142aniu przeciwzapalnym. \u0141agodz\u0105 b\u00f3l i obrz\u0119k po urazie, st\u0142uczeniu. Przykleja si\u0119 je na 2-8 godzin. \u017belowa pow\u0142oka lecznicza zabezpiecza sk\u00f3r\u0119 przed wysuszeniem i odparzeniem. U os\u00f3b cierpi\u0105cych z powodu b\u00f3lu nowotworowego stosuje si\u0119 plastry zawieraj\u0105ce morfin\u0119.<\/p>\n<p><strong>Transdermalny system terapeutyczny<\/strong><\/p>\n<blockquote><p>&#8222;<em>Transdermalny system terapeutyczny uwalnia substancj\u0119 lecznicz\u0105 z zaprogramowan\u0105 szybko\u015bci\u0105 przez okre\u015blony czas, w kt\u00f3rym ma zapewni\u0107 sta\u0142e st\u0119\u017cenie substancji leczniczej w organizmie. Za\u0142o\u017ceniem technologii wytwarzania system\u00f3w terapeutycznych jest uzyskanie szybko\u015bci uwalniania substancji leczniczej zbli\u017conej do kinetyki zerowego rz\u0119du tj. niezale\u017cnej od ilo\u015bci leku pozostaj\u0105cego w systemie terapeutycznym. Unikni\u0119cie nag\u0142ych skok\u00f3w st\u0119\u017cenia leku w osoczu zmniejsza ryzyko wyst\u0119powania dzia\u0142a\u0144 niepo\u017c\u0105danych i zwi\u0119ksza skuteczno\u015b\u0107 terapii. Transdermalny system terapeutyczny to kilkuwarstwowy plaster, w kt\u00f3rym jedna z warstw (matryca lub membrana) odpowiedzialna jest za kontrol\u0119 uwalniania leku.<\/em>&#8221; <sup>[7]<\/sup><\/p><\/blockquote>\n<p>Istniej\u0105 r\u00f3wnie\u017c opioidowe leki przeciwb\u00f3lowe (czyli podobne do morfiny) &#8211; buprenorfina (Transtec) lub fenantyl (Durogesic, Fentahexal, Fenantyl TTS). Stosowane s\u0105 w leczeniu przewlek\u0142ych, ci\u0119\u017ckich b\u00f3l\u00f3w opornych na inne \u015brodki, w tym w b\u00f3lach nowotworowych. Plaster zmienia si\u0119 co 3 dni. Dost\u0119pne tylko na specjalne recepty.<\/p>\n<hr \/>\n<h3 id=\"references\">Przypisy<\/h3>\n<ol>\n<li id=\"cite-1\"><small>Transdermalny system terapeutyczny &#8211; <span class=\"ExternalLinks\"><a href=\"https:\/\/pl.wikipedia.org\/wiki\/System_terapeutyczny\" target=\"_blank\" rel=\"noopener nofollow\">https:\/\/pl.wikipedia.org\/wiki\/System_terapeutyczny<\/a><\/span>.<\/small><\/li>\n<li id=\"cite-2\"><small>Stanis\u0142aw Janicki, Adolf Fiebig, Ma\u0142gorzata Sznitowska, Teresa Achmatowicz: Farmacja stosowana : podr\u0119cznik dla student\u00f3w farmacji. Warszawa: Wydaw. Lekarskie PZWL, 2003. ISBN 83-200-2847-7.<\/small><\/li>\n<li id=\"cite-3\"><small>D\u0119bski, Romuald, et al. <span class=\"ExternalLinks\"><a href=\"https:\/\/journals.viamedica.pl\/ginekologia_polska\/article\/download\/46527\/33314;Stanowisko\" target=\"_blank\" rel=\"noopener nofollow\">&#8222;Stanowisko Zespo\u0142u Ekspert\u00f3w polskiego Towarzystwa Ginekologicznego na temat przezsk\u00f3rnej antykoncepcji hormonalnej.&#8221;<\/a><\/span> Gin Pol 1 (2010): 69-73.<\/small><\/li>\n<li id=\"cite-4\"><small>Kostrzewa-Itrych, Anna, and Bartosz Itrych. <span class=\"ExternalLinks\"><a href=\"http:\/\/www.akademiamedycyny.pl\/wp-content\/uploads\/2016\/05\/201101_Farmacja_006.pdf\" target=\"_blank\" rel=\"noopener nofollow\">&#8222;Znaczenie postaci leku w leczeniu b\u00f3lu przewlek\u0142ego i przebijaj\u0105cego na przyk\u0142adzie preparat\u00f3w morfiny, fentanylu i buprenorfiny The importance of medicine form in treating chronic and breakthrough pain based on morphine, fentanyl and.&#8221;<\/a><\/span> Farm Wsp 1 (2011): 14-25.<\/small><\/li>\n<li id=\"cite-5\"><small>D\u0119bski, Romuald, et al. <span class=\"ExternalLinks\"><a href=\"http:\/\/www.ptgin.pl\/index.php\/content\/download\/9499\/140521\/file\/Przezsk%C3%B3rna%20antykoncepcja%20hormonalna.pdf\" target=\"_blank\" rel=\"noopener nofollow\">&#8222;Przezsk\u00f3rna antykoncepcja hormonalna.&#8221;<\/a><\/span><\/small><\/li>\n<li id=\"cite-6\"><small>Arct, Jacek, and Adam Eysymont. <span class=\"ExternalLinks\"><a href=\"https:\/\/www.researchgate.net\/profile\/Jacek_Arct\/publication\/262063813_Metody_oceny_inter-_i_transepidermalnej_dostepnosci_substancji_czynnych_Methods_of_the_evaluation_of_actives_inter-_and_transdermal_bioavailability\/links\/0a85e5368cd8ea5c4f000000\/Metody-oceny-inter-i-transepidermalnej-dostepnosci-substancji-czynnych-Methods-of-the-evaluation-of-actives-inter-and-transdermal-bioavailability.pdf\" target=\"_blank\" rel=\"noopener nofollow\">&#8222;Metody oceny inter- i transepidermalnej dost\u0119pno\u015bci substancji czynnych&#8221;<\/a><\/span><\/small><\/li>\n<li id=\"cite-7\"><small>Jak dzia\u0142aj\u0105 systemy transdermalne? &#8211; <span class=\"ExternalLinks\"><a href=\"https:\/\/aptekarz.pl\/jak-dzialaja-systemy-transdermalne\/2018-01-11\/\" target=\"_blank\" rel=\"noopener nofollow\">https:\/\/aptekarz.pl\/jak-dzialaja-systemy-transdermalne\/2018-01-11\/<\/a><\/span>.<\/small><\/li>\n<li id=\"cite-8\"><small>Systemy terapeutyczne. Aptekarz Polski. <span class=\"ExternalLinks\"><a href=\"http:\/\/www.aptekarzpolski.pl\/2016\/06\/systemy-terapeutyczne\/\" target=\"_blank\" rel=\"noopener nofollow\">http:\/\/www.aptekarzpolski.pl\/2016\/06\/systemy-terapeutyczne\/<\/a><\/span>.<\/small><\/li>\n<li id=\"cite-9\"><small>Jachowicz R., Farmacja Praktyczna, Wyd.Lek. PZWL, s:495-496]<\/small><\/li>\n<\/ol>\n","protected":false},"excerpt":{"rendered":"<p>Jak dzia\u0142a plaster transdermalny? Metoda transdermalna polegaj\u0105ca na dostarczaniu substancji aktywnych (suplement\u00f3w, hormon\u00f3w, lek\u00f3w) przez sk\u00f3r\u0119. Sk\u0142adniki plastra uwalniaj\u0105 si\u0119 systematycznie, dzi\u0119ki czemu ich st\u0119\u017cenie w organizmie utrzymuje si\u0119 na [&hellip;]<\/p>\n","protected":false},"author":1,"featured_media":0,"parent":0,"menu_order":0,"comment_status":"closed","ping_status":"closed","template":"","meta":{"footnotes":""},"class_list":["post-10308","page","type-page","status-publish","hentry"],"aioseo_notices":[],"_links":{"self":[{"href":"https:\/\/eco-supplements.com\/pl\/wp-json\/wp\/v2\/pages\/10308","targetHints":{"allow":["GET"]}}],"collection":[{"href":"https:\/\/eco-supplements.com\/pl\/wp-json\/wp\/v2\/pages"}],"about":[{"href":"https:\/\/eco-supplements.com\/pl\/wp-json\/wp\/v2\/types\/page"}],"author":[{"embeddable":true,"href":"https:\/\/eco-supplements.com\/pl\/wp-json\/wp\/v2\/users\/1"}],"replies":[{"embeddable":true,"href":"https:\/\/eco-supplements.com\/pl\/wp-json\/wp\/v2\/comments?post=10308"}],"version-history":[{"count":30,"href":"https:\/\/eco-supplements.com\/pl\/wp-json\/wp\/v2\/pages\/10308\/revisions"}],"predecessor-version":[{"id":10356,"href":"https:\/\/eco-supplements.com\/pl\/wp-json\/wp\/v2\/pages\/10308\/revisions\/10356"}],"wp:attachment":[{"href":"https:\/\/eco-supplements.com\/pl\/wp-json\/wp\/v2\/media?parent=10308"}],"curies":[{"name":"wp","href":"https:\/\/api.w.org\/{rel}","templated":true}]}}