{"id":2561,"date":"2016-07-09T15:17:37","date_gmt":"2016-07-09T13:17:37","guid":{"rendered":"https:\/\/eco-supplements.com\/pl\/?page_id=2561"},"modified":"2016-07-09T15:18:33","modified_gmt":"2016-07-09T13:18:33","slug":"dziekujemy-za-zapisanie-sie-do-naszego-newslettera","status":"publish","type":"page","link":"https:\/\/eco-supplements.com\/pl\/dziekujemy-za-zapisanie-sie-do-naszego-newslettera\/","title":{"rendered":"Dzi\u0119kujemy za zapisanie si\u0119 do naszego newsletter&#8217;a"},"content":{"rendered":"<p><a href=\"https:\/\/eco-supplements.com\/pl\/wp-content\/uploads\/2016\/07\/icon-newsletter-signup.png\"><img decoding=\"async\" class=\"size-thumbnail wp-image-2562 alignleft\" src=\"https:\/\/eco-supplements.com\/pl\/wp-content\/uploads\/2016\/07\/icon-newsletter-signup-150x150.png\" alt=\"NewsLetter\" width=\"150\" height=\"150\" srcset=\"https:\/\/eco-supplements.com\/pl\/wp-content\/uploads\/2016\/07\/icon-newsletter-signup-150x150.png 150w, https:\/\/eco-supplements.com\/pl\/wp-content\/uploads\/2016\/07\/icon-newsletter-signup-300x300.png 300w, https:\/\/eco-supplements.com\/pl\/wp-content\/uploads\/2016\/07\/icon-newsletter-signup-85x85.png 85w, https:\/\/eco-supplements.com\/pl\/wp-content\/uploads\/2016\/07\/icon-newsletter-signup.png 500w\" sizes=\"(max-width: 150px) 100vw, 150px\" \/><\/a>Dzi\u0119kujemy za zapisanie si\u0119 do naszego Newsletter&#8217;a.<\/p>\n<p style=\"text-align: right;\">zesp\u00f3\u0142 redakcyjny<\/p>\n<p style=\"text-align: right;\">Eco-Supplements.com<\/p>\n","protected":false},"excerpt":{"rendered":"<p>Dzi\u0119kujemy za zapisanie si\u0119 do naszego Newsletter&#8217;a. zesp\u00f3\u0142 redakcyjny Eco-Supplements.com<\/p>\n","protected":false},"author":1,"featured_media":2562,"parent":0,"menu_order":0,"comment_status":"closed","ping_status":"closed","template":"","meta":{"footnotes":""},"class_list":["post-2561","page","type-page","status-publish","has-post-thumbnail","hentry"],"aioseo_notices":[],"_links":{"self":[{"href":"https:\/\/eco-supplements.com\/pl\/wp-json\/wp\/v2\/pages\/2561","targetHints":{"allow":["GET"]}}],"collection":[{"href":"https:\/\/eco-supplements.com\/pl\/wp-json\/wp\/v2\/pages"}],"about":[{"href":"https:\/\/eco-supplements.com\/pl\/wp-json\/wp\/v2\/types\/page"}],"author":[{"embeddable":true,"href":"https:\/\/eco-supplements.com\/pl\/wp-json\/wp\/v2\/users\/1"}],"replies":[{"embeddable":true,"href":"https:\/\/eco-supplements.com\/pl\/wp-json\/wp\/v2\/comments?post=2561"}],"version-history":[{"count":3,"href":"https:\/\/eco-supplements.com\/pl\/wp-json\/wp\/v2\/pages\/2561\/revisions"}],"predecessor-version":[{"id":2565,"href":"https:\/\/eco-supplements.com\/pl\/wp-json\/wp\/v2\/pages\/2561\/revisions\/2565"}],"wp:featuredmedia":[{"embeddable":true,"href":"https:\/\/eco-supplements.com\/pl\/wp-json\/wp\/v2\/media\/2562"}],"wp:attachment":[{"href":"https:\/\/eco-supplements.com\/pl\/wp-json\/wp\/v2\/media?parent=2561"}],"curies":[{"name":"wp","href":"https:\/\/api.w.org\/{rel}","templated":true}]}}