{"id":30,"date":"2015-07-06T18:07:47","date_gmt":"2015-07-06T16:07:47","guid":{"rendered":"https:\/\/eco-supplements.com\/pl\/?page_id=30"},"modified":"2020-11-12T17:40:14","modified_gmt":"2020-11-12T16:40:14","slug":"polityka-prywatnosci","status":"publish","type":"page","link":"https:\/\/eco-supplements.com\/pl\/polityka-prywatnosci\/","title":{"rendered":"Polityka prywatno\u015bci"},"content":{"rendered":"<p><a title=\"Polityka prywatno\u015bci\" href=\"https:\/\/eco-supplements.com\/wp-content\/uploads\/2018\/10\/Privacy-policy.jpg\"><img decoding=\"async\" class=\"size-large wp-image-5565\" src=\"https:\/\/eco-supplements.com\/wp-content\/uploads\/2018\/10\/Privacy-policy-1024x683.jpg\" alt=\"Polityka prywatno\u015bci\" width=\"810\" height=\"540\" \/><\/a><\/p>\n<p>Eco-Supplements nie ujawnia, nie podaje, nie sprzedaje ani nie przekazuje \u017cadnych danych personalnych dotycz\u0105cych u\u017cytkownik\u00f3w odwiedzaj\u0105cych strony, chyba, \u017ce wymaga tego prawo.<\/p>\n<p>Eco-Supplements szanuje prywatno\u015b\u0107 os\u00f3b odwiedzaj\u0105cych stron\u0119. Gromadzimy ograniczon\u0105 ilo\u015b\u0107 informacji dotycz\u0105cych u\u017cytkowania strony do cel\u00f3w statystycznych, aby oszacowa\u0107 liczb\u0119 odwiedzaj\u0105cych poszczeg\u00f3lne jej sekcje i pom\u00f3c nam podnie\u015b\u0107 u\u017cyteczno\u015b\u0107 strony dla u\u017cytkownik\u00f3w.<\/p>\n<p>Standardwe informacje o Twojej wizycie na naszej stronie gromadzone automatycznie i przechowywane to mi\u0119dzy innymi:<\/p>\n<ul>\n<li>Nazwa domeny, z kt\u00f3rej uzyskujesz dost\u0119p do Internetu.<\/li>\n<li>Nazwa i wersja systemu operacyjnego twojego komputera i przegl\u0105darki. Na przyk\u0142ad Windows 7, Internet Explorer, Google Chrome lub Firefox.<\/li>\n<li>Adres IP komputera u\u017cywanego do uzyskania dost\u0119pu do Internetu. Adres IP to numer, kt\u00f3ry jest automatycznie przypisywany do komputera za ka\u017cdym razem, gdy logujesz si\u0119 do us\u0142ugodawcy internetowego.<\/li>\n<li>Adres internetowy strony internetowej, z kt\u00f3rej wszed\u0142e\u015b na nasz\u0105 stron\u0119, je\u015bli nie wpisujesz bezpo\u015brednio adresu https:\/\/eco-supplements.com.<\/li>\n<li>Data, godzina i czas trwania wizyty na naszej stronie oraz odwiedzanych sekcjach.<\/li>\n<\/ul>\n<h3>Czym s\u0105 pliki cookie?<\/h3>\n<p>Pliki cookie to ma\u0142e pliki tekstowe umieszczane na komputerze przez witryny, kt\u00f3re odwiedzasz. Pliki te mog\u0105 by\u0107 odczytywane przez witryny i pomagaj\u0105 zidentyfikowa\u0107 u\u017cytkownika po powrocie na stron\u0119 internetow\u0105. Pliki cookie mog\u0105 by\u0107 plikami &#8222;trwa\u0142ymi&#8221; lub &#8222;sesyjnymi&#8221;. Sta\u0142e pliki cookie pozostaj\u0105 na Twoim komputerze po przej\u015bciu do trybu offline, natomiast pliki cookie sesji s\u0105 usuwane zaraz po zamkni\u0119ciu przegl\u0105darki.<br \/>\nAby dowiedzie\u0107 si\u0119 wi\u0119cej na temat plik\u00f3w cookie, w tym jak sprawdzi\u0107, jakie pliki cookie zosta\u0142y ustawione oraz jak je blokowa\u0107 i usuwa\u0107, odwied\u017a <span class=\"ExternalLinks\"><a href=\"http:\/\/www.aboutcookies.org\/\" target=\"_blank\" rel=\"noopener nofollow noreferrer\">http:\/\/www.aboutcookies.org\/<\/a><\/span>.<\/p>\n<h3>Dlaczego pliki cookie s\u0105 niezb\u0119dne na stronach internetowych Eco-supplements?<\/h3>\n<p>Ta strona, podobnie jak wi\u0119kszo\u015b\u0107 innych du\u017cych witryn, u\u017cywa plik\u00f3w cookie. Pliki te umo\u017cliwiaj\u0105 u\u017cytkownikom poruszanie si\u0119 po witrynach internetowych i (w stosownych przypadkach) umo\u017cliwiaj\u0105 nam dostosowanie tre\u015bci do potrzeb u\u017cytkownik\u00f3w, kt\u00f3rzy odwiedzili witryn\u0119 i pomagaj\u0105 nam poprawi\u0107 komfort korzystania z witryny. Bez w\u0142\u0105czonej obs\u0142ugi plik\u00f3w cookie nie mo\u017cemy zagwarantowa\u0107, \u017ce strona internetowa i twoje wra\u017cenia podczas jej odwiedzin s\u0105 zgodne z naszymi intencjami. \u017badne z plik\u00f3w cookie u\u017cywanych na naszych stronach internetowych nie gromadz\u0105 danych osobowych umo\u017cliwiaj\u0105cych identyfikacj\u0119 u\u017cytkownika.<\/p>\n<h3>Pliki cookie &amp; Google Analytics<\/h3>\n<p>Pliki cookie &#8211; s\u0142u\u017c\u0105 temu, by \u015bledzi\u0107, w jaki spos\u00f3b odwiedzaj\u0105cy wchodz\u0105 na nasz\u0105 stron\u0119 i jak\u0105 drog\u0119 przez ni\u0105 przechodz\u0105, aby pom\u00f3c nam ulepszy\u0107 nasze us\u0142ugi dla ciebie. U\u017cywamy na przyk\u0142\u0105d Google Analytics &#8211; popularnej us\u0142ugi analizy ogl\u0105dalno\u015bci stron internetowych udost\u0119pnianej przez Google. Google Analytics wykorzystuje pliki cookie, aby analizowa\u0107, w jaki spos\u00f3b u\u017cytkownicy korzystaj\u0105 z witryny. Dowiedz si\u0119 wi\u0119cej o tym, jak te pliki cookie s\u0105 u\u017cywane w witrynie <span class=\"ExternalLinks\"><a href=\"https:\/\/policies.google.com\/technologies\/partner-sites\" target=\"_blank\" rel=\"noopener nofollow noreferrer\">Google Privacy<\/a><\/span>.<\/p>\n<h3>You can also contact Eco Supplements\u2019s Privacy Office at:<\/h3>\n<p>Telestudent sp. z o.o.<br \/>\nAttn: Office of Privacy<br \/>\nul. Gda\u0144ska 89\/1<br \/>\n85-022 Bydgoszcz<br \/>\nPoland<br \/>\nPhone:(+48) 52 364 57 54<br \/>\nData Protection Officer: <a href=\"mailto:ecosupplements@gmail.com\" target=\"_blank\" rel=\"noopener noreferrer\">ecosupplements@gmail.com<\/a>.<\/p>\n","protected":false},"excerpt":{"rendered":"<p>Eco-Supplements nie ujawnia, nie podaje, nie sprzedaje ani nie przekazuje \u017cadnych danych personalnych dotycz\u0105cych u\u017cytkownik\u00f3w odwiedzaj\u0105cych strony, chyba, \u017ce wymaga tego prawo. Eco-Supplements szanuje prywatno\u015b\u0107 os\u00f3b odwiedzaj\u0105cych stron\u0119. Gromadzimy ograniczon\u0105 [&hellip;]<\/p>\n","protected":false},"author":1,"featured_media":0,"parent":0,"menu_order":0,"comment_status":"closed","ping_status":"open","template":"","meta":{"footnotes":""},"class_list":["post-30","page","type-page","status-publish","hentry"],"aioseo_notices":[],"_links":{"self":[{"href":"https:\/\/eco-supplements.com\/pl\/wp-json\/wp\/v2\/pages\/30","targetHints":{"allow":["GET"]}}],"collection":[{"href":"https:\/\/eco-supplements.com\/pl\/wp-json\/wp\/v2\/pages"}],"about":[{"href":"https:\/\/eco-supplements.com\/pl\/wp-json\/wp\/v2\/types\/page"}],"author":[{"embeddable":true,"href":"https:\/\/eco-supplements.com\/pl\/wp-json\/wp\/v2\/users\/1"}],"replies":[{"embeddable":true,"href":"https:\/\/eco-supplements.com\/pl\/wp-json\/wp\/v2\/comments?post=30"}],"version-history":[{"count":13,"href":"https:\/\/eco-supplements.com\/pl\/wp-json\/wp\/v2\/pages\/30\/revisions"}],"predecessor-version":[{"id":10830,"href":"https:\/\/eco-supplements.com\/pl\/wp-json\/wp\/v2\/pages\/30\/revisions\/10830"}],"wp:attachment":[{"href":"https:\/\/eco-supplements.com\/pl\/wp-json\/wp\/v2\/media?parent=30"}],"curies":[{"name":"wp","href":"https:\/\/api.w.org\/{rel}","templated":true}]}}