{"id":32,"date":"2015-07-06T18:08:15","date_gmt":"2015-07-06T16:08:15","guid":{"rendered":"https:\/\/eco-supplements.com\/pl\/?page_id=32"},"modified":"2020-11-12T14:25:49","modified_gmt":"2020-11-12T13:25:49","slug":"kontakt","status":"publish","type":"page","link":"https:\/\/eco-supplements.com\/pl\/kontakt\/","title":{"rendered":"Kontakt"},"content":{"rendered":"<p><img decoding=\"async\" class=\"alignnone size-large wp-image-9512\" src=\"https:\/\/eco-supplements.com\/pl\/wp-content\/uploads\/2018\/08\/ContactUs2-1920x1280.jpg\" alt=\"\" width=\"810\" height=\"540\" srcset=\"https:\/\/eco-supplements.com\/pl\/wp-content\/uploads\/2018\/08\/ContactUs2-1920x1280.jpg 1920w, https:\/\/eco-supplements.com\/pl\/wp-content\/uploads\/2018\/08\/ContactUs2-300x200.jpg 300w, https:\/\/eco-supplements.com\/pl\/wp-content\/uploads\/2018\/08\/ContactUs2-768x512.jpg 768w\" sizes=\"(max-width: 810px) 100vw, 810px\" \/><\/p>\n<p>Witamy w portalu Eco Supplements<\/p>\n<p>Je\u017celi chcesz si\u0119 z nami skontaktowa\u0107 w sprawie:<\/p>\n<ul>\n<li>redakcyjnej (przes\u0142a\u0107 materia\u0142y, artyku\u0142y itp.) przejd\u017a do <a href=\"https:\/\/eco-supplements.com\/pl\/redakcja\/\">Redakcja portalu Eco-Supplements<\/a>,<\/li>\n<li>produkt\u00f3w \/ <strong>suplement\u00f3w opisywanych na naszych stronach<\/strong> &#8211; przejd\u017a bezpo\u015brednio na stron\u0119 producenta \/ dystrybutora i skorzystaj z formularza umieszczonego najcz\u0119\u015bciej na dole strony w stopce. Nasza redakcja nie po\u015bredniczy w przekazywaniu informacji do firm zewn\u0119trznych.<\/li>\n<li>w ka\u017cdej innej sprawie skorzystaj z formularza poni\u017cej:<\/li>\n<\/ul>\n\n\t\t\t<div class=\"ccf-form-wrapper form-id-2099\" data-form-id=\"2099\">\n\t\t\t\t<form  class=\"ccf-form ccf-theme-light\" method=\"post\" action=\"?v=1776235307\" data-form-id=\"2099\">\n\n\t\t\t\t\t\t\t\t\t\t\t\t\t\t\t\t\t\t<div class=\"form-title\">\n\t\t\t\t\t\t\t\tKontakt\t\t\t\t\t\t\t<\/div>\n\t\t\t\t\t\t\t\t\t\t\t\n\t\t\t\t\t\t\t\t\t\t\t<div class=\"form-description\">\n\t\t\t\t\t\t\tJe\u017celi chcesz si\u0119 z nami skontaktowa\u0107 wype\u0142nij poni\u017cszy formularz\t\t\t\t\t\t<\/div>\n\t\t\t\t\t\n\t\t\t\t\t\n\t\t<div data-field-type=\"name\" data-field-slug=\"name-1\" class=\"form-group  field name-1 field-type-name field-10343  \">\n\t\t\t<label class=\"main-label\">\n\t\t\t\t\t\t\t\tImi\u0119\t\t\t<\/label>\n\t\t\t<div class=\"left\">\n\t\t\t\t<input value=\"\" class=\"form-control  field-input\"  type=\"text\" name=\"ccf_field_name-1[first]\" id=\"ccf_field_name-1-first\">\n\t\t\t\t\t\t\t\t<label for=\"ccf_field_name-1-first\" class=\"sub-label help-block text-muted\">First<\/label>\n\t\t\t<\/div>\n\t\t\t<div class=\"right\">\n\t\t\t\t<input value=\"\" class=\"form-control  field-input\"  type=\"text\" name=\"ccf_field_name-1[last]\" id=\"ccf_field_name-1-last\">\n\t\t\t\t\t\t\t\t<label for=\"ccf_field_name-1-last\" class=\"sub-label help-block text-muted\">Last<\/label>\n\t\t\t<\/div>\n\n\t\t\t<div class=\"ccf-clear\"><\/div>\n\n\t\t\t\t\t\t\t<div class=\"field-description help-block text-muted\">\n\t\t\t\t\tWpisz swoje imi\u0119 i nazwisko\t\t\t\t<\/div>\n\t\t\t\t\t<\/div>\n\n\t\t\n\t\t<div data-field-type=\"email\" data-field-slug=\"email-2\" class=\"form-group  field email-2 field-type-email field-10344  field-required\">\n\t\t\t<label class=\"main-label\" for=\"ccf_field_email-2\">\n\t\t\t\t<span class=\"required\">*<\/span>\t\t\t\tTw\u00f3j email\t\t\t<\/label>\n\t\t\t\t\t\t\t<input class=\"form-control  field-input\" required aria-required=\"true\" name=\"ccf_field_email-2\" id=\"ccf_field_email-2\"  placeholder=\"email@example.com\" type=\"text\" value=\"\">\n\t\t\t\t\t\t\t\n\t\t\t\t\t\t\t<div class=\"field-description help-block text-muted\">\n\t\t\t\t\twpisz prawid\u0142owy adres email\t\t\t\t<\/div>\n\t\t\t\t\t<\/div>\n\n\t\t\n\t\t<div data-field-type=\"simple-captcha\" data-field-slug=\"simple-captcha-3\" class=\"form-group  field simple-captcha-3 field-type-simple-captcha field-10345  \">\n\t\t\t<label class=\"main-label\" for=\"ccf_field_simple-captcha-3\">\n\t\t\t\t<span class=\"required\">*<\/span>\n\t\t\t\tZabezpieczenie przed robotami\t\t\t<\/label>\n\t\t\t<div class=\"ccf-simple-captcha-wrapper\">\n\t\t\t\t<img decoding=\"async\" src=\"\/pl\/wp-content\/plugins\/custom-contact-forms\/vendor\/abeautifulsite\/simple-php-captcha\/simple-php-captcha.php?_CAPTCHA&#038;t=0.16845000+1776235307\">\n\t\t\t<\/div>\n\n\t\t\t<input class=\"form-control  field-input\" required aria-required=\"true\" type=\"text\" name=\"ccf_field_simple-captcha-3\" id=\"ccf_field_simple-captcha-3\" placeholder=\"wpisz tutaj tekst z obrazka\">\n\n\t\t\t\n\t\t\t\t\t<\/div>\n\n\t\t\n\t\t<div data-field-type=\"paragraph-text\" data-field-slug=\"paragraph-text-4\" class=\"form-group  field paragraph-text-4 field-type-paragraph-text field-10346  \">\n\t\t\t<label class=\"main-label\" for=\"ccf_field_paragraph-text-4\">\n\t\t\t\t\t\t\t\tTre\u015b\u0107 wiadomo\u015bci\t\t\t<\/label>\n\t\t\t<textarea class=\"form-control  field-input\"  name=\"ccf_field_paragraph-text-4\" id=\"ccf_field_paragraph-text-4\" placeholder=\"\"><\/textarea>\n\n\t\t\t\n\t\t\t\t\t<\/div>\n\n\t\t\n\t\t<input type=\"hidden\" name=\"ccf_field_hidden-5\" id=\"ccf_field_hidden-5\" value=\"Formularz w j\u0119zyku polskim\">\n\n\t\t\n\t\t\t\t\t<div class=\"form-submit \">\n\t\t\t\t\t\t<input type=\"submit\" class=\"btn btn-primary ccf-submit-button\" value=\"Wy\u015blij\">\n\t\t\t\t\t\t<img decoding=\"async\" class=\"loading-img\" src=\"https:\/\/eco-supplements.com\/pl\/wp-admin\/images\/wpspin_light.gif\">\n\t\t\t\t\t<\/div>\n\n\t\t\t\t\t<script type=\"text\/javascript\">\n\t\t\t\t\twindow.wp = window.wp || {};\n\t\t\t\t\twp.ccf = wp.ccf || {};\n\t\t\t\t\twp.ccf.conditionals = wp.ccf.conditionals || [];\n\t\t\t\t\twp.ccf.conditionals[2099] = [];\n\t\t\t\t\t<\/script>\n\n\t\t\t\t\t<input type=\"hidden\" name=\"form_id\" value=\"2099\">\n\t\t\t\t\t<input type=\"hidden\" name=\"form_page\" value=\"https:\/\/eco-supplements.com\/pl\/pl\/wp-json\/wp\/v2\/pages\/32\">\n\t\t\t\t\t<input type=\"text\" name=\"my_information\" style=\"display: none;\">\n\t\t\t\t\t<input type=\"hidden\"  name=\"ccf_form\" value=\"1\">\n\t\t\t\t\t<input type=\"hidden\" name=\"form_nonce\" value=\"5ae9a4e20a\">\n\t\t\t\t<\/form>\n\n\t\t\t\t<iframe class=\"ccf-form-frame\" id=\"ccf_form_frame_2099\" name=\"ccf_form_frame_2099\"><\/iframe>\n\t\t\t<\/div>\n\n\t\t\t\n<p><strong>Mo\u017cesz r\u00f3wnie\u017c skontaktowa\u0107 si\u0119 z biurem ds. Prywatno\u015bci Eco Supplements pod adresem<\/strong>:<\/p>\n<p>Telestudent sp. z o.o.<br \/>\nAttn: Office of Privacy<br \/>\nul. Gda\u0144ska 89\/1<br \/>\n85-022 Bydgoszcz<br \/>\nPoland<br \/>\nPhone:(+48) 52 364 57 54<br \/>\nData Protection Officer: <a href=\"mailto:ecosupplements@gmail.com\" target=\"_blank\" rel=\"noopener noreferrer\">ecosupplements@gmail.com<\/a>.<\/p>\n<p>KRS: 0000415858, NIP: 9671354103, REGON: 341261854<\/p>\n","protected":false},"excerpt":{"rendered":"<p>Witamy w portalu Eco Supplements Je\u017celi chcesz si\u0119 z nami skontaktowa\u0107 w sprawie: redakcyjnej (przes\u0142a\u0107 materia\u0142y, artyku\u0142y itp.) przejd\u017a do Redakcja portalu Eco-Supplements, produkt\u00f3w \/ suplement\u00f3w opisywanych na naszych stronach [&hellip;]<\/p>\n","protected":false},"author":1,"featured_media":0,"parent":0,"menu_order":0,"comment_status":"closed","ping_status":"open","template":"","meta":{"footnotes":""},"class_list":["post-32","page","type-page","status-publish","hentry"],"aioseo_notices":[],"_links":{"self":[{"href":"https:\/\/eco-supplements.com\/pl\/wp-json\/wp\/v2\/pages\/32","targetHints":{"allow":["GET"]}}],"collection":[{"href":"https:\/\/eco-supplements.com\/pl\/wp-json\/wp\/v2\/pages"}],"about":[{"href":"https:\/\/eco-supplements.com\/pl\/wp-json\/wp\/v2\/types\/page"}],"author":[{"embeddable":true,"href":"https:\/\/eco-supplements.com\/pl\/wp-json\/wp\/v2\/users\/1"}],"replies":[{"embeddable":true,"href":"https:\/\/eco-supplements.com\/pl\/wp-json\/wp\/v2\/comments?post=32"}],"version-history":[{"count":14,"href":"https:\/\/eco-supplements.com\/pl\/wp-json\/wp\/v2\/pages\/32\/revisions"}],"predecessor-version":[{"id":10829,"href":"https:\/\/eco-supplements.com\/pl\/wp-json\/wp\/v2\/pages\/32\/revisions\/10829"}],"wp:attachment":[{"href":"https:\/\/eco-supplements.com\/pl\/wp-json\/wp\/v2\/media?parent=32"}],"curies":[{"name":"wp","href":"https:\/\/api.w.org\/{rel}","templated":true}]}}