{"id":3705,"date":"2016-10-12T15:32:33","date_gmt":"2016-10-12T13:32:33","guid":{"rendered":"https:\/\/eco-supplements.com\/pl\/?page_id=3705"},"modified":"2021-08-23T15:43:38","modified_gmt":"2021-08-23T13:43:38","slug":"garcinia-cambogia-gummi-gutta","status":"publish","type":"page","link":"https:\/\/eco-supplements.com\/pl\/garcinia-cambogia-gummi-gutta\/","title":{"rendered":"Garcinia Cambogia (gummi-gutta)"},"content":{"rendered":"<p><a href=\"https:\/\/eco-supplements.com\/pl\/wp-content\/uploads\/2016\/10\/Garcinia-Cambogia-gummi-gutta.jpg\"><img decoding=\"async\" class=\"alignleft size-medium wp-image-3706\" src=\"https:\/\/eco-supplements.com\/pl\/wp-content\/uploads\/2016\/10\/Garcinia-Cambogia-gummi-gutta-300x200.jpg\" alt=\"Garcinia Cambogia (gummi-gutta)\" width=\"300\" height=\"200\" srcset=\"https:\/\/eco-supplements.com\/pl\/wp-content\/uploads\/2016\/10\/Garcinia-Cambogia-gummi-gutta-300x200.jpg 300w, https:\/\/eco-supplements.com\/pl\/wp-content\/uploads\/2016\/10\/Garcinia-Cambogia-gummi-gutta-768x512.jpg 768w, https:\/\/eco-supplements.com\/pl\/wp-content\/uploads\/2016\/10\/Garcinia-Cambogia-gummi-gutta-1024x683.jpg 1024w, https:\/\/eco-supplements.com\/pl\/wp-content\/uploads\/2016\/10\/Garcinia-Cambogia-gummi-gutta.jpg 1200w\" sizes=\"(max-width: 300px) 100vw, 300px\" \/><\/a><a href=\"https:\/\/eco-supplements.com\/pl\/garcinia-cambogia-gummi-gutta\/\">Garcinia Gummi-Gutta<\/a> jest tropikalnym<sup><small><a href=\"#cite-2\">[2]<\/a><\/small><\/sup> gatunkiem ro\u015bliny Garcinia pochodz\u0105cym z Indonezji. Nazwy zwyczajowe to Garcinia Cambogia (dawna nazwa naukowa), jak r\u00f3wnie\u017c tamarynowiec<sup><small><a href=\"#cite-3\">[3]<\/a><\/small><\/sup>,\u00a0 tamaryndowiec Malabar<sup><small><a href=\"#cite-2\">[2]<\/a><\/small><\/sup>, a tak\u017ce kudam PULI<sup><small><a href=\"#cite-4\">[4]<\/a><\/small><\/sup>. Owoc przypomina wygl\u0105dem ma\u0142\u0105 dyni\u0119 o kolorze od zielonego do jasno\u017c\u00f3\u0142tego.<\/p>\n<h2><!--more--><br \/>\nGarcinia Cambogia &amp; odchudzanie<\/h2>\n<div id=\"attachment_3664\" style=\"width: 310px\" class=\"wp-caption alignleft\"><a href=\"https:\/\/eco-supplements.com\/pl\/wp-content\/uploads\/2016\/10\/Hydroxycitric_acid.png\"><img decoding=\"async\" aria-describedby=\"caption-attachment-3664\" class=\"size-medium wp-image-3664\" src=\"https:\/\/eco-supplements.com\/pl\/wp-content\/uploads\/2016\/10\/Hydroxycitric_acid-300x173.png\" alt=\"kwas hydroksycytrynowy HCA\" width=\"300\" height=\"173\" srcset=\"https:\/\/eco-supplements.com\/pl\/wp-content\/uploads\/2016\/10\/Hydroxycitric_acid-300x173.png 300w, https:\/\/eco-supplements.com\/pl\/wp-content\/uploads\/2016\/10\/Hydroxycitric_acid.png 477w\" sizes=\"(max-width: 300px) 100vw, 300px\" \/><\/a><p id=\"caption-attachment-3664\" class=\"wp-caption-text\">kwas hydroksycytrynowy HCA<\/p><\/div>\n<p><a href=\"https:\/\/eco-supplements.com\/pl\/organiczne-zwiazki-chemiczne\/kwas-hydroksycytrynowy-hca\/\">Kwas hydroksycytrynowy<\/a> (HCA) &#8211; zasadniczy sk\u0142adnik (10-50%) wysuszonej sk\u00f3rki owocu Garcinia Cambogia jest odpowiedzialny za <a href=\"https:\/\/eco-supplements.com\/pl\/naturalne-odchudzanie\/\">odchudzanie<\/a> (powodowanie spadku masy cia\u0142a)<sup><small><a href=\"#cite-15\">[15]<\/a><\/small><\/sup>. Pod koniec 2012 roku w Stanach Zjednoczonych s\u0142ynna osobowo\u015b\u0107 telewizyjna, dr Oz, promowa\u0142 ekstrakt z Garcinia Cambogia jako &#8222;ekscytuj\u0105cy prze\u0142om osi\u0105ganiu naturalnej utraty wagi&#8221;<sup><small><a href=\"#cite-16\">[16]<\/a><\/small><\/sup><sup><small><a href=\"#cite-17\">[17]<\/a><\/small><\/sup>.<\/p>\n<p><a title=\"GARCINIA CAMBOGIA SLM \u2013 60% HCA \u2013 Najsilniejszy spalacz t\u0142uszczu\" href=\"https:\/\/eco-supplements.com\/pl\/odchudzanie\/garcinia-cambogia-actives\/\">Garcinia Cambogia Actives \u2013 60% HCA \u2013 Najsilniejszy spalacz t\u0142uszczu<\/a><br \/>\n<a title=\"Efekt Garcinia Cambogia\" href=\"https:\/\/eco-supplements.com\/pl\/odchudzanie\/garcinia-slm-60-hca-najsilniejszy-spalacz-tluszczu\/\" rel=\"nofollow\"><br \/>\n<\/a><\/p>\n<div id=\"attachment_11056\" style=\"width: 630px\" class=\"wp-caption aligncenter\"><a href=\"https:\/\/eco-supplements.com\/pl\/wp-content\/uploads\/2017\/09\/Efekt-dzialania-Garcinia-Cambogia-Actives.jpg\"><img decoding=\"async\" aria-describedby=\"caption-attachment-11056\" class=\"size-large wp-image-11056\" src=\"https:\/\/eco-supplements.com\/pl\/wp-content\/uploads\/2017\/09\/Efekt-dzialania-Garcinia-Cambogia-Actives-620x233.jpg\" alt=\"Efekt dzia\u0142ania Garcinia Cambogia Actives\" width=\"620\" height=\"233\" srcset=\"https:\/\/eco-supplements.com\/pl\/wp-content\/uploads\/2017\/09\/Efekt-dzialania-Garcinia-Cambogia-Actives-620x233.jpg 620w, https:\/\/eco-supplements.com\/pl\/wp-content\/uploads\/2017\/09\/Efekt-dzialania-Garcinia-Cambogia-Actives-300x113.jpg 300w, https:\/\/eco-supplements.com\/pl\/wp-content\/uploads\/2017\/09\/Efekt-dzialania-Garcinia-Cambogia-Actives-768x288.jpg 768w, https:\/\/eco-supplements.com\/pl\/wp-content\/uploads\/2017\/09\/Efekt-dzialania-Garcinia-Cambogia-Actives.jpg 800w\" sizes=\"(max-width: 620px) 100vw, 620px\" \/><\/a><p id=\"caption-attachment-11056\" class=\"wp-caption-text\">Efekt dzia\u0142ania Garcinia Cambogia Actives<\/p><\/div>\n<p>&nbsp;<\/p>\n<div id=\"attachment_6594\" style=\"width: 310px\" class=\"wp-caption alignleft\"><a href=\"https:\/\/eco-supplements.com\/pl\/wp-content\/uploads\/2016\/10\/garcinia-cambogia.jpg\"><img decoding=\"async\" aria-describedby=\"caption-attachment-6594\" class=\"size-medium wp-image-6594\" src=\"https:\/\/eco-supplements.com\/pl\/wp-content\/uploads\/2016\/10\/garcinia-cambogia-300x214.jpg\" alt=\"garcinia cambogia\" width=\"300\" height=\"214\" srcset=\"https:\/\/eco-supplements.com\/pl\/wp-content\/uploads\/2016\/10\/garcinia-cambogia-300x214.jpg 300w, https:\/\/eco-supplements.com\/pl\/wp-content\/uploads\/2016\/10\/garcinia-cambogia-768x548.jpg 768w, https:\/\/eco-supplements.com\/pl\/wp-content\/uploads\/2016\/10\/garcinia-cambogia-1024x731.jpg 1024w, https:\/\/eco-supplements.com\/pl\/wp-content\/uploads\/2016\/10\/garcinia-cambogia.jpg 1600w\" sizes=\"(max-width: 300px) 100vw, 300px\" \/><\/a><p id=\"caption-attachment-6594\" class=\"wp-caption-text\">garcinia cambogia<\/p><\/div>\n<p>Suplementacja <a href=\"https:\/\/eco-supplements.com\/pl\/garcinia-cambogia-gummi-gutta\/\">Garcinia Cambogia<\/a> wykazuje zmniejszenie przyrostu masy cia\u0142a, stan\u00f3w zapalnych i nietolerancji glukozy. Wspiera to r\u00f3wnie\u017c popularny pogl\u0105d, \u017ce w\u0142\u0105czenie Garcinia Cambogia do diety pomaga kontrolowa\u0107 wag\u0119 cia\u0142a<sup><small><a href=\"#cite-18\">[18]<\/a><\/small><\/sup>.<\/p>\n<p>G\u0142\u00f3wn\u0105 substancj\u0105 o w\u0142a\u015bciwo\u015bciach odchudzaj\u0105cych w Garcinia Gummi-Gutta jest kwas hydroksycytrynowy (HCA).\u00a0 Znajduje si\u0119 on w sk\u00f3rce owoc\u00f3w, kt\u00f3re zawieraj\u0105 od 10% do 30% (cho\u0107 rzadko) HCA w wysuszonych \u0142upinach Garcinia Cambogia.<\/p>\n<p>W przemy\u015ble zwi\u0105zanym ze zdrowiem i odchudzaniem wiele m\u00f3wi si\u0119 o skuteczno\u015bci HCA, kt\u00f3ry uznawany jest za odkrycie w kontrolowaniu masy cia\u0142a. Zwi\u0105zek ten ma znacz\u0105cy wp\u0142yw na organizm jako silny spalacz t\u0142uszczu (fat burner), \u015brodek zmniejszaj\u0105cy apetyt i poprawiaj\u0105cy metabolizm. HCA kontroluje produkcj\u0119 enzymu o nazwie cytrynian liazy,\u00a0 odpowiedzialnego za konwersj\u0119 nadmiaru w\u0119glowodan\u00f3w w t\u0142uszcz. Powoduje on przekszta\u0142canie w\u0119glowodan\u00f3w w energi\u0119 oraz zmniejsza odk\u0142adania si\u0119 t\u0142uszczu w organizmie.<\/p>\n<h2>Skutki uboczne<\/h2>\n<p>Doustnie przyjmowanie 500 mg kwasu hydroksycytrynowego (HCA) cztery razy na dob\u0119, mo\u017ce powodowa\u0107 nudno\u015bci, dolegliwo\u015bci \u017co\u0142\u0105dkowo-jelitowe oraz b\u00f3le g\u0142owy<sup><small><a href=\"#cite-24\">[24]<\/a><\/small><\/sup>.<\/p>\n<h3>Synonimy<\/h3>\n<ul>\n<li>(\u2261) Cambogia Gummi-gutta L.<\/li>\n<li>(\u2261) Garcinia cambogia DESR.<\/li>\n<li>(\u2261) mangostana cambogia Gaertn.<\/li>\n<\/ul>\n<h3>Nazwy zwyczajowe<\/h3>\n<p>Malabar-tamaryndowca<\/p>\n<h3>Ranking tabletek odchudzaj\u0105cych z Garcinia Cambogia<\/h3>\n<p>Nasza redakcja przygotowa\u0142a ranking &#8211; <a href=\"https:\/\/eco-supplements.com\/pl\/odchudzanie\/tabletki-na-odchudzanie-ranking\/\">por\u00f3wnanie tabletek odchudzaj\u0105cych<\/a> zawieraj\u0105cych HCA z suszonych sk\u00f3rek Garcinia Cambogia, w kt\u00f3rym znajdziemy najlepsze tego typu preparaty dost\u0119pne na rynku &#8211; bez recepty, przez internet: <a href=\"https:\/\/eco-supplements.com\/pl\/odchudzanie\/garcinia-cambogia-tabletki-na-odchudzanie\/\">Ranking tabletek na odchudzanie z Garcinia Cambogia<\/a>.<\/p>\n<hr \/>\n<h3 id=\"references\">Przypisy<\/h3>\n<ol>\n<li id=\"cite-1\"><small>&#8222;<span class=\"ExternalLinks\"><a href=\"http:\/\/www.theplantlist.org\/tpl1.1\/record\/kew-2816879\" target=\"_blank\" rel=\"nofollow noopener\">Garcinia gummi-gutta (L.) Roxb.<\/a><\/span>&#8222;. World Checklist of Selected Plant Families (WCSP). Royal Botanic Gardens, Kew.<\/small><\/li>\n<li id=\"cite-2\"><small>USDA GRIN Taxonomy: <span class=\"ExternalLinks\"><a href=\"https:\/\/npgsweb.ars-grin.gov\/gringlobal\/taxonomydetail.aspx?420224\" target=\"_blank\" rel=\"nofollow noopener\">Garcinia gummi-gutta (L.) N. Robson<\/a><\/span>.<\/small><\/li>\n<li id=\"cite-3\"><small> &#8222;Potential treatments for insulin resistance in the horse: A comparative multi-species review&#8221;. The Veterinary Journal. Science Direct. 186: 282\u2013291.<\/small><\/li>\n<li id=\"cite-4\"><small>&#8222;Meals that heal &#8211; Soul curry&#8221;. The Hindu.<\/small><\/li>\n<li id=\"cite-5\"><small> Lobb, A. (2009). &#8222;Hepatoxicity associated with weight-loss supplements: A case for better post-marketing surveillance&#8221;. World Journal of Gastroenterology. 15 (14): 1786\u20131787.<\/small><\/li>\n<li id=\"cite-6\"><small><span class=\"InternalLinks\"><a href=\"https:\/\/eco-supplements.com\/scientific\/the-use-of-garcinia-extract-hydroxycitric-acid-as-a-weight-loss-supplement-a-systematic-review-and-meta-analysis-of-randomised-clinical-trials\/\" rel=\"nofollow\" class=\"broken_link\">The Use of Garcinia Extract (Hydroxycitric Acid) as a Weight loss Supplement: A Systematic Review and Meta-Analysis of Randomised Clinical Trials<\/a><\/span>, Igho Onakpoya, Shao Kang Hung, Rachel Perry, BarbaraWider, Edzard Ernst, Hindawi Publishing Corporation &#8211; Journal of Obesity (Volume 2011, Article ID 509038, 9 pages).<\/small><\/li>\n<li id=\"cite-7\"><small>Publications &amp; Information Directorate, Council of Scientific &amp; Industrial Research (1986). G. cambogia Desr. The Useful Plants of India. (New Delhi: Publications &amp; Information Directorate, 1986) 229.<\/small><\/li>\n<li id=\"cite-8\"><small>&#8222;Fruit yellowish or reddish, size of an orange having six or eight deep longitudinal grooves in its fleshy pericarp. Pulp acid of a pleasant flavor. It is dried among the Singalese who use it in curries.&#8221; Uphof, J.C. Th. (1968).<\/small><\/li>\n<li id=\"cite-9\"><small>Rajeswari, N (29 July 2014). &#8222;<span class=\"ExternalLinks\"><a href=\"http:\/\/www.deccanherald.com\/content\/422327\/botanical-bonanza.html\" target=\"_blank\" rel=\"nofollow noopener\">Botanical Bonanza<\/a><\/span>&#8222;. Deccan Herald, Spectrum.<\/small><\/li>\n<li id=\"cite-10\"><small>&#8222;The acid rinds of the ripe fruit are eaten, and in Ceylon are dried, and eaten as a condiment in curries.&#8221; Drury, Heber (1873). &#8222;Garcinia gambogia (Desrous) N. 0. Clusiaceae&#8221;. The Useful Plants of India, second edition. London: William H. Allen &amp; Co. p. 220.<\/small><\/li>\n<li id=\"cite-11\"><small><span class=\"ExternalLinks\">&#8222;G. Gummi-Gutta (Garcinia Cambogia) \u2013 An Ancient Indian Curry Condiment&#8221;<\/span>. US Premium Garcinia Cambogia.<\/small><\/li>\n<li id=\"cite-12\"><small>&#8222;Kudampuli meencurry (fish curry with Malabar tamarind)&#8221;. Secret Indian Recipe.<\/small><\/li>\n<li id=\"cite-13\"><small>&#8222;Kaeng Som Kung (Sour Curry with Shrimp)&#8221;. Saveur. 26 February 2015.<\/small><\/li>\n<li id=\"cite-14\"><small>&#8222;Gaeng Som Recipe, Thai Sour Curry Recipe of Shrimp, Okra and Roselle Leaves&#8221;. Thai Food Master. 30 March 2011.<\/small><\/li>\n<li id=\"cite-15\"><small><span class=\"InternalLinks\"><a href=\"https:\/\/eco-supplements.com\/scientific\/garcinia-cambogia-hydroxycitric-acid-as-a-potential-antiobesity-agent-a-randomized-controlled-trial\/\" rel=\"nofollow\">Garcinia cambogia (Hydroxycitric Acid) as a Potential Antiobesity Agent: A Randomized Controlled Trial<\/a><\/span>, Steven B. Heymsfield, MD; David B. Allison, PhD; Joseph R. Vasselli, PhD; Angelo Pietrobelli, MD; Debra Greenfield, MS, RD; Christopher Nunez, MEd, JAMA &#8211; The Journal of the American Medical Association (1998;280(18):1596-1600)<\/small><\/li>\n<li id=\"cite-16\"><small>The Dr. Oz Show (November 5, 2012). Garcinia Cambogia: The Newest, Fastest Fat-Buster.<\/small><\/li>\n<li id=\"cite-17\"><small>Christensen, Jen and Wilson Jacque (19 June 2014). &#8222;<span class=\"ExternalLinks\"><a href=\"http:\/\/edition.cnn.com\/2014\/06\/17\/health\/senate-grills-dr-oz\/\" target=\"_blank\" rel=\"nofollow noopener\">Congressional hearing investigates Dr. Oz 'miracle&#8217; weight loss claims<\/a><\/span>&#8222;. CNN Health.<\/small><\/li>\n<li id=\"cite-18\"><small><span class=\"ExternalLinks\"><a href=\"https:\/\/www.ncbi.nlm.nih.gov\/pmc\/articles\/PMC4378731\/\" target=\"_blank\" rel=\"nofollow noopener\">&#8222;Efficacy of Garcinia Cambogia on Body Weight, Inflammation and Glucose Tolerance in High Fat Fed Male Wistar Rats&#8221;<\/a><\/span>, Ramalingam Sripradha, Sridhar Gopalakrishna Magadi, J Clin Diagn Res. 2015 Feb; 9(2): BF01\u2013BF04.<\/small><\/li>\n<li id=\"cite-19\"><small>M\u00e1rquez F1, Babio N, Bull\u00f3 M, Salas-Salvad\u00f3 J (2012). &#8222;Evaluation of the safety and efficacy of hydroxycitric acid or Garcinia cambogia extracts in humans&#8221;. Crit Rev Food Sci Nutr. 52 (7): 585\u201394.<\/small><\/li>\n<li id=\"cite-20\"><small>Vasques, C. A.; Schneider, R; Klein-J\u00fanior, L. C.; Falavigna, A; Piazza, I; Rossetto, S (2013). &#8222;Hypolipemic Effect of Garcinia cambogia in Obese Women&#8221;. Phytotherapy Research. 28 (6): 887\u201391.<\/small><\/li>\n<li id=\"cite-21\"><small>Belluz, Julia; Hoffman, Steven J. (1 January 2013). &#8222;Dr. Oz&#8217;s Miraculous Medical Advice; Pay no attention to that man behind the curtain&#8221;. Slate. The Slate Group. <\/small><\/li>\n<li id=\"cite-22\"><small>Pittler, M. H.; Ernst, E (2004). &#8222;Dietary supplements for body-weight reduction: A systematic review&#8221;. The American Journal of Clinical Nutrition. 79 (4): 529\u201336. <\/small><\/li>\n<li id=\"cite-23\"><small>Kim YJ1, Choi MS, Park YB, Kim SR, Lee MK, Jung UJ (2013). &#8222;Garcinia Cambogia attenuates diet-induced adiposity but exacerbates hepatic collagen accumulation and inflammation&#8221;. World J Gastroenterol. 19 (29): 4689\u2013701.<\/small><\/li>\n<li id=\"cite-24\"><small>Soni, MG (2004). &#8222;Safety assessment of (-)-hydroxycitric acid and Super CitriMax, a novel calcium\/potassium salt.&#8221;. Food Chem Toxicol. 42 (9).<\/small><\/li>\n<li id=\"cite-25\"><small>Lopez, AM (2014). &#8222;Serotonin toxicity associated with Garcinia cambogia over-the-counter supplement.&#8221;. J Med Toxicol. 10 (4).<\/small><\/li>\n<li id=\"cite-26\"><small>Council of Scientific and Industrial Research, India The wealth of India: a dictionary of Indian raw materials and industrial products. Raw materials. Delhi. 1948-1976 (Wealth India RM).<\/small><\/li>\n<li id=\"cite-27\"><small>Duke, J. A. et al. CRC Handbook of medicinal herbs. 2002 (CRC MedHerbs ed2).<\/small><\/li>\n<li id=\"cite-28\"><small>Foster, S. &amp; V. E. Tyler Tyler&#8217;s honest herbal: a sensible guide to the use of herbs and related remedies, ed. 4. 1999 (Tyler Herbal).<\/small><\/li>\n<li id=\"cite-29\"><small>Matthew, K. M. The flora of the Tamilnadu Carnatic. 1983 (F TamilC).<\/small><\/li>\n<li id=\"cite-30\"><small>McGuffin, M., J. T. Kartesz, A. Y. Leung, &amp; A. O. Tucker Herbs of commerce, ed. 2. 2000 (Herbs Commerce ed2).<\/small><\/li>\n<li id=\"cite-31\"><small>Parrotta, J. A. Healing plants of peninsular India. 2001 (Healing Pl India).<\/small><\/li>\n<li id=\"cite-32\"><small>Porcher, M. H. et al. Searchable World Wide Web Multilingual Multiscript Plant Name Database (MMPND) (on-line resource). (Pl Names).<\/small><\/li>\n<li id=\"cite-33\"><small>Saldanha, C. J. &amp; D. H. Nicolson Flora of Hassan district. 1976 (F Hassan).<\/small><\/li>\n<li id=\"cite-34\"><small>Sharma, B. D. et al., eds. Flora of India. 1993- (F India).<\/small><\/li>\n<li id=\"cite-35\"><small>Wiersema, J. H. &amp; B. Le\u00f3n World economic plants: a standard reference (on-line edition) [medicinal plants only]. (World Econ Pl Med).<\/small><\/li>\n<li id=\"cite-36\"><small>EGRAS, Amy M., et al. <span class=\"InternalLinks\"><a href=\"https:\/\/eco-supplements.com\/scientific\/an-evidence-based-review-of-fat-modifying-supplemental-weight-loss-products\/\" rel=\"nofollow\" class=\"broken_link\">An evidence-based review of fat modifying supplemental weight loss products.<\/a><\/span> Journal of obesity, 2010, 2011.<\/small><\/li>\n<li id=\"cite-100\"><small>Garcinia gummi-gutta (Wikipedia) &#8211; <span class=\"ExternalLinks\"><a href=\"https:\/\/en.wikipedia.org\/wiki\/Garcinia_gummi-gutta\" target=\"_blank\" rel=\"nofollow noopener\">https:\/\/en.wikipedia.org\/wiki\/Garcinia_gummi-gutta<\/a><\/span>.<\/small><\/li>\n<\/ol>\n<p><strong>Available under conditions of the license<\/strong>: <span class=\"ExternalLinks\"><a href=\"https:\/\/creativecommons.org\/licenses\/by-sa\/3.0\/deed.en\" target=\"_blank\" rel=\"nofollow noopener\">https:\/\/creativecommons.org\/licenses\/by-sa\/3.0\/deed.en<\/a><\/span><\/p>\n","protected":false},"excerpt":{"rendered":"<p>Garcinia Gummi-Gutta jest tropikalnym[2] gatunkiem ro\u015bliny Garcinia pochodz\u0105cym z Indonezji. Nazwy zwyczajowe to Garcinia Cambogia (dawna nazwa naukowa), jak r\u00f3wnie\u017c tamarynowiec[3],\u00a0 tamaryndowiec Malabar[2], a tak\u017ce kudam PULI[4]. Owoc przypomina wygl\u0105dem [&hellip;]<\/p>\n","protected":false},"author":1,"featured_media":3706,"parent":0,"menu_order":0,"comment_status":"closed","ping_status":"closed","template":"","meta":{"footnotes":""},"class_list":["post-3705","page","type-page","status-publish","has-post-thumbnail","hentry"],"aioseo_notices":[],"_links":{"self":[{"href":"https:\/\/eco-supplements.com\/pl\/wp-json\/wp\/v2\/pages\/3705","targetHints":{"allow":["GET"]}}],"collection":[{"href":"https:\/\/eco-supplements.com\/pl\/wp-json\/wp\/v2\/pages"}],"about":[{"href":"https:\/\/eco-supplements.com\/pl\/wp-json\/wp\/v2\/types\/page"}],"author":[{"embeddable":true,"href":"https:\/\/eco-supplements.com\/pl\/wp-json\/wp\/v2\/users\/1"}],"replies":[{"embeddable":true,"href":"https:\/\/eco-supplements.com\/pl\/wp-json\/wp\/v2\/comments?post=3705"}],"version-history":[{"count":26,"href":"https:\/\/eco-supplements.com\/pl\/wp-json\/wp\/v2\/pages\/3705\/revisions"}],"predecessor-version":[{"id":11060,"href":"https:\/\/eco-supplements.com\/pl\/wp-json\/wp\/v2\/pages\/3705\/revisions\/11060"}],"wp:featuredmedia":[{"embeddable":true,"href":"https:\/\/eco-supplements.com\/pl\/wp-json\/wp\/v2\/media\/3706"}],"wp:attachment":[{"href":"https:\/\/eco-supplements.com\/pl\/wp-json\/wp\/v2\/media?parent=3705"}],"curies":[{"name":"wp","href":"https:\/\/api.w.org\/{rel}","templated":true}]}}