{"id":3756,"date":"2016-10-15T02:46:47","date_gmt":"2016-10-15T00:46:47","guid":{"rendered":"https:\/\/eco-supplements.com\/pl\/?page_id=3756"},"modified":"2017-09-21T01:11:30","modified_gmt":"2017-09-20T23:11:30","slug":"prostata","status":"publish","type":"page","link":"https:\/\/eco-supplements.com\/pl\/prostata\/","title":{"rendered":"Prostata"},"content":{"rendered":"<div id=\"attachment_3757\" style=\"width: 310px\" class=\"wp-caption alignleft\"><a href=\"https:\/\/eco-supplements.com\/pl\/wp-content\/uploads\/2016\/10\/Prostata.jpg\"><img decoding=\"async\" aria-describedby=\"caption-attachment-3757\" class=\"size-medium wp-image-3757\" src=\"https:\/\/eco-supplements.com\/pl\/wp-content\/uploads\/2016\/10\/Prostata-300x190.jpg\" alt=\"Prostata\" width=\"300\" height=\"190\" srcset=\"https:\/\/eco-supplements.com\/pl\/wp-content\/uploads\/2016\/10\/Prostata-300x190.jpg 300w, https:\/\/eco-supplements.com\/pl\/wp-content\/uploads\/2016\/10\/Prostata.jpg 640w\" sizes=\"(max-width: 300px) 100vw, 300px\" \/><\/a><p id=\"caption-attachment-3757\" class=\"wp-caption-text\">Prostata<\/p><\/div>\n<p><strong>Prostata<\/strong> (od staro\u017cytnego greckiego \u03c0\u03c1\u03bf\u03c3\u03c4\u03ac\u03c4\u03b7\u03c2, dos\u0142ownie &#8222;ten, kt\u00f3ry stoi przed&#8221;)<sup><small><a href=\"#cite-2\">[2]<\/a><\/small><\/sup> , gruczo\u0142 krokowy, stercz \u2013 nieparzysty narz\u0105d mi\u0119\u015bniowo-gruczo\u0142owy. Jest cz\u0119\u015bci\u0105 sk\u0142adow\u0105 m\u0119skiego uk\u0142adu p\u0142ciowego. Sk\u0142ada si\u0119 z dw\u00f3ch p\u0142at\u00f3w: lewego i prawego, po\u0142\u0105czonych w\u0119zin\u0105. Niestale wyst\u0119puje p\u0142at \u015brodkowy<sup><small><a href=\"#cite-1\">[1]<\/a><\/small><\/sup>. Kszta\u0142t prostaty jest por\u00f3wnywany do kszta\u0142tu kasztana jadalnego (sp\u0142aszczony sto\u017cek). Gruczo\u0142 sterczowy jest otoczony mocn\u0105 torebk\u0105 z mi\u0119\u015bni g\u0142adkich, kurcz\u0105 si\u0119 one podczas ejakulacji.<\/p>\n<p><strong>Gruczo\u0142 krokowy<\/strong> po\u0142o\u017cony jest poni\u017cej p\u0119cherza moczowego w miednicy mniejszej. Przez jego mi\u0105\u017csz przebiega cz\u0119\u015b\u0107 sterczowa cewki moczowej (dlatego gdy dochodzi do jego przerostu, na skutek mechanicznego ucisku cewki moczowej pojawiaj\u0105 si\u0119 problemy z oddawaniem moczu oraz inkontynencja). Funkcj\u0105 prostaty jest wydzielanie lekko zasadowego p\u0142ynu, kt\u00f3ry ma barw\u0119 mleczn\u0105 lub bia\u0142\u0105 b\u0119d\u0105cego cz\u0119\u015bci\u0105 ejakulatu. Stanowi on zwykle oko\u0142o 30% obj\u0119to\u015bci nasienia. Ciecz wydzielana przez prostat\u0119 ma charakterystyczny zapach (to ona nadaje zapach spermie). W sk\u0142ad ejakulatu wchodz\u0105 jeszcze wydzieliny j\u0105der, naj\u0105drzy, p\u0119cherzyk\u00f3w nasiennych oraz gruczo\u0142\u00f3w opuszkowo-cewkowych.<\/p>\n<p>Tylna cz\u0119\u015b\u0107 stercza przylega bezpo\u015brednio do odbytnicy. Silny ucisk w tej okolicy wywo\u0142uje gwa\u0142towne uczucie parcia na mocz oraz niekiedy pieczenie w okolicy \u017co\u0142\u0119dzi. Masa\u017c prostaty wykonywany zar\u00f3wno ze wzgl\u0119d\u00f3w lekarskich (badanie per rectum), jak i erotycznych, prowadzi do czasowego podwy\u017cszenia st\u0119\u017cenia PSA<sup><small><a href=\"#cite-3\">[3]<\/a><\/small><\/sup>, co mo\u017ce skutkowa\u0107 oznaczeniem nieprawid\u0142owego poziomu w badaniu laboratoryjnym.<br \/>\n{PL_PROSTATA_BANER2}<\/p>\n<h2>Zapalenie prostaty<\/h2>\n<p>\u0141agodny rozrost gruczo\u0142u krokowego (<strong>BPH \u2013 Benign Prostatic Hyperplasia<\/strong>) nale\u017cy do najcz\u0119stszych schorze\u0144 u m\u0119\u017cczyzn powy\u017cej 50 roku \u017cycia. <strong>Zapaleniem prostaty nazywamy stan zapalny<\/strong> wywo\u0142any drobnoustrojami,\u00a0kt\u00f3re wnikaj\u0105 do gruczo\u0142u krokowego poprzez torebk\u0119 zabezpieczaj\u0105c\u0105. Mog\u0105 dotrze\u0107 z krwi\u0105 lub przedostaj\u0105 si\u0119 z moczu gdzie dochodzi do namno\u017cenia si\u0119 bakterii. Bardzo cz\u0119st\u0105 przyczyn\u0105 <strong>zapalenia prostaty<\/strong> s\u0105 drobnoustroje i bakterie wnikaj\u0105ce do organizmu podczas kontakt\u00f3w seksualnych. T\u0105 drog\u0105 prostata nara\u017cona jest na zara\u017cenie si\u0119 dwoink\u0105 rze\u017c\u0105czki lub dro\u017cd\u017cakami. Inn\u0105 przyczyn\u0105 zapalenia prostaty jest infekcja wywo\u0142ana zastojem wydzieliny stercza &#8211; p\u0142ynu, produkowanego przez gruczo\u0142 krokowy, kt\u00f3ry umo\u017cliwia plemnikom poruszanie si\u0119. Mo\u017ce si\u0119 tak zda\u017cy\u0107, gdy cz\u0119sto nie dochodzi do wytrysku lub wydzielina produkowana jest w zbyt du\u017cej ilo\u015bci. Zalega wtedy w prostacie i wywo\u0142uje stan zapalny. Zapalenie prostaty jest to jedna z najcz\u0119stszych chor\u00f3b m\u0119\u017cczyzn. Schorzenie rozwija si\u0119 powoli, cechuj\u0105c si\u0119 stopniowym powi\u0119kszeniem gruczo\u0142u krokowego i nasileniem cech przeszkody podp\u0119cherzowej. Choroba stanowi powa\u017cny problem spo\u0142eczny ze wzgl\u0119du na cz\u0119sto\u015b\u0107 wyst\u0119powania, a wobec starzej\u0105cej si\u0119 populacji wkr\u00f3tce b\u0119dzie dolegliwo\u015bci\u0105 powszechn\u0105.<\/p>\n<h3>Objawy zapalenia prostaty<\/h3>\n<p>Typowymi objawami zapalenia prostaty s\u0105:<\/p>\n<ul>\n<li>parcie na mocz,<\/li>\n<li>b\u00f3l i pieczenie przy oddawaniu moczu,<\/li>\n<li>rzadziej gor\u0105czka.<\/li>\n<\/ul>\n<h2>Przerost prostaty &#8211; objawy<\/h2>\n<p>Obawy przerostu prostaty dzielimy na \u0142agodne i onkologiczne. Do tych \u0142agodnych zaliczamy:<\/p>\n<ul>\n<li>konieczno\u015b\u0107 cz\u0119stszego (nawet 3, 4 razy) oddawania moczu, tak\u017ce w nocy;<\/li>\n<li>uczucie ci\u0105g\u0142ego parcia na p\u0119cherz;<\/li>\n<li>d\u0142u\u017cszy czas potrzebny do rozpocz\u0119cia opr\u00f3\u017cniania p\u0119cherza;<\/li>\n<li>ma\u0142a si\u0142a, z jak\u0105 wyp\u0142ywa strumie\u0144 moczu;<\/li>\n<li>konieczno\u015b\u0107 nat\u0119\u017cania si\u0119, aby ca\u0142kowicie opr\u00f3\u017cni\u0107 p\u0119cherz;<\/li>\n<li>nawet \u015bladowe ilo\u015bci krwi w moczu;<\/li>\n<li>ca\u0142kowite zatrzymanie mikcji.<\/li>\n<\/ul>\n<p>Objawy \u0142agodnego przerostu prostaty pojawiaj\u0105 si\u0119 stopniowo i cz\u0119sto s\u0105 bagatelizowane.<\/p>\n<h3>Cz\u0119ste oddawanie moczu<\/h3>\n<h5>Cz\u0119stomocz mo\u017ce by\u0107 objawem wielu chor\u00f3b takich jak:<\/h5>\n<ul>\n<li><strong>zapalenie, \u0142agodny przerost lub rak gruczo\u0142u krokowego<\/strong>;<\/li>\n<li>infekcje uk\u0142adu moczowego;<\/li>\n<li>cukrzyca;<\/li>\n<li>choroby weneryczne;<\/li>\n<li>reaktywne zapalenie staw\u00f3w;<\/li>\n<li>uszkodzenie m\u00f3zgu lub rdzenia kr\u0119gowego;<\/li>\n<li>niedoczynno\u015b\u0107 przysadki m\u00f3zgowej.<\/li>\n<\/ul>\n<h5>Cz\u0119ste oddawanie moczu towarzyszy tak\u017ce podczas:<\/h5>\n<ul>\n<li>ci\u0105\u017cy,<\/li>\n<li>przyjmowania diuretyk\u00f3w.<\/li>\n<\/ul>\n<h3>Leczenie prostaty<\/h3>\n<p>Leczenie prostaty polega na przyjmowaniu preparat\u00f3w zio\u0142owych. Suplementy diety wspomagaj\u0105 funkcjonowanie gruczo\u0142u krokowego i hamuj\u0105 rozw\u00f3j BPH. S\u0105 to preparaty ro\u015blinne z kompozycj\u0105 ekstrakt\u00f3w z palmy saba\u0142owej, pokrzywy oraz wierzbownicy drobnokwiatowej. Palma saba\u0142owa hamuje rozrost prostaty i poprawia przep\u0142yw moczu, pokrzywa dzia\u0142a moczop\u0119dnie, a wierzbownica drobnokwiatowa pomocna jest przy zapaleniu cewki moczowej i powracaj\u0105cych zapaleniach p\u0119cherza, kt\u00f3re s\u0105 cz\u0119stym powik\u0142aniem BPH. Co wa\u017cne: Suplementy odsuwaj\u0105 w czasie stosowanie lek\u00f3w syntetycznych, nie powoduj\u0105 skutk\u00f3w ubocznych i <strong>nie os\u0142abiaj\u0105 libido<\/strong>.<\/p>\n<h2 id=\"suplementy\">Suplementy diety na prostat\u0119<\/h2>\n<h3 id=\"Reprostal\">Reprostal \u2122<\/h3>\n<p>{PL_CP_REPROSTAL_OFF_SUPLE}<\/p>\n<p>{PL_PROSTATA_BANER1}<\/p>\n<p>&nbsp;<\/p>\n<hr \/>\n<h3 id=\"references\">Przypisy<\/h3>\n<ol>\n<li id=\"cite-1\"><small>Zygmunt Urbanowicz: Ma\u0142a encyklopedia anatomii cz\u0142owieka. Lublin: Wydawnictwo Czelej, 2003, s. 553. ISBN 83-89309-09-2.<\/small><\/li>\n<li id=\"cite-2\"><small>Harper, Douglas. &#8222;Prostate&#8221;. Online Etymology Dictionary &#8211; <span class=\"ExternalLinks\"><a href=\"http:\/\/etymonline.com\/?term=prostate\" target=\"_blank\" rel=\"nofollow\">http:\/\/etymonline.com\/?term=prostate<\/a><\/span>.<\/small><\/li>\n<li id=\"cite-3\"><small>PSA &#8211; swoisty antygen sterczowy (z ang. prostate-specific antigen) &#8211; <span class=\"ExternalLinks\"><a href=\"http:\/\/eurologia.pl\/a\/177,psa\" target=\"_blank\" rel=\"nofollow\">http:\/\/eurologia.pl\/a\/177,psa<\/a><\/span>.<\/small><\/li>\n<li id=\"cite-4\"><small>Budzy\u0144ska-Nosal, Renata, and Krzysztof Marczewski. <span class=\"ExternalLinks\"><a href=\"http:\/\/zsim.wszia.edu.pl\/fizjoterapia\/files\/2012\/01\/zsim-34-rbudzynska-nosal.pdf\" target=\"_blank\" rel=\"nofollow\">&#8222;Czy kobiety maj\u0105 prostat\u0119, a je \u017celi tak, to po co?.&#8221;<\/a><\/span> Zamojskie Studia i Materia\u0142y. Seria: Fizjoterapia 1.13: 91-107. &#8222;<em>Niekt\u00f3re okre\u015blenia, raz nadane, jak w przypadku PSA (prostate-specific antigen) \u2013 specyficznego dla prostaty antygenu, kojarz\u0105 si\u0119 z pierwotnym znaczeniem, cho\u0107 nie zawsze s\u0142usznie. Dzi\u0119ki rozwojowi czu\u0142ych metod diagnostycznych udowodniono obecno\u015b\u0107 tego antygenu w wielu tkankach i p\u0142ynach kobiecego organizmu.<\/em>&#8222;<\/small><\/li>\n<li id=\"cite-5\"><small>Szcz\u0119ch, Rados\u0142aw, and Krzysztof Narkiewicz. <span class=\"ExternalLinks\"><a href=\"http:\/\/www.chsin.viamedica.pl\/darmowy_pdf.phtml?indeks=20&amp;indeks_art=190\" target=\"_blank\" rel=\"nofollow\">&#8222;\u0141agodny rozrost prostaty.&#8221;<\/a><\/span> MATERIA 6.1 (2009): 47-48. &#8222;<em>Nadci\u015bnienie t\u0119tnicze i zesp\u00f3\u0142 metaboliczny cz\u0119sto wsp\u00f3\u0142istniej\u0105 z \u0142agodnym rozrostem prostaty u m\u0119\u017cczyzn. W badaniach epidemiologicznych obserwuje si\u0119 szybszy rozw\u00f3j objaw\u00f3w \u0142agodnego rozrostu prostaty u m\u0119\u017cczyzn z nadci\u015bnieniem t\u0119tniczym, nadwag\u0105 i podwy\u017cszonym poziomem cholesterolu. Gruczo\u0142 krokowy (prostata) jest cz\u0119\u015bci\u0105 m\u0119skich narz\u0105d\u00f3w p\u0142ciowych. Znajduje si\u0119 tu\u017c pod p\u0119cherzem moczowym, dlatego wychodz\u0105ca z p\u0119cherza cewka moczowa przebiega przez \u015brodek prostaty. Podstawow\u0105 funkcj\u0105 tego gruczo\u0142u jest produkcja specjalnego p\u0142ynu, kt\u00f3ry wchodzi w sk\u0142ad nasienia. Gruczo\u0142 krokowy powi\u0119ksza si\u0119 w dw\u00f3ch okresach. W okresie pokwitania przybiera rozmiar zbli\u017cony do wielko\u015bci kasztana i taki pozostaje przez kolejne 20\u201330 lat. Nast\u0119pnie, oko\u0142o 40. roku \u017cycia, prostata zaczyna ponownie rosn\u0105\u0107 \u2014 to w\u0142a\u015bnie na tym drugim etapie nast\u0119puje \u0142agodny rozrost gruczo\u0142u krokowego. Mimo rozrostu, w wi\u0119kszo\u015bci przypadk\u00f3w nie odczuwa si\u0119 dolegliwo\u015bci, a\u017c do osi\u0105gni\u0119cia podesz\u0142ego wieku.<\/em>&#8222;<\/small><\/li>\n<li id=\"cite-6\"><small>WOREK, MAREK. <span class=\"ExternalLinks\"><a href=\"http:\/\/dl.bm.cm-uj.krakow.pl:8080\/Content\/762\/Worek%20-%20short%20version2.pdf\" target=\"_blank\" rel=\"nofollow\">&#8222;Funkcja autonomicznego uk\u0142adu nerwowego w \u0142agodnym rozro\u015bcie gruczo\u0142u krokowego.&#8221;<\/a><\/span> &#8222;\u0141agodny rozrost gruczo\u0142u krokowego (BPH &#8211; Benign Prostatic Hyperplasia) nale\u017cy do najcz\u0119stszych schorze\u0144 u m\u0119\u017cczyzn powy\u017cej 50 roku \u017cycia. Jakkolwiek zmiany histopatologiczne o charakterze hyperplazji tkanek prostaty stwierdzane s\u0105 u 50% m\u0119\u017cczyzn po 50 i 90% po 85 roku \u017cycia, to dane epidemiologiczne wykazuj\u0105 wyst\u0119powanie objaw\u00f3w klinicznych przerostu gruczo\u0142u krokowego u 50% z nich.&#8221;<\/small><\/li>\n<li id=\"cite-7\"><small>Power ER, Fitzpatrick JM.: Medical treatment of BPH: an update on results. EAU Update Series 2004; vol. 2 no. 1; 6-14.<\/small><\/li>\n<li id=\"cite-8\"><small>Cussenot O, Ropiquet F, Cochand-Priollet B.: Stroma-epithelium interactions in prostate. Biomed&amp;Pharmacother 1994; vol.48; suppl 1; 5-8 Partin AW, Rodriguez R: The Molecular biology,endocrinology and physiology of the prostate and seminal vesicles; in Walsh PC (ed): Campbell\u2019s Urology. Philadelphia, Saunders, 2002, vol.2, pp 1237-1296.<\/small><\/li>\n<li id=\"cite-9\"><small>Boniecki, Rados\u0142aw. <span class=\"ExternalLinks\"><a href=\"http:\/\/www.akademiamedycyny.pl\/wp-content\/uploads\/2016\/05\/201104_Geriatria_004.pdf\" target=\"_blank\" rel=\"nofollow\">&#8222;Ocena dolegliwo\u015bci zwi\u0105zanych z \u0142agodnym rozrostem prostaty Evaluation of symptoms associated with benign prostate hyperplasia.&#8221;<\/a><\/span> &#8222;<em>Prostata to gruczo\u0142 krokowy, kt\u00f3rego koncentryczne powi\u0119kszenie powoduje zw\u0119\u017cenie \u015bwiat\u0142a cewki moczowej. To choroba zwi\u0105zana z wiekiem. Schorzenie rozwija si\u0119 powoli, cechuj\u0105c si\u0119 stopniowym powi\u0119kszeniem gruczo\u0142u krokowego i nasileniem cech przeszkody podp\u0119cherzowej. Choroba stanowi powa\u017cny problem spo\u0142eczny ze wzgl\u0119du na cz\u0119sto\u015b\u0107 wyst\u0119powania, a wobec starzej\u0105cej si\u0119 populacji wkr\u00f3tce b\u0119dzie dolegliwo\u015bci\u0105 powszechn\u0105. Na szcz\u0119\u015bcie, badania profilaktyczne i odpowiednio wcze\u015bnie podj\u0119te leczenie zwykle umo\u017cliwia szybkie i skuteczne zniwelowanie objaw\u00f3w choroby.<\/em>&#8222;<\/small><\/li>\n<li id=\"cite-10\"><small>Go\u0142\u0119bicka, Anna, and Maciej Musio\u0142. <span class=\"ExternalLinks\"><a href=\"http:\/\/bazekon.icm.edu.pl\/bazekon\/element\/bwmeta1.element.ekon-element-000107940429\" target=\"_blank\" rel=\"nofollow\">&#8222;Wstydliwe tematy w reklamie.&#8221;<\/a><\/span> Marketing w Praktyce 11 (2006): 8-11.<\/small><\/li>\n<li id=\"cite-11\"><small>Ventura  S, Pennefather J, Michelson F. Cholinergic innervation and  function in the prostate  gland. Pharmacol Ther, 2002, 94, 93-112.<\/small><\/li>\n<\/ol>\n","protected":false},"excerpt":{"rendered":"<p>Prostata (od staro\u017cytnego greckiego \u03c0\u03c1\u03bf\u03c3\u03c4\u03ac\u03c4\u03b7\u03c2, dos\u0142ownie &#8222;ten, kt\u00f3ry stoi przed&#8221;)[2] , gruczo\u0142 krokowy, stercz \u2013 nieparzysty narz\u0105d mi\u0119\u015bniowo-gruczo\u0142owy. Jest cz\u0119\u015bci\u0105 sk\u0142adow\u0105 m\u0119skiego uk\u0142adu p\u0142ciowego. Sk\u0142ada si\u0119 z dw\u00f3ch p\u0142at\u00f3w: lewego [&hellip;]<\/p>\n","protected":false},"author":1,"featured_media":3757,"parent":0,"menu_order":0,"comment_status":"closed","ping_status":"closed","template":"","meta":{"footnotes":""},"class_list":["post-3756","page","type-page","status-publish","has-post-thumbnail","hentry"],"aioseo_notices":[],"_links":{"self":[{"href":"https:\/\/eco-supplements.com\/pl\/wp-json\/wp\/v2\/pages\/3756","targetHints":{"allow":["GET"]}}],"collection":[{"href":"https:\/\/eco-supplements.com\/pl\/wp-json\/wp\/v2\/pages"}],"about":[{"href":"https:\/\/eco-supplements.com\/pl\/wp-json\/wp\/v2\/types\/page"}],"author":[{"embeddable":true,"href":"https:\/\/eco-supplements.com\/pl\/wp-json\/wp\/v2\/users\/1"}],"replies":[{"embeddable":true,"href":"https:\/\/eco-supplements.com\/pl\/wp-json\/wp\/v2\/comments?post=3756"}],"version-history":[{"count":27,"href":"https:\/\/eco-supplements.com\/pl\/wp-json\/wp\/v2\/pages\/3756\/revisions"}],"predecessor-version":[{"id":8139,"href":"https:\/\/eco-supplements.com\/pl\/wp-json\/wp\/v2\/pages\/3756\/revisions\/8139"}],"wp:featuredmedia":[{"embeddable":true,"href":"https:\/\/eco-supplements.com\/pl\/wp-json\/wp\/v2\/media\/3757"}],"wp:attachment":[{"href":"https:\/\/eco-supplements.com\/pl\/wp-json\/wp\/v2\/media?parent=3756"}],"curies":[{"name":"wp","href":"https:\/\/api.w.org\/{rel}","templated":true}]}}