{"id":41,"date":"2015-07-06T19:21:48","date_gmt":"2015-07-06T17:21:48","guid":{"rendered":"https:\/\/eco-supplements.com\/pl\/?page_id=41"},"modified":"2021-08-14T15:16:21","modified_gmt":"2021-08-14T13:16:21","slug":"eco-supplements","status":"publish","type":"page","link":"https:\/\/eco-supplements.com\/pl\/","title":{"rendered":"Eco Supplements"},"content":{"rendered":"<p>Eco-Supplements &#8211; skuteczne, zdrowe, naturalne &#8211; starannie wyselekcjonowane suplementy diety. Polecamy najlepsze dost\u0119pne produkty, kt\u00f3re sprawdzi\u0142y si\u0119 na ca\u0142ym \u015bwiecie.<\/p>\n<h2>Suplementy diety<\/h2>\n<p><strong>Suplement diety<\/strong> jest to specjalny preparat zawieraj\u0105cy niezb\u0119dne dla zdrowia sk\u0142adniki (zw\u0142aszcza witaminy lub inne substancje egzogenne), kt\u00f3rych bardzo cz\u0119sto brakuje w codziennej diecie. W wielu przypadkach stosowany jest by dostarczy\u0107 sk\u0142adniki w wi\u0119kszej ilo\u015bci ni\u017c mo\u017cliwe to jest poprzez zr\u00f3\u017cnicowan\u0105 diet\u0119. Suplement dostarczany jest najcz\u0119\u015bciej w postaci skoncentrowanej &#8211; jako tabletki, kapsu\u0142ki, proszek lub p\u0142yn. Najbardziej popularne to: <a title=\"suplementy diety na odchudzanie\" href=\"https:\/\/eco-supplements.com\/pl\/naturalne-odchudzanie\/\">suplementy diety na odchudzanie<\/a>, <a title=\"suplementy diety na cellulit\" href=\"https:\/\/eco-supplements.com\/pl\/cellulit\/\">suplementy diety na cellulit<\/a>, <a title=\"suplementy diety na tr\u0105dzik\" href=\"https:\/\/eco-supplements.com\/pl\/tradzik\/\">suplementy diety na tr\u0105dzik<\/a> oraz <a title=\"suplementy diety na chrapanie\" href=\"https:\/\/eco-supplements.com\/pl\/chrapanie\/\">suplementy diety na chrapanie<\/a>.<\/p>\n<div class=\"promo_box\">\n<h4>Black Latte \u2122 ReShape \u2013 Rzetelna opinia, sk\u0142ad, gdzie kupi\u0107?<\/h4>\n<p><a class=\"aligncenter\" title=\"Black Latte\" href=\"https:\/\/eco-supplements.com\/pl\/odchudzanie\/black-latte\/\"><img decoding=\"async\" class=\"alignnone size-medium\" src=\"https:\/\/eco-supplements.com\/pl\/wp-content\/uploads\/2018\/11\/Black-Latte-\u2122-ReShape-Rzetelna-opinia-sk\u0142ad-gdzie-kupi\u0107-300x200.jpg\" alt=\"Black Latte\" \/><\/a><\/p>\n<\/div>\n<div class=\"promo_box\">\n<h4>Choco Lite \u2122<br \/>\n\u2013 Naturalny<br \/>\nkoktajl odchudzaj\u0105cy<\/h4>\n<p><a class=\"aligncenter\" title=\"Choco Lite\" href=\"https:\/\/eco-supplements.com\/pl\/odchudzanie\/choco-lite\/\"><img decoding=\"async\" class=\"alignnone size-medium\" src=\"https:\/\/eco-supplements.com\/pl\/wp-content\/uploads\/2017\/02\/Choco-Lite\u2122-Naturalny-koktajl-odchudzaj\u0105cy-300x200.jpg\" alt=\"Choco Lite\" \/><\/a><\/p>\n<\/div>\n<div class=\"promo_box\">\n<h4>Now Foods \u2122<br \/>\n\u2013 Probiotic-10, 25 Billion<br \/>\n<small>wsparcie odporno\u015bci<\/small><\/h4>\n<p><a class=\"aligncenter\" title=\"Now \u2013 Probiotic-10, 25 Miliard\u00f3w, 50 Kapsu\u0142ek Wega\u0144skich\" href=\"https:\/\/eco-supplements.com\/pl\/odpornosc\/now-probiotic-10-25-miliardow-50-kapsulek-weganskich\/\"><img decoding=\"async\" class=\"alignnone size-medium\" src=\"https:\/\/eco-supplements.com\/wp-content\/uploads\/2020\/04\/Now-\u2013-Probiotic-10.jpg\" alt=\"Now \u2013 Probiotic-10, 25 Miliard\u00f3w, 50 Kapsu\u0142ek Wega\u0144skich\" \/><\/a><\/p>\n<\/div>\n<h2>Witaminy<\/h2>\n<p><strong>Witaminy<\/strong> (np. <a title=\"Witamina A\" href=\"https:\/\/eco-supplements.com\/pl\/witaminy\/witamina-a-retinol\/\" rel=\"nofollow\">witamina A<\/a>,\u00a0 <a title=\"Witamina C\" href=\"https:\/\/eco-supplements.com\/pl\/witaminy\/witamina-c-kwas-l-askorbinowy\/\" rel=\"nofollow\">witamina C<\/a>) jest to grupa substancji organicznych (zwi\u0105zk\u00f3w chemicznych o r\u00f3\u017cnorodnej budowie), kt\u00f3re s\u0105 niezb\u0119dne do prawid\u0142owego funkcjonowania organizmu \u017cywego. Zwi\u0105zki te s\u0105 pochodzenia naturalnego lub otrzymywane syntetycznie. Witaminy s\u0105 dla cz\u0142owieka egzogenne (ludzki organizm nie potrafi ich sam zsyntetyzowa\u0107), dlatego musz\u0105 by\u0107 dostarczane z pokarmem (najcz\u0119\u015bciej w postaci prowitamin) lub suplementowane.<\/p>\n<div class=\"promo_box\">\n<h4>Witamina C marki Cheers \u2122<\/h4>\n<p><a class=\"aligncenter\" title=\"Cheers - Witamina C\" href=\"https:\/\/eco-supplements.com\/pl\/witaminy\/witamina-c-marki-cheers\/\"><img decoding=\"async\" class=\"alignnone size-medium\" src=\"https:\/\/eco-supplements.com\/pl\/wp-content\/uploads\/2018\/10\/Witamina-C-marki-Cheers-\u2122-300x200.jpg\" alt=\"Cheers - Witamina C\" \/><\/a><\/p>\n<\/div>\n<div class=\"promo_box\">\n<h4>Witamina B complex &#8211; Cheers \u2122<\/h4>\n<p><a class=\"aligncenter\" title=\"Cheers - Witamina B complex\" href=\"https:\/\/eco-supplements.com\/pl\/witaminy\/witamina-b-complex-marki-cheers\/\"><img decoding=\"async\" class=\"alignnone size-medium\" src=\"https:\/\/eco-supplements.com\/pl\/wp-content\/uploads\/2018\/10\/Witamina-B-complex-marki-Cheers-%E2%84%A2-600x400.jpg\" alt=\"Cheers - Witamina B complex\" \/><\/a><\/p>\n<\/div>\n<h2>Substancje egzogenne<\/h2>\n<p><strong>Substancje egzogenne<\/strong> (zwi\u0105zki egzogenne) s\u0105 to zwi\u0105zki chemiczne, kt\u00f3re nie s\u0105 syntetyzowany przez organizm cz\u0142owieka. Bior\u0105 udzia\u0142 w procesach biochemicznych przebiegaj\u0105cych w organi\u017amie, jako substancje dostarczone np. za pomoc\u0105 uk\u0142adu pokarmowego. Substancje egzogenne mog\u0105 w trakcie tych proces\u00f3w ulega\u0107 przemianom w inne wa\u017cne zwi\u0105zki.<\/p>\n<hr \/>\n<h3>Szczeg\u00f3lnie polecamy<\/h3>\n<p><a href=\"?pp=NC_TESTOPRIME_EN_HP\" target=\"_blank\" rel=\"nofollow noopener\"><img decoding=\"async\" src=\"https:\/\/eco-supplements.com\/pl\/wp-content\/uploads\/2021\/08\/TestoPrime-to-calkowicie-naturalny-modulator-produkcji-testosteronu-620x413.jpg\" alt=\"\" width=\"620\" height=\"413\" class=\"aligncenter size-large wp-image-11031\" srcset=\"https:\/\/eco-supplements.com\/pl\/wp-content\/uploads\/2021\/08\/TestoPrime-to-calkowicie-naturalny-modulator-produkcji-testosteronu-620x413.jpg 620w, https:\/\/eco-supplements.com\/pl\/wp-content\/uploads\/2021\/08\/TestoPrime-to-calkowicie-naturalny-modulator-produkcji-testosteronu-300x200.jpg 300w, https:\/\/eco-supplements.com\/pl\/wp-content\/uploads\/2021\/08\/TestoPrime-to-calkowicie-naturalny-modulator-produkcji-testosteronu-768x512.jpg 768w, https:\/\/eco-supplements.com\/pl\/wp-content\/uploads\/2021\/08\/TestoPrime-to-calkowicie-naturalny-modulator-produkcji-testosteronu-1536x1024.jpg 1536w, https:\/\/eco-supplements.com\/pl\/wp-content\/uploads\/2021\/08\/TestoPrime-to-calkowicie-naturalny-modulator-produkcji-testosteronu.jpg 1920w\" sizes=\"(max-width: 620px) 100vw, 620px\" \/><\/a><\/p>\n<div class=\"promo_box\">\n<h4>Czy lakownica \u017c\u00f3\u0142tawa wp\u0142ywa na odchudzanie?<\/h4>\n<p><a class=\"aligncenter\" title=\"Czy lakownica \u017c\u00f3\u0142tawa wp\u0142ywa na odchudzanie?\" href=\"https:\/\/eco-supplements.com\/pl\/odchudzanie\/czy-lakownica-zoltawa-wplywa-na-odchudzanie\/\"><img decoding=\"async\" class=\"size-medium\" src=\"https:\/\/eco-supplements.com\/pl\/wp-content\/uploads\/2018\/04\/Ganoderma_lucidum_01-300x225.jpg\" alt=\"Czy lakownica \u017c\u00f3\u0142tawa wp\u0142ywa na odchudzanie?\" \/><\/a><\/p>\n<\/div>\n<div class=\"promo_box\">\n<h4>Czy jedzenie owoc\u00f3w morza zwi\u0119ksza nasz\u0105 p\u0142odno\u015b\u0107?<\/h4>\n<p><a class=\"aligncenter\" title=\"Czy jedzenie owoc\u00f3w morza zwi\u0119ksza nasz\u0105 p\u0142odno\u015b\u0107?\" href=\"https:\/\/eco-supplements.com\/pl\/zdrowie-i-uroda\/czy-jedzenie-owocow-morza-zwieksza-nasza-plodnosc\/\"><img decoding=\"async\" class=\"alignnone size-medium\" src=\"https:\/\/eco-supplements.com\/pl\/wp-content\/uploads\/2016\/09\/libido-300x208.jpg\" alt=\"libido\" \/><\/a><\/p>\n<\/div>\n<h3>Video<\/h3>\n<div class=\"promo_box\">\n<h4>Jak ukry\u0107<br \/>\nniedoskona\u0142o\u015bci cery?<\/h4>\n<p><a class=\"aligncenter\" title=\"Jak ukry\u0107 niedoskona\u0142o\u015bci cery?\" href=\"https:\/\/eco-supplements.com\/pl\/zdrowie-i-uroda\/jak-ukryc-niedoskonalosci-cery\/\"><img decoding=\"async\" class=\"alignnone size-medium\" src=\"https:\/\/eco-supplements.com\/pl\/wp-content\/uploads\/2018\/08\/Jak-ukry\u0107-niedoskona\u0142o\u015bci-cery-Ewa-Wrzesi\u0144ska-300x172.jpg\" alt=\"Jak ukry\u0107 niedoskona\u0142o\u015bci cery?\" \/><\/a><\/p>\n<\/div>\n<div class=\"promo_box\">\n<h4>10 znanych ro\u015blin, kt\u00f3re zabijaj\u0105 ludzkie paso\u017cyty<\/h4>\n<p><a class=\"aligncenter\" title=\"10 znanych ro\u015blin, kt\u00f3re zabijaj\u0105 ludzkie paso\u017cyty\" href=\"https:\/\/eco-supplements.com\/pl\/zdrowie-i-uroda\/10-znanych-roslin-ktore-zabijaja-ludzkie-pasozyty\/\"><img decoding=\"async\" class=\"size-medium\" src=\"https:\/\/eco-supplements.com\/pl\/wp-content\/uploads\/2018\/07\/10-znanych-ro\u015blin-kt\u00f3re-zabijaj\u0105-ludzkie-paso\u017cyty-300x200.jpg\" alt=\"10 znanych ro\u015blin, kt\u00f3re zabijaj\u0105 ludzkie paso\u017cyty\" \/><\/a><\/p>\n<\/div>\n<div class=\"promo_box\">\n<h4>Bor\u00f3wka ameryka\u0144ska \u2013 Anna Radowicka<\/h4>\n<p><a class=\"aligncenter\" title=\"Bor\u00f3wka ameryka\u0144ska (Vaccinium corymbosum) \u2013 Anna Radowicka\" href=\"https:\/\/eco-supplements.com\/pl\/natura\/borowka-amerykanska-vaccinium-corymbosum\/\"><img decoding=\"async\" class=\"size-medium\" src=\"https:\/\/eco-supplements.com\/pl\/wp-content\/uploads\/2018\/08\/Bor\u00f3wka-ameryka\u0144ska-Vaccinium-corymbosum-\u2013-Anna-Radowicka-300x170.jpg\" alt=\"Bor\u00f3wka ameryka\u0144ska (Vaccinium corymbosum) \u2013 Anna Radowicka\" \/><\/a><\/p>\n<\/div>\n<div class=\"promo_box\">\n<h4>Co je\u015b\u0107 aby zregenerowa\u0107 w\u0105trob\u0119? (El\u017cbieta Lange)<\/h4>\n<p><a class=\"aligncenter\" title=\"Co je\u015b\u0107 aby zregenerowa\u0107 w\u0105trob\u0119? (El\u017cbieta Lange)\" href=\"https:\/\/eco-supplements.com\/pl\/zdrowie-i-uroda\/co-jesc-aby-zregenerowac-watrobe\/\"><img decoding=\"async\" class=\"size-medium\" src=\"https:\/\/eco-supplements.com\/pl\/wp-content\/uploads\/2018\/08\/Co-je\u015b\u0107-aby-zregenerowa\u0107-w\u0105trob\u0119-El\u017cbieta-Lange-300x169.jpg\" alt=\"Co je\u015b\u0107 aby zregenerowa\u0107 w\u0105trob\u0119? (El\u017cbieta Lange)\" \/><\/a><\/p>\n<\/div>\n<h3>Porady<\/h3>\n<p><a title=\"Pokona\u0107 stres\" href=\"https:\/\/eco-supplements.com\/pl\/zdrowie-i-uroda\/pokonac-stres\/\"><img decoding=\"async\" class=\"alignleft size-thumbnail\" src=\"https:\/\/eco-supplements.com\/pl\/wp-content\/uploads\/2016\/09\/Pokona\u0107-stres-150x150.jpg\" alt=\"\" width=\"150\" height=\"150\" \/> Pokona\u0107 stres<\/a> &#8211; Przedstawiamy nowy, warto\u015bciowy i przydatny cykl artyku\u0142\u00f3w zatytu\u0142owany \u201ePokona\u0107 stres\u201d. Znajdziecie tutaj wpisy o stresie, nerwach, niepokoju oraz przyczynach tych stan\u00f3w i metodach jakie pozwalaj\u0105 sobie z nimi radzi\u0107.<\/p>\n<p>&nbsp;<\/p>\n<div class=\"promo_box\">\n<h4>Tracisz w\u0142osy? Przyczyn\u0105 mo\u017ce by\u0107 stres (dr El\u017cbieta Bonder)<\/h4>\n<p><a class=\"aligncenter\" title=\"Tracisz w\u0142osy? Przyczyn\u0105 mo\u017ce by\u0107 stres\" href=\"https:\/\/eco-supplements.com\/pl\/zdrowie-i-uroda\/tracisz-wlosy-przyczyna-moze-byc-stres\/\"><img decoding=\"async\" class=\"size-medium\" src=\"https:\/\/eco-supplements.com\/pl\/wp-content\/uploads\/2018\/08\/Video-Tracisz-w\u0142osy-Przyczyn\u0105-mo\u017ce-by\u0107-stres-300x169.jpg\" alt=\"Video: Tracisz w\u0142osy? Przyczyn\u0105 mo\u017ce by\u0107 stres (dr El\u017cbieta Bonder)\" \/><\/a><\/p>\n<\/div>\n<div class=\"promo_box\">\n<h4>Witamina C skuteczna w leczeniu sepsy<\/h4>\n<p><a class=\"aligncenter\" title=\"Witamina C skuteczna w leczeniu sepsy\" href=\"https:\/\/eco-supplements.com\/pl\/zdrowie-i-uroda\/witamina-c-skuteczna-w-leczeniu-sepsy\/\"><img decoding=\"async\" class=\"size-medium\" src=\"https:\/\/eco-supplements.com\/pl\/wp-content\/uploads\/2018\/08\/Video-Witamina-C-skuteczna-w-leczeniu-sepsy-300x195.jpg\" alt=\"Video: Witamina C skuteczna w leczeniu sepsy\" \/><\/a><\/p>\n<\/div>\n","protected":false},"excerpt":{"rendered":"<p>Eco-Supplements &#8211; skuteczne, zdrowe, naturalne &#8211; starannie wyselekcjonowane suplementy diety. Polecamy najlepsze dost\u0119pne produkty, kt\u00f3re sprawdzi\u0142y si\u0119 na ca\u0142ym \u015bwiecie. Suplementy diety Suplement diety jest to specjalny preparat zawieraj\u0105cy niezb\u0119dne [&hellip;]<\/p>\n","protected":false},"author":1,"featured_media":0,"parent":0,"menu_order":0,"comment_status":"closed","ping_status":"closed","template":"","meta":{"footnotes":""},"class_list":["post-41","page","type-page","status-publish","hentry"],"aioseo_notices":[],"_links":{"self":[{"href":"https:\/\/eco-supplements.com\/pl\/wp-json\/wp\/v2\/pages\/41","targetHints":{"allow":["GET"]}}],"collection":[{"href":"https:\/\/eco-supplements.com\/pl\/wp-json\/wp\/v2\/pages"}],"about":[{"href":"https:\/\/eco-supplements.com\/pl\/wp-json\/wp\/v2\/types\/page"}],"author":[{"embeddable":true,"href":"https:\/\/eco-supplements.com\/pl\/wp-json\/wp\/v2\/users\/1"}],"replies":[{"embeddable":true,"href":"https:\/\/eco-supplements.com\/pl\/wp-json\/wp\/v2\/comments?post=41"}],"version-history":[{"count":94,"href":"https:\/\/eco-supplements.com\/pl\/wp-json\/wp\/v2\/pages\/41\/revisions"}],"predecessor-version":[{"id":11033,"href":"https:\/\/eco-supplements.com\/pl\/wp-json\/wp\/v2\/pages\/41\/revisions\/11033"}],"wp:attachment":[{"href":"https:\/\/eco-supplements.com\/pl\/wp-json\/wp\/v2\/media?parent=41"}],"curies":[{"name":"wp","href":"https:\/\/api.w.org\/{rel}","templated":true}]}}