{"id":4163,"date":"2016-10-29T15:30:05","date_gmt":"2016-10-29T13:30:05","guid":{"rendered":"https:\/\/eco-supplements.com\/pl\/?page_id=4163"},"modified":"2017-09-11T12:35:43","modified_gmt":"2017-09-11T10:35:43","slug":"acai-berry-euterpe-oleracea-fruit","status":"publish","type":"page","link":"https:\/\/eco-supplements.com\/pl\/acai-berry-euterpe-oleracea-fruit\/","title":{"rendered":"Acai Berry (Euterpe oleracea fruit)"},"content":{"rendered":"<p><a href=\"https:\/\/eco-supplements.com\/pl\/wp-content\/uploads\/2016\/10\/Acai-Berry-Euterpe-oleracea-fruit.jpg\"><img decoding=\"async\" class=\"size-medium wp-image-4221 alignleft\" src=\"https:\/\/eco-supplements.com\/pl\/wp-content\/uploads\/2016\/10\/Acai-Berry-Euterpe-oleracea-fruit-300x200.jpg\" alt=\"Acai Berry (Euterpe oleracea fruit)\" width=\"300\" height=\"200\" srcset=\"https:\/\/eco-supplements.com\/pl\/wp-content\/uploads\/2016\/10\/Acai-Berry-Euterpe-oleracea-fruit-300x200.jpg 300w, https:\/\/eco-supplements.com\/pl\/wp-content\/uploads\/2016\/10\/Acai-Berry-Euterpe-oleracea-fruit-768x512.jpg 768w, https:\/\/eco-supplements.com\/pl\/wp-content\/uploads\/2016\/10\/Acai-Berry-Euterpe-oleracea-fruit-1024x683.jpg 1024w, https:\/\/eco-supplements.com\/pl\/wp-content\/uploads\/2016\/10\/Acai-Berry-Euterpe-oleracea-fruit.jpg 1200w\" sizes=\"(max-width: 300px) 100vw, 300px\" \/><\/a><strong>Euterpa warzywna<\/strong>, warzywnia warzywna (<em>Euterpe oleracea<\/em>) \u2013 gatunek z rodziny arekowatych (palm). Pochodzi z teren\u00f3w tropikalnych Ameryki Po\u0142udniowej, ale zosta\u0142 szeroko rozprzestrzeniony w strefie mi\u0119dzyzwrotnikowej na ca\u0142ym \u015bwiecie. Owoce palmy nazywaj\u0105 si\u0119 <a href=\"https:\/\/eco-supplements.com\/pl\/acai-berry-euterpe-oleracea-fruit\/\">Acai Berry (Euterpe oleracea fruit)<\/a>.<\/p>\n<h2>Owoce &#8211; Jagody Acai<\/h2>\n<div id=\"attachment_4168\" style=\"width: 310px\" class=\"wp-caption alignleft\"><a href=\"https:\/\/eco-supplements.com\/pl\/wp-content\/uploads\/2016\/10\/Jagody-Acai-Acai-Berry-Euterpe-oleracea-fruit.jpg\"><img decoding=\"async\" aria-describedby=\"caption-attachment-4168\" class=\"size-medium wp-image-4168\" src=\"https:\/\/eco-supplements.com\/pl\/wp-content\/uploads\/2016\/10\/Jagody-Acai-Acai-Berry-Euterpe-oleracea-fruit-300x200.jpg\" alt=\"Jagody Acai (Acai Berry, Euterpe oleracea fruit)\" width=\"300\" height=\"200\" srcset=\"https:\/\/eco-supplements.com\/pl\/wp-content\/uploads\/2016\/10\/Jagody-Acai-Acai-Berry-Euterpe-oleracea-fruit-300x200.jpg 300w, https:\/\/eco-supplements.com\/pl\/wp-content\/uploads\/2016\/10\/Jagody-Acai-Acai-Berry-Euterpe-oleracea-fruit-768x512.jpg 768w, https:\/\/eco-supplements.com\/pl\/wp-content\/uploads\/2016\/10\/Jagody-Acai-Acai-Berry-Euterpe-oleracea-fruit-1024x683.jpg 1024w, https:\/\/eco-supplements.com\/pl\/wp-content\/uploads\/2016\/10\/Jagody-Acai-Acai-Berry-Euterpe-oleracea-fruit.jpg 1200w\" sizes=\"(max-width: 300px) 100vw, 300px\" \/><\/a><p id=\"caption-attachment-4168\" class=\"wp-caption-text\">Jagody Acai (Acai Berry, Euterpe oleracea fruit)<\/p><\/div>\n<p>Owoce euterpii warzywnej &#8211; jagody acai (portugal. a\u00e7a\u00ed, ang. acai berries) &#8211; podobne z wygl\u0105du do winogron. S\u0105 jednak mniejsze \u2013 zawieraj\u0105 jedn\u0105 du\u017c\u0105 pestk\u0119 o \u015brednicy od 7 do 10 mm oraz bardzo ma\u0142o mi\u0105\u017cszu. Drzewo rodzi jagody dwa razy do roku w kilku, a nawet kilkunastu gronach, zawieraj\u0105cych od 500 do 900 jag\u00f3d.<\/p>\n<h2>Acai Berry &#8211; sk\u0142adniki<\/h2>\n<p>Do tej pory nie znaleziono na \u015bwiecie surowca (owocu), kt\u00f3ry pod wzgl\u0119dem warto\u015bci od\u017cywczej m\u00f3g\u0142by konkurowa\u0107 z jagod\u0105 acai. Dlatego Perricone nazwa\u0142 j\u0105 \u201esuperfood na 1\u201d (<a title=\"Warto\u015b\u0107 energetyczna i zawarto\u015b\u0107 wybranych sk\u0142adnik\u00f3w od\u017cywczych w jagodzie acai (acai berry)\" href=\"#Tabela1\">tabela 1<\/a>). Owoc Acai jest niezwykle bogatym \u017ar\u00f3d\u0142em sk\u0142adnik\u00f3w od\u017cywczych i b\u0142onnika, ma nisk\u0105 zawarto\u015b\u0107 wody, kt\u00f3ra w \u015bwie\u017cych owocach wynosi zaledwie 60%.<\/p>\n<p><strong>Jagoda acai<\/strong> wyr\u00f3\u017cnia si\u0119 obecno\u015bci\u0105 w jej sk\u0142adzie chemicznym bia\u0142ka o wysokiej warto\u015bci biologicznej, zawieraj\u0105cego wszystkie aminokwasy egzogenne w zalecanych proporcjach (<a title=\"Sk\u0142ad aminokwasowy bia\u0142ka jagody acai (acai berry)\" href=\"#Tabela2\">tabela 2<\/a>).<\/p>\n<p>Jagody maj\u0105 znacz\u0105c\u0105 zawarto\u015b\u0107 witamin rozpuszczalnych (witamina A i witamina E), cho\u0107 owoce bogate s\u0105 tak\u017ce w <a href=\"https:\/\/eco-supplements.com\/pl\/witaminy\/witaminy\/\">witaminy<\/a> z grupy B oraz sk\u0142adniki mineralne (Magnez &#8211; Mg, Mied\u017a &#8211; Cu, Chrom &#8211; Cr, Cynk &#8211; Zn, Mangan &#8211; Mn, Selen &#8211; Se, Potas &#8211; K, Molibden &#8211; Mo, Jod &#8211; I, Bor &#8211; B).<\/p>\n<h2>Jagody acai (acai berry) a odchudzanie<\/h2>\n<p>Jagody acai, dzi\u0119ki du\u017cej ilo\u015bci b\u0142onnika (16,9 g w 100 g), przy\u015bpieszaj\u0105 przemian\u0119 materii (metabolizm) oraz proces trawienia. Daj\u0105 d\u0142ugotrwa\u0142e uczucie syto\u015bci, a tym samym pomagaj\u0105 kontrolowa\u0107 i stopniowo ogranicza\u0107 ilo\u015b\u0107 spo\u017cywanych kalorii. Dzi\u0119ki bardzo du\u017cej zawarto\u015bci tyrozyny s\u0105 naturalnym spalaczem t\u0142uszczu. Antyoksdanty \u015bwietnie oczyszczaj\u0105 organizm z niepotrzebnych toksyn, oraz obni\u017caj\u0105 poziom &#8222;z\u0142ego&#8221; cholesterolu. Dlatego odchudzanie z acai berry jest tak skuteczne. Je\u017celi szukasz produkt\u00f3w odchudzaj\u0105cych koniecznie zobacz nasz ranking tabletek odchudzaj\u0105cych z jagodami acai: <a href=\"https:\/\/eco-supplements.com\/pl\/odchudzanie\/acai-berry-tabletki-na-odchudzanie\/\">Ranking tabletek na odchudzanie z Acai Berry<\/a> oraz og\u00f3lny: <a href=\"https:\/\/eco-supplements.com\/pl\/odchudzanie\/tabletki-na-odchudzanie-ranking\/\">Ranking tabletek na odchudzanie<\/a>.<\/p>\n<p><a title=\"Chcesz wygl\u0105da\u0107 dobrze w bikini? Schudnij z AcaiBerry900!\" href=\"https:\/\/eco-supplements.com\/pl\/odchudzanie\/acaiberry900-w-jaki-sposob-skutecznie-zrzucic-zbedne-kilogramy\/\"><img decoding=\"async\" class=\"alignnone size-full wp-image-4201\" src=\"https:\/\/eco-supplements.com\/pl\/wp-content\/uploads\/2016\/10\/PL_AC_CTA_2.jpg\" alt=\"Chcesz wygl\u0105da\u0107 dobrze w bikini? Schudnij z AcaiBerry900!\" width=\"700\" height=\"250\" srcset=\"https:\/\/eco-supplements.com\/pl\/wp-content\/uploads\/2016\/10\/PL_AC_CTA_2.jpg 700w, https:\/\/eco-supplements.com\/pl\/wp-content\/uploads\/2016\/10\/PL_AC_CTA_2-300x107.jpg 300w\" sizes=\"(max-width: 700px) 100vw, 700px\" \/><\/a><\/p>\n<h2 id=\"suplementy\">Suplementy diety na odchudzanie z Acai Berry<\/h2>\n<p>Na rynku jest wiele suplement\u00f3w diety zawieraj\u0105cych jagody acai. S\u0105 one cz\u0119stym dodatkiem do produkt\u00f3w na odchudzanie. Do najlepszych z nich nale\u017c\u0105: Acai Berry Extreme, AcaiBerry900 oraz Slimette.<\/p>\n<hr \/>\n<p>{PL_NP_ABEXTREME_SUPLE}<\/p>\n<hr \/>\n<p>{PL_CP_SV_SUPLE}<\/p>\n<hr \/>\n<p>{PL_CIP_AB900_SUPLE}<\/p>\n<hr \/>\n<h2>W\u0142a\u015bciwo\u015bci zdrowotne jagody acai<\/h2>\n<div class=\"dropshadowboxes-container dropshadowboxes-center\">\n<div class=\"dropshadowboxes-drop-shadow dropshadowboxes-curved dropshadowboxes-curved dropshadowboxes-curved-horizontal-2 dropshadowboxes-effect-default width95Border\">\n<p>Owoc acai wykorzystuje si\u0119 przede wszystkim aby:<\/p>\n<ul>\n<li>pom\u00f3c podkr\u0119ci\u0107 tw\u00f3j metabolizm i podniesc poziom energii,<\/li>\n<li>wzbogaci\u0107 suplementy diety na odchudzanie ( ze wzgl\u0119du na wysoki poziom tyrozyny),<\/li>\n<li>zwalczy\u0107 zm\u0119czenie,<\/li>\n<li>zapewni\u0107 ochron\u0119 przeciw wolnym rodnikom,<\/li>\n<li>leczy\u0107 nie\u017cyt \u017co\u0142\u0105dka,<\/li>\n<li>leczy\u0107 choroby sk\u00f3ry,<\/li>\n<li>jako od\u017cywianie zast\u0119pcze dla niemowl\u0105t, kiedy matka nie mo\u017ce karmi\u0107 w\u0142asn\u0105 piersi\u0105.<\/li>\n<\/ul>\n<\/div>\n<\/div>\n<p>Jagoda Acai (acai berry) rosn\u0105c na jednej z naj\u017cy\u017aniejszych gleb \u015bwiata zawiera nie tylko bogactwo antyoksydant\u00f3w, ale i zr\u00f3wnowa\u017cony kompleks nienasyconych kwas\u00f3w t\u0142uszczowych, aminokwas\u00f3w, fitosteroli, witamin i wielu cennych pierwiastk\u00f3w.<\/p>\n<p><a title=\"ACAI BERRY EXTREME - Najwy\u017csza zawarto\u015b\u0107 ekstraktu z Jagody Acai\" href=\"?pp=NP_ACAIEXTREME_PL_HP\" target=\"_blank\" rel=\"nofollow noopener\"><img decoding=\"async\" class=\"alignnone size-full wp-image-4205\" src=\"https:\/\/eco-supplements.com\/pl\/wp-content\/uploads\/2016\/10\/acai_650x220_1.jpg\" alt=\"ACAI BERRY EXTREME - Najwy\u017csza zawarto\u015b\u0107 ekstraktu z Jagody Acai\" width=\"650\" height=\"220\" srcset=\"https:\/\/eco-supplements.com\/pl\/wp-content\/uploads\/2016\/10\/acai_650x220_1.jpg 650w, https:\/\/eco-supplements.com\/pl\/wp-content\/uploads\/2016\/10\/acai_650x220_1-300x102.jpg 300w\" sizes=\"(max-width: 650px) 100vw, 650px\" \/><\/a><\/p>\n<p style=\"text-align: center;\"><a href=\"https:\/\/eco-supplements.com\/pl\/odchudzanie\/slimette-mega-moc-odchudzania\/\">SLIMETTE \u2013 mega moc odchudzania z jagodami Acai!<\/a><br \/>\n<a title=\"Slimette - Tw\u00f3j przepis na wymarzon\u0105 szczup\u0142\u0105 sylwetk\u0119\" href=\"?pp=NP_SV_PL_HP\" target=\"_blank\" rel=\"nofollow noopener\"><img decoding=\"async\" class=\"alignnone size-full wp-image-4199\" src=\"https:\/\/eco-supplements.com\/pl\/wp-content\/uploads\/2016\/10\/Slimette_PL_715x300.jpg\" alt=\"Slimette - Tw\u00f3j przepis na wymarzon\u0105 szczup\u0142\u0105 sylwetk\u0119\" width=\"715\" height=\"300\" srcset=\"https:\/\/eco-supplements.com\/pl\/wp-content\/uploads\/2016\/10\/Slimette_PL_715x300.jpg 715w, https:\/\/eco-supplements.com\/pl\/wp-content\/uploads\/2016\/10\/Slimette_PL_715x300-300x126.jpg 300w\" sizes=\"(max-width: 715px) 100vw, 715px\" \/><\/a><\/p>\n<hr \/>\n<h4 id=\"Tabela1\">Tabela 1<\/h4>\n<div class=\"dropshadowboxes-container dropshadowboxes-center\">\n<div class=\"dropshadowboxes-drop-shadow dropshadowboxes-curved dropshadowboxes-curved dropshadowboxes-curved-horizontal-2 dropshadowboxes-effect-default width95Border\">\n<h3 style=\"text-align: center;\">Warto\u015b\u0107 energetyczna i zawarto\u015b\u0107 wybranych sk\u0142adnik\u00f3w od\u017cywczych w jagodzie acai (acai berry)<\/h3>\n<table class=\"parametry width100\">\n<tbody>\n<tr>\n<th>Sk\u0142adnik<\/th>\n<th>Zawarto\u015b\u0107 (w 100 g s.m.)<\/th>\n<\/tr>\n<tr>\n<td>Warto\u015b\u0107 energetyczna<\/td>\n<td>533,9 kcal<\/td>\n<\/tr>\n<tr>\n<td>T\u0142uszcz ca\u0142kowity<\/td>\n<td>32,5 g<\/td>\n<\/tr>\n<tr>\n<td>Suma w\u0119glowodan\u00f3w<\/td>\n<td>52,2 g<\/td>\n<\/tr>\n<tr>\n<td>B\u0142onnik pokarmowy<\/td>\n<td>44,2 g<\/td>\n<\/tr>\n<tr>\n<td>Cukry proste<\/td>\n<td>1,3 g<\/td>\n<\/tr>\n<tr>\n<td>Bia\u0142ko (F = 6,25)<\/td>\n<td>8,1 g<\/td>\n<\/tr>\n<tr>\n<td><a href=\"https:\/\/eco-supplements.com\/pl\/witaminy\/witamina-a-retinol\/\">Witamina A<\/a><\/td>\n<td>1002 IU<\/td>\n<\/tr>\n<tr>\n<td>\u03b2-Karoten<\/td>\n<td>&lt; 5,0 IU<\/td>\n<\/tr>\n<tr>\n<td><a href=\"https:\/\/eco-supplements.com\/pl\/witaminy\/witamina-c-kwas-l-askorbinowy\/\">Witamina C<\/a><\/td>\n<td>&lt; 0,1 mg<\/td>\n<\/tr>\n<tr>\n<td>Wap\u0144<\/td>\n<td>260,0 mg<\/td>\n<\/tr>\n<tr>\n<td>\u017belazo<\/td>\n<td>4,4 g<\/td>\n<\/tr>\n<tr>\n<td>Popi\u00f3\u0142<\/td>\n<td>3,8 g<\/td>\n<\/tr>\n<\/tbody>\n<\/table>\n<\/div>\n<\/div>\n<h4 id=\"Tabela2\">Tabela 2<\/h4>\n<div class=\"dropshadowboxes-container dropshadowboxes-center\">\n<div class=\"dropshadowboxes-drop-shadow dropshadowboxes-curved dropshadowboxes-curved dropshadowboxes-curved-horizontal-2 dropshadowboxes-effect-default width95Border\">\n<h3 style=\"text-align: center;\">Sk\u0142ad aminokwasowy bia\u0142ka jagody acai (acai berry)<\/h3>\n<table class=\"parametry width100\">\n<tbody>\n<tr>\n<th>Aminokwas<\/th>\n<th>Zawarto\u015b\u0107 [%]<\/th>\n<\/tr>\n<tr>\n<td>Kwas asparginowy<\/td>\n<td>0,83<\/td>\n<\/tr>\n<tr>\n<td>Treonina<\/td>\n<td>0,31<\/td>\n<\/tr>\n<tr>\n<td>Seryna<\/td>\n<td>0,32<\/td>\n<\/tr>\n<tr>\n<td>Kwas glutaminowy<\/td>\n<td>0,80<\/td>\n<\/tr>\n<tr>\n<td>Glicyna<\/td>\n<td>0,39<\/td>\n<\/tr>\n<tr>\n<td>Alanina<\/td>\n<td>0,46<\/td>\n<\/tr>\n<tr>\n<td>Walina<\/td>\n<td>0,51<\/td>\n<\/tr>\n<tr>\n<td>Metionina<\/td>\n<td>0,12<\/td>\n<\/tr>\n<tr>\n<td>Izoleucyna<\/td>\n<td>0,38<\/td>\n<\/tr>\n<tr>\n<td>Leucyna<\/td>\n<td>0,65<\/td>\n<\/tr>\n<tr>\n<td>Tyrozyna<\/td>\n<td>0,29<\/td>\n<\/tr>\n<tr>\n<td>Fenyloalanina<\/td>\n<td>0,43<\/td>\n<\/tr>\n<tr>\n<td>Lizyna<\/td>\n<td>0,43<\/td>\n<\/tr>\n<tr>\n<td>Histydyna<\/td>\n<td>0,17<\/td>\n<\/tr>\n<tr>\n<td>Arginina<\/td>\n<td>0,42<\/td>\n<\/tr>\n<tr>\n<td>Prolina<\/td>\n<td>0,53<\/td>\n<\/tr>\n<tr>\n<td>Hydroksyprolina<\/td>\n<td>&lt; 0,01<\/td>\n<\/tr>\n<tr>\n<td>Cystyna<\/td>\n<td>0,18<\/td>\n<\/tr>\n<tr>\n<td>Tryptofan<\/td>\n<td>0,13<\/td>\n<\/tr>\n<tr>\n<td>Suma<\/td>\n<td>7,59<\/td>\n<\/tr>\n<\/tbody>\n<\/table>\n<\/div>\n<\/div>\n<h4 id=\"Tabela3\">Tabela 3<\/h4>\n<div class=\"dropshadowboxes-container dropshadowboxes-center\">\n<div class=\"dropshadowboxes-drop-shadow dropshadowboxes-curved dropshadowboxes-curved dropshadowboxes-curved-horizontal-2 dropshadowboxes-effect-default width95Border\">\n<h3>Zawarto\u015b\u0107 antocyjan\u00f3w i polifenoli w moszczu z jagody acai<\/h3>\n<table class=\"parametry width100\">\n<tbody>\n<tr>\n<th>Sk\u0142adnik<\/th>\n<th>Zawarto\u015b\u0107 w \u015bwie\u017cej masie (mg\/L)<\/th>\n<\/tr>\n<tr>\n<td>3-Glukozyd cyjanidyny<\/td>\n<td>1040 \u00b1 58,2<\/td>\n<\/tr>\n<tr>\n<td>3-Glukozyd pelargonidyny<\/td>\n<td>74,4 \u00b1 2,90<\/td>\n<\/tr>\n<tr>\n<td>Kwas ferulowy<\/td>\n<td>212 \u00b1 5,29<\/td>\n<\/tr>\n<tr>\n<td>(-)-Epikatechina<\/td>\n<td>129 \u00b1 3,28<\/td>\n<\/tr>\n<tr>\n<td>Kwas p-hydroksybenzoesowy<\/td>\n<td>80,5 \u00b1 2,00<\/td>\n<\/tr>\n<tr>\n<td>Kwas galusowy<\/td>\n<td>64,5 \u00b1 1,64<\/td>\n<\/tr>\n<tr>\n<td>Kwas protokatechowy<\/td>\n<td>64,4 \u00b1 1,64<\/td>\n<\/tr>\n<tr>\n<td>(+)-Katechina<\/td>\n<td>60,8 \u00b1 0,98<\/td>\n<\/tr>\n<tr>\n<td>Kwas elagowy<\/td>\n<td>55,4 \u00b1 1,39<\/td>\n<\/tr>\n<tr>\n<td>Kwas wanilinowy<\/td>\n<td>33,2 \u00b1 1,39<\/td>\n<\/tr>\n<tr>\n<td>Kwas p-kumarowy<\/td>\n<td>17,1 \u00b1 1,23<\/td>\n<\/tr>\n<tr>\n<td>Pochodna kwasu galusowego-1<\/td>\n<td>47,3 \u00b11,40<\/td>\n<\/tr>\n<tr>\n<td>Pochodna kwasu galusowego-2<\/td>\n<td>18,4 \u00b1 0,89<\/td>\n<\/tr>\n<tr>\n<td>Pochodna kwasu galusowego-3<\/td>\n<td>17,3 \u00b1 1,25<\/td>\n<\/tr>\n<tr>\n<td>Pochodna kwasu galusowego-4<\/td>\n<td>13,3 \u00b1 0,96<\/td>\n<\/tr>\n<tr>\n<td>Pochodna kwasu galusowego-5<\/td>\n<td>3,9 \u00b1 0,18<\/td>\n<\/tr>\n<tr>\n<td>Pochodna kwasu elagowego<\/td>\n<td>19,5 \u00b1 0,40<\/td>\n<\/tr>\n<\/tbody>\n<\/table>\n<\/div>\n<\/div>\n<hr \/>\n<h3 id=\"references\">Przypisy<\/h3>\n<ol>\n<li id=\"cite-1\"><small>Arabbi PR, Genovese MI, Lajolo FM., <span class=\"ExternalLinks\"><a href=\"http:\/\/pubs.acs.org\/doi\/abs\/10.1021\/jf0499525\" target=\"_blank\" rel=\"nofollow noopener\">Flavonoids in vegetable food commonly consumed in Brazil and estimated ingestion by the Brazilian population<\/a><\/span>, J Agric Food Chem 2004; 52:1124-31.<\/small><\/li>\n<li id=\"cite-2\"><small>Fillon M., The secret from the Amazon, Breakthrougns in health 2006; 4:43-9.<\/small><\/li>\n<li id=\"cite-3\"><small>Warren S. Acai crown jewel of the Amazon. Health J 2007; 95:1-4.<\/small><\/li>\n<li id=\"cite-4\"><small>Perricone N. The Perricone Promise. Ed. Warner Books, New York 2004.<\/small><\/li>\n<li id=\"cite-5\"><small>Ara\u00fajo, Carina L., et al., <span class=\"ExternalLinks\"><a href=\"http:\/\/www.sciencedirect.com\/science\/article\/pii\/S0308814603003418\" target=\"_blank\" rel=\"nofollow noopener\">Biological activity of proteins from pulps of tropical fruits<\/a><\/span>, Food Chemistry 85.1 (2004): 107-110.<\/small><\/li>\n<li id=\"cite-6\"><small>Co\u00efsson, J. D., et al., <span class=\"ExternalLinks\"><a href=\"http:\/\/www.sciencedirect.com\/science\/article\/pii\/S096399690500092X\" target=\"_blank\" rel=\"nofollow noopener\">Euterpe oleracea juice as a functional pigment for yogurt<\/a><\/span>, Food research international 38.8 (2005): 893-897.<\/small><\/li>\n<li id=\"cite-7\"><small>Schauss, Alexander G., et al., <span class=\"ExternalLinks\"><a href=\"http:\/\/pubs.acs.org\/doi\/abs\/10.1021\/jf0609779\" target=\"_blank\" rel=\"nofollow noopener\">Antioxidant capacity and other bioactivities of the freeze-dried Amazonian palm berry, Euterpe oleraceae mart.(acai)<\/a><\/span>, Journal of Agricultural and Food Chemistry 54.22 (2006): 8604-8610.<\/small><\/li>\n<li id=\"cite-8\"><small>Surma-Zadora M, Cie\u015blik E, Florkiewicz A. Antioxidant potential of Acai berry (Euterpe oleracea Mart.). Int Conf Risk Factors of Food Chain, 17th Sept. 2008, Krak\u00f3w.<\/small><\/li>\n<li id=\"cite-9\"><small>Rodrigues, Roberta B., et al., <span class=\"ExternalLinks\"><a href=\"http:\/\/pubs.acs.org\/doi\/abs\/10.1021\/jf058169p\" target=\"_blank\" rel=\"nofollow noopener\">Total oxidant scavenging capacity of Euterpe oleracea Mart.(a\u00e7a\u00ed) seeds and identification of their polyphenolic compounds<\/a><\/span>, Journal of agricultural and food chemistry 54.12 (2006): 4162-4167.<\/small><\/li>\n<li id=\"cite-10\"><small>Del Pozo-Insfran, David, Carmen H. Brenes, and Stephen T. Talcott., <span class=\"ExternalLinks\"><a href=\"http:\/\/pubs.acs.org\/doi\/abs\/10.1021\/jf035189n\" target=\"_blank\" rel=\"nofollow noopener\">Phytochemical composition and pigment stability of Acai (Euterpe oleracea Mart.)<\/a><\/span>, Journal of Agricultural and Food Chemistry 52.6 (2004): 1539-1545.<\/small><\/li>\n<li id=\"cite-11\"><small>Gallori, S., Bilia, A. R., Bergonzi, M. C., Barbosa, W. L. R., &amp; Vincieri, F. F. (2004). <span class=\"ExternalLinks\"><a href=\"http:\/\/link.springer.com\/article\/10.1365\/s10337-004-0305-x\" target=\"_blank\" rel=\"nofollow noopener\">Polyphenolic constituents of fruit pulp of Euterpe oleracea Mart.(a\u00e7ai palm)<\/a><\/span>. Chromatographia, 59(11-12), 739-743.<\/small><\/li>\n<li id=\"cite-12\"><small>BOBBIO, F. O., DRUZIAN, J. I., ABR\u00c3O, P. A., BOBBIO, P. A., &amp; FADELLI, S. (2000). <span class=\"ExternalLinks\"><a href=\"http:\/\/www.scielo.br\/scielo.php?pid=S0101-20612000000300018&amp;script=sci_arttext&amp;tlng=es\" target=\"_blank\" rel=\"nofollow noopener\">Identification and quantification of the anthocyanins from the fruit of a\u00e7ai (Euterpe oleracea) Mart<\/a><\/span>. Food Science and Technology (Campinas), 20(3), 388-390.<\/small><\/li>\n<li id=\"cite-13\"><small>Hassimotto, Neuza Mariko Aymoto, Maria In\u00e9s Genovese, and Franco Maria Lajolo. <span class=\"ExternalLinks\"><a href=\"http:\/\/pubs.acs.org\/doi\/abs\/10.1021\/jf047894h\" target=\"_blank\" rel=\"nofollow noopener\">Antioxidant activity of dietary fruits, vegetables, and commercial frozen fruit pulps<\/a><\/span>. Journal of Agricultural and Food Chemistry 53.8 (2005): 2928-2935.<\/small><\/li>\n<li id=\"cite-14\"><small>Bobbio, F. O., Bobbio, P. A., Oliveira, P. A., &amp; Fadelli, S. (2002). <span class=\"ExternalLinks\"><a href=\"http:\/\/www.akademiai.com\/doi\/abs\/10.1556\/AAlim.31.2002.4.6\" target=\"_blank\" rel=\"nofollow noopener\">Stability and stabilization of the anthocyanins from Euterpe oleracea Mart<\/a><\/span>. Acta Alimentaria, 31(4), 371-377.<\/small><\/li>\n<li id=\"cite-15\"><small>Wang, H., Cao, G., &amp; Prior, R. L. (1997). <span class=\"ExternalLinks\"><a href=\"http:\/\/pubs.acs.org\/doi\/abs\/10.1021\/jf960421t\" target=\"_blank\" rel=\"nofollow noopener\">Oxygen radical absorbing capacity of anthocyanins<\/a><\/span>. Journal of agricultural and food chemistry, 45(2), 304-309.<\/small><\/li>\n<li id=\"cite-16\"><small>LICHTENTH\u00c4LER, Ramona; MARX, Friedhelm. <span class=\"ExternalLinks\"><a href=\"http:\/\/pubs.acs.org\/doi\/abs\/10.1021\/jf0307550\" target=\"_blank\" rel=\"nofollow noopener\">Total oxidant scavenging capacities of common European fruit and vegetable juices<\/a><\/span>. Journal of agricultural and food chemistry, 2005, 53.1: 103-110.<\/small><\/li>\n<li id=\"cite-17\"><small>LICHTENTH\u00c4LER, Ramona, et al. <span class=\"ExternalLinks\"><a href=\"http:\/\/www.tandfonline.com\/doi\/abs\/10.1080\/09637480500082082\" target=\"_blank\" rel=\"nofollow noopener\">Total oxidant scavenging capacities of Euterpe oleracea Mart.(Acai) fruits<\/a><\/span>. International Journal of Food Sciences and Nutrition, 2005, 56.1: 53-64.<\/small><\/li>\n<li id=\"cite-18\"><small>Global Wellness Report. Patent-pending process supercharges the Mona Vie blend, 2006. R3 Global, 1; 1-4.<\/small><\/li>\n<li id=\"cite-19\"><small>Sikora E, Cie\u015blik E. Wyst\u0119powanie przeciwutleniaczy w owocach jagodowych. [W:] Grajek W (red.), Przeciwutleniacze w \u017cywno\u015bci. WN-T, Warszawa 2007; 201-9.<\/small><\/li>\n<li id=\"cite-20\"><small>SIKORA, El\u017cbieta; CIE\u015aLIK, Ewa; TOPOLSKA, Kinga. <span class=\"ExternalLinks\"><a href=\"http:\/\/www.food.actapol.net\/volume7\/issue1\/abstract-1.html\" target=\"_blank\" rel=\"nofollow noopener\">The sources of natural antioxidants<\/a><\/span>. Acta Scientiarum Polonorum Technologia Alimentaria, 2008, 7.1: 5-17.<\/small><\/li>\n<li id=\"cite-21\"><small>Del Pozo-Insfran D, Percival SS, Talcott ST., <span class=\"ExternalLinks\"><a href=\"http:\/\/pubs.acs.org\/doi\/abs\/10.1021\/jf052132n\" target=\"_blank\" rel=\"nofollow noopener\">Acai (Euterpeo oleracea Mart.) polyphenolics in their glycoside and aglycones forms induce apoptosis of HL-60 leukemia cells<\/a><\/span>, J Agric Food Chem 2006; 54:1222-9.<\/small><\/li>\n<li id=\"cite-22\"><small>Surma-Zadora M, Cie\u015blik E. W\u0142a\u015bciwo\u015bci funkcjonalne zwi\u0105zk\u00f3w fenolowych. \u017byw Cz\u0142ow Metab 2007; 34(6):1648-56.<\/small><\/li>\n<li id=\"cite-23\"><small>CIE\u015aLIK, Ewa; GR\u0118DA, Anna; ADAMUS, Wiktor. <span class=\"ExternalLinks\"><a href=\"http:\/\/www.sciencedirect.com\/science\/article\/pii\/S0308814604008222\" target=\"_blank\" rel=\"nofollow noopener\">Contents of polyphenols in fruit and vegetables<\/a><\/span>. Food Chemistry, 2006, 94.1: 135-142.<\/small><\/li>\n<li id=\"cite-24\"><small>Cie\u015blik, Ewa, and Kinga Topolska. <span class=\"ExternalLinks\"><a href=\"http:\/\/www.czytelniamedyczna.pl\/4195,sklad-chemiczny-i-wlasciwosci-funkcjonalne-jagody-acai-euterpe-oleracea-mart.html\" target=\"_blank\" rel=\"nofollow noopener\">Chemical composition and fuNctional properties of acai berry (Euterpe oleracea mart.)<\/a><\/span>, Post\u0119py Fitoterapii (2012).<\/small><\/li>\n<li id=\"cite-25\"><small>Cie\u015blik, Ewa, Agnieszka G\u0119busia, <span class=\"ExternalLinks\"><a href=\"http:\/\/www.postepyfitoterapii.pl\/wp-content\/uploads\/2014\/11\/pf_2012_093-100.pdf\" target=\"_blank\" rel=\"nofollow noopener\">Charakterystyka w\u0142a\u015bciwo\u015bci prozdrowotnych owoc\u00f3w ro\u015blin egzotycznych<\/a><\/span>, Post. Fitoter 2 (2012): 93-100.<\/small><\/li>\n<li id=\"cite-26\"><small>Schauss, Alexander G., <span class=\"ExternalLinks\"><a href=\"https:\/\/books.google.pl\/books?hl=pl&amp;lr=&amp;id=fvKYeeZNyxUC&amp;oi=fnd&amp;pg=PP1&amp;dq=Schauss++AG.+Acai:+An+extraordinary+antioxidant-rich++palm+fruit+from+the+Amazon,+BioSocial+Publications,+Tacoma,++2008.+&amp;ots=0og_h-JSpz&amp;sig=3m6ggDR748pA0GvSD0g_VgN4Q4Q&amp;redir_esc=y#v=onepage&amp;q&amp;f=false\" target=\"_blank\" rel=\"nofollow noopener\">A\u00e7a\u00ed: An Extraordinary Antioxidant-Rich Palm Fruit<\/a><\/span>, Biosocial Publications, 2011.<\/small><\/li>\n<li id=\"cite-27\"><small>de Rosso, Veridiana Vera, et al., <span class=\"ExternalLinks\"><a href=\"http:\/\/www.sciencedirect.com\/science\/article\/pii\/S0889157508000070\" target=\"_blank\" rel=\"nofollow noopener\">Determination of anthocyanins from acerola (Malpighia emarginata DC.) and a\u00e7ai (Euterpe oleracea Mart.) by HPLC\u2013PDA\u2013MS\/MS<\/a><\/span>, Journal of Food Composition and Analysis 21.4 (2008): 291-299.<\/small><\/li>\n<li id=\"cite-28\"><small>Schauss, Alexander G., et al., <span class=\"ExternalLinks\"><a href=\"http:\/\/pubs.acs.org\/doi\/abs\/10.1021\/jf060976g\" target=\"_blank\" rel=\"nofollow noopener\">Phytochemical and nutrient composition of the freeze-dried Amazonian palm berry, Euterpe oleraceae Mart.(Acai)<\/a><\/span>, Journal of agricultural and food chemistry 54.22 (2006): 8598-8603.<\/small><\/li>\n<li id=\"cite-29\"><small>Hogan, Shelly, et al., <span class=\"ExternalLinks\"><a href=\"http:\/\/www.sciencedirect.com\/science\/article\/pii\/S0308814609005585\" target=\"_blank\" rel=\"nofollow noopener\">Antiproliferative and antioxidant properties of anthocyanin-rich extract from a\u00e7ai<\/a><\/span>, Food Chemistry 118.2 (2010): 208-214.<\/small><\/li>\n<li id=\"cite-30\"><small>Dr Alexander G. Schauss, T\u0142umacz: Dariusz Misiuna, Acai: An Extraordinary Antioxidant-Rich Palm Fruit from the Amazon (Acai Cudowny owoc z Amazonii), Wydawca: VideoPlus, ISBN: 9788393222285, 2013.<\/small><\/li>\n<li id=\"cite-31\"><small>Giuseppe Maffeis, Acai goji bor\u00f3wka. Trzy cudowne jagody, Wydawca: AWM Agencja Wydawnicza, ISBN: 9788372509833, 2015.<\/small><\/li>\n<\/ol>\n<p>{LEGENDA}<\/p>\n","protected":false},"excerpt":{"rendered":"<p>Euterpa warzywna, warzywnia warzywna (Euterpe oleracea) \u2013 gatunek z rodziny arekowatych (palm). Pochodzi z teren\u00f3w tropikalnych Ameryki Po\u0142udniowej, ale zosta\u0142 szeroko rozprzestrzeniony w strefie mi\u0119dzyzwrotnikowej na ca\u0142ym \u015bwiecie. Owoce palmy [&hellip;]<\/p>\n","protected":false},"author":1,"featured_media":4221,"parent":0,"menu_order":0,"comment_status":"closed","ping_status":"closed","template":"","meta":{"footnotes":""},"class_list":["post-4163","page","type-page","status-publish","has-post-thumbnail","hentry"],"aioseo_notices":[],"_links":{"self":[{"href":"https:\/\/eco-supplements.com\/pl\/wp-json\/wp\/v2\/pages\/4163","targetHints":{"allow":["GET"]}}],"collection":[{"href":"https:\/\/eco-supplements.com\/pl\/wp-json\/wp\/v2\/pages"}],"about":[{"href":"https:\/\/eco-supplements.com\/pl\/wp-json\/wp\/v2\/types\/page"}],"author":[{"embeddable":true,"href":"https:\/\/eco-supplements.com\/pl\/wp-json\/wp\/v2\/users\/1"}],"replies":[{"embeddable":true,"href":"https:\/\/eco-supplements.com\/pl\/wp-json\/wp\/v2\/comments?post=4163"}],"version-history":[{"count":77,"href":"https:\/\/eco-supplements.com\/pl\/wp-json\/wp\/v2\/pages\/4163\/revisions"}],"predecessor-version":[{"id":8080,"href":"https:\/\/eco-supplements.com\/pl\/wp-json\/wp\/v2\/pages\/4163\/revisions\/8080"}],"wp:featuredmedia":[{"embeddable":true,"href":"https:\/\/eco-supplements.com\/pl\/wp-json\/wp\/v2\/media\/4221"}],"wp:attachment":[{"href":"https:\/\/eco-supplements.com\/pl\/wp-json\/wp\/v2\/media?parent=4163"}],"curies":[{"name":"wp","href":"https:\/\/api.w.org\/{rel}","templated":true}]}}