{"id":4619,"date":"2016-11-11T12:35:26","date_gmt":"2016-11-11T11:35:26","guid":{"rendered":"https:\/\/eco-supplements.com\/pl\/?page_id=4619"},"modified":"2016-11-11T12:35:26","modified_gmt":"2016-11-11T11:35:26","slug":"wazne-informacje","status":"publish","type":"page","link":"https:\/\/eco-supplements.com\/pl\/wazne-informacje\/","title":{"rendered":"Wa\u017cne informacje"},"content":{"rendered":"<p>Informacje zawarte na stronach Eco Supplements\u2122 takie jak teksty, grafiki, zdj\u0119cia i inne (tzw. &#8222;content&#8221;) przedstawione s\u0105 wy\u0142acznie w celach informacyjnych. Tre\u015bci nie mog\u0105 by\u0107 traktowane jako odpowiednik profesjonalnych porad medycznych, diagnozowania czy leczenia. Zawsze gdy chcemy oceni\u0107 stan zdrowia nale\u017cy zasi\u0119gn\u0105\u0107 porady lekarza lub farmaceuty. Nigdy nie wolno lekcewa\u017cy\u0107 profesjonalnej porady medycznej, op\u00f3\u017ania\u0107 leczenia lub zast\u0119powa\u0107 go z powodu informacji znalezionych na naszych stronach.<\/p>\n<p>Eco Supplements\u2122 nie poleca ani nie popiera \u017cadnych konkretnych bada\u0144, lekarzy, produkt\u00f3w, procedur, opinii lub innych informacji, kt\u00f3re mog\u0105 by\u0107 znalezione na naszych stronach.<\/p>\n","protected":false},"excerpt":{"rendered":"<p>Informacje zawarte na stronach Eco Supplements\u2122 takie jak teksty, grafiki, zdj\u0119cia i inne (tzw. &#8222;content&#8221;) przedstawione s\u0105 wy\u0142acznie w celach informacyjnych. Tre\u015bci nie mog\u0105 by\u0107 traktowane jako odpowiednik profesjonalnych porad [&hellip;]<\/p>\n","protected":false},"author":1,"featured_media":0,"parent":0,"menu_order":0,"comment_status":"closed","ping_status":"closed","template":"","meta":{"footnotes":""},"class_list":["post-4619","page","type-page","status-publish","hentry"],"aioseo_notices":[],"_links":{"self":[{"href":"https:\/\/eco-supplements.com\/pl\/wp-json\/wp\/v2\/pages\/4619","targetHints":{"allow":["GET"]}}],"collection":[{"href":"https:\/\/eco-supplements.com\/pl\/wp-json\/wp\/v2\/pages"}],"about":[{"href":"https:\/\/eco-supplements.com\/pl\/wp-json\/wp\/v2\/types\/page"}],"author":[{"embeddable":true,"href":"https:\/\/eco-supplements.com\/pl\/wp-json\/wp\/v2\/users\/1"}],"replies":[{"embeddable":true,"href":"https:\/\/eco-supplements.com\/pl\/wp-json\/wp\/v2\/comments?post=4619"}],"version-history":[{"count":2,"href":"https:\/\/eco-supplements.com\/pl\/wp-json\/wp\/v2\/pages\/4619\/revisions"}],"predecessor-version":[{"id":4621,"href":"https:\/\/eco-supplements.com\/pl\/wp-json\/wp\/v2\/pages\/4619\/revisions\/4621"}],"wp:attachment":[{"href":"https:\/\/eco-supplements.com\/pl\/wp-json\/wp\/v2\/media?parent=4619"}],"curies":[{"name":"wp","href":"https:\/\/api.w.org\/{rel}","templated":true}]}}