{"id":464,"date":"2015-10-18T23:29:23","date_gmt":"2015-10-18T21:29:23","guid":{"rendered":"https:\/\/eco-supplements.com\/pl\/?page_id=464"},"modified":"2019-01-22T15:02:19","modified_gmt":"2019-01-22T14:02:19","slug":"sklad-wybranych-tabletek-na-odchudzanie","status":"publish","type":"page","link":"https:\/\/eco-supplements.com\/pl\/sklad-wybranych-tabletek-na-odchudzanie\/","title":{"rendered":"Sk\u0142ad wybranych tabletek na odchudzanie"},"content":{"rendered":"<p>Przedstawiamy Wam sk\u0142ad najlepszych <a title=\"suplementy diety na odchudzanie\" href=\"https:\/\/eco-supplements.com\/pl\/naturalne-odchudzanie\/#suplementy\">suplement\u00f3w diety na odchudzanie<\/a> dost\u0119nych bez recepty. Je\u017celi chcesz wiedzie\u0107 dok\u0142adnie co kupujesz poni\u017casza tabela jest w\u0142a\u015bnie dla Ciebie. Dane udost\u0119pnia: <a href=\"http:\/\/rejestrzp.gis.gov.pl\" target=\"_blank\" rel=\"noopener\">G\u0142\u00f3wny Inspektorat Sanitarny<\/a> &#8211; Departament \u017bywno\u015bci Prozdrowotnej &#8211; Rejestr produkt\u00f3w. Dowiedz si\u0119 co i w jakich ilo\u015bciach zawieraj\u0105 poszczeg\u00f3lne specyfiki &#8211; <strong>Wybierz Najlepiej<\/strong>!<\/p>\n<table id=\"sklad_suplementow\" class=\"parametry\">\n<thead>\n<tr>\n<th>Lp<\/th>\n<th>Rok<br \/>\nrejestracji<\/th>\n<th>Nazwa<br \/>\nFotografia<br \/>\nPosta\u0107<\/th>\n<th>Kwalifikacja<\/th>\n<th>Sk\u0142ad jako\u015bciowy<\/th>\n<th>Producent<br \/>\nkraj<\/th>\n<\/tr>\n<\/thead>\n<tbody>\n<tr>\n<td>1<\/td>\n<td>2014<\/td>\n<td><a title=\"Slimette \u2013 mega moc odchudzania\" href=\"\/pl\/odchudzanie\/slimette-mega-moc-odchudzania\/\">Slimette<\/a><br \/>\n<img decoding=\"async\" class=\"attachment-post-thumbnail wp-post-image\" src=\"https:\/\/eco-supplements.com\/pl\/wp-content\/uploads\/2015\/09\/Slimette_Isolated.png\" alt=\"Slimette \u2013 mega moc odchudzania\" width=\"100\" \/><br \/>\nkapsu\u0142ka<\/td>\n<td>S<\/p>\n<p>Suplement diety<\/td>\n<td class=\"opis_sumpelementu\">\n<ul>\n<li>ekstrakt z nasion Guarany (20% kofeina);<\/li>\n<li>ekstrakt zielonej herbaty ( 95% polifenole);<\/li>\n<li>ekstrakt jag\u00f3d Acai 4:1;<\/li>\n<li>winian L-karnityny;<\/li>\n<li>ekstrakt pieprzu Kaje\u0144skiego 8:1;<\/li>\n<li>ekstrakt pieprzu czarnego (<a href=\"https:\/\/eco-supplements.com\/pl\/naukowe\/piperyna-na-odchudzanie\/\">piperyna<\/a> 95%);<\/li>\n<li>chrom;<\/li>\n<li>witamina D<\/li>\n<\/ul>\n<p>Sk\u0142ad wg ulotki producenta: Acai Berry, Guarana Seed Extract, Green Tea Leaf Extract, Cayenne Extract, L-Carnitine Tartrate, Bioperine (Piperyna), Chromium Picolinate, Cholecalciferol, Hydroxy Propyl Methyl Cellulose, Acacia Gum, Sugar, Sunflower Oil, Corn Starch.<\/td>\n<td><img decoding=\"async\" src=\"\/logo\/logo_health_spark.jpg\" alt=\"Health Spark\" width=\"100\" \/><br \/>\nHealthSpark HQ<img decoding=\"async\" src=\"\/country\/en.jpg\" alt=\"Wielka Brytania\" \/> Wielka Brytania<\/td>\n<\/tr>\n<tr>\n<td>2<\/td>\n<td>2014<\/td>\n<td><a title=\"African Mango 600 \u2122\" href=\"\/pl\/odchudzanie\/african-mango-recepta-na-skuteczne-odchudzanie\/\">African Mango 600 \u2122<\/a><br \/>\n<img decoding=\"async\" class=\"attachment-post-thumbnail wp-post-image\" src=\"\/pl\/wp-content\/uploads\/2015\/08\/AfricanMango_Isolated.png\" alt=\"African Mango 600 \u2122\" width=\"100\" \/><br \/>\nkapsu\u0142ka<\/td>\n<td>S<\/p>\n<p>Suplement diety<\/td>\n<td class=\"opis_sumpelementu\">\n<ul>\n<li>ekstrakt z nasion afryka\u0144skiego mango;<\/li>\n<li>Irvingia gabonensis 10 :1<\/li>\n<\/ul>\n<p>Sk\u0142ad wg ulotki producenta: Irvingia Gabonensis (African Mango) Powdered Extract 10:1 (whole fruit seed equivalent), Hydroxy Propyl Methyl Cellulose.<\/td>\n<td><img decoding=\"async\" src=\"\/logo\/logo_health_spark.jpg\" alt=\"Health Spark\" width=\"100\" \/><br \/>\nHealthSpark HQ<img decoding=\"async\" src=\"\/country\/en.jpg\" alt=\"Wielka Brytania\" \/> Wielka Brytania<\/td>\n<\/tr>\n<\/tbody>\n<\/table>\n","protected":false},"excerpt":{"rendered":"<p>Przedstawiamy Wam sk\u0142ad najlepszych suplement\u00f3w diety na odchudzanie dost\u0119nych bez recepty. Je\u017celi chcesz wiedzie\u0107 dok\u0142adnie co kupujesz poni\u017casza tabela jest w\u0142a\u015bnie dla Ciebie. Dane udost\u0119pnia: G\u0142\u00f3wny Inspektorat Sanitarny &#8211; Departament [&hellip;]<\/p>\n","protected":false},"author":1,"featured_media":0,"parent":0,"menu_order":0,"comment_status":"open","ping_status":"open","template":"","meta":{"footnotes":""},"class_list":["post-464","page","type-page","status-publish","hentry"],"aioseo_notices":[],"_links":{"self":[{"href":"https:\/\/eco-supplements.com\/pl\/wp-json\/wp\/v2\/pages\/464","targetHints":{"allow":["GET"]}}],"collection":[{"href":"https:\/\/eco-supplements.com\/pl\/wp-json\/wp\/v2\/pages"}],"about":[{"href":"https:\/\/eco-supplements.com\/pl\/wp-json\/wp\/v2\/types\/page"}],"author":[{"embeddable":true,"href":"https:\/\/eco-supplements.com\/pl\/wp-json\/wp\/v2\/users\/1"}],"replies":[{"embeddable":true,"href":"https:\/\/eco-supplements.com\/pl\/wp-json\/wp\/v2\/comments?post=464"}],"version-history":[{"count":27,"href":"https:\/\/eco-supplements.com\/pl\/wp-json\/wp\/v2\/pages\/464\/revisions"}],"predecessor-version":[{"id":10362,"href":"https:\/\/eco-supplements.com\/pl\/wp-json\/wp\/v2\/pages\/464\/revisions\/10362"}],"wp:attachment":[{"href":"https:\/\/eco-supplements.com\/pl\/wp-json\/wp\/v2\/media?parent=464"}],"curies":[{"name":"wp","href":"https:\/\/api.w.org\/{rel}","templated":true}]}}