{"id":7054,"date":"2017-06-10T00:59:34","date_gmt":"2017-06-09T22:59:34","guid":{"rendered":"https:\/\/eco-supplements.com\/pl\/?page_id=7054"},"modified":"2021-08-27T17:22:23","modified_gmt":"2021-08-27T15:22:23","slug":"ketony-malinowe","status":"publish","type":"page","link":"https:\/\/eco-supplements.com\/pl\/ketony-malinowe\/","title":{"rendered":"Ketony malinowe (Raspberry Ketones)"},"content":{"rendered":"<h2>Co to s\u0105 ketony malinowe?<\/h2>\n<div id=\"attachment_7062\" style=\"width: 310px\" class=\"wp-caption alignleft\"><a title=\"Ketony malinowe (Raspberry Ketones)\" href=\"https:\/\/eco-supplements.com\/pl\/wp-content\/uploads\/2017\/06\/Raspberry-ketone.jpg\"><img decoding=\"async\" aria-describedby=\"caption-attachment-7062\" class=\"size-medium wp-image-7062\" src=\"https:\/\/eco-supplements.com\/pl\/wp-content\/uploads\/2017\/06\/Raspberry-ketone-300x200.jpg\" alt=\"Ketony malinowe (Raspberry Ketones)\" width=\"300\" height=\"200\" srcset=\"https:\/\/eco-supplements.com\/pl\/wp-content\/uploads\/2017\/06\/Raspberry-ketone-300x200.jpg 300w, https:\/\/eco-supplements.com\/pl\/wp-content\/uploads\/2017\/06\/Raspberry-ketone.jpg 750w\" sizes=\"(max-width: 300px) 100vw, 300px\" \/><\/a><p id=\"caption-attachment-7062\" class=\"wp-caption-text\"><strong><a title=\"Ketony malinowe (Raspberry Ketones)\" href=\"https:\/\/eco-supplements.com\/pl\/ketony-malinowe\/\">Ketony malinowe <small>(Raspberry Ketones)<\/small><\/a><\/strong><\/p><\/div>\n<p>Do niedawna ukryty potencja\u0142 keton\u00f3w malinowych wydawa\u0142 si\u0119 by\u0107 jedn\u0105 z najlepiej strze\u017conych tajemnic odchudzania, mimo \u017ce skuteczno\u015b\u0107 tego sk\u0142adnika by\u0142a przedmiotem szeroko zakrojonych bada\u0144. To za spraw\u0105 Doktora Oza &#8211; wiod\u0105cego ameryka\u0144skiego dietetyka i specjalisty w zakresie od\u017cywiania, znanego z program\u00f3w TV, cudowna moc keton\u00f3w malinowych ujrza\u0142a \u015bwiat\u0142o dzienne, a ich unikalne w\u0142a\u015bciwo\u015bci przyku\u0142y uwag\u0119 opinii publicznej.<br \/>\n<strong> Keton malinowy jest naturalnie wyst\u0119puj\u0105cym zwi\u0105zkiem fenolowym (C<sub>10<\/sub>H<sub>12<\/sub>O<sub>2<\/sub>), nadaj\u0105cym malinom ich charakterystyczny zapach i wspania\u0142y smak sprawiaj\u0105cy, \u017ce s\u0105 tak ch\u0119tnie spo\u017cywane<\/strong>. Substancja ta znalaz\u0142a zastosowanie r\u00f3wnie\u017c w przemy\u015ble kosmetycznym poprzez dodawanie jej jako zapachu do niekt\u00f3rych kosmetyk\u00f3w i perfum.<br \/>\nNajbardziej ekscytuj\u0105cym i obiecuj\u0105cym odkryciem w obszarze odchudzania jest jednak fakt, \u017ce cz\u0105stka ketonowa potrafi podnie\u015b\u0107 poziom adiponektyny w organizmie.<\/p>\n<h3>Co to znaczy?<\/h3>\n<p>Adiponektyna jest hormonem bia\u0142kowym bezpo\u015brednio odpowiedzialnym za kontrol\u0119 metabolizmu, reguluj\u0105cym poziom glukozy, obni\u017caj\u0105cym ci\u015bnienie krwi i zmniejszaj\u0105cym ilo\u015b\u0107 tkanki t\u0142uszczowej. Najpro\u015bciej ujmuj\u0105c oznacza to, \u017ce osoba z wy\u017cszym poziomem adiponektyny schudnie o wiele \u0142atwiej, ni\u017c osoba z ni\u017cszym poziomem tej samej substancji we krwi, co potwierdzi\u0142y badania kliniczne. Opr\u00f3cz wspomagania kontroli oty\u0142o\u015bci, adiponektyna mo\u017ce r\u00f3wnie\u017c zmniejszy\u0107 ryzyko wyst\u0105pienia pewnych stan\u00f3w chorobowych, w tym ot\u0142uszczenia w\u0105troby, cukrzycy typu 2 i mia\u017cd\u017cycy t\u0119tnic.<\/p>\n<h2>Jak dzia\u0142aj\u0105 ketony malinowe?<\/h2>\n<p>Keton malinowy ma silne zdolno\u015bci spalania t\u0142uszcz\u00f3w. Zmusza organizm do wzmo\u017conego uwalniania tzw. \u201ehormonu stresu\u201d znanego jako norepinefryna, kt\u00f3ry pobudza uk\u0142ad nerwowy i przep\u0142yw krwi. To z kolei pobudza metabolizm do przyspieszenia proces\u00f3w spalania t\u0142uszczu w organizmie. Keton malinowy zmniejsza szybko\u015b\u0107 absorpcji w\u0119glowodan\u00f3w, przyspiesza proces spalania tkanki t\u0142uszczowej i pomaga rozbija\u0107 jej zalegaj\u0105ce zapasy, umo\u017cliwiaj\u0105c w ten spos\u00f3b skuteczniejsze i bardziej naturalne odchudzanie.<\/p>\n<p>Nic dziwnego, \u017ce te oczywiste korzy\u015bci czyni\u0105 z keton\u00f3w malinowych substancj\u0119 niezb\u0119dn\u0105 jako \u015brodek dla utraty wagi.<\/p>\n<h3>Naukowo udowodnione<\/h3>\n<p>Raport z bada\u0144 przeprowadzonych w Japonii przez dr Morimoto i zesp\u00f3\u0142 naukowc\u00f3w z Akademii Medycznej w Ehime dowi\u00f3d\u0142, \u017ce &#8222;keton malinowy zmniejsza zawarto\u015b\u0107 t\u0142uszczu w organizmie i zawarto\u015b\u0107 trigliceryd\u00f3w w osoczu poprzez pobudzenie metabolizmu&#8221;. Badania laboratoryjne potwierdzi\u0142y, \u017ce <strong><a title=\"ketony malinowe\" href=\"https:\/\/eco-supplements.com\/pl\/ketony-malinowe\/\">ketony malinowe<\/a><\/strong> zapobiegaj\u0105 akumulacji t\u0142uszczu w tkankach nawet o 17%.<\/p>\n<p>Potencja\u0142 keton\u00f3w malinowych udowodniono r\u00f3wnie\u017c w innym badaniu kierowanym przez Dr Hectora Lopeza a przeprowadzonym w Centrum Stosowanych Nauk o Zdrowiu (Stow, Ohio, USA). Wyniki 8-tygodniowych test\u00f3w wykonanych w grupie 45 ochotnik\u00f3w przedstawiaj\u0105 si\u0119 nast\u0119puj\u0105co:<\/p>\n<ul>\n<li>\u015brednia utrata masy cia\u0142a o 2%,<\/li>\n<li>zmniejszenie masy cia\u0142a o 7,8%,<\/li>\n<li>wzrost masy tkanki bezt\u0142uszczowej o 3,4%,<\/li>\n<li>zmniejszenie obwodu talii o 2%,<\/li>\n<li>zmniejszenie obwodu bioder o 1,7%.<\/li>\n<\/ul>\n<h3>Jak d\u0142ugo trzeba czeka\u0107 na widoczne rezultaty utraty wagi z zastosowaniem ketonu malinowego<\/h3>\n<div id=\"attachment_7688\" style=\"width: 693px\" class=\"wp-caption aligncenter\"><a title=\"Jak d\u0142ugo trzeba czeka\u0107 na widoczne rezultaty utraty wagi z zastosowaniem ketonu malinowego\" href=\"https:\/\/eco-supplements.com\/wp-content\/uploads\/2021\/08\/How-Long-Does-It-Take-To-See-Weight-Loss-Results-From-Raspberry-Ketone.jpg\"><img decoding=\"async\" aria-describedby=\"caption-attachment-7688\" class=\"size-large wp-image-7688\" src=\"https:\/\/eco-supplements.com\/wp-content\/uploads\/2021\/08\/How-Long-Does-It-Take-To-See-Weight-Loss-Results-From-Raspberry-Ketone-683x1024.jpg\" alt=\"Jak d\u0142ugo trzeba czeka\u0107 na widoczne rezultaty utraty wagi z zastosowaniem ketonu malinowego\" width=\"683\" height=\"1024\" \/><\/a><p id=\"caption-attachment-7688\" class=\"wp-caption-text\">Jak d\u0142ugo trzeba czeka\u0107 na widoczne rezultaty utraty wagi z zastosowaniem ketonu malinowego<\/p><\/div>\n<p>Zalecana, bezpieczna, dzienna dawka suplement\u00f3w Raspberry Ketone wynosi 200 mg. W zale\u017cno\u015bci od samego suplementu wielu u\u017cytkownik\u00f3w ketonu malinowego zaczyna zauwa\u017ca\u0107 wyniki odchudzania w ci\u0105gu kilku tygodni.<\/p>\n<h2>Dodatkowe korzy\u015bci Ketonu Malinowego<\/h2>\n<h3>Poprawa systemu immunologicznego<\/h3>\n<p>Keton Malinowy zwi\u0119ksza produkcj\u0119 limfocyt\u00f3w B i T (bia\u0142ych krwinek), co pomaga wzmocni\u0107 system odporno\u015bciowy, dzi\u0119ki czemu staje si\u0119 on bardziej odporny na choroby.<\/p>\n<h3>Ochrona przed wolnymi rodnikami<\/h3>\n<p>Ketony malinowe s\u0105 bogate w silne przeciwutleniacze, kt\u00f3re pomagaj\u0105 chroni\u0107 kom\u00f3rki organizmu przed szkodliwym wp\u0142ywem wolnych rodnik\u00f3w ze \u015brodowiska. Mo\u017ce to r\u00f3wnie\u017c spowolni\u0107 proces starzenia.<\/p>\n<h3>\u0141agodzenie stan\u00f3w zapalnych<\/h3>\n<p>Ketony malinowe mog\u0105 naturalnie \u0142agodzi\u0107 i zapobiega\u0107 b\u00f3lowi mi\u0119\u015bni i reumatycznemu, obni\u017caj\u0105c poziom niekt\u00f3rych enzym\u00f3w w organizmie odpowiedzialnych za powodowanie dyskomfortu i b\u00f3lu zwi\u0105zanego z artretyzmem i innymi pokrewnymi stanami, poniewa\u017c maj\u0105 takie same w\u0142a\u015bciwo\u015bci przeciwzapalne jak leki, takie jak NSAID (np. Aspiryna).<\/p>\n<h3>Pomoc w zast\u0119powaniu niezb\u0119dnych kwas\u00f3w t\u0142uszczowych<\/h3>\n<p>Ketony malinowe spo\u017cywane regularnie mog\u0105 pom\u00f3c zast\u0105pi\u0107 niezb\u0119dne kwasy t\u0142uszczowe, takie jak kwasy Omega-3 w organizmie. Kwas ten ma zasadnicze znaczenie dla utrzymania odpowiedniego poziomu hormon\u00f3w wzrostu i pomaga zachowa\u0107 w pe\u0142ni funkcjonuj\u0105cy i zdrowy m\u00f3zg.<\/p>\n<h2>Skutki uboczne Keton\u00f3w Malinowych? \u017bADNE!<\/h2>\n<p>Stosowanie keton\u00f3w malinowych nie wykaza\u0142o \u017cadnych niekorzystnych skutk\u00f3w ubocznych. W przeciwie\u0144stwie do wielu sk\u0142adnik\u00f3w, kt\u00f3re zwi\u0119kszaj\u0105 poziom energii, Ketony malinowe nie przynosz\u0105 niepo\u017c\u0105danych objaw\u00f3w, takich jak b\u00f3le g\u0142owy lub nerwowo\u015b\u0107, wi\u0119c jest to jeden z najodpowiedniejszych sk\u0142adnik\u00f3w do zastosowania w pigu\u0142kach odchudzaj\u0105cych. Keton malinowy jest bezpieczn\u0105 substancj\u0105, kt\u00f3ra nie stanowi potencjalnego zagro\u017cenia dla zdrowia.<\/p>\n<h2>Wnioski<\/h2>\n<div id=\"attachment_7684\" style=\"width: 310px\" class=\"wp-caption alignleft\"><a href=\"https:\/\/eco-supplements.com\/wp-content\/uploads\/2021\/08\/beautiful-natural-young-woman.jpg\"><img decoding=\"async\" aria-describedby=\"caption-attachment-7684\" class=\"size-medium wp-image-7684\" title=\"Pi\u0119kna, naturalna, m\u0142oda kobieta\" src=\"https:\/\/eco-supplements.com\/wp-content\/uploads\/2021\/08\/beautiful-natural-young-woman-300x300.jpg\" alt=\"Pi\u0119kna, naturalna, m\u0142oda kobieta\" width=\"300\" height=\"300\" \/><\/a><p id=\"caption-attachment-7684\" class=\"wp-caption-text\">Ketony malinowe, ze wzgl\u0119du na ich silne i unikalne w\u0142a\u015bciwo\u015bci odchudzaj\u0105ce, stanowi\u0105 doskona\u0142y sk\u0142adnik pigu\u0142ki odchudzaj\u0105cej.<\/p><\/div>\n<p>Ketony malinowe, ze wzgl\u0119du na ich silne i unikalne w\u0142a\u015bciwo\u015bci odchudzaj\u0105ce, stanowi\u0105 doskona\u0142y sk\u0142adnik pigu\u0142ki odchudzaj\u0105cej. Nie chroni\u0105 ca\u0142kowicie przed mo\u017cliwymi skutkami diety wysokot\u0142uszczowej, ale stosowane w po\u0142\u0105czeniu z innymi klinicznie sprawdzonymi sk\u0142adnikami suplement\u00f3w diety, przynosz\u0105 zauwa\u017calny efekt utraty wagi. Wystarczy wybra\u0107 najlepszy produkt dost\u0119pny na rynku i cieszy\u0107 si\u0119 jego zaletami. Po co czeka\u0107 na wymarzon\u0105 figur\u0119 i komfort?<\/p>\n<h2 id=\"Suplementy\">Suplementy diety na odchudzanie z ketonami malinowymi<\/h2>\n<p>Na rynku dost\u0119pne s\u0105 liczne suplementy diety, zawieraj\u0105ce ketony malinowe. S\u0105 one popularnym sk\u0142adnikiem produkt\u00f3w odchudzaj\u0105cych.<\/p>\n<h4>Usu\u0144 nadmiar tkanki t\u0142uszczowej z RASPBERRYKETONE700 \u2122!<\/h4>\n<p>{PL_CIP_RASPKETPLUS_SUPLE}<\/p>\n<p>Wi\u0119cej suplement\u00f3w zawieraj\u0105cych ketony malinowe: <a href=\"https:\/\/the-best-supplements.com\/ingredient\/raspberry-ketone\/\" target=\"_blank\" rel=\"noopener\">https:\/\/the-best-supplements.com\/ingredient\/raspberry-ketone\/<\/a>.<\/p>\n<hr \/>\n<h3 id=\"references\">Przypisy<\/h3>\n<ol>\n<li id=\"cite-1\"><small>Morimoto, Chie, et al. <span class=\"ExternalLinks\"><a href=\"http:\/\/www.sciencedirect.com\/science\/article\/pii\/S0024320505001281\" target=\"_blank\" rel=\"nofollow noopener noreferrer\" class=\"broken_link\">&#8222;Anti-obese action of raspberry ketone.&#8221;<\/a><\/span> Life sciences 77.2 (2005): 194-204. &#8222;<em>In conclusion, RK prevents and improves obesity and fatty liver. These effects appear to stem from the action of RK in altering the lipid metabolism, or more specifically, in increasing norepinephrine-induced lipolysis in white adipocytes.<\/em>&#8222;<\/small><\/li>\n<li id=\"cite-2\"><small>Lopez, Hector L., et al. <span class=\"ExternalLinks\"><a href=\"http:\/\/jissn.biomedcentral.com\/articles\/10.1186\/1550-2783-10-22\" target=\"_blank\" rel=\"nofollow noopener noreferrer\">&#8222;Eight weeks of supplementation with a multi-ingredient weight loss product enhances body composition, reduces hip and waist girth, and increases energy levels in overweight men and women.&#8221;<\/a><\/span> Journal of the International Society of Sports Nutrition 10.1 (2013): 1. &#8222;<em>Objective. To determine the safety and efficacy of a multi-ingredient supplement containing primarily raspberry ketone, caffeine, capsaicin, garlic, ginger and Citrus aurantium (Prograde Metabolism\u2122 [METABO]) as an adjunct to an eight-week weight loss program. Conclusions. METABO administration is a safe and effective adjunct to an eight-week diet and exercise weight loss program by augmenting improvements in body composition, waist and hip girth. Adherence to the eight-week weight loss program also led to beneficial changes in body fat in placebo. Ongoing studies to confirm these results and clarify the mechanisms (i.e., biochemical and neuroendocrine mediators) by which METABO exerts the observed salutary effects are being conducted.<\/em>&#8222;<\/small><\/li>\n<li id=\"cite-3\"><small>4-(4-Hydroxyphenyl)-2-butanone &#8211; <span class=\"ExternalLinks\"><a href=\"https:\/\/pubchem.ncbi.nlm.nih.gov\/compound\/21648\" target=\"_blank\" rel=\"nofollow noopener noreferrer\">https:\/\/pubchem.ncbi.nlm.nih.gov\/compound\/21648<\/a><\/span>.<\/small><\/li>\n<li id=\"cite-4\"><small>Raspberry ketone &#8211; <span class=\"ExternalLinks\"><a href=\"http:\/\/www.chemspider.com\/Chemical-Structure.20347.html?rid=b7a5916a-39bd-48ec-b7c7-7fed4c375289\" target=\"_blank\" rel=\"nofollow noopener noreferrer\">http:\/\/www.chemspider.com\/Chemical-Structure.20347.html?rid=b7a5916a-39bd-48ec-b7c7-7fed4c375289<\/a><\/span>.<\/small><\/li>\n<li id=\"cite-5\"><small>Wang, J-G. <span class=\"ExternalLinks\"><a href=\"http:\/\/scripts.iucr.org\/cgi-bin\/paper?sj5132\" target=\"_blank\" rel=\"nofollow noopener noreferrer\">&#8222;4-(4-Hydroxyphenyl) butan-2-one.&#8221;<\/a><\/span> Acta Crystallographica Section E: Structure Reports Online 67.6 (2011): o1411-o1411.<\/small><\/li>\n<\/ol>\n<p><strong>Raspberry ketone synonimy<\/strong>: 4- (4-hydroksyfenylo) butan-2-on, 4- (p-hydroksyfenylo) -2-butanon, 4-hydroksybenzyloaceton, betuligenol, oksyfenalon, p-hydroksybenzyloaceton. Wz\u00f3r cz\u0105steczkowy: <strong>C<sub>10<\/sub>H<sub>12<\/sub>O<sub>2<\/sub><\/strong>, \u015brednia masa: 164,201 Da (g \/ mol), masa monoizotopowa: 164,083725 Da (g \/ mol), masa w\u0142a\u015bciwa: 164,084 g \/ mol, ChemSpider ID: 20347.<\/p>\n<h3>Copywrite<\/h3>\n<p>Ten artyku\u0142 ma charakter otwarty, rozpowszechniany jest na licencji: <span class=\"ExternalLinks\"><a href=\"http:\/\/creativecommons.org\/licenses\/by\/3.0\/\" target=\"_blank\" rel=\"nofollow noopener noreferrer\">Creative Commons Attribution License<\/a><\/span>, przeznaczony do dowlnego u\u017cycia, dystrybucji i reprodukcji w dowlnym medium z zastrze\u017ceniem, \u017ce jest prawid\u0142owo cytowany.<\/p>\n","protected":false},"excerpt":{"rendered":"<p>Co to s\u0105 ketony malinowe? Do niedawna ukryty potencja\u0142 keton\u00f3w malinowych wydawa\u0142 si\u0119 by\u0107 jedn\u0105 z najlepiej strze\u017conych tajemnic odchudzania, mimo \u017ce skuteczno\u015b\u0107 tego sk\u0142adnika by\u0142a przedmiotem szeroko zakrojonych bada\u0144. [&hellip;]<\/p>\n","protected":false},"author":1,"featured_media":0,"parent":0,"menu_order":0,"comment_status":"closed","ping_status":"closed","template":"","meta":{"footnotes":""},"class_list":["post-7054","page","type-page","status-publish","hentry"],"aioseo_notices":[],"_links":{"self":[{"href":"https:\/\/eco-supplements.com\/pl\/wp-json\/wp\/v2\/pages\/7054","targetHints":{"allow":["GET"]}}],"collection":[{"href":"https:\/\/eco-supplements.com\/pl\/wp-json\/wp\/v2\/pages"}],"about":[{"href":"https:\/\/eco-supplements.com\/pl\/wp-json\/wp\/v2\/types\/page"}],"author":[{"embeddable":true,"href":"https:\/\/eco-supplements.com\/pl\/wp-json\/wp\/v2\/users\/1"}],"replies":[{"embeddable":true,"href":"https:\/\/eco-supplements.com\/pl\/wp-json\/wp\/v2\/comments?post=7054"}],"version-history":[{"count":17,"href":"https:\/\/eco-supplements.com\/pl\/wp-json\/wp\/v2\/pages\/7054\/revisions"}],"predecessor-version":[{"id":11075,"href":"https:\/\/eco-supplements.com\/pl\/wp-json\/wp\/v2\/pages\/7054\/revisions\/11075"}],"wp:attachment":[{"href":"https:\/\/eco-supplements.com\/pl\/wp-json\/wp\/v2\/media?parent=7054"}],"curies":[{"name":"wp","href":"https:\/\/api.w.org\/{rel}","templated":true}]}}