{"id":73,"date":"2015-07-07T13:24:58","date_gmt":"2015-07-07T11:24:58","guid":{"rendered":"https:\/\/eco-supplements.com\/pl\/?page_id=73"},"modified":"2017-05-22T15:06:30","modified_gmt":"2017-05-22T13:06:30","slug":"cellulit","status":"publish","type":"page","link":"https:\/\/eco-supplements.com\/pl\/cellulit\/","title":{"rendered":"Cellulit"},"content":{"rendered":"<h2>Jak pozby\u0107 si\u0119 cellulitu?<\/h2>\n<h3>Skuteczna walka z cellulitem jest mo\u017cliwa!<\/h3>\n<p><!--more--><br \/>\nJest utrapieniem tych szczup\u0142ych i tych nieco bardziej puszystych pa\u0144, sprawia, \u017ce wstydzimy si\u0119 zak\u0142ada\u0107 kr\u00f3tkie sp\u00f3dniczki, szorty i stroje k\u0105pielowe, odbiera nam pewno\u015b\u0107 siebie i nie daje spokoju. <strong><a title=\"Cellulit\" href=\"https:\/\/eco-supplements.com\/pl\/cellulit\/\">Cellulit<\/a><\/strong> jest zmor\u0105 a\u017c 85% kobiet, nie wa\u017cne czy jeste\u015bmy stare, m\u0142ode, czy mamy za sob\u0105 ci\u0105\u017ce, czy nie \u2013 zawsze ujmuje kobieco\u015bci, wygl\u0105da nieestetycznie i nieatrakcyjnie, a to sprawia, \u017ce chcemy ukry\u0107 nasz\u0105 sk\u00f3r\u0119 przed ca\u0142ym \u015bwiatem. Jeste\u015bmy gotowe zrobi\u0107 wszystko, by odzyska\u0107 g\u0142adk\u0105 i j\u0119drn\u0105 sk\u00f3r\u0119. Aby nasza walka z pomara\u0144czow\u0105 sk\u00f3rk\u0105 okaza\u0142a si\u0119 skuteczna trzeba si\u0119gn\u0105\u0107 po w\u0142a\u015bciwe rozwi\u0105zania. Na pocz\u0105tku trzeba koniecznie zmieni\u0107 codzienne nawyki, a dodatkowo zastosowa\u0107 dodatkowe \u015brodki takie jak zabiegi czy specjalistyczne suplementy, kt\u00f3re przyspiesz\u0105 ca\u0142y proces.<\/p>\n<h3>Zmiana nawyk\u00f3w to podstawa<\/h3>\n<p>Watro zacz\u0105\u0107 od ma\u0142ych krok\u00f3w i stopniowo sprowadza\u0107 je w codzienne \u017cycie. Podstaw\u0105 jest odpowiednia dieta i regularna aktywno\u015b\u0107 fizyczna. Zdecydowanie nie jest polecane gwa\u0142towne zrzucanie nadmiernych kilogram\u00f3w. W momencie, gdy szybko przybieramy na wadze, a nast\u0119pnie szybko chudniemy kom\u00f3rki t\u0142uszczowe mog\u0105 powi\u0119ksza\u0107 si\u0119, a sk\u00f3ra traci\u0107 swoj\u0105 naturaln\u0105 j\u0119drno\u015b\u0107. Nasze menu powinno zosta\u0107 wzbogacone w pe\u0142nowarto\u015bciowe produkty, kt\u00f3re zawieraj\u0105 du\u017c\u0105 ilo\u015b\u0107 b\u0142onnika, a z kolei powinni\u015bmy unika\u0107 ociekaj\u0105cych t\u0142uszczem lub cukrem fast food\u00f3w i przetworzonych produkt\u00f3w. Pomocne jest te\u017c uprawianie sportu, kt\u00f3re sprawia, \u017ce przy\u015bpieszamy przemian\u0119 materii i \u0142atwiej pozbywamy si\u0119 tkanki t\u0142uszczowej. Je\u015bli zmagamy si\u0119 z cellulitem w okolicach brzucha mo\u017cemy si\u0119gn\u0105\u0107 po hula-hoop, a gdy zalega ona na ramionach &#8211; po ci\u0119\u017carki i sztang\u0119. Watro \u0142\u0105czy\u0107 \u0107wiczenia &#8211; te aerobowe i kardio u\u0142atwi\u0105 spalanie zb\u0119dnych kilogram\u00f3w, si\u0142owe pozwol\u0105 uwidoczni\u0107 mi\u0119\u015bnie i uj\u0119drni\u0107 sk\u00f3r\u0119.<\/p>\n<p>Kolejnym krokiem jest codzienna higiena i piel\u0119gnacja. Nie mo\u017cemy zapomina\u0107 o codziennym nawil\u017caniu, stosowaniu balsam\u00f3w, mleczek do cia\u0142a i peeling\u00f3w. Masowanie wspomaga kr\u0105\u017cenie krwi i limfy, poprawia koloryt sk\u00f3ry i przy\u015bpiesza mikrokr\u0105\u017cenie, a ca\u0142o\u015b\u0107 przy\u015bpiesza pozbywanie si\u0119 cellulitu i upi\u0119ksza nasz\u0105 sk\u00f3r\u0119 pod ka\u017cdym wzgl\u0119dem.<\/p>\n<h3>Zabiegi mog\u0105 pom\u00f3c!<\/h3>\n<p>Oferta salon\u00f3w kosmetycznych jest niezwykle bogata. Olbrzymia ilo\u015b\u0107 proponowanych zabieg\u00f3w sprawia, \u017ce czasami sami nie wiemy, kt\u00f3ry z nich wybra\u0107, a z pewno\u015bci\u0105 kilka z nich mo\u017ce przynie\u015b\u0107 obiecuj\u0105ce rezultaty. Ciekawa opcj\u0105 s\u0105 masa\u017ce wykonywane specjalistycznymi przyrz\u0105dami. Przynosz\u0105 one o wiele wi\u0119ksze korzy\u015bci ni\u017c te wykonywane z domu. Na przyk\u0142ad entomologia wzmacnia sk\u00f3r\u0119 i zapobiega pojawianiu si\u0119 obrz\u0119k\u00f3w, a masa\u017c pomp\u0105 pr\u00f3\u017cniow\u0105 poprawia ukrwienie i kr\u0105\u017cenie krwi. Warto r\u00f3wnie\u017c si\u0119gn\u0105\u0107 po terapi\u0119 ultrad\u017awi\u0119kami lub laser. Nie s\u0105 one radykalnymi rozwi\u0105zaniami, a s\u0105 w stanie dociera\u0107 do g\u0142\u0119bokich warstw sk\u00f3ry, poprawia\u0107 jej napi\u0119cie i j\u0119drno\u015b\u0107. Trzeba jednak pami\u0119ta\u0107, by z rozwag\u0105 korzysta\u0107 ze wszelkiego rodzaju zabieg\u00f3w, bowiem mo\u017ce zdarzy\u0107 si\u0119, \u017ce pojawi\u0105 si\u0119 negatywne skutki uboczne, kt\u00f3re jeszcze bardziej pogorsz\u0105 stan naszej sk\u00f3ry. Aby mie\u0107 pewno\u015b\u0107, \u017ce naszemu zdrowiu nic nie zagra\u017ca mo\u017cemy si\u0119gn\u0105\u0107 po bezpieczniejsze rozwi\u0105zanie takie jak na przyk\u0142ad odpowiednie suplementy diety.<\/p>\n<h2 id=\"suplementy\">Suplementy diety na cellulit &#8211; Ranking<\/h2>\n<h3>Jakie suplementy wybra\u0107?<\/h3>\n<p>Suplementy s\u0105 o tyle ciekawsz\u0105 opcj\u0105, \u017ce ich stosowanie jest niezwykle proste, nie wymagaj\u0105 po\u015bwi\u0119cania du\u017cej ilo\u015bci czasu, a w wi\u0119kszo\u015bci przypadk\u00f3w s\u0105 ca\u0142kowicie bezpieczne. Zabiegi kosmetyczne trwaj\u0105 godzinami, s\u0105 niezwykle drogie, a w dodatku mog\u0105 by\u0107 bardzo bolesne. Za\u017cycie jednej lub dw\u00f3ch tabletek dziennie zajmuje kilka sekund, kt\u00f3re mog\u0105 przynie\u015b\u0107 podobne rezultaty, co trwaj\u0105ce godzinami kuracje w salonach odnowy. Je\u015bli szukamy szybkich i skutecznych rezultat\u00f3w mo\u017cemy si\u0119gn\u0105\u0107 po specyfik o nazwie <a title=\"Cellinea - tabletki na cellulit\" href=\"https:\/\/eco-supplements.com\/pl\/zdrowie-i-uroda\/cellulit\/cellinea-lepsze-zycie-bez-cellulitu\/\">Cellinea<\/a>. Jest to \u015brodek, kt\u00f3rego dzia\u0142anie jest potwierdzone wieloletnimi badaniami i opiniami setek klientek, kt\u00f3re dzi\u0119ki jego u\u017cyciu raz na zawsze pokona\u0142y pomara\u0144czow\u0105 sk\u00f3rk\u0119. Nieraz zdarza\u0142o si\u0119, \u017ce kobiety pr\u00f3bowa\u0142y wszystkiego, co dost\u0119pne na rynku, a tylko suplementacja przynios\u0142a oczekiwane rezultaty.<\/p>\n<p>Co wi\u0119cej, warto wybiera\u0107 te, kt\u00f3re zawieraj\u0105 jedynie naturalne sk\u0142adniki. W\u0142a\u015bnie Cellinea mo\u017ce poszczyci\u0107 si\u0119 sk\u0142adem pochodz\u0105cym wprost od natury, dlatego jest to zdecydowanie nieinwazyjna metoda, kt\u00f3ra przynosi gwarantowane rezultaty.<\/p>\n<p>Preparat ten zdoby\u0142 1 miejsce w zestawieniu przygotowanym przy wsp\u00f3\u0142udziale naszej redakcji: <a title=\"ranking tabletek na cellulit\" href=\"https:\/\/eco-supplements.com\/pl\/zdrowie-i-uroda\/cellulit\/tabletki-na-cellulit-ranking\/\">ranking tabletek na cellulit<\/a>.<\/p>\n<hr \/>\n<p>{PL_CP_CELLINEA}<\/p>\n<hr \/>\n<p>{PL_CP_CELLACTIV}<\/p>\n<hr \/>\n<p>{LEGENDA}<\/p>\n","protected":false},"excerpt":{"rendered":"<p>Jak pozby\u0107 si\u0119 cellulitu? Skuteczna walka z cellulitem jest mo\u017cliwa!<\/p>\n","protected":false},"author":1,"featured_media":75,"parent":0,"menu_order":0,"comment_status":"open","ping_status":"open","template":"","meta":{"footnotes":""},"class_list":["post-73","page","type-page","status-publish","has-post-thumbnail","hentry"],"aioseo_notices":[],"_links":{"self":[{"href":"https:\/\/eco-supplements.com\/pl\/wp-json\/wp\/v2\/pages\/73","targetHints":{"allow":["GET"]}}],"collection":[{"href":"https:\/\/eco-supplements.com\/pl\/wp-json\/wp\/v2\/pages"}],"about":[{"href":"https:\/\/eco-supplements.com\/pl\/wp-json\/wp\/v2\/types\/page"}],"author":[{"embeddable":true,"href":"https:\/\/eco-supplements.com\/pl\/wp-json\/wp\/v2\/users\/1"}],"replies":[{"embeddable":true,"href":"https:\/\/eco-supplements.com\/pl\/wp-json\/wp\/v2\/comments?post=73"}],"version-history":[{"count":32,"href":"https:\/\/eco-supplements.com\/pl\/wp-json\/wp\/v2\/pages\/73\/revisions"}],"predecessor-version":[{"id":6865,"href":"https:\/\/eco-supplements.com\/pl\/wp-json\/wp\/v2\/pages\/73\/revisions\/6865"}],"wp:featuredmedia":[{"embeddable":true,"href":"https:\/\/eco-supplements.com\/pl\/wp-json\/wp\/v2\/media\/75"}],"wp:attachment":[{"href":"https:\/\/eco-supplements.com\/pl\/wp-json\/wp\/v2\/media?parent=73"}],"curies":[{"name":"wp","href":"https:\/\/api.w.org\/{rel}","templated":true}]}}