{"id":7367,"date":"2017-07-28T16:01:10","date_gmt":"2017-07-28T14:01:10","guid":{"rendered":"https:\/\/eco-supplements.com\/pl\/?page_id=7367"},"modified":"2018-09-28T21:49:29","modified_gmt":"2018-09-28T19:49:29","slug":"redakcja","status":"publish","type":"page","link":"https:\/\/eco-supplements.com\/pl\/redakcja\/","title":{"rendered":"Redakcja"},"content":{"rendered":"<p><a href=\"https:\/\/eco-supplements.com\/wp-content\/uploads\/2018\/09\/Redakcja.jpg\"><img decoding=\"async\" class=\"alignnone size-large wp-image-5557\" src=\"https:\/\/eco-supplements.com\/wp-content\/uploads\/2018\/09\/Redakcja-1024x681.jpg\" alt=\"\" width=\"810\" height=\"539\" \/><\/a><br \/>\nRedakcja portalu Eco-Supplements przyjmuje materia\u0142y prasowe do publikacji. Je\u017celi chcesz zaproponowa\u0107 nam sw\u00f3j artyku\u0142 do opublikowania prze\u015blij go na adres:<\/p>\n<p><img decoding=\"async\" class=\"aligncenter size-full wp-image-9152\" src=\"https:\/\/eco-supplements.com\/pl\/wp-content\/uploads\/2018\/07\/redakcja_email.jpg\" alt=\"\" width=\"234\" height=\"18\" \/><\/p>\n<h3>Wymagania odno\u015bnie tre\u015bci<\/h3>\n<p>Artyku\u0142y przesy\u0142ane nam do publikacji powinny by\u0107 w jednym z dw\u00f3ch format\u00f3w:<\/p>\n<ul>\n<li>Plik word (.doc).<\/li>\n<li>Plik tekstowy (.txt).<\/li>\n<li>Video (.mp4).<\/li>\n<\/ul>\n<p>Fotografie, infografiki, wizualizacje powinny by\u0107 w postaci plik\u00f3w: .jpg lub .gif.<\/p>\n<p>Artyku\u0142y powinny sk\u0142ada\u0107 si\u0119 z lead&#8217;a i tre\u015bci zasadniczej. Tre\u015b\u0107 zasadnicza powinna zawiera\u0107 \u015br\u00f3dtytu\u0142y. Mile widziane s\u0105 wypunktowania, pogrubienie wa\u017cnych fraz, zda\u0144.<\/p>\n<p>Je\u017celi autor korzysta ze \u017ar\u00f3de\u0142 zewn\u0119trznych nale\u017cy je wskaza\u0107 w przypisach &#8211; redakcja stosuje tutaj linki nofollow.<\/p>\n<p>Je\u017celi nades\u0142any materia\u0142 ma linkowa\u0107 (dofollow) do jakiej\u015b strony &#8211; prosz\u0119 to wyra\u017anie zaznaczy\u0107 oraz stosowa\u0107 linki w postaci: (http\/https :\/\/) www . adresstrony . \/ artykul. Nie publikujemy link\u00f3w na s\u0142owach\/frazach.<\/p>\n<h3>Tematyka<\/h3>\n<p>Publikujemy tre\u015bci zwi\u0105zane z szeroko rozumian\u0105 sfer\u0105 zdrowego trybu \u017cycia, suplementami diety, od\u017cywianiem, dietami itp.<\/p>\n<p>&nbsp;<\/p>\n<p>&nbsp;<\/p>\n","protected":false},"excerpt":{"rendered":"<p>Redakcja portalu Eco-Supplements przyjmuje materia\u0142y prasowe do publikacji. Je\u017celi chcesz zaproponowa\u0107 nam sw\u00f3j artyku\u0142 do opublikowania prze\u015blij go na adres: Wymagania odno\u015bnie tre\u015bci Artyku\u0142y przesy\u0142ane nam do publikacji powinny by\u0107 [&hellip;]<\/p>\n","protected":false},"author":1,"featured_media":0,"parent":0,"menu_order":0,"comment_status":"closed","ping_status":"closed","template":"","meta":{"footnotes":""},"class_list":["post-7367","page","type-page","status-publish","hentry"],"aioseo_notices":[],"_links":{"self":[{"href":"https:\/\/eco-supplements.com\/pl\/wp-json\/wp\/v2\/pages\/7367","targetHints":{"allow":["GET"]}}],"collection":[{"href":"https:\/\/eco-supplements.com\/pl\/wp-json\/wp\/v2\/pages"}],"about":[{"href":"https:\/\/eco-supplements.com\/pl\/wp-json\/wp\/v2\/types\/page"}],"author":[{"embeddable":true,"href":"https:\/\/eco-supplements.com\/pl\/wp-json\/wp\/v2\/users\/1"}],"replies":[{"embeddable":true,"href":"https:\/\/eco-supplements.com\/pl\/wp-json\/wp\/v2\/comments?post=7367"}],"version-history":[{"count":14,"href":"https:\/\/eco-supplements.com\/pl\/wp-json\/wp\/v2\/pages\/7367\/revisions"}],"predecessor-version":[{"id":9743,"href":"https:\/\/eco-supplements.com\/pl\/wp-json\/wp\/v2\/pages\/7367\/revisions\/9743"}],"wp:attachment":[{"href":"https:\/\/eco-supplements.com\/pl\/wp-json\/wp\/v2\/media?parent=7367"}],"curies":[{"name":"wp","href":"https:\/\/api.w.org\/{rel}","templated":true}]}}