{"id":78,"date":"2015-07-07T15:17:22","date_gmt":"2015-07-07T13:17:22","guid":{"rendered":"https:\/\/eco-supplements.com\/pl\/?page_id=78"},"modified":"2021-08-23T15:57:41","modified_gmt":"2021-08-23T13:57:41","slug":"naturalne-odchudzanie","status":"publish","type":"page","link":"https:\/\/eco-supplements.com\/pl\/naturalne-odchudzanie\/","title":{"rendered":"Odchudzanie"},"content":{"rendered":"<h2>Naturalne i skuteczne sposoby na <strong>odchudzanie<\/strong>.<\/h2>\n<p><!--more--><\/p>\n<div id=\"attachment_80\" style=\"width: 816px\" class=\"wp-caption aligncenter\"><img decoding=\"async\" aria-describedby=\"caption-attachment-80\" class=\"size-full wp-image-80\" title=\"=\" src=\"https:\/\/eco-supplements.com\/pl\/wp-content\/uploads\/2015\/07\/odchudzanie.jpg\" alt=\"Kobieta mierzy tali\u0119\" width=\"806\" height=\"496\" srcset=\"https:\/\/eco-supplements.com\/pl\/wp-content\/uploads\/2015\/07\/odchudzanie.jpg 806w, https:\/\/eco-supplements.com\/pl\/wp-content\/uploads\/2015\/07\/odchudzanie-300x185.jpg 300w\" sizes=\"(max-width: 806px) 100vw, 806px\" \/><p id=\"caption-attachment-80\" class=\"wp-caption-text\">Odchudzanie. Naturalne i skuteczne sposoby na odchudzanie.<\/p><\/div>\n<p>W dzisiejszych czasach jeste\u015bmy coraz bardziej \u015bwiadomi tego, \u017ce zgrabna sylwetka zapewnia nam nie tylko po\u017c\u0105dane efekty wizualne, ale te\u017c pozwala pozosta\u0107 zdrowym, pe\u0142nym si\u0142 i witalno\u015bci. Oty\u0142o\u015b\u0107 to problem, kt\u00f3ry dotyczy du\u017cej liczby ludzi. Cz\u0119sto ludzie pragn\u0105 zmieni\u0107 co\u015b w swoim \u017cyciu, odmieni\u0107 sw\u00f3j wygl\u0105d i pozby\u0107 si\u0119 starych nawyk\u00f3w, lecz zwyczajnie nie wiedz\u0105 od czego zacz\u0105\u0107. Aby ca\u0142y proces przebieg\u0142 sprawnie i bezpiecznie nale\u017cy pami\u0119ta\u0107 o trzech podstawowych zasadach:<\/p>\n<div class=\"dropshadowboxes-container dropshadowboxes-center\">\n<div class=\"dropshadowboxes-drop-shadow dropshadowboxes-curved dropshadowboxes-curved dropshadowboxes-curved-horizontal-2 dropshadowboxes-effect-default width95Border\">\n<ol>\n<li>Nale\u017cy wprowadzi\u0107 <strong>zbilansowan\u0105 diet\u0119<\/strong>;<\/li>\n<li>Zadba\u0107 o <strong>aktywno\u015b\u0107 fizyczn\u0105<\/strong>;<\/li>\n<li>Wyposa\u017cy\u0107 si\u0119 we w\u0142a\u015bciwe <strong>suplementy<\/strong> diety, kt\u00f3re <strong>usprawni\u0105 odchudzanie<\/strong>.<\/li>\n<\/ol>\n<\/div>\n<\/div>\n<p>&nbsp;<\/p>\n<h3>Jak zacz\u0105\u0107 odchudzanie?<\/h3>\n<p>Dieta to podstawa! To od w\u0142a\u015bciwie zbilansowanych posi\u0142k\u00f3w zale\u017cy a\u017c 70% ca\u0142ego sukcesu. Niezale\u017cnie od tego ile b\u0119dziemy \u0107wiczy\u0107, bez zdrowego od\u017cywiania nie zrobimy nawet ma\u0142ego kroczku w stron\u0119 do szczup\u0142ej sylwetki. Warto pami\u0119ta\u0107, \u017ce dieta to nie to samo co g\u0142od\u00f3wka. \u017beby schudn\u0105\u0107 trzeba je\u015b\u0107, ale tylko to co zdrowe, niskokaloryczne, bogate w b\u0142onnik, to co zawiera wszelkie niezb\u0119dne witaminy i minera\u0142y, co dostarcza do organizmu odpowiedni\u0105 ilo\u015b\u0107 bia\u0142ek, w\u0119glowodan\u00f3w t\u0142uszcz\u00f3w. Nie mo\u017cemy pomija\u0107 posi\u0142k\u00f3w. Wystarczy jedynie zastosowa\u0107 zdrowsze zamienniki, unika\u0107 przetworzonych produkt\u00f3w i tych z du\u017c\u0105 ilo\u015bci\u0105 dodatkowego cukru i t\u0142uszczu, a b\u0119dzie to korzystne dla naszego wygl\u0105du zewn\u0119trznego jak i kondycji ca\u0142ego organizmu.<\/p>\n<h3>Sport to zdrowie!<\/h3>\n<div id=\"attachment_11044\" style=\"width: 630px\" class=\"wp-caption aligncenter\"><a href=\"https:\/\/eco-supplements.com\/pl\/wp-content\/uploads\/2021\/08\/Sport-to-zdrowie.jpg\"><img decoding=\"async\" aria-describedby=\"caption-attachment-11044\" class=\"size-large wp-image-11044\" src=\"https:\/\/eco-supplements.com\/pl\/wp-content\/uploads\/2021\/08\/Sport-to-zdrowie-620x413.jpg\" alt=\"Sport to zdrowie. Jakie \u0107wiczenia stosowa\u0107?\" width=\"620\" height=\"413\" srcset=\"https:\/\/eco-supplements.com\/pl\/wp-content\/uploads\/2021\/08\/Sport-to-zdrowie-620x413.jpg 620w, https:\/\/eco-supplements.com\/pl\/wp-content\/uploads\/2021\/08\/Sport-to-zdrowie-300x200.jpg 300w, https:\/\/eco-supplements.com\/pl\/wp-content\/uploads\/2021\/08\/Sport-to-zdrowie-768x512.jpg 768w, https:\/\/eco-supplements.com\/pl\/wp-content\/uploads\/2021\/08\/Sport-to-zdrowie-1536x1024.jpg 1536w, https:\/\/eco-supplements.com\/pl\/wp-content\/uploads\/2021\/08\/Sport-to-zdrowie.jpg 1920w\" sizes=\"(max-width: 620px) 100vw, 620px\" \/><\/a><p id=\"caption-attachment-11044\" class=\"wp-caption-text\">Sport to zdrowie. Jakie \u0107wiczenia stosowa\u0107?<\/p><\/div>\n<p>Kolejnym krokiem jest oczywi\u015bcie aktywno\u015b\u0107 fizyczna. Na pocz\u0105tku sama my\u015bl o kator\u017cniczych treningach mo\u017ce wydawa\u0107 si\u0119 m\u0119cz\u0105ca i zniech\u0119caj\u0105ca, jednak warto stawia\u0107 sobie ma\u0142e cele i konsekwentnie d\u0105\u017cy\u0107 do osi\u0105gni\u0119cia upragnionego wyniku. Warto zamieni\u0107 samoch\u00f3d na rower, wind\u0119 na schody, wybra\u0107 si\u0119 na d\u0142ugi popo\u0142udniowy spacer wraz ze swym ukochanym pupilem. Nast\u0119pnie mo\u017cna zacz\u0105\u0107 od lekkich \u0107wicze\u0144 na si\u0142owni, samodzielnych trening\u00f3w w domu lub biegania, p\u00f3\u017aniej wyznacza\u0107 sobie kolejne wyzwania i ca\u0142y czas d\u0105\u017cy\u0107 do tego, by by\u0107 jeszcze szybszym, silniejszym, sprawniejszym.<\/p>\n<h3>Jakie \u0107wiczenia stosowa\u0107?<\/h3>\n<p>Przedstawiamy Wam dwa zestawy bezpiecznych \u0107wicze\u0144 poprawiaj\u0105cych sylwetk\u0119, kt\u00f3re warto stosowa\u0107 w procesie odchudzania ale nie tylko. Nawet je\u017celi nie masz nadwagi zadbaj o p\u0142aski brzuch i j\u0119drne po\u015bladki bo to w znacz\u0105cy spos\u00f3b podnosi atrakcyjno\u015b\u0107.<\/p>\n<p><iframe title=\"\u0106wiczenia na odchudzanie cz.1\" width=\"810\" height=\"456\" src=\"https:\/\/www.youtube.com\/embed\/FQZ5_YPpISA?feature=oembed\" frameborder=\"0\" allow=\"accelerometer; autoplay; clipboard-write; encrypted-media; gyroscope; picture-in-picture\" allowfullscreen><\/iframe><\/p>\n<p><iframe title=\"\u0106wiczenia na odchudzanie cz.2\" width=\"810\" height=\"456\" src=\"https:\/\/www.youtube.com\/embed\/ffIFkdbFG4E?feature=oembed\" frameborder=\"0\" allow=\"accelerometer; autoplay; clipboard-write; encrypted-media; gyroscope; picture-in-picture\" allowfullscreen><\/iframe><\/p>\n<h2>Suplementy diety przy\u015bpiesz\u0105 odchudzanie<\/h2>\n<p><a title=\"Suplementy diety przy\u015bpiesz\u0105 odchudzanie\" href=\"https:\/\/eco-supplements.com\/pl\/wp-content\/uploads\/2021\/08\/Suplementy-diety-przyspiesza-odchudzanie.jpg\"><img decoding=\"async\" class=\"aligncenter size-large wp-image-11046\" src=\"https:\/\/eco-supplements.com\/pl\/wp-content\/uploads\/2021\/08\/Suplementy-diety-przyspiesza-odchudzanie-620x413.jpg\" alt=\"Suplementy diety przy\u015bpiesz\u0105 odchudzanie\" width=\"620\" height=\"413\" srcset=\"https:\/\/eco-supplements.com\/pl\/wp-content\/uploads\/2021\/08\/Suplementy-diety-przyspiesza-odchudzanie-620x413.jpg 620w, https:\/\/eco-supplements.com\/pl\/wp-content\/uploads\/2021\/08\/Suplementy-diety-przyspiesza-odchudzanie-300x200.jpg 300w, https:\/\/eco-supplements.com\/pl\/wp-content\/uploads\/2021\/08\/Suplementy-diety-przyspiesza-odchudzanie-768x512.jpg 768w, https:\/\/eco-supplements.com\/pl\/wp-content\/uploads\/2021\/08\/Suplementy-diety-przyspiesza-odchudzanie-1536x1024.jpg 1536w, https:\/\/eco-supplements.com\/pl\/wp-content\/uploads\/2021\/08\/Suplementy-diety-przyspiesza-odchudzanie.jpg 1920w\" sizes=\"(max-width: 620px) 100vw, 620px\" \/><\/a><\/p>\n<p>Odchudzanie to \u017cmudny i d\u0142ugotrwa\u0142y proces, kt\u00f3ry jednak mo\u017cna nieco przy\u015bpieszy\u0107. Na rynku dost\u0119pnych jest mn\u00f3stwo suplement\u00f3w, kt\u00f3re obiecuj\u0105 zadowalaj\u0105ce rezultaty i utrat\u0119 zb\u0119dnych kilogram\u00f3w w mgnieniu oka. Watro jednak by\u0107 rozwa\u017cnym i sprawdza\u0107 jaki sk\u0142ad posiada dany preparat. Tylko specyfiki zawieraj\u0105ce naturalne sk\u0142adniki s\u0105 bezpieczne dla naszego zdrowia. W pe\u0142ni naturalnym produktem s\u0105 na przyk\u0142ad tabletki <strong>Green Coffe Plus<\/strong>. To nic innego jak ekstrakt z ziaren zielonej kawy, kt\u00f3ra od dawna s\u0142ynie z w\u0142a\u015bciwo\u015bci odchudzaj\u0105cych. Jego dzia\u0142anie polega na przy\u015bpieszeniu spalania t\u0142uszcz\u00f3w, podkr\u0119ceniu metabolizmu, wspomaganiu uk\u0142adu pokarmowego i perystaltyki jelit. Ca\u0142o\u015b\u0107 gwarantuje zadowalaj\u0105ce rezultaty, a w dodatku jest ca\u0142kowici bezpieczna i nie zagra\u017ca naszemu \u017cyciu i zdrowiu. Bardzo skutecznymi preparatami s\u0105\u00a0tak\u017ce wyci\u0105gi z afryka\u0144skiego mango (<strong>African Mango<\/strong>) czy jag\u00f3d Acai (<strong>Slimette<\/strong>). Polecamy tylko najlepsze i najskuteczniejsze suplementy.<\/p>\n<h2 id=\"suplementy\">Najlepsze suplementy diety na odchudzanie &#8211; Ranking<\/h2>\n<h3>najlepsze, skuteczne i bezpieczne suplementy diety na odchudzanie<\/h3>\n<p>Przedstawiamy Wam list\u0119 najlepszych bezpiecznych suplement\u00f3w diety na odchudzanie, kt\u00f3re warto stosowa\u0107. Ich skuteczno\u015b\u0107 potwierdzona jest przez tysi\u0105ce zadowolonych Klient\u00f3w oraz poparta badaniami naukowymi.<br \/>\n{PL_CP_GCPlus}<\/p>\n<hr \/>\n<p>{PL_NP_AM}<\/p>\n<hr \/>\n<p>{PL_CP_SV}<\/p>\n<hr \/>\n<p>Wymienione powy\u017cej najlepsze suplementy diety na odchudzanie mo\u017cna zam\u00f3wi\u0107 u nas przez internet, dost\u0119pne s\u0105 bez recepty i s\u0105 ca\u0142kowicie bezpieczne. Dostawa realizowana jest do wi\u0119kszo\u015bci kraj\u00f3w na \u015bwiecie.<\/p>\n<div class=\"dropshadowboxes-container dropshadowboxes-center\">\n<div class=\"dropshadowboxes-drop-shadow dropshadowboxes-curved dropshadowboxes-curved dropshadowboxes-curved-horizontal-2 dropshadowboxes-effect-default width95Border\">\n<ul>\n<li><a title=\"Suplementy diety z African Mango\" href=\"https:\/\/eco-supplements.com\/pl\/african-mango\/#suplementy\">Suplementy diety z African Mango<\/a><\/li>\n<li><a title=\"Suplementy diety na odchudzanie z Acai Berry\" href=\"https:\/\/eco-supplements.com\/pl\/acai-berry-euterpe-oleracea-fruit\/#suplementy\">Suplementy diety na odchudzanie z Acai Berry<\/a><\/li>\n<\/ul>\n<\/div>\n<\/div>\n<p>Tutaj znajdziecie pe\u0142ny sk\u0142ad wybranych tabletek na odchudzanie: <a title=\"sk\u0142ad wybranych tabletek na odchudzanie\" href=\"https:\/\/eco-supplements.com\/pl\/sklad-wybranych-tabletek-na-odchudzanie\/\">sk\u0142ad wybranych tabletek na odchudzanie<\/a>.<\/p>\n<p>Zobacz r\u00f3wnie\u017c: <a title=\"Opisy suplement\u00f3w diety na odchudzanie\" href=\"https:\/\/eco-supplements.com\/pl\/zopisy\/opisy-suplementow-diety-na-odchudzanie\/\">Opisy suplement\u00f3w diety na odchudzanie<\/a>.<\/p>\n<h3>Tabletki na odchudzanie<\/h3>\n<p>Eco-Suplements przygotowa\u0142 Ranking tabletek odchudzaj\u0105cych dost\u0119pnych na rynku, kt\u00f3ry zosta\u0142 podzielony na grupy:<\/p>\n<div class=\"dropshadowboxes-container dropshadowboxes-center\">\n<div class=\"dropshadowboxes-drop-shadow dropshadowboxes-curved dropshadowboxes-curved dropshadowboxes-curved-horizontal-2 dropshadowboxes-effect-default width95Border\">\n<ul>\n<li><a title=\"Ranking tabletek na odchudzanie\" href=\"https:\/\/eco-supplements.com\/pl\/odchudzanie\/tabletki-na-odchudzanie-ranking\/\">Ranking tabletek na odchudzanie<\/a><\/li>\n<li><a title=\"Ranking tabletek na odchudzanie z Acai Berry\" href=\"https:\/\/eco-supplements.com\/pl\/odchudzanie\/acai-berry-tabletki-na-odchudzanie\/\">Ranking tabletek na odchudzanie zawieraj\u0105cych Acai Berry<\/a><\/li>\n<li><a title=\"Ranking tabletek na odchudzanie zawieraj\u0105cych African Mango\" href=\"https:\/\/eco-supplements.com\/pl\/odchudzanie\/african-mango-tabletki-na-odchudzanie\/\">Ranking tabletek na odchudzanie zawieraj\u0105cych African Mango<\/a><\/li>\n<li><a title=\"Ranking tabletek na odchudzanie zawieraj\u0105cych Garcinia Cambogia&lt;\" href=\"https:\/\/eco-supplements.com\/pl\/odchudzanie\/garcinia-cambogia-tabletki-na-odchudzanie\/\">Ranking tabletek na odchudzanie zawieraj\u0105cych Garcinia Cambogia<\/a><\/li>\n<li><a title=\"Ranking tabletek na odchudzanie zawieraj\u0105cych Green Coffee\" href=\"https:\/\/eco-supplements.com\/pl\/odchudzanie\/green-coffee-tabletki-na-odchudzanie\/\">Ranking tabletek na odchudzanie zawieraj\u0105cych Green Coffee<\/a><\/li>\n<\/ul>\n<\/div>\n<\/div>\n<p>{LEGENDA}<\/p>\n","protected":false},"excerpt":{"rendered":"<p>Naturalne i skuteczne sposoby na odchudzanie.<\/p>\n","protected":false},"author":1,"featured_media":80,"parent":0,"menu_order":0,"comment_status":"open","ping_status":"open","template":"","meta":{"footnotes":""},"class_list":["post-78","page","type-page","status-publish","has-post-thumbnail","hentry"],"aioseo_notices":[],"_links":{"self":[{"href":"https:\/\/eco-supplements.com\/pl\/wp-json\/wp\/v2\/pages\/78","targetHints":{"allow":["GET"]}}],"collection":[{"href":"https:\/\/eco-supplements.com\/pl\/wp-json\/wp\/v2\/pages"}],"about":[{"href":"https:\/\/eco-supplements.com\/pl\/wp-json\/wp\/v2\/types\/page"}],"author":[{"embeddable":true,"href":"https:\/\/eco-supplements.com\/pl\/wp-json\/wp\/v2\/users\/1"}],"replies":[{"embeddable":true,"href":"https:\/\/eco-supplements.com\/pl\/wp-json\/wp\/v2\/comments?post=78"}],"version-history":[{"count":68,"href":"https:\/\/eco-supplements.com\/pl\/wp-json\/wp\/v2\/pages\/78\/revisions"}],"predecessor-version":[{"id":11066,"href":"https:\/\/eco-supplements.com\/pl\/wp-json\/wp\/v2\/pages\/78\/revisions\/11066"}],"wp:featuredmedia":[{"embeddable":true,"href":"https:\/\/eco-supplements.com\/pl\/wp-json\/wp\/v2\/media\/80"}],"wp:attachment":[{"href":"https:\/\/eco-supplements.com\/pl\/wp-json\/wp\/v2\/media?parent=78"}],"curies":[{"name":"wp","href":"https:\/\/api.w.org\/{rel}","templated":true}]}}