{"id":7820,"date":"2017-08-23T00:26:31","date_gmt":"2017-08-22T22:26:31","guid":{"rendered":"https:\/\/eco-supplements.com\/pl\/?page_id=7820"},"modified":"2019-01-09T11:30:12","modified_gmt":"2019-01-09T10:30:12","slug":"luszczyca","status":"publish","type":"page","link":"https:\/\/eco-supplements.com\/pl\/luszczyca\/","title":{"rendered":"\u0141uszczyca"},"content":{"rendered":"<p><strong><a href=\"https:\/\/eco-supplements.com\/pl\/luszczyca\/\" title=\"\u0141uszczyca\">\u0141uszczyca<\/a><\/strong> (\u0142ac. <em>psoriasis<\/em>) \u2013 przewlek\u0142a, nawracaj\u0105ca choroba uk\u0142adowa mediowana immunologicznie (nale\u017cy do chor\u00f3b autoimmunizacyjnych), w kt\u00f3rej procesy zapalne charakteryzuj\u0105c\u0105 si\u0119 obecno\u015bci\u0105 objaw\u00f3w sk\u00f3rnych \u2013 \u0142uszcz\u0105cych si\u0119 wykwit\u00f3w \u2013 i stawowo-\u015bci\u0119gnistych. Choroba ta jest cz\u0119st\u0105 przyczyn\u0105 problem\u00f3w dermatologicznych \u2013 dotyka 2\u20134% populacji.<\/p>\n<p><!--more--><\/p>\n<p><strong>Pozytywny wp\u0142yw na leczenie \u0142uszczycy ma<\/strong>:<\/p>\n<ul>\n<li>zwi\u0119kszenie spo\u017cycia omega-3 wielonienasyconych kwas\u00f3w t\u0142uszczowych,<\/li>\n<li>ograniczenie spo\u017cycia mi\u0119sa, nabia\u0142u, skrobi, cukru, octu na rzecz owoc\u00f3w, zi\u00f3\u0142 i bia\u0142ka ro\u015blinnego.<\/li>\n<\/ul>\n<p>Wi\u0119cej na temat diety \u0142uszczycowej przeczytasz tutaj: <a title=\"Dieta pomaga wygra\u0107 z \u0142uszczyc\u0105\" href=\"https:\/\/eco-supplements.com\/pl\/zdrowie-i-uroda\/dieta-pomaga-wygrac-z-luszczyca\/\">Dieta pomaga wygra\u0107 z \u0142uszczyc\u0105<\/a>.<\/p>\n<h2 id=\"krem\">Naturalne kremy na \u0142uszczyc\u0119<\/h2>\n<p>\u0141uszczyc\u0119 leczy si\u0119 na wielu poziomach: lekami, kremami i odpowiedni\u0105 diet\u0105. Chc\u0105c uzyska\u0107 szybkie rezultaty warto zastosowa\u0107 preparaty naturalnego pochodzenia, kt\u00f3re w szybkim czasie \u0142agodz\u0105 objawy i likwiduj\u0105 przyczyn\u0119 zmian sk\u00f3rnych.<\/p>\n<p>Pami\u0119taj &#8211; leczenie cz\u0119sto jest trudne, d\u0142ugotrwa\u0142e i wymaga systematyczno\u015bci.<\/p>\n<h3>Psorilax<\/h3>\n<p>{PL_AC_PSORILAX_KREM}<\/p>\n<h3>Psoridex<\/h3>\n<p>{PL_TL_PSORIDEX_KREM}<\/p>\n<h3>Psorifix<\/h3>\n<p>{PL_AC_PSORIFIX_KREM}<\/p>\n","protected":false},"excerpt":{"rendered":"<p>\u0141uszczyca (\u0142ac. psoriasis) \u2013 przewlek\u0142a, nawracaj\u0105ca choroba uk\u0142adowa mediowana immunologicznie (nale\u017cy do chor\u00f3b autoimmunizacyjnych), w kt\u00f3rej procesy zapalne charakteryzuj\u0105c\u0105 si\u0119 obecno\u015bci\u0105 objaw\u00f3w sk\u00f3rnych \u2013 \u0142uszcz\u0105cych si\u0119 wykwit\u00f3w \u2013 i stawowo-\u015bci\u0119gnistych. [&hellip;]<\/p>\n","protected":false},"author":1,"featured_media":0,"parent":0,"menu_order":0,"comment_status":"closed","ping_status":"closed","template":"","meta":{"footnotes":""},"class_list":["post-7820","page","type-page","status-publish","hentry"],"aioseo_notices":[],"_links":{"self":[{"href":"https:\/\/eco-supplements.com\/pl\/wp-json\/wp\/v2\/pages\/7820","targetHints":{"allow":["GET"]}}],"collection":[{"href":"https:\/\/eco-supplements.com\/pl\/wp-json\/wp\/v2\/pages"}],"about":[{"href":"https:\/\/eco-supplements.com\/pl\/wp-json\/wp\/v2\/types\/page"}],"author":[{"embeddable":true,"href":"https:\/\/eco-supplements.com\/pl\/wp-json\/wp\/v2\/users\/1"}],"replies":[{"embeddable":true,"href":"https:\/\/eco-supplements.com\/pl\/wp-json\/wp\/v2\/comments?post=7820"}],"version-history":[{"count":16,"href":"https:\/\/eco-supplements.com\/pl\/wp-json\/wp\/v2\/pages\/7820\/revisions"}],"predecessor-version":[{"id":10299,"href":"https:\/\/eco-supplements.com\/pl\/wp-json\/wp\/v2\/pages\/7820\/revisions\/10299"}],"wp:attachment":[{"href":"https:\/\/eco-supplements.com\/pl\/wp-json\/wp\/v2\/media?parent=7820"}],"curies":[{"name":"wp","href":"https:\/\/api.w.org\/{rel}","templated":true}]}}