{"id":8340,"date":"2017-10-23T17:58:53","date_gmt":"2017-10-23T15:58:53","guid":{"rendered":"https:\/\/eco-supplements.com\/pl\/?page_id=8340"},"modified":"2017-10-23T18:04:07","modified_gmt":"2017-10-23T16:04:07","slug":"yellow-tea-zolta-herbata","status":"publish","type":"page","link":"https:\/\/eco-supplements.com\/pl\/yellow-tea-zolta-herbata\/","title":{"rendered":"Yellow tea (z\u00f3\u0142ta herbata) &#8211; herbata cesarska"},"content":{"rendered":"<div id=\"attachment_8344\" style=\"width: 310px\" class=\"wp-caption alignleft\"><a href=\"https:\/\/eco-supplements.com\/pl\/wp-content\/uploads\/2017\/10\/Korean_tea_hwangcha_Naju_South_Korea_2015-01-171.jpg\"><img decoding=\"async\" aria-describedby=\"caption-attachment-8344\" class=\"size-medium wp-image-8344\" src=\"https:\/\/eco-supplements.com\/pl\/wp-content\/uploads\/2017\/10\/Korean_tea_hwangcha_Naju_South_Korea_2015-01-171-300x169.jpg\" alt=\"Korean tea hwangcha\" width=\"300\" height=\"169\" srcset=\"https:\/\/eco-supplements.com\/pl\/wp-content\/uploads\/2017\/10\/Korean_tea_hwangcha_Naju_South_Korea_2015-01-171-300x169.jpg 300w, https:\/\/eco-supplements.com\/pl\/wp-content\/uploads\/2017\/10\/Korean_tea_hwangcha_Naju_South_Korea_2015-01-171-768x432.jpg 768w, https:\/\/eco-supplements.com\/pl\/wp-content\/uploads\/2017\/10\/Korean_tea_hwangcha_Naju_South_Korea_2015-01-171.jpg 1280w\" sizes=\"(max-width: 300px) 100vw, 300px\" \/><\/a><p id=\"caption-attachment-8344\" class=\"wp-caption-text\">Korean tea hwangcha Naju South Korea (wikimedia)<\/p><\/div>\n<p>W dawnych czasach <strong><a title=\"\u017c\u00f3\u0142ta herbata\" href=\"https:\/\/eco-supplements.com\/pl\/yellow-tea-zolta-herbata\/\">\u017c\u00f3\u0142ta herbata<\/a><\/strong> nazywana by\u0142a \u201e<strong>herbat\u0105 cesarsk\u0105<\/strong>\u201d, gdy\u017c raczy\u0107 si\u0119 ni\u0105 m\u00f3g\u0142 jedynie w\u0142adca Chin, jego rodzina i najbli\u017csze otoczenie. Na szcz\u0119\u015bcie dzi\u015b jest ona dost\u0119pna dla wszystkich.<\/p>\n<h3>Unikalno\u015b\u0107 produkcji Yellow tea<\/h3>\n<p>Wyj\u0105tkowo\u015b\u0107 <strong>\u017c\u00f3\u0142tej herbaty<\/strong> (<strong><a href=\"https:\/\/eco-supplements.com\/pl\/yellow-tea-zolta-herbata\/\" title=\"Yellow tea\">Yellow tea<\/a><\/strong>, Chiny: <strong>hu\u00e1ngch\u00e1<\/strong> &#8211; \u9ec4\u8336; \u9ec3\u8336, Korea: <strong>hwangcha<\/strong> \ud669\ucc28; \u9ec3\u8336) opiera si\u0119 przede wszystkim na jej niecodziennym procesie produkcji. Rozpoczyna si\u0119 on od precyzyjnego zbioru li\u015bci, kt\u00f3ry znacznie wp\u0142ywa na p\u00f3\u017aniejsz\u0105 jako\u015b\u0107 suszu. Po ich wysuszeniu na s\u0142o\u0144cu, przechodzi si\u0119 do kolejnego etapu \u2013 fermentacji nieenzymatycznej. Polega ona na tym, i\u017c li\u015bcie od razu poddaje si\u0119 dzia\u0142aniu wysokiej temperatury, co niszczy enzymy w nich zawarte. Nast\u0119pny krok to zabieg przypominj\u0105cy kiszenie sprawiaj\u0105cy, \u017ce fermentacja we w\u0142asnych sokach, zmienia w\u0142a\u015bciwo\u015bci i kolor herbaty.<\/p>\n<div id=\"attachment_8346\" style=\"width: 310px\" class=\"wp-caption alignleft\"><a href=\"https:\/\/eco-supplements.com\/pl\/wp-content\/uploads\/2017\/10\/Yellow-tea-z\u00f3\u0142ta-herbata-herbata-cesarska.jpg\"><img decoding=\"async\" aria-describedby=\"caption-attachment-8346\" class=\"size-medium wp-image-8346\" src=\"https:\/\/eco-supplements.com\/pl\/wp-content\/uploads\/2017\/10\/Yellow-tea-z\u00f3\u0142ta-herbata-herbata-cesarska-300x225.jpg\" alt=\"Yellow tea (z\u00f3\u0142ta herbata) - herbata cesarska\" width=\"300\" height=\"225\" srcset=\"https:\/\/eco-supplements.com\/pl\/wp-content\/uploads\/2017\/10\/Yellow-tea-z\u00f3\u0142ta-herbata-herbata-cesarska-300x225.jpg 300w, https:\/\/eco-supplements.com\/pl\/wp-content\/uploads\/2017\/10\/Yellow-tea-z\u00f3\u0142ta-herbata-herbata-cesarska-768x576.jpg 768w, https:\/\/eco-supplements.com\/pl\/wp-content\/uploads\/2017\/10\/Yellow-tea-z\u00f3\u0142ta-herbata-herbata-cesarska.jpg 800w\" sizes=\"(max-width: 300px) 100vw, 300px\" \/><\/a><p id=\"caption-attachment-8346\" class=\"wp-caption-text\">Yellow tea (z\u00f3\u0142ta herbata) &#8211; herbata cesarska<\/p><\/div>\n<p>O niezwyk\u0142o\u015bci \u017c\u00f3\u0142tej odmiany \u015bwiadczy tak\u017ce fakt, i\u017c uprawia si\u0119 j\u0105 jedynie w Chinach i to w niedu\u017cych ilo\u015bciach. Jest przez to trudno dost\u0119pna oraz ma\u0142o znana w Europie. Taki stan rzeczy sprawia, \u017ce stanowi obiekt poszukiwa\u0144 koneser\u00f3w z ca\u0142ego \u015bwiata, osi\u0105ga r\u00f3wnie\u017c bardzo wysokie ceny.<\/p>\n<h3>W\u0142a\u015bciwo\u015bci \u017c\u00f3ltej herbaty<\/h3>\n<p>Istotnym elementem \u017c\u00f3\u0142tej herbaty s\u0105 tak\u017ce jej w\u0142a\u015bciwo\u015bci. Raczenie si\u0119 ni\u0105:<\/p>\n<ul>\n<li><strong>przywraca si\u0142y witalne<\/strong>,<\/li>\n<li><strong>wspomaga uk\u0142ad trawienny<\/strong>,<\/li>\n<li>a tak\u017ce <strong>dzia\u0142a oczyszczaj\u0105co<\/strong>.<\/li>\n<\/ul>\n<p>Chc\u0105c odkry\u0107 moc \u017c\u00f3\u0142tego gatunku wystarczy skorzysta\u0107 z oferty marki Czas na Herbat\u0119, w kt\u00f3rej od niedawna goszcz\u0105 dwie nowe kompozycje: Yellow Wang oraz Yellow Jasmine. Pierwsza z nich to odmiana pochodz\u0105ca z chi\u0144skiej prowincji Hunan. Sk\u0142adaj\u0105ca si\u0119 z ca\u0142ych, d\u0142ugich li\u015bci, kt\u00f3re tworz\u0105 jej szlachetny, z\u0142oty napar. W smaku jest wyj\u0105tkowo subtelna, w aromacie natomiast wyczu\u0107 mo\u017cna lekk\u0105, kwiatow\u0105 nut\u0119. Druga propozycja wyr\u00f3\u017cnia si\u0119 z kolei niezwykle delikatnym smakiem \u2013 s\u0142odycz\u0105 prze\u0142aman\u0105 nut\u0105 goryczki oraz intensywnym aromatem, kt\u00f3ry zawdzi\u0119cza le\u017cakowaniu ze \u015bwie\u017cymi kwiatami ja\u015bminu. Napar ma kolor s\u0142omkowo-\u017c\u00f3\u0142ty.<\/p>\n<h3>Spos\u00f3b przygotowania Yellow tea<\/h3>\n<p>Niezale\u017cnie od naszego wyboru \u017c\u00f3\u0142ty susz zalewamy wod\u0105 o temperaturze 80-85\u00baC i parzymy przez oko\u0142o 2-3 minuty. Uzyskany w ten spos\u00f3b nap\u00f3j powinien uzyska\u0107 blado\u017c\u00f3\u0142t\u0105 barw\u0119.<\/p>\n<hr \/>\n<p>Po wi\u0119cej produkt\u00f3w marki Czas na Herbat\u0119, zapraszamy do sklep\u00f3w stacjonarnych Czas na Herbat\u0119, a tak\u017ce online na <span class=\"ExternalLinks\"><a href=\"https:\/\/www.czasnaherbate.net\/\" rel=\"nofollow\">www.czasnaherbate.net<\/a><\/span>. W ofercie marki Czas na Herbat\u0119 odnajdziemy dwie nowe propozycje z \u017c\u00f3\u0142t\u0105 herbat\u0105 w roli g\u0142\u00f3wnej: Yellow Wang oraz Yellow Jasmine.<\/p>\n","protected":false},"excerpt":{"rendered":"<p>W dawnych czasach \u017c\u00f3\u0142ta herbata nazywana by\u0142a \u201eherbat\u0105 cesarsk\u0105\u201d, gdy\u017c raczy\u0107 si\u0119 ni\u0105 m\u00f3g\u0142 jedynie w\u0142adca Chin, jego rodzina i najbli\u017csze otoczenie. Na szcz\u0119\u015bcie dzi\u015b jest ona dost\u0119pna dla wszystkich. [&hellip;]<\/p>\n","protected":false},"author":1,"featured_media":0,"parent":0,"menu_order":0,"comment_status":"closed","ping_status":"closed","template":"","meta":{"footnotes":""},"class_list":["post-8340","page","type-page","status-publish","hentry"],"aioseo_notices":[],"_links":{"self":[{"href":"https:\/\/eco-supplements.com\/pl\/wp-json\/wp\/v2\/pages\/8340","targetHints":{"allow":["GET"]}}],"collection":[{"href":"https:\/\/eco-supplements.com\/pl\/wp-json\/wp\/v2\/pages"}],"about":[{"href":"https:\/\/eco-supplements.com\/pl\/wp-json\/wp\/v2\/types\/page"}],"author":[{"embeddable":true,"href":"https:\/\/eco-supplements.com\/pl\/wp-json\/wp\/v2\/users\/1"}],"replies":[{"embeddable":true,"href":"https:\/\/eco-supplements.com\/pl\/wp-json\/wp\/v2\/comments?post=8340"}],"version-history":[{"count":9,"href":"https:\/\/eco-supplements.com\/pl\/wp-json\/wp\/v2\/pages\/8340\/revisions"}],"predecessor-version":[{"id":8352,"href":"https:\/\/eco-supplements.com\/pl\/wp-json\/wp\/v2\/pages\/8340\/revisions\/8352"}],"wp:attachment":[{"href":"https:\/\/eco-supplements.com\/pl\/wp-json\/wp\/v2\/media?parent=8340"}],"curies":[{"name":"wp","href":"https:\/\/api.w.org\/{rel}","templated":true}]}}