{"id":8465,"date":"2017-12-10T18:14:53","date_gmt":"2017-12-10T17:14:53","guid":{"rendered":"https:\/\/eco-supplements.com\/pl\/?page_id=8465"},"modified":"2018-12-14T18:01:47","modified_gmt":"2018-12-14T17:01:47","slug":"appetite-suppressant","status":"publish","type":"page","link":"https:\/\/eco-supplements.com\/pl\/appetite-suppressant\/","title":{"rendered":"\u015arodek t\u0142umi\u0105cy apetyt"},"content":{"rendered":"<h2>Czym jest \u015brodek zmniejszaj\u0105cy \u0142aknienie?<\/h2>\n<div id=\"attachment_2862\" style=\"width: 310px\" class=\"wp-caption alignleft\"><a href=\"https:\/\/eco-supplements.com\/wp-content\/uploads\/2017\/01\/Appetite-Suppressant.jpg\"><img decoding=\"async\" aria-describedby=\"caption-attachment-2862\" class=\"size-medium wp-image-2862\" src=\"https:\/\/eco-supplements.com\/wp-content\/uploads\/2017\/01\/Appetite-Suppressant-300x244.jpg\" alt=\"Appetite Suppressant\" width=\"300\" height=\"244\" \/><\/a><p id=\"caption-attachment-2862\" class=\"wp-caption-text\">Appetite Suppressant<\/p><\/div>\n<p>\u015arodek t\u0142umi\u0105cy apetyt (<a title=\"supresant \u0142aknienia\" href=\"https:\/\/eco-supplements.com\/pl\/appetite-suppressant\/\">supresant \u0142aknienia<\/a>) jest dietetycznym suplementem odchudzaj\u0105cym, kt\u00f3ry imituje uczucie syto\u015bci lub &#8222;pe\u0142no\u015bci&#8221; w \u017co\u0142\u0105dku, aby\u015b czu\u0142 si\u0119 syty mi\u0119dzy posi\u0142kami i nie mia\u0142 ochoty na przek\u0105ski.<\/p>\n<p>Uwa\u017ca si\u0119, \u017ce \u015brodki obni\u017caj\u0105ce apetyt dzia\u0142aj\u0105 poprzez zwi\u0119kszenie poziomu serotoniny (hormonu dobrego samopoczucia) w m\u00f3zgu, substancji odpowiedzialnej za kontrolowanie nastroju, a tak\u017ce po\u015brednio apetytu, poprzez tworzenie w m\u00f3zgu z\u0142udnego przekonania, \u017ce \u017co\u0142\u0105dek jest pe\u0142ny.<\/p>\n<p>Mo\u017ce to by\u0107 szczeg\u00f3lnie korzystne, je\u015bli uwa\u017casz, \u017ce pokusa zjedzenia przek\u0105ski jest zbyt trudna do zignorowania, mo\u017ce pom\u00f3c zmniejszy\u0107 dzienne spo\u017cycie kalorii, powoduj\u0105c utrat\u0119 wagi.<\/p>\n<p>Wi\u0119kszo\u015b\u0107 \u015brodk\u00f3w redukuj\u0105cych apetyt jest pochodzenia naturalnego, zwykle zawieraj\u0105 ekstrakty ro\u015blinne lub zio\u0142owe, cho\u0107 istnieje kilka reduktor\u00f3w apetytu dost\u0119pnych wy\u0142\u0105cznie na recept\u0119.<\/p>\n<h3>Naturalne \u015brodki hamuj\u0105ce \u0142aknienie kontra supresanty apetytu na recept\u0119<\/h3>\n<p>Jednym z najcz\u0119\u015bciej stosowanych lek\u00f3w hamuj\u0105cych apetyt na recept\u0119 jest fentermina (znana r\u00f3wnie\u017c jako Adipex-p). Zwykle przepisuje si\u0119 go tylko pacjentom oty\u0142ym (z poka\u017an\u0105 nadwag\u0105) z BMI powy\u017cej 30 lub z BMI powy\u017cej 27, kt\u00f3rzy s\u0105 nara\u017ceni na ci\u0119\u017ck\u0105 chorob\u0119, je\u015bli nie strac\u0105 na wadze.<\/p>\n<p>Generalnie jest przepisywany jako rozwi\u0105zanie kr\u00f3tkoterminowe, tj. kilka tygodni. Podczas gdy fentermina jest bardzo skuteczna w kontrolowaniu wagi, mo\u017ce powodowa\u0107 bardzo powa\u017cne skutki uboczne u niekt\u00f3rych os\u00f3b i mo\u017ce by\u0107 wysoce uzale\u017cniaj\u0105ca z powodu podobie\u0144stwa do rodziny amfetamin, dlatego wymaga \u015bcis\u0142ego monitorowania przez lekarza.<\/p>\n<p>Istnieje szerokie spektrum dost\u0119pnych naturalnych \u015brodk\u00f3w zmniejszaj\u0105cych apetyt, co stanowi alternatywny spos\u00f3b ograniczenia apetytu.<\/p>\n<h3>Copywrite<\/h3>\n<p>Jest to artyku\u0142 o otwartym dost\u0119pie rozpowszechniany na licencji <span class=\"ExternalLinks\"><a href=\"http:\/\/creativecommons.org\/licenses\/by\/3.0\/\" target=\"_blank\" rel=\"nofollow noopener\">Creative Commons Attribution License<\/a><\/span>, kt\u00f3ry pozwala na nieograniczone u\u017cycie, dystrybucj\u0119 i reprodukcj\u0119 poprzez dowolne medium, pod warunkiem, \u017ce oryginalna praca jest w\u0142a\u015bciwie cytowana.<\/p>\n","protected":false},"excerpt":{"rendered":"<p>Czym jest \u015brodek zmniejszaj\u0105cy \u0142aknienie? \u015arodek t\u0142umi\u0105cy apetyt (supresant \u0142aknienia) jest dietetycznym suplementem odchudzaj\u0105cym, kt\u00f3ry imituje uczucie syto\u015bci lub &#8222;pe\u0142no\u015bci&#8221; w \u017co\u0142\u0105dku, aby\u015b czu\u0142 si\u0119 syty mi\u0119dzy posi\u0142kami i nie [&hellip;]<\/p>\n","protected":false},"author":1,"featured_media":0,"parent":0,"menu_order":0,"comment_status":"closed","ping_status":"closed","template":"","meta":{"footnotes":""},"class_list":["post-8465","page","type-page","status-publish","hentry"],"aioseo_notices":[],"_links":{"self":[{"href":"https:\/\/eco-supplements.com\/pl\/wp-json\/wp\/v2\/pages\/8465","targetHints":{"allow":["GET"]}}],"collection":[{"href":"https:\/\/eco-supplements.com\/pl\/wp-json\/wp\/v2\/pages"}],"about":[{"href":"https:\/\/eco-supplements.com\/pl\/wp-json\/wp\/v2\/types\/page"}],"author":[{"embeddable":true,"href":"https:\/\/eco-supplements.com\/pl\/wp-json\/wp\/v2\/users\/1"}],"replies":[{"embeddable":true,"href":"https:\/\/eco-supplements.com\/pl\/wp-json\/wp\/v2\/comments?post=8465"}],"version-history":[{"count":10,"href":"https:\/\/eco-supplements.com\/pl\/wp-json\/wp\/v2\/pages\/8465\/revisions"}],"predecessor-version":[{"id":10190,"href":"https:\/\/eco-supplements.com\/pl\/wp-json\/wp\/v2\/pages\/8465\/revisions\/10190"}],"wp:attachment":[{"href":"https:\/\/eco-supplements.com\/pl\/wp-json\/wp\/v2\/media?parent=8465"}],"curies":[{"name":"wp","href":"https:\/\/api.w.org\/{rel}","templated":true}]}}