{"id":85,"date":"2015-07-07T17:44:53","date_gmt":"2015-07-07T15:44:53","guid":{"rendered":"https:\/\/eco-supplements.com\/pl\/?page_id=85"},"modified":"2021-05-08T01:01:43","modified_gmt":"2021-05-07T23:01:43","slug":"tradzik","status":"publish","type":"page","link":"https:\/\/eco-supplements.com\/pl\/tradzik\/","title":{"rendered":"Tr\u0105dzik"},"content":{"rendered":"<h3>Czy da si\u0119 pokona\u0107 tr\u0105dzik?<\/h3>\n<p><!--more--><br \/>\n<a href=\"https:\/\/eco-supplements.com\/pl\/wp-content\/uploads\/2015\/07\/tradzik.jpg\"><img decoding=\"async\" class=\"alignleft size-medium wp-image-86\" src=\"https:\/\/eco-supplements.com\/pl\/wp-content\/uploads\/2015\/07\/tradzik-300x207.jpg\" alt=\"tr\u0105dzik\" width=\"300\" height=\"207\" srcset=\"https:\/\/eco-supplements.com\/pl\/wp-content\/uploads\/2015\/07\/tradzik-300x207.jpg 300w, https:\/\/eco-supplements.com\/pl\/wp-content\/uploads\/2015\/07\/tradzik.jpg 1024w\" sizes=\"(max-width: 300px) 100vw, 300px\" \/><\/a>Ka\u017cdy chcia\u0142by w pe\u0142ni korzysta\u0107 z m\u0142odzie\u0144czych lat, cieszy\u0107 si\u0119 swobod\u0105, wolno\u015bci\u0105, szale\u0144stwem. Cz\u0119sto jednak pojawia si\u0119 pewna przeszkoda \u2013 <strong><a title=\"tr\u0105dzik\" href=\"https:\/\/eco-supplements.com\/pl\/tradzik\/\">tr\u0105dzik<\/a><\/strong>. Mo\u017ce on odebra\u0107 pewno\u015b\u0107 siebie, sprawi\u0107, \u017ce b\u0119dziemy chcieli zamkn\u0105\u0107 si\u0119 w czterech \u015bcianach w\u0142asnego pokoju i ukry\u0107 swoj\u0105 twarz przed ca\u0142ym \u015bwiatem. Nie ma co si\u0119 przejmowa\u0107. Zamiast godzi\u0107 si\u0119 na jego obecno\u015b\u0107 pora zacz\u0105\u0107 z nim walczy\u0107. Aby walka sko\u0144czy\u0142a si\u0119 naszym zwyci\u0119stwem trzeba wiedzie\u0107 jak prawid\u0142owo si\u0119 do niej zabra\u0107.<\/p>\n<h2>Czym w og\u00f3le jest tr\u0105dzik?<\/h2>\n<p><strong>Tr\u0105dzik<\/strong> to wszelkiego rodzaju zmiany takie jak pryszcze, zask\u00f3rniki, bruzdy. Pojawiaj\u0105 si\u0119 za spraw\u0105 bakterii Propionibacterium acnes, kt\u00f3re \u017cywi\u0105 si\u0119 sebum obecnym na naszej sk\u00f3rze. Bia\u0142e krwinki \u2013 cia\u0142ka odpowiedzialne za odporno\u015b\u0107 wychwytuj\u0105 ich obecno\u015b\u0107, uszkadzaj\u0105 p\u0119cherzyk przez nie wytworzony i tym samym wywo\u0142uj\u0105 stan zapalny. Cz\u0119sto zdarza si\u0119, \u017ce u os\u00f3b z cer\u0105 tr\u0105dzikow\u0105, sebum produkowane jest w nadmiernych ilo\u015bciach, a zgromadzone martwe kom\u00f3rki nask\u00f3rka dodatkowo blokuj\u0105 jego uwalnianie. W takiej sytuacji bakterie ciesz\u0105 si\u0119 ze sta\u0142ej, \u015bwie\u017cej porcji po\u017cywienia, co sprzyja ich rozmna\u017caniu. Bakterie przenikaj\u0105 niekiedy przez zewn\u0119trzn\u0105 pow\u0142ok\u0119 sk\u00f3ry, a to prowadzi do powstania jeszcze wi\u0119kszego zapalenia. Jego objawami s\u0105 zaczerwienienie, krosty wype\u0142nione rop\u0105, guzki. Co gorsza, stan zapalny nie przechodzi sam z siebie. Trzeba si\u0119gn\u0105\u0107 po odpowiednie \u015brodki, kt\u00f3re w 100%-ach pozb\u0119d\u0105 si\u0119 problemu. Na rynku jest wiele preparat\u00f3w dlatego nasza redakcja opracowa\u0142a <a title=\"ranking tabletek na tr\u0105dzik\" href=\"https:\/\/eco-supplements.com\/pl\/zdrowie-i-uroda\/tradzik\/tabletki-na-tradzik-ranking\/\">ranking tabletek na tr\u0105dzik<\/a> z kt\u00f3rego dowiecie si\u0119, kt\u00f3re tabletki s\u0105 najlepsze.<\/p>\n<h2>Jak zwalczy\u0107 tr\u0105dzik?<\/h2>\n<p>Wybranie odpowiedniego specyfiku nie jest takie proste jak si\u0119 to mo\u017ce wydawa\u0107. Nie ka\u017cdy sk\u0142adnik krem\u00f3w, ma\u015bci i tabletek b\u0119dzie zwalcza\u0142 problem, a jednocze\u015bnie dzia\u0142a\u0142 koj\u0105co i \u0142agodz\u0105co. Na pierwszy plan wysuwaj\u0105 si\u0119 wszelkie pochodne <a href=\"https:\/\/eco-supplements.com\/pl\/witaminy\/witamina-a-retinol\/\">witaminy A \u2013 retinoidy<\/a>. To one blokuj\u0105 powstawanie zask\u00f3rnik\u00f3w i ograniczaj\u0105 prawid\u0142owe z\u0142uszczanie si\u0119 martwych kom\u00f3rek nask\u00f3rka. Du\u017c\u0105 rol\u0119 odgrywaj\u0105 tak\u017ce wszelkie sk\u0142adniki, kt\u00f3re ograniczaj\u0105 pojawianie si\u0119 stan\u00f3w zapalnych lub hamuj\u0105 i niweluj\u0105 te, kt\u00f3re ju\u017c powsta\u0142y. S\u0105 to na przyk\u0142ad nadtlenek benzoilu, kwas azelainowy, antybiotyki takie jak teracyklina, erytromycyna, klindamycyne i inne.<\/p>\n<p>Je\u015bli zmiany sk\u00f3rne nie s\u0105 rozleg\u0142e mo\u017cna si\u0119gn\u0105\u0107 po domowe sposoby, kt\u00f3re zwalcz\u0105 problem. Si\u0119gaj\u0105c po tego typu metody mamy pewno\u015b\u0107, \u017ce s\u0105 one ca\u0142kowicie bezpieczne i nie spowoduj\u0105 \u017cadnej reakcji alergicznej, kt\u00f3ra mo\u017ce pojawi\u0107 si\u0119 w przypadku syntetycznych sk\u0142adnik\u00f3w. Co wi\u0119c wybra\u0107? Ciekaw\u0105 metod\u0105 jest u\u017cycie aspiryny. Wystarczy rozkruszy\u0107 kilka tabletek i rozpu\u015bci\u0107 w niewielkiej ilo\u015bci ciep\u0142ej wody, a nast\u0119pnie ca\u0142o\u015b\u0107 na\u0142o\u017cy\u0107 na ok. 20 minut. Do\u015b\u0107 popularnym sposobem jest zrobienie maseczki ze \u015bwie\u017cych dro\u017cd\u017cy, a tak\u017ce tej zrobionej z miodu i soku z cytryny. Watro pami\u0119ta\u0107 o zio\u0142owych herbatkach, kt\u00f3re tak\u017ce mog\u0105 zdzia\u0142a\u0107 cuda. W zale\u017cno\u015bci od tego czego potrzebujemy mo\u017cemy si\u0119gn\u0105\u0107 po \u0142agodz\u0105cy rumianek, maj\u0105cy w\u0142a\u015bciwo\u015bci przeciwbakteryjne krwawnik pospolity lub dzia\u0142aj\u0105cy koj\u0105co przywrotnik polny.<\/p>\n<h3>Pokona\u0107 tr\u0105dzik raz na zawsze<\/h3>\n<p>Walka z tr\u0105dzikiem bardzo cz\u0119sto jest \u017cmudna, pracoch\u0142onna, a w wielu przypadkach nieprzynosz\u0105ca rezultat\u00f3w. Aby mie\u0107 pewno\u015b\u0107, \u017ce krosty i bruzdy odejd\u0105 w niepami\u0119\u0107 watro si\u0119gn\u0105\u0107 po sprawdzone \u015brodki. Dobr\u0105 opcj\u0105 jest u\u017cycie takich specyfik\u00f3w jak na przyk\u0142ad Derminax czy Nonance. Skuteczno\u015b\u0107 tego typu lek\u00f3w jest gwarantowana, bowiem s\u0105 one w stanie zwalczy\u0107 problem od \u015brodka. Nie tylko usuwaj\u0105 pojawiaj\u0105ce si\u0119 objawy, ale zwalczaj\u0105 przyczyn\u0119 tr\u0105dziku czyli odpowiednio: redukuj\u0105 ilo\u015b\u0107 wydzielanego sebum poprzez blokad\u0119 gruczo\u0142\u00f3w \u0142ojowych, dzia\u0142aj\u0105 przeciwzapalnie, odblokowuj\u0105 pory, reguluj\u0105 poziom hormon\u00f3w. Dzi\u0119ki temu usuwaj\u0105 powsta\u0142e zmiany sk\u00f3rne i zapobiegaj\u0105 powstawaniu kolejnych. Nie wa\u017cne z jakim rodzajem tr\u0105dziku mamy do czynienia, bowiem testy kliniczne potwierdzaj\u0105, i\u017c s\u0105 one w stanie zwalczy\u0107 ka\u017cdy z nich. Dodatkowym atutem jest to, \u017ce zawieraj\u0105 tylko i wy\u0142\u0105cznie sk\u0142adniki pochodzenia naturalnego takie jak: czerwona koniczyna, pokrzywa, <a href=\"https:\/\/eco-supplements.com\/pl\/natura\/5-zdrowotnych-korzysci-skrzypu-polnego\/\">skrzyp polny<\/a>, wyci\u0105g z pestek winogron, mied\u017a, cynk i witamin\u0119 C. Sk\u0142adniki te s\u0105 ca\u0142kowicie bezpieczne, nie powoduj\u0105 efekt\u00f3w ubocznych, a co najwa\u017cniejsze pomagaj\u0105 zwalczy\u0107 zmiany tr\u0105dzikowe raz na zawsze.<\/p>\n<p><iframe title=\"Jak skutecznie pozby\u0107 si\u0119 tr\u0105dziku\" width=\"810\" height=\"608\" src=\"https:\/\/www.youtube.com\/embed\/jArNp2Sbmgk?feature=oembed\" frameborder=\"0\" allow=\"accelerometer; autoplay; clipboard-write; encrypted-media; gyroscope; picture-in-picture\" allowfullscreen><\/iframe><\/p>\n<p>&nbsp;<\/p>\n<h2 id=\"suplementy\">Suplementy diety na tr\u0105dzik &#8211; Ranking<\/h2>\n<p>&nbsp;<\/p>\n<hr \/>\n<p>{PL_CP_DX}<\/p>\n<hr \/>\n<p>{PL_CP_NN}<\/p>\n<hr \/>\n<p>{PL_MN_CLEARPORES}<\/p>\n<p>{LEGENDA}<\/p>\n<h3 id=\"references\">Przypisy<\/h3>\n<ol>\n<li id=\"cite-1\"><small>Mallon, E., et al. <span class=\"ExternalLinks\"><a href=\"http:\/\/onlinelibrary.wiley.com\/doi\/10.1046\/j.1365-2133.1999.02768.x\/full\" target=\"_blank\" rel=\"nofollow noopener\" class=\"broken_link\">&#8222;The quality of life in acne: a comparison with general medical conditions using generic questionnaires.&#8221;<\/a><\/span> British Journal of Dermatology 140 (1999): 672-676. &#8222;<em>Skin diseases such as acne are sometimes thought of as unimportant, even trivial, when compared with diseases of other organ systems. To address this point directly, validated generic questionnaires were used to assess morbidity in acne patients and compare it with morbidity in patients with other chronic diseases. For 111 acne patients referred to a dermatologist, quality of life was measured using the Dermatology Life Quality Index, Rosenberg&#8217;s measure of self-esteem, a version of the General Health Questionnaire (GHQ-28) and the Short Form 36 (SF-36). Clinical severity was measured using the Leeds Acne Grade. Population quality of life data for the SF-36 instrument were available from a random sample of adult local residents (n = 9334) some of whom reported a variety of long-standing disabling diseases. All quality of life instruments showed substantial deficits for acne patients that correlated with each other but not with clinically assessed acne severity. The acne patients (a relatively severely affected group) reported levels of social, psychological and emotional problems that were as great as those reported by patients with chronic disabling asthma, epilepsy, diabetes, back pain or arthritis. Acne is not a trivial disease in comparison with other chronic conditions. This should be recognized in the allocation of health care resources.<\/em>&#8222;<\/small><\/li>\n<li id=\"cite-2\"><small>Acne, A. O. <span class=\"ExternalLinks\"><a href=\"https:\/\/www.researchgate.net\/profile\/Uta_Jappe\/publication\/10606782_Pathological_Mechanisms_of_Acne_with_Special_Emphasis_on_Propionibacterium_acnes_and_Related_Therapy\/links\/53d901130cf2631430c38e7f.pdf\" target=\"_blank\" rel=\"nofollow noopener\" class=\"broken_link\">&#8222;Pathological mechanisms of acne with special emphasis on Propionibacterium acnes and related therapy.&#8221;<\/a><\/span> Acta Derm Venereol 83.4 (2003): 241-248.<\/small><\/li>\n<li id=\"cite-3\"><small>Gollnick, Harald, et al. <span class=\"ExternalLinks\"><a href=\"http:\/\/www.jaad.org\/article\/S0190-9622(03)01563-9\/abstract\" target=\"_blank\" rel=\"nofollow noopener\" class=\"broken_link\">&#8222;Management of acne: a report from a Global Alliance to Improve Outcomes in Acne.&#8221;<\/a><\/span> Journal of the American Academy of Dermatology 49.1 (2003): S1-S37.<\/small><\/li>\n<li id=\"cite-4\"><small>Williams, Hywel C., Robert P. Dellavalle, and Sarah Garner. <span class=\"ExternalLinks\"><a href=\"http:\/\/www.sciencedirect.com\/science\/article\/pii\/S0140673611603218\" target=\"_blank\" rel=\"nofollow noopener\" class=\"broken_link\">&#8222;Acne vulgaris.&#8221;<\/a><\/span> The Lancet 379.9813 (2012): 361-372. &#8222;<em>Acne is a chronic inflammatory disease of the pilosebaceous unit resulting from androgen-induced increased sebum production, altered keratinisation, inflammation, and bacterial colonisation of hair follicles on the face, neck, chest, and back by Propionibacterium acnes.<\/em>&#8222;<\/small><\/li>\n<li id=\"cite-5\"><small>Cunliffe, William James, and D. C. Seukeran. <span class=\"ExternalLinks\"><a href=\"http:\/\/link.springer.com\/chapter\/10.1007\/978-3-662-03835-2_1\" target=\"_blank\" rel=\"nofollow noopener\">&#8222;Acne.&#8221;<\/a><\/span> European Handbook of Dermatological Treatments. Springer Berlin Heidelberg, 2000. 3-10. &#8222;<em>Acne vulgaris is the most common disease involving the pilosebaceous unit. It is rarely misdiagnosed. It occurs at the site where there are sebaceous follicles and thus occurs predominantly on the face, back and chest. It occurs in all races and affects both sexes. The onset of acne is usually in early adolescence and affects up to 80% of all individuals. The milder physiological acne which affects many adolescents will last for 4 or 5 years, but the more clinical varieties will last for 12, and sometimes even 40 or 50 years.<\/em>&#8222;<\/small><\/li>\n<li id=\"cite-6\"><small>White, Gary M. <span class=\"ExternalLinks\"><a href=\"http:\/\/www.sciencedirect.com\/science\/article\/pii\/S0190962298704426\" target=\"_blank\" rel=\"nofollow noopener\" class=\"broken_link\">&#8222;Recent findings in the epidemiologic evidence, classification, and subtypes of acne vulgaris.&#8221;<\/a><\/span> Journal of the American Academy of Dermatology 39.2 (1998): S34-S37.<\/small><\/li>\n<li id=\"cite-7\"><small>Kligman, Albert M., James E. Fulton, and Gerd Plewig. <span class=\"ExternalLinks\"><a href=\"http:\/\/jamanetwork.com\/journals\/jamadermatology\/article-abstract\/530928\" target=\"_blank\" rel=\"nofollow noopener\">&#8222;Topical vitamin A acid in acne vulgaris.&#8221;<\/a><\/span> Archives of dermatology 99.4 (1969): 469-476.<\/small><\/li>\n<li id=\"cite-8\"><small>Webster, Guy F. <span class=\"ExternalLinks\"><a href=\"http:\/\/search.proquest.com\/openview\/3f2ac9f6a27be17c89324ec61342423f\/1?pq-origsite=gscholar&amp;cbl=2040978\" target=\"_blank\" rel=\"nofollow noopener\">&#8222;Acne vulgaris.&#8221;<\/a><\/span> British medical journal 325 (2002): 475-477.<\/small><\/li>\n<li id=\"cite-9\"><small>Leyden, James J. <span class=\"ExternalLinks\"><a href=\"http:\/\/www.nejm.org\/doi\/full\/10.1056\/nejm199704173361607\" target=\"_blank\" rel=\"nofollow noopener\" class=\"broken_link\">&#8222;Therapy for acne vulgaris.&#8221;<\/a><\/span> New England Journal of Medicine 336.16 (1997): 1156-1162.<\/small><\/li>\n<li id=\"cite-10\"><small>Haider, Aamir, and James C. Shaw. <span class=\"ExternalLinks\"><a href=\"http:\/\/jamanetwork.com\/journals\/jama\/fullarticle\/199214\" target=\"_blank\" rel=\"noopener\">&#8222;Treatment of acne vulgaris.&#8221;<\/a><\/span> Jama 292.6 (2004): 726-735.<\/small><\/li>\n<\/ol>\n","protected":false},"excerpt":{"rendered":"<p>Czy da si\u0119 pokona\u0107 tr\u0105dzik?<\/p>\n","protected":false},"author":1,"featured_media":86,"parent":0,"menu_order":0,"comment_status":"open","ping_status":"open","template":"","meta":{"footnotes":""},"class_list":["post-85","page","type-page","status-publish","has-post-thumbnail","hentry"],"aioseo_notices":[],"_links":{"self":[{"href":"https:\/\/eco-supplements.com\/pl\/wp-json\/wp\/v2\/pages\/85","targetHints":{"allow":["GET"]}}],"collection":[{"href":"https:\/\/eco-supplements.com\/pl\/wp-json\/wp\/v2\/pages"}],"about":[{"href":"https:\/\/eco-supplements.com\/pl\/wp-json\/wp\/v2\/types\/page"}],"author":[{"embeddable":true,"href":"https:\/\/eco-supplements.com\/pl\/wp-json\/wp\/v2\/users\/1"}],"replies":[{"embeddable":true,"href":"https:\/\/eco-supplements.com\/pl\/wp-json\/wp\/v2\/comments?post=85"}],"version-history":[{"count":39,"href":"https:\/\/eco-supplements.com\/pl\/wp-json\/wp\/v2\/pages\/85\/revisions"}],"predecessor-version":[{"id":10937,"href":"https:\/\/eco-supplements.com\/pl\/wp-json\/wp\/v2\/pages\/85\/revisions\/10937"}],"wp:featuredmedia":[{"embeddable":true,"href":"https:\/\/eco-supplements.com\/pl\/wp-json\/wp\/v2\/media\/86"}],"wp:attachment":[{"href":"https:\/\/eco-supplements.com\/pl\/wp-json\/wp\/v2\/media?parent=85"}],"curies":[{"name":"wp","href":"https:\/\/api.w.org\/{rel}","templated":true}]}}