{"id":9172,"date":"2018-07-13T21:52:26","date_gmt":"2018-07-13T19:52:26","guid":{"rendered":"https:\/\/eco-supplements.com\/pl\/?page_id=9172"},"modified":"2018-07-28T18:58:01","modified_gmt":"2018-07-28T16:58:01","slug":"praca","status":"publish","type":"page","link":"https:\/\/eco-supplements.com\/pl\/praca\/","title":{"rendered":"Praca"},"content":{"rendered":"<p><img decoding=\"async\" class=\"aligncenter size-full wp-image-9176\" src=\"https:\/\/eco-supplements.com\/pl\/wp-content\/uploads\/2018\/07\/Praca-w-Eco-Supplements.jpg\" alt=\"Praca w Eco-Supplements\" width=\"850\" height=\"478\" srcset=\"https:\/\/eco-supplements.com\/pl\/wp-content\/uploads\/2018\/07\/Praca-w-Eco-Supplements.jpg 850w, https:\/\/eco-supplements.com\/pl\/wp-content\/uploads\/2018\/07\/Praca-w-Eco-Supplements-300x169.jpg 300w, https:\/\/eco-supplements.com\/pl\/wp-content\/uploads\/2018\/07\/Praca-w-Eco-Supplements-768x432.jpg 768w\" sizes=\"(max-width: 850px) 100vw, 850px\" \/><\/p>\n<p>Eco-Supplements poszukuje kandydat\u00f3w na stanowiska:<\/p>\n<ol>\n<li>Copywriter<\/li>\n<li>Copywriter\/T\u0142umacz<\/li>\n<li>T\u0142umacz<\/li>\n<\/ol>\n<p>Oferujemy prac\u0119 zdaln\u0105 &#8211; zadaniow\u0105 w dowolnym zakresie czasowym. Jeste\u015bmy elastyczni. Szukasz pracy na ca\u0142y etat lub chcesz tylko dorobi\u0107? Znajdziemy p\u0142aszczyzn\u0119 do wsp\u00f3\u0142pracy.<\/p>\n<h2>Szczeg\u00f3\u0142owy opis aktualnych ofert<\/h2>\n<h3>Copywriter<\/h3>\n<p>Od kandydat\u00f3w na to stanowisko oczekujemy umiej\u0119tno\u015bci pisania tekst\u00f3w &#8222;przyjaznych dla czytelnik\u00f3w&#8221;. Copywriter powinien umie\u0107:<\/p>\n<ul>\n<li>samodzielnie wyszuka\u0107 materia\u0142y na temat zleconych tekst\u00f3w,<\/li>\n<li>wprowadza\u0107 tekst do CMS WordPress,<\/li>\n<li>formatowa\u0107 tekst (nag\u0142owki, pogrubienia, wypunktowania, wstawianie zdj\u0119\u0107, wstawianie link\u00f3w),<\/li>\n<li>przygotowa\u0107 przypisy do tekstu.<\/li>\n<\/ul>\n<p>Kandydaci powinni interesowa\u0107 si\u0119 tematyk\u0105 suplement\u00f3w diety i zdrowego trybu \u017cycia. Mile widziane jest rozumienie poj\u0119\u0107 takich jak &#8222;s\u0142owa\/frazy kluczowe&#8221;, &#8222;d\u0142ugi ogon&#8221;, &#8222;dofollow\/nofollow&#8221;.<\/p>\n<h4>Forma wsp\u00f3\u0142pracy<\/h4>\n<p>Czas pracy ustalany jest indywidualnie. Mo\u017cliwe jest otrzymywanie zlece\u0144 w dowolnych interwa\u0142ach czasowych (codziennie, co kilka dni itp). Eco-Supplements oferuje rozliczanie si\u0119 &#8222;za konkretne zlecenia&#8221; na podstawie Umowy o dzie\u0142o lub Faktury. Najbardziej popularnym sposobem okre\u015blania wynagrodzenia jest stawka &#8222;za 1000 znak\u00f3w tekstu&#8221; lub &#8222;za tekst o pewnych parametrach&#8221;.<\/p>\n<h3>Copywriter\/T\u0142umacz<\/h3>\n<p>Je\u017celi znasz j\u0119zyk angielski, niemiecki, hiszpa\u0144ski, portugalski lub grecki i potrafisz przet\u0142umaczy\u0107 przygotowany tekst to to stanowisko jest dla Ciebie. Poza znajomo\u015bci\u0105 j\u0119zyka i umiej\u0119tno\u015bciami t\u0142umaczenia oczekujemy podobnych umiej\u0119tno\u015bci jak w przypadku stanowiska Copywriter.<\/p>\n<h3>T\u0142umacz<\/h3>\n<p>Jeste\u015b t\u0142umaczem na\/z j\u0119zyk angielski, niemiecki, hiszpa\u0144ski, portugalski lub grecki, s\u0142ownictwo zwi\u0105zane z suplementami diety i zdrowym trybem \u017cycia nie jest Ci obce zapraszamy do wsp\u00f3\u0142pracy. Dla t\u0142umaczy oferujemy wsp\u00f3\u0142prac\u0119 na podstawie zlece\u0144 wg aktualnego zapotrzebowania.<\/p>\n<p>&nbsp;<\/p>\n<h4>Jak podj\u0105c z nami wsp\u00f3\u0142prac\u0119?<\/h4>\n<p>Je\u017celi interesuje Ciebie wsp\u00f3\u0142praca z nami zg\u0142o\u015b si\u0119 do nas pisz\u0105c poprzez <strong><a href=\"https:\/\/eco-supplements.com\/pl\/kontakt\/\" rel=\"nofollow\">formularz kontaktowy<\/a><\/strong>. Koniecznie w tre\u015bci wiadomo\u015bci napisz, \u017ce wyra\u017casz zgod\u0119 na przetwarzanie Twoich danych osobowych w celach nawi\u0105zania wsp\u00f3\u0142pracy. Skontaktujemy si\u0119 z Toba tak szybko jak b\u0119dzie to mo\u017cliwe.<\/p>\n","protected":false},"excerpt":{"rendered":"<p>Eco-Supplements poszukuje kandydat\u00f3w na stanowiska: Copywriter Copywriter\/T\u0142umacz T\u0142umacz Oferujemy prac\u0119 zdaln\u0105 &#8211; zadaniow\u0105 w dowolnym zakresie czasowym. Jeste\u015bmy elastyczni. Szukasz pracy na ca\u0142y etat lub chcesz tylko dorobi\u0107? Znajdziemy p\u0142aszczyzn\u0119 [&hellip;]<\/p>\n","protected":false},"author":1,"featured_media":0,"parent":0,"menu_order":0,"comment_status":"closed","ping_status":"closed","template":"","meta":{"footnotes":""},"class_list":["post-9172","page","type-page","status-publish","hentry"],"aioseo_notices":[],"_links":{"self":[{"href":"https:\/\/eco-supplements.com\/pl\/wp-json\/wp\/v2\/pages\/9172","targetHints":{"allow":["GET"]}}],"collection":[{"href":"https:\/\/eco-supplements.com\/pl\/wp-json\/wp\/v2\/pages"}],"about":[{"href":"https:\/\/eco-supplements.com\/pl\/wp-json\/wp\/v2\/types\/page"}],"author":[{"embeddable":true,"href":"https:\/\/eco-supplements.com\/pl\/wp-json\/wp\/v2\/users\/1"}],"replies":[{"embeddable":true,"href":"https:\/\/eco-supplements.com\/pl\/wp-json\/wp\/v2\/comments?post=9172"}],"version-history":[{"count":7,"href":"https:\/\/eco-supplements.com\/pl\/wp-json\/wp\/v2\/pages\/9172\/revisions"}],"predecessor-version":[{"id":9210,"href":"https:\/\/eco-supplements.com\/pl\/wp-json\/wp\/v2\/pages\/9172\/revisions\/9210"}],"wp:attachment":[{"href":"https:\/\/eco-supplements.com\/pl\/wp-json\/wp\/v2\/media?parent=9172"}],"curies":[{"name":"wp","href":"https:\/\/api.w.org\/{rel}","templated":true}]}}