{"id":9304,"date":"2018-08-01T15:53:44","date_gmt":"2018-08-01T13:53:44","guid":{"rendered":"https:\/\/eco-supplements.com\/pl\/?page_id=9304"},"modified":"2018-08-28T21:51:12","modified_gmt":"2018-08-28T19:51:12","slug":"chocolife-odchudzanie-na-sniadanie","status":"publish","type":"page","link":"https:\/\/eco-supplements.com\/pl\/chocolife-odchudzanie-na-sniadanie\/","title":{"rendered":"Chocolife \u2013 odchudzanie na \u015bniadanie \u2013 Proste i skuteczne"},"content":{"rendered":"<p><img decoding=\"async\" class=\"size-full wp-image-9307\" src=\"https:\/\/eco-supplements.com\/pl\/wp-content\/uploads\/2018\/08\/Chocolife-\u2013-odchudzanie-na-\u015bniadanie-\u2013-Proste-i-skuteczne.jpg\" alt=\"Chocolife \u2013 odchudzanie na \u015bniadanie \u2013 Proste i skuteczne\" width=\"1920\" height=\"1280\" srcset=\"https:\/\/eco-supplements.com\/pl\/wp-content\/uploads\/2018\/08\/Chocolife-\u2013-odchudzanie-na-\u015bniadanie-\u2013-Proste-i-skuteczne.jpg 1920w, https:\/\/eco-supplements.com\/pl\/wp-content\/uploads\/2018\/08\/Chocolife-\u2013-odchudzanie-na-\u015bniadanie-\u2013-Proste-i-skuteczne-300x200.jpg 300w, https:\/\/eco-supplements.com\/pl\/wp-content\/uploads\/2018\/08\/Chocolife-\u2013-odchudzanie-na-\u015bniadanie-\u2013-Proste-i-skuteczne-768x512.jpg 768w\" sizes=\"(max-width: 1920px) 100vw, 1920px\" \/><\/p>\n<p>\u015aniadanie jest naszym najwa\u017cniejszym posi\u0142kiem w trakcie dnia. Powinno by\u0107 po\u017cywne, zdrowe, dodawa\u0107 nam energii na ca\u0142y dzie\u0144. Jednocze\u015bnie warto zadba\u0107 by by\u0142o dietetyczne. Czy mo\u017cna po\u0142\u0105czy\u0107 to wszystko razem?<\/p>\n<p>Tak, jest spos\u00f3b, dzi\u0119ki kt\u00f3remu mo\u017cemy <strong>dostarczy\u0107<\/strong> sobie <strong>zdrowy posi\u0142ek<\/strong> i <strong>zadba\u0107 o lini\u0119<\/strong>. Rozwi\u0105zaniem jest <strong>dietetyczny koktajl czekoladowy <a title=\"Chocolifie\" href=\"https:\/\/eco-supplements.com\/pl\/chocolife-odchudzanie-na-sniadanie\/\">Chocolifie<\/a> Premium<\/strong>.<\/p>\n<p>Pami\u0119tacie star\u0105 ale bardzo aktualn\u0105 maksym\u0119?<\/p>\n<blockquote>\n<p style=\"text-align: center;\">\u201e\u015aniadanie zjedz sam, obiadem podziel si\u0119 z przyjaci\u00f3\u0142mi a kolacje oddaj wrogowi\u201d<\/p>\n<\/blockquote>\n<p>Ju\u017c nasi przodkowie doskonale wiedzieli, \u017ce prawid\u0142owa, zbilansowana dieta jest bardzo wa\u017cna. Cz\u0119stotliwo\u015b\u0107 i jako\u015b posi\u0142k\u00f3w jest r\u00f3wnie wa\u017cna jak to co jemy. Obecna wiedza dietetyczna podpowiada nam by\u015bmy spo\u017cywali 5 niezbyt du\u017cych posi\u0142k\u00f3w dziennie.<\/p>\n<h3>Aby schudn\u0105\u0107 nie musisz si\u0119 g\u0142odzi\u0107!<\/h3>\n<p><strong>Chcesz mie\u0107 pi\u0119kn\u0105 sylwetk\u0119 i straci\u0107 niepotrzebny t\u0142uszcz oraz pozby\u0107 si\u0119 toksyn z organizmu?<\/strong><\/p>\n<p>Wprowad\u017a do swojej diety koktajl, kt\u00f3ry zawiera wspania\u0142e sk\u0142adniki od\u017cywcze, spalacze t\u0142uszczu i substancje powoduj\u0105ce oczyszczenie organizmu ze z\u0142og\u00f3w i toksyn.<br \/>\nDodatkowo zadba o prawid\u0142ow\u0105 gospodark\u0119 wodn\u0105 \u2013 pami\u0119taj nadmiar wody w organizmie r\u00f3wnie\u017c prowadzi do tycia.<\/p>\n<p>Sekretem skutecznego odchudzania jest zast\u0105pienie tradycyjnego \u015bniadania dietetycznym koktajlem czekoladowym. Tak czekoladowym \u2013 kakao poza doskona\u0142ymi walorami smakowymi przyspiesza utlenianie t\u0142uszczu, zmniejsza ochot\u0119 na s\u0142odycze oraz produkuje dopamin\u0119 (tzw. hormon szcz\u0119\u015bcia).<\/p>\n<p>Aby dowiedzie\u0107 si\u0119 wi\u0119cej na temat tego produktu wejd\u017a na stron\u0119 producenta, kt\u00f3ry r\u00f3wnie\u017c prowadzi jego sprzeda\u017c online:<\/p>\n<p>{KUP_PRODUCENT_FORM}<\/p>\n<h4>Przygotowanie<\/h4>\n<p>Aby uzyska\u0107 prawid\u0142owe efekty nale\u017cy spo\u017cywa\u0107 12g Chocolife dziennie (1 miark\u0119).<\/p>\n<p>W celu przygotowania koktajlu odchudzaj\u0105cego rozpu\u015b\u0107 w szklance ciep\u0142ej wody lub mleka wskazan\u0105 powy\u017cej ilo\u015b\u0107 produktu.<br \/>\nNapoju nie nale\u017cy gotowa\u0107.<br \/>\n<strong>Pi\u0107 jeden raz dziennie<\/strong>.<br \/>\nSpecyfik mo\u017cna wzbogaci\u0107 dodaj\u0105c go do samodzielnie przygotowywanych koktajli owocowo-warzywnych &#8211; najlepiej na \u015bniadanie.<\/p>\n<h3>Szczeg\u00f3\u0142owy sk\u0142ad<\/h3>\n<p>Produkt ma bardzo bogaty sk\u0142ad:<\/p>\n<ul>\n<li>bia\u0142ko z grochu,<\/li>\n<li>kakao,<\/li>\n<li>bia\u0142ko organiczne,<\/li>\n<li>ry\u017c br\u0105zowy,<\/li>\n<li>otr\u0119by owsiane,<\/li>\n<li>organiczna quinoa,<\/li>\n<li>organiczny amarant,<\/li>\n<li>gryka ekologiczna,<\/li>\n<li>organiczne Mijo,<\/li>\n<li>spirulina platensis.<\/li>\n<\/ul>\n<p>Substancje s\u0142odz\u0105ce: sukraloza, glikozydy stewiolowe.<\/p>\n<div class=\"dropshadowboxes-container dropshadowboxes-center\">\n<div class=\"dropshadowboxes-drop-shadow dropshadowboxes-curved dropshadowboxes-curved dropshadowboxes-curved-horizontal-2 dropshadowboxes-effect-default width95Border\">\n<h4>Udost\u0119pnij ten artyku\u0142 na:<\/h4>\n<div class=\"addtoany_shortcode\"><div class=\"a2a_kit a2a_kit_size_32 addtoany_list\" data-a2a-url=\"https:\/\/eco-supplements.com\/pl\/chocolife-odchudzanie-na-sniadanie\/\" data-a2a-title=\"Chocolife \u2013 odchudzanie na \u015bniadanie \u2013 Proste i skuteczne\"><a class=\"a2a_button_facebook\" href=\"https:\/\/www.addtoany.com\/add_to\/facebook?linkurl=https%3A%2F%2Feco-supplements.com%2Fpl%2Fchocolife-odchudzanie-na-sniadanie%2F&amp;linkname=Chocolife%20%E2%80%93%20odchudzanie%20na%20%C5%9Bniadanie%20%E2%80%93%20Proste%20i%20skuteczne\" title=\"Facebook\" rel=\"nofollow noopener\" target=\"_blank\"><\/a><a class=\"a2a_button_twitter\" href=\"https:\/\/www.addtoany.com\/add_to\/twitter?linkurl=https%3A%2F%2Feco-supplements.com%2Fpl%2Fchocolife-odchudzanie-na-sniadanie%2F&amp;linkname=Chocolife%20%E2%80%93%20odchudzanie%20na%20%C5%9Bniadanie%20%E2%80%93%20Proste%20i%20skuteczne\" title=\"Twitter\" rel=\"nofollow noopener\" target=\"_blank\"><\/a><a class=\"a2a_button_email\" href=\"https:\/\/www.addtoany.com\/add_to\/email?linkurl=https%3A%2F%2Feco-supplements.com%2Fpl%2Fchocolife-odchudzanie-na-sniadanie%2F&amp;linkname=Chocolife%20%E2%80%93%20odchudzanie%20na%20%C5%9Bniadanie%20%E2%80%93%20Proste%20i%20skuteczne\" title=\"Email\" rel=\"nofollow noopener\" target=\"_blank\"><\/a><a class=\"a2a_button_wykop\" href=\"https:\/\/www.addtoany.com\/add_to\/wykop?linkurl=https%3A%2F%2Feco-supplements.com%2Fpl%2Fchocolife-odchudzanie-na-sniadanie%2F&amp;linkname=Chocolife%20%E2%80%93%20odchudzanie%20na%20%C5%9Bniadanie%20%E2%80%93%20Proste%20i%20skuteczne\" title=\"Wykop\" rel=\"nofollow noopener\" target=\"_blank\"><\/a><a class=\"a2a_dd addtoany_share_save addtoany_share\" href=\"https:\/\/www.addtoany.com\/share\"><\/a><\/div><\/div><\/div>\n<\/div>\n<p>Pami\u0119tajcie jedynym miejscem gdzie mo\u017cna otrzyma\u0107 oryginalny suplement diety Chocolife w najlepszej mo\u017cliwej cenie jest strona producenta:<\/p>\n<p>{KUP_PRODUCENT_FORM}<\/p>\n<p>Wystrzegajcie si\u0119 podr\u00f3bek oferowanych w innych miejscach, np. na aukcjach internetowych.<br \/>\nProdukt cieszy si\u0119 ogromn\u0105 popularno\u015bci\u0105 w takich krajach jak: {DOSTEPNOSC_PRODUKTU}. Z tego powodu jest wprowadzany na kolejne rynki i coraz wi\u0119ksza grupa ludzi mo\u017ce cieszy\u0107 si\u0119 z tej nowej i bardzo skutecznej metody na odchudzanie:<\/p>\n<h4 style=\"text-align: center;\">\u201eOdchudzanie na \u015bniadanie\u201d<\/h4>\n","protected":false},"excerpt":{"rendered":"<p>\u015aniadanie jest naszym najwa\u017cniejszym posi\u0142kiem w trakcie dnia. Powinno by\u0107 po\u017cywne, zdrowe, dodawa\u0107 nam energii na ca\u0142y dzie\u0144. Jednocze\u015bnie warto zadba\u0107 by by\u0142o dietetyczne. Czy mo\u017cna po\u0142\u0105czy\u0107 to wszystko razem? [&hellip;]<\/p>\n","protected":false},"author":1,"featured_media":9307,"parent":0,"menu_order":0,"comment_status":"closed","ping_status":"closed","template":"","meta":{"footnotes":""},"class_list":["post-9304","page","type-page","status-publish","has-post-thumbnail","hentry"],"aioseo_notices":[],"_links":{"self":[{"href":"https:\/\/eco-supplements.com\/pl\/wp-json\/wp\/v2\/pages\/9304","targetHints":{"allow":["GET"]}}],"collection":[{"href":"https:\/\/eco-supplements.com\/pl\/wp-json\/wp\/v2\/pages"}],"about":[{"href":"https:\/\/eco-supplements.com\/pl\/wp-json\/wp\/v2\/types\/page"}],"author":[{"embeddable":true,"href":"https:\/\/eco-supplements.com\/pl\/wp-json\/wp\/v2\/users\/1"}],"replies":[{"embeddable":true,"href":"https:\/\/eco-supplements.com\/pl\/wp-json\/wp\/v2\/comments?post=9304"}],"version-history":[{"count":9,"href":"https:\/\/eco-supplements.com\/pl\/wp-json\/wp\/v2\/pages\/9304\/revisions"}],"predecessor-version":[{"id":9522,"href":"https:\/\/eco-supplements.com\/pl\/wp-json\/wp\/v2\/pages\/9304\/revisions\/9522"}],"wp:featuredmedia":[{"embeddable":true,"href":"https:\/\/eco-supplements.com\/pl\/wp-json\/wp\/v2\/media\/9307"}],"wp:attachment":[{"href":"https:\/\/eco-supplements.com\/pl\/wp-json\/wp\/v2\/media?parent=9304"}],"curies":[{"name":"wp","href":"https:\/\/api.w.org\/{rel}","templated":true}]}}