{"id":9499,"date":"2018-08-28T15:35:37","date_gmt":"2018-08-28T13:35:37","guid":{"rendered":"https:\/\/eco-supplements.com\/pl\/?page_id=9499"},"modified":"2018-08-28T16:26:40","modified_gmt":"2018-08-28T14:26:40","slug":"praktyki-zawodowe","status":"publish","type":"page","link":"https:\/\/eco-supplements.com\/pl\/praktyki-zawodowe\/","title":{"rendered":"Praktyki zawodowe"},"content":{"rendered":"<div id=\"attachment_9500\" style=\"width: 820px\" class=\"wp-caption aligncenter\"><a title=\"Praktyki zawodowe w Eco Supplements\" href=\"https:\/\/eco-supplements.com\/pl\/wp-content\/uploads\/2018\/08\/Praktyki-zawodowe.jpg\"><img decoding=\"async\" aria-describedby=\"caption-attachment-9500\" class=\"size-large wp-image-9500\" src=\"https:\/\/eco-supplements.com\/pl\/wp-content\/uploads\/2018\/08\/Praktyki-zawodowe-1920x1255.jpg\" alt=\"Praktyki zawodowe w Eco Supplements\" width=\"810\" height=\"529\" srcset=\"https:\/\/eco-supplements.com\/pl\/wp-content\/uploads\/2018\/08\/Praktyki-zawodowe-1920x1255.jpg 1920w, https:\/\/eco-supplements.com\/pl\/wp-content\/uploads\/2018\/08\/Praktyki-zawodowe-300x196.jpg 300w, https:\/\/eco-supplements.com\/pl\/wp-content\/uploads\/2018\/08\/Praktyki-zawodowe-768x502.jpg 768w\" sizes=\"(max-width: 810px) 100vw, 810px\" \/><\/a><p id=\"caption-attachment-9500\" class=\"wp-caption-text\">Praktyki zawodowe w Eco Supplements<\/p><\/div>\n<p>Potrafisz pisa\u0107? Chcesz odby\u0107 ciekawe praktyki zawodowe polegaj\u0105ce na samodzielnym tworzeniu tekst\u00f3w?<\/p>\n<p><strong>Nasza redakcja zaprasza do wsp\u00f3\u0142pracy<\/strong>.<\/p>\n<p>Mo\u017cesz z nami odby\u0107 obowi\u0105zkowe praktyki zawodowe przygotowuj\u0105c (zbieraj\u0105c materia\u0142y, tworz\u0105c teksty podparte przypisami do publikacji naukowych) warto\u015bciowe tre\u015bci na tematy zwi\u0105zane ze zdrowym trybem \u017cycia, dietami, suplementami.<\/p>\n<p>Praktyki odbywaj\u0105 si\u0119 zdalnie, otrzymasz opiekuna i masz mo\u017cliwo\u015b\u0107 odbycia szkolenia z technik pisania perswazyjnego.<\/p>\n<p>Je\u017celi chcesz z nami wsp\u00f3\u0142pracowa\u0107 napisz wykorzystuj\u0105c: <strong><a href=\"https:\/\/eco-supplements.com\/pl\/kontakt\/\">formularz kontaktowy<\/a><\/strong>.<\/p>\n<p>Konieczne b\u0119dzie zawarcie z nami Umowy (wzr\u00f3r otrzymasz gdy si\u0119 z nami skontaktujesz). Niekt\u00f3re Uczelnie wymagaj\u0105 r\u00f3wnie\u017c zawarcia Umowy pomi\u0119dzy Zak\u0142adem gdzie odbywaj\u0105 si\u0119 Praktyki a jednostk\u0105 dydaktyczn\u0105. W takim przypadku prosimy o dostarczenie nam wzoru stosownej umowy.<\/p>\n<p>Zapraszamy<\/p>\n","protected":false},"excerpt":{"rendered":"<p>Potrafisz pisa\u0107? Chcesz odby\u0107 ciekawe praktyki zawodowe polegaj\u0105ce na samodzielnym tworzeniu tekst\u00f3w? Nasza redakcja zaprasza do wsp\u00f3\u0142pracy. Mo\u017cesz z nami odby\u0107 obowi\u0105zkowe praktyki zawodowe przygotowuj\u0105c (zbieraj\u0105c materia\u0142y, tworz\u0105c teksty podparte [&hellip;]<\/p>\n","protected":false},"author":1,"featured_media":9500,"parent":0,"menu_order":0,"comment_status":"closed","ping_status":"closed","template":"","meta":{"footnotes":""},"class_list":["post-9499","page","type-page","status-publish","has-post-thumbnail","hentry"],"aioseo_notices":[],"_links":{"self":[{"href":"https:\/\/eco-supplements.com\/pl\/wp-json\/wp\/v2\/pages\/9499","targetHints":{"allow":["GET"]}}],"collection":[{"href":"https:\/\/eco-supplements.com\/pl\/wp-json\/wp\/v2\/pages"}],"about":[{"href":"https:\/\/eco-supplements.com\/pl\/wp-json\/wp\/v2\/types\/page"}],"author":[{"embeddable":true,"href":"https:\/\/eco-supplements.com\/pl\/wp-json\/wp\/v2\/users\/1"}],"replies":[{"embeddable":true,"href":"https:\/\/eco-supplements.com\/pl\/wp-json\/wp\/v2\/comments?post=9499"}],"version-history":[{"count":5,"href":"https:\/\/eco-supplements.com\/pl\/wp-json\/wp\/v2\/pages\/9499\/revisions"}],"predecessor-version":[{"id":9505,"href":"https:\/\/eco-supplements.com\/pl\/wp-json\/wp\/v2\/pages\/9499\/revisions\/9505"}],"wp:featuredmedia":[{"embeddable":true,"href":"https:\/\/eco-supplements.com\/pl\/wp-json\/wp\/v2\/media\/9500"}],"wp:attachment":[{"href":"https:\/\/eco-supplements.com\/pl\/wp-json\/wp\/v2\/media?parent=9499"}],"curies":[{"name":"wp","href":"https:\/\/api.w.org\/{rel}","templated":true}]}}