{"id":10,"date":"2018-02-20T20:06:43","date_gmt":"2018-02-20T19:06:43","guid":{"rendered":"https:\/\/eco-supplements.com\/pt\/?page_id=10"},"modified":"2021-08-14T15:13:39","modified_gmt":"2021-08-14T13:13:39","slug":"eco-supplements","status":"publish","type":"page","link":"https:\/\/eco-supplements.com\/pt\/","title":{"rendered":"Eco Supplements"},"content":{"rendered":"<p>Eco-Suplementos &#8211; efetivos, saud\u00e1veis, naturais &#8211; suplementos diet\u00e9ticos cuidadosamente selecionados. Recomendamos os melhores produtos dispon\u00edveis que funcionaram bem em todo o mundo.<\/p>\n<h2>Suplementos diet\u00e9ticos<\/h2>\n<p>Um suplemento diet\u00e9tico \u00e9 uma prepara\u00e7\u00e3o especial que contendo ingredientes essenciais para a sa\u00fade (especialmente vitaminas ou outras subst\u00e2ncias ex\u00f3genas), que muitas vezes faltam na dieta di\u00e1ria. Em muitos casos, \u00e9 usado para entregar ingredientes em uma quantidade maior do que \u00e9 poss\u00edvel atrav\u00e9s de uma dieta variada. O suplemento geralmente \u00e9 entregue de forma concentrada &#8211; como comprimidos, c\u00e1psulas, p\u00f3 ou l\u00edquido. Os mais populares s\u00e3o: suplementos diet\u00e9ticos para emagrecimento, suplementos de celulite, suplementos diet\u00e9ticos de acne e suplementos diet\u00e9ticos de ronco.<br \/>\n<a href=\"?pp=NC_TESTOPRIME_EN_HP\" target=\"_blank\" rel=\"nofollow noopener\"><img decoding=\"async\" class=\"aligncenter size-large wp-image-7628\" src=\"https:\/\/eco-supplements.com\/wp-content\/uploads\/2021\/08\/fb_Testo-Prime-1024x683.jpg\" alt=\"\" width=\"810\" height=\"540\" \/><\/a><\/p>\n<div class=\"promo_box\">\n<h4>Choco Lite \u2122<br \/>\n\u2013 Cocktail<br \/>\nde emagrecimento natural<\/h4>\n<p><a class=\"aligncenter\" title=\"Choco Lite\" href=\"https:\/\/eco-supplements.com\/pt\/emagrecimento\/choco-lite\/\"><img decoding=\"async\" class=\"alignnone size-medium\" src=\"https:\/\/eco-supplements.com\/pt\/wp-content\/uploads\/2018\/02\/Choco-Lite-\u2122-Cocktail-de-emagrecimento-natural-300x200.jpg\" alt=\"Choco Lite\" \/><\/a><\/p>\n<\/div>\n<div class=\"promo_box\">\n<h4>Now Foods \u2122<br \/>\n\u2013 Probiotic-10, 25 Billion<br \/>\n<small>immune system support<\/small><\/h4>\n<p><a class=\"aligncenter\" title=\"Now \u2013 Probiotic-10, 25 Billion, 50 Veg Capsules\" href=\"https:\/\/eco-supplements.com\/video\/now-probiotic-10-25-billion-50-veg-capsules\/\"><img decoding=\"async\" class=\"alignnone size-medium\" src=\"https:\/\/eco-supplements.com\/wp-content\/uploads\/2020\/04\/Now-\u2013-Probiotic-10.jpg\" alt=\"Now \u2013 Probiotic-10, 25 Billion, 50 Veg Capsules\" \/><\/a><\/p>\n<\/div>\n<div class=\"promo_box\">\n<h4>Eco Slim \u2122 \u2013 Inova\u00e7\u00e3o no campo da perda de peso de forma natural<\/h4>\n<p><a class=\"aligncenter\" title=\"Eco Slim\" href=\"https:\/\/eco-supplements.com\/pt\/emagrecimento\/eco-slim-inovacao-no-campo-da-perda-de-peso-de-forma-natural\/\"><img decoding=\"async\" class=\"alignnone size-medium\" src=\"https:\/\/eco-supplements.com\/pl\/wp-content\/uploads\/2016\/11\/Ecoslim-dietary-supplement-300x200.jpg\" alt=\"Eco Slim\" \/><\/a><\/p>\n<\/div>\n<h2>Vitaminas<\/h2>\n<p>Vitaminas (por exemplo, vitamina A, vitamina C) \u00e9 um grupo de subst\u00e2ncias org\u00e2nicas (compostos qu\u00edmicos de v\u00e1rias estruturas), que s\u00e3o necess\u00e1rias para o bom funcionamento do organismo vivo. Estes compostos s\u00e3o de origem natural ou obtidos sinteticamente. As vitaminas s\u00e3o ex\u00f3genas aos seres humanos (o corpo humano n\u00e3o pode sintetiz\u00e1-las), ent\u00e3o elas devem ser suplementadas com alimentos (geralmente sob a forma de provitaminas) ou suplementadas.<\/p>\n<h2>Subst\u00e2ncias ex\u00f3genas<\/h2>\n<p>As subst\u00e2ncias ex\u00f3genas (compostos ex\u00f3genos) s\u00e3o compostos qu\u00edmicos que n\u00e3o s\u00e3o sintetizados pelo corpo humano. Eles participam de processos bioqu\u00edmicos que ocorrem no corpo, como subst\u00e2ncias fornecidas, por exemplo, por meio do sistema digestivo. As subst\u00e2ncias ex\u00f3genas podem ser transformadas em outros compostos importantes durante esses processos.<\/p>\n","protected":false},"excerpt":{"rendered":"<p>Eco-Suplementos &#8211; efetivos, saud\u00e1veis, naturais &#8211; suplementos diet\u00e9ticos cuidadosamente selecionados. Recomendamos os melhores produtos dispon\u00edveis que funcionaram bem em todo o mundo. Suplementos diet\u00e9ticos Um suplemento diet\u00e9tico \u00e9 uma prepara\u00e7\u00e3o [&hellip;]<\/p>\n","protected":false},"author":1,"featured_media":0,"parent":0,"menu_order":0,"comment_status":"closed","ping_status":"closed","template":"","meta":{"footnotes":""},"class_list":["post-10","page","type-page","status-publish","hentry"],"aioseo_notices":[],"_links":{"self":[{"href":"https:\/\/eco-supplements.com\/pt\/wp-json\/wp\/v2\/pages\/10","targetHints":{"allow":["GET"]}}],"collection":[{"href":"https:\/\/eco-supplements.com\/pt\/wp-json\/wp\/v2\/pages"}],"about":[{"href":"https:\/\/eco-supplements.com\/pt\/wp-json\/wp\/v2\/types\/page"}],"author":[{"embeddable":true,"href":"https:\/\/eco-supplements.com\/pt\/wp-json\/wp\/v2\/users\/1"}],"replies":[{"embeddable":true,"href":"https:\/\/eco-supplements.com\/pt\/wp-json\/wp\/v2\/comments?post=10"}],"version-history":[{"count":11,"href":"https:\/\/eco-supplements.com\/pt\/wp-json\/wp\/v2\/pages\/10\/revisions"}],"predecessor-version":[{"id":146,"href":"https:\/\/eco-supplements.com\/pt\/wp-json\/wp\/v2\/pages\/10\/revisions\/146"}],"wp:attachment":[{"href":"https:\/\/eco-supplements.com\/pt\/wp-json\/wp\/v2\/media?parent=10"}],"curies":[{"name":"wp","href":"https:\/\/api.w.org\/{rel}","templated":true}]}}