{"id":12,"date":"2018-02-20T20:17:56","date_gmt":"2018-02-20T19:17:56","guid":{"rendered":"https:\/\/eco-supplements.com\/pt\/?page_id=12"},"modified":"2018-02-20T20:17:56","modified_gmt":"2018-02-20T19:17:56","slug":"informacoes-importantes","status":"publish","type":"page","link":"https:\/\/eco-supplements.com\/pt\/informacoes-importantes\/","title":{"rendered":"Informa\u00e7\u00f5es importantes"},"content":{"rendered":"<p>A informa\u00e7\u00e3o contida nos sites Eco Supplements\u2122, como textos, gr\u00e1ficos, fotos e outros (o chamado &#8220;conte\u00fado&#8221;) s\u00e3o apresentados apenas para fins informativos. O conte\u00fado n\u00e3o pode ser tratado como o equivalente ao aconselhamento m\u00e9dico profissional, diagn\u00f3stico ou tratamento. Sempre que quiser avaliar a sua sa\u00fade, consulte o seu m\u00e9dico ou farmac\u00eautico. Nunca desconsidere o conselho m\u00e9dico profissional, atrasar o tratamento ou substitu\u00ed-lo devido \u00e0s informa\u00e7\u00f5es encontradas em nossos sites.<\/p>\n<p>O Eco Supplements\u2122 n\u00e3o recomenda ou apoia pesquisas, m\u00e9dicos, produtos, procedimentos, opini\u00f5es ou outras informa\u00e7\u00f5es espec\u00edficas que possam ser encontradas nos nossos sites.<\/p>\n","protected":false},"excerpt":{"rendered":"<p>A informa\u00e7\u00e3o contida nos sites Eco Supplements\u2122, como textos, gr\u00e1ficos, fotos e outros (o chamado &#8220;conte\u00fado&#8221;) s\u00e3o apresentados apenas para fins informativos. O conte\u00fado n\u00e3o pode ser tratado como o [&hellip;]<\/p>\n","protected":false},"author":1,"featured_media":0,"parent":0,"menu_order":0,"comment_status":"closed","ping_status":"closed","template":"","meta":{"footnotes":""},"class_list":["post-12","page","type-page","status-publish","hentry"],"aioseo_notices":[],"_links":{"self":[{"href":"https:\/\/eco-supplements.com\/pt\/wp-json\/wp\/v2\/pages\/12","targetHints":{"allow":["GET"]}}],"collection":[{"href":"https:\/\/eco-supplements.com\/pt\/wp-json\/wp\/v2\/pages"}],"about":[{"href":"https:\/\/eco-supplements.com\/pt\/wp-json\/wp\/v2\/types\/page"}],"author":[{"embeddable":true,"href":"https:\/\/eco-supplements.com\/pt\/wp-json\/wp\/v2\/users\/1"}],"replies":[{"embeddable":true,"href":"https:\/\/eco-supplements.com\/pt\/wp-json\/wp\/v2\/comments?post=12"}],"version-history":[{"count":1,"href":"https:\/\/eco-supplements.com\/pt\/wp-json\/wp\/v2\/pages\/12\/revisions"}],"predecessor-version":[{"id":13,"href":"https:\/\/eco-supplements.com\/pt\/wp-json\/wp\/v2\/pages\/12\/revisions\/13"}],"wp:attachment":[{"href":"https:\/\/eco-supplements.com\/pt\/wp-json\/wp\/v2\/media?parent=12"}],"curies":[{"name":"wp","href":"https:\/\/api.w.org\/{rel}","templated":true}]}}