{"id":83,"date":"2018-10-01T01:39:37","date_gmt":"2018-09-30T23:39:37","guid":{"rendered":"https:\/\/eco-supplements.com\/pt\/?page_id=83"},"modified":"2018-10-08T11:41:14","modified_gmt":"2018-10-08T09:41:14","slug":"editorial","status":"publish","type":"page","link":"https:\/\/eco-supplements.com\/pt\/editorial\/","title":{"rendered":"A equipe editorial"},"content":{"rendered":"<p><a href=\"https:\/\/eco-supplements.com\/wp-content\/uploads\/2018\/09\/Redakcja.jpg\"><img decoding=\"async\" class=\"alignnone size-large wp-image-5557\" src=\"https:\/\/eco-supplements.com\/wp-content\/uploads\/2018\/09\/Redakcja-1024x681.jpg\" alt=\"\" width=\"810\" height=\"539\" \/><\/a><br \/>\nA equipe editorial do portal Eco-Supplements aceita materiais de imprensa para publica\u00e7\u00e3o. Se voc\u00ea gostaria de nos oferecer seu artigo para publica\u00e7\u00e3o, por favor envie para:<\/p>\n<p><img decoding=\"async\" class=\"aligncenter size-full wp-image-9152\" src=\"https:\/\/eco-supplements.com\/pl\/wp-content\/uploads\/2018\/07\/redakcja_email.jpg\" alt=\"\" width=\"234\" height=\"18\" \/><\/p>\n<h3>Requisitos de conte\u00fado<\/h3>\n<p>Os artigos enviados para publica\u00e7\u00e3o devem estar em um dos formatos abaixo:<\/p>\n<ul>\n<li>Arquivo do Word (.doc).<\/li>\n<li>Arquivo de texto (.txt).<\/li>\n<li>V\u00eddeo (.mp4).<\/li>\n<\/ul>\n<p>Fotografias, infogr\u00e1ficos e visualiza\u00e7\u00f5es devem estar nos formatos: .jpg ou .gif.<br \/>\nOs artigos devem consistir em lide e conte\u00fado principal. O conte\u00fado principal deve conter subt\u00edtulos. Seria interessante tamb\u00e9m incluir: marcadores e destacar partes importantes em negrito.<\/p>\n<p>Se o autor vier a usar fontes externas, elas devem ser indicadas em notas de rodap\u00e9, os editores usam links nofollow aqui.<br \/>\nSe o material enviado deve ser vinculado (dofollow) a qualquer p\u00e1gina &#8211; por favor, marque e use os links no formato: (http\/https: \/\/) www. endere\u00e7o do site. \/ artigo. N\u00f3s n\u00e3o publicamos textos com links associados \u00e0 palavras\/frases.<\/p>\n<h3>Tem\u00e1tica<\/h3>\n<p>Publicamos conte\u00fado relacionado \u00e0 esfera amplamente compreendida do estilo de vida saud\u00e1vel, suplementos diet\u00e9ticos, nutri\u00e7\u00e3o, dietas, etc.<\/p>\n","protected":false},"excerpt":{"rendered":"<p>A equipe editorial do portal Eco-Supplements aceita materiais de imprensa para publica\u00e7\u00e3o. Se voc\u00ea gostaria de nos oferecer seu artigo para publica\u00e7\u00e3o, por favor envie para: Requisitos de conte\u00fado Os [&hellip;]<\/p>\n","protected":false},"author":1,"featured_media":0,"parent":0,"menu_order":0,"comment_status":"closed","ping_status":"closed","template":"","meta":{"footnotes":""},"class_list":["post-83","page","type-page","status-publish","hentry"],"aioseo_notices":[],"_links":{"self":[{"href":"https:\/\/eco-supplements.com\/pt\/wp-json\/wp\/v2\/pages\/83","targetHints":{"allow":["GET"]}}],"collection":[{"href":"https:\/\/eco-supplements.com\/pt\/wp-json\/wp\/v2\/pages"}],"about":[{"href":"https:\/\/eco-supplements.com\/pt\/wp-json\/wp\/v2\/types\/page"}],"author":[{"embeddable":true,"href":"https:\/\/eco-supplements.com\/pt\/wp-json\/wp\/v2\/users\/1"}],"replies":[{"embeddable":true,"href":"https:\/\/eco-supplements.com\/pt\/wp-json\/wp\/v2\/comments?post=83"}],"version-history":[{"count":2,"href":"https:\/\/eco-supplements.com\/pt\/wp-json\/wp\/v2\/pages\/83\/revisions"}],"predecessor-version":[{"id":85,"href":"https:\/\/eco-supplements.com\/pt\/wp-json\/wp\/v2\/pages\/83\/revisions\/85"}],"wp:attachment":[{"href":"https:\/\/eco-supplements.com\/pt\/wp-json\/wp\/v2\/media?parent=83"}],"curies":[{"name":"wp","href":"https:\/\/api.w.org\/{rel}","templated":true}]}}